{"id":12,"date":"2020-11-29T16:24:40","date_gmt":"2020-11-29T16:24:40","guid":{"rendered":"https:\/\/blogsaverroes.juntadeandalucia.es\/proyectovypinclusivo\/?page_id=12"},"modified":"2021-09-02T09:05:30","modified_gmt":"2021-09-02T09:05:30","slug":"inicio","status":"publish","type":"page","link":"https:\/\/blogsaverroes.juntadeandalucia.es\/proyectovypinclusivo\/","title":{"rendered":"Presentaci\u00f3n"},"content":{"rendered":"\t\t<div data-elementor-type=\"wp-page\" data-elementor-id=\"12\" class=\"elementor elementor-12\">\n\t\t\t\t\t\t<section class=\"elementor-section elementor-top-section elementor-element elementor-element-903c7d7 elementor-section-boxed elementor-section-height-default elementor-section-height-default\" data-id=\"903c7d7\" data-element_type=\"section\">\n\t\t\t\t\t\t<div class=\"elementor-container elementor-column-gap-default\">\n\t\t\t\t\t<div class=\"elementor-column elementor-col-50 elementor-top-column elementor-element elementor-element-c66168e\" data-id=\"c66168e\" data-element_type=\"column\">\n\t\t\t<div class=\"elementor-widget-wrap\">\n\t\t\t\t\t\t\t<\/div>\n\t\t<\/div>\n\t\t\t\t<div class=\"elementor-column elementor-col-50 elementor-top-column elementor-element elementor-element-26c13b6\" data-id=\"26c13b6\" data-element_type=\"column\">\n\t\t\t<div class=\"elementor-widget-wrap elementor-element-populated\">\n\t\t\t\t\t\t<div class=\"elementor-element elementor-element-904ea8e elementor-widget elementor-widget-text-editor\" data-id=\"904ea8e\" data-element_type=\"widget\" data-widget_type=\"text-editor.default\">\n\t\t\t\t<div class=\"elementor-widget-container\">\n\t\t\t\t\t\t\t\t\t<h6 style=\"text-align: right\">El proyecto vital es aprender del pasado, experimentando el presente para viajar al futuro<\/h6>\t\t\t\t\t\t\t\t<\/div>\n\t\t\t\t<\/div>\n\t\t\t\t\t<\/div>\n\t\t<\/div>\n\t\t\t\t\t<\/div>\n\t\t<\/section>\n\t\t\t\t<section class=\"elementor-section elementor-top-section elementor-element elementor-element-23a80c7 elementor-section-boxed elementor-section-height-default elementor-section-height-default\" data-id=\"23a80c7\" data-element_type=\"section\">\n\t\t\t\t\t\t<div class=\"elementor-container elementor-column-gap-default\">\n\t\t\t\t\t<div class=\"elementor-column elementor-col-100 elementor-top-column elementor-element elementor-element-dccb475\" data-id=\"dccb475\" data-element_type=\"column\">\n\t\t\t<div class=\"elementor-widget-wrap elementor-element-populated\">\n\t\t\t\t\t\t<div class=\"elementor-element elementor-element-6bd0152 elementor-widget elementor-widget-text-editor\" data-id=\"6bd0152\" data-element_type=\"widget\" data-widget_type=\"text-editor.default\">\n\t\t\t\t<div class=\"elementor-widget-container\">\n\t\t\t\t\t\t\t\t\t<p style=\"text-align: justify\">Proyecto Vital y Profesional Inclusivo se configura como una herramienta, elaborada por el Equipo T\u00e9cnico Provincial para la Orientaci\u00f3n Educativa y Profesional de Granada, para ayudar y guiar a los docentes y familias en el dise\u00f1o del proyecto vital de todo el alumnado.<\/p><p style=\"text-align: justify\">Dise\u00f1ar un proyecto vital significa contemplar todas las vivencias pasadas y las expectativas futuras, experimentando decididamente el presente. Un proyecto revisable, modificable en funci\u00f3n de la realidad del cambio, del avance y del desarrollo.<\/p><p style=\"text-align: justify\">Dise\u00f1ar un proyecto vital otorga m\u00e1s importancia al camino que a la meta, m\u00e1s relevancia al sentido que a lo conseguido.<\/p><p style=\"text-align: justify\">Para dise\u00f1ar un proyecto vital necesitamos realismo, honestidad, coherencia, y a la vez ilusi\u00f3n, confianza y respeto.<\/p><p style=\"text-align: justify\">Durante la etapa escolar el proyecto vital se va configurando a partir de todas las decisiones propias, las insignificantes y las relevantes, pero tambi\u00e9n a partir de las decisiones que la familia y los docentes toman determinando el futuro del alumnado.<\/p><p style=\"text-align: justify\"><span style=\"font-size: 16px\">La orientaci\u00f3n como principio y funci\u00f3n en la docencia es el proceso que asesora para el dise\u00f1o del proyecto vital del alumnado.\u00a0<\/span><span style=\"font-size: 16px\">La orientaci\u00f3n debe adaptarse al recorrido vital y englobar todas las dimensiones de la vida, es decir, tanto a la sucesi\u00f3n de acontecimientos, como a las circunstancias que nos rodean.<\/span><\/p>\t\t\t\t\t\t\t\t<\/div>\n\t\t\t\t<\/div>\n\t\t\t\t\t<\/div>\n\t\t<\/div>\n\t\t\t\t\t<\/div>\n\t\t<\/section>\n\t\t\t\t<section class=\"elementor-section elementor-top-section elementor-element elementor-element-678149b elementor-section-boxed elementor-section-height-default elementor-section-height-default\" data-id=\"678149b\" data-element_type=\"section\">\n\t\t\t\t\t\t<div class=\"elementor-container elementor-column-gap-default\">\n\t\t\t\t\t<div class=\"elementor-column elementor-col-100 elementor-top-column elementor-element elementor-element-dafd06a\" data-id=\"dafd06a\" data-element_type=\"column\">\n\t\t\t<div class=\"elementor-widget-wrap elementor-element-populated\">\n\t\t\t\t\t\t<div class=\"elementor-element elementor-element-d8ceb4c elementor-widget elementor-widget-video\" data-id=\"d8ceb4c\" data-element_type=\"widget\" data-settings=\"{&quot;youtube_url&quot;:&quot;https:\\\/\\\/www.youtube.com\\\/watch?v=oHlWPEWsBzY&quot;,&quot;video_type&quot;:&quot;youtube&quot;,&quot;controls&quot;:&quot;yes&quot;}\" data-widget_type=\"video.default\">\n\t\t\t\t<div class=\"elementor-widget-container\">\n\t\t\t\t\t\t\t<div class=\"elementor-wrapper elementor-open-inline\">\n\t\t\t<div class=\"elementor-video\"><\/div>\t\t<\/div>\n\t\t\t\t\t\t<\/div>\n\t\t\t\t<\/div>\n\t\t\t\t\t<\/div>\n\t\t<\/div>\n\t\t\t\t\t<\/div>\n\t\t<\/section>\n\t\t\t\t<\/div>\n\t\t","protected":false},"excerpt":{"rendered":"<p>El proyecto vital es aprender del pasado, experimentando el presente para viajar al futuro Proyecto Vital y Profesional Inclusivo se configura como una herramienta, elaborada por el Equipo T\u00e9cnico Provincial para la Orientaci\u00f3n Educativa y Profesional de Granada, para ayudar y guiar a los docentes y familias en el dise\u00f1o del proyecto vital de todo &hellip; <a href=\"https:\/\/blogsaverroes.juntadeandalucia.es\/proyectovypinclusivo\/\" class=\"more-link\">Seguir leyendo <span class=\"screen-reader-text\">Presentaci\u00f3n<\/span> <span class=\"meta-nav\">&rarr;<\/span><\/a><\/p>\n","protected":false},"author":11645,"featured_media":158,"parent":0,"menu_order":0,"comment_status":"closed","ping_status":"closed","template":"","meta":{"ngg_post_thumbnail":0,"footnotes":""},"aioseo_notices":[],"_links":{"self":[{"href":"https:\/\/blogsaverroes.juntadeandalucia.es\/proyectovypinclusivo\/wp-json\/wp\/v2\/pages\/12"}],"collection":[{"href":"https:\/\/blogsaverroes.juntadeandalucia.es\/proyectovypinclusivo\/wp-json\/wp\/v2\/pages"}],"about":[{"href":"https:\/\/blogsaverroes.juntadeandalucia.es\/proyectovypinclusivo\/wp-json\/wp\/v2\/types\/page"}],"author":[{"embeddable":true,"href":"https:\/\/blogsaverroes.juntadeandalucia.es\/proyectovypinclusivo\/wp-json\/wp\/v2\/users\/11645"}],"replies":[{"embeddable":true,"href":"https:\/\/blogsaverroes.juntadeandalucia.es\/proyectovypinclusivo\/wp-json\/wp\/v2\/comments?post=12"}],"version-history":[{"count":19,"href":"https:\/\/blogsaverroes.juntadeandalucia.es\/proyectovypinclusivo\/wp-json\/wp\/v2\/pages\/12\/revisions"}],"predecessor-version":[{"id":771,"href":"https:\/\/blogsaverroes.juntadeandalucia.es\/proyectovypinclusivo\/wp-json\/wp\/v2\/pages\/12\/revisions\/771"}],"wp:featuredmedia":[{"embeddable":true,"href":"https:\/\/blogsaverroes.juntadeandalucia.es\/proyectovypinclusivo\/wp-json\/wp\/v2\/media\/158"}],"wp:attachment":[{"href":"https:\/\/blogsaverroes.juntadeandalucia.es\/proyectovypinclusivo\/wp-json\/wp\/v2\/media?parent=12"}],"curies":[{"name":"wp","href":"https:\/\/api.w.org\/{rel}","templated":true}]}}