{"id":377,"date":"2021-02-04T23:37:19","date_gmt":"2021-02-04T23:37:19","guid":{"rendered":"https:\/\/blogsaverroes.juntadeandalucia.es\/proyectovypinclusivo\/?page_id=377"},"modified":"2021-02-14T12:36:39","modified_gmt":"2021-02-14T12:36:39","slug":"formacion-para-el-empleo","status":"publish","type":"page","link":"https:\/\/blogsaverroes.juntadeandalucia.es\/proyectovypinclusivo\/formacion-para-el-empleo\/","title":{"rendered":"Formaci\u00f3n para el empleo"},"content":{"rendered":"<p style=\"text-align: justify\">La&nbsp;<b>Formaci\u00f3n Profesional para el Empleo (FPE)<\/b>&nbsp;integra en uno solo los anteriores programas de Formaci\u00f3n Profesional Ocupacional (FPO) y de Formaci\u00f3n Continua. Se trata de un conjunto de acciones que tiene como objeto impulsar y extender entre las empresas y los trabajadores ocupados y desempleados una formaci\u00f3n que contribuya a la mejora de la competitividad y de la productividad de las empresas. Asimismo, pretende mejorar la empleabilidad de los trabajadores, especialmente de aquellos colectivos que tienen mayores dificultades de acceso al mercado laboral o de mantenimiento en \u00e9l.<\/p>\n<p style=\"text-align: justify\">M\u00e1s informaci\u00f3n:<\/p>\n<p style=\"text-align: justify\"><a href=\"https:\/\/juntadeandalucia.es\/temas\/trabajar\/formacion\/fpe.html\">https:\/\/juntadeandalucia.es\/temas\/trabajar\/formacion\/fpe.html<\/a><\/p>\n<p style=\"text-align: left\"><strong>Oficina Virtual de Formaci\u00f3n Profesional para el Empleo:&nbsp;<\/strong><\/p>\n<p style=\"text-align: left\"><a href=\"https:\/\/www.juntadeandalucia.es\/empleoformacionytrabajoautonomo\/oficinavirtualFPE\/ov-fpe\/#!welcome\">https:\/\/www.juntadeandalucia.es\/empleoformacionytrabajoautonomo\/oficinavirtualFPE\/ov-fpe\/#!welcome<\/a><\/p>\n<p><strong>Acciones formativas de FPE de las Escuelas del SAE<\/strong><\/p>\n<p><a href=\"https:\/\/www.juntadeandalucia.es\/organismos\/empleoformacionytrabajoautonomo\/areas\/formacion-empleo\/cursos-fpe\/paginas\/escuelas-centros.html\">https:\/\/www.juntadeandalucia.es\/organismos\/empleoformacionytrabajoautonomo\/areas\/formacion-empleo\/cursos-fpe\/paginas\/escuelas-centros.html<\/a><\/p>\n","protected":false},"excerpt":{"rendered":"<p>La&nbsp;Formaci\u00f3n Profesional para el Empleo (FPE)&nbsp;integra en uno solo los anteriores programas de Formaci\u00f3n Profesional Ocupacional (FPO) y de Formaci\u00f3n Continua. Se trata de un conjunto de acciones que tiene como objeto impulsar y extender entre las empresas y los trabajadores ocupados y desempleados una formaci\u00f3n que contribuya a la mejora de la competitividad y &hellip; <a href=\"https:\/\/blogsaverroes.juntadeandalucia.es\/proyectovypinclusivo\/formacion-para-el-empleo\/\" class=\"more-link\">Seguir leyendo <span class=\"screen-reader-text\">Formaci\u00f3n para el empleo<\/span> <span class=\"meta-nav\">&rarr;<\/span><\/a><\/p>\n","protected":false},"author":11645,"featured_media":466,"parent":0,"menu_order":0,"comment_status":"closed","ping_status":"closed","template":"","meta":{"ngg_post_thumbnail":0,"footnotes":""},"aioseo_notices":[],"_links":{"self":[{"href":"https:\/\/blogsaverroes.juntadeandalucia.es\/proyectovypinclusivo\/wp-json\/wp\/v2\/pages\/377"}],"collection":[{"href":"https:\/\/blogsaverroes.juntadeandalucia.es\/proyectovypinclusivo\/wp-json\/wp\/v2\/pages"}],"about":[{"href":"https:\/\/blogsaverroes.juntadeandalucia.es\/proyectovypinclusivo\/wp-json\/wp\/v2\/types\/page"}],"author":[{"embeddable":true,"href":"https:\/\/blogsaverroes.juntadeandalucia.es\/proyectovypinclusivo\/wp-json\/wp\/v2\/users\/11645"}],"replies":[{"embeddable":true,"href":"https:\/\/blogsaverroes.juntadeandalucia.es\/proyectovypinclusivo\/wp-json\/wp\/v2\/comments?post=377"}],"version-history":[{"count":5,"href":"https:\/\/blogsaverroes.juntadeandalucia.es\/proyectovypinclusivo\/wp-json\/wp\/v2\/pages\/377\/revisions"}],"predecessor-version":[{"id":470,"href":"https:\/\/blogsaverroes.juntadeandalucia.es\/proyectovypinclusivo\/wp-json\/wp\/v2\/pages\/377\/revisions\/470"}],"wp:featuredmedia":[{"embeddable":true,"href":"https:\/\/blogsaverroes.juntadeandalucia.es\/proyectovypinclusivo\/wp-json\/wp\/v2\/media\/466"}],"wp:attachment":[{"href":"https:\/\/blogsaverroes.juntadeandalucia.es\/proyectovypinclusivo\/wp-json\/wp\/v2\/media?parent=377"}],"curies":[{"name":"wp","href":"https:\/\/api.w.org\/{rel}","templated":true}]}}