{"id":40,"date":"2020-11-29T21:45:00","date_gmt":"2020-11-29T21:45:00","guid":{"rendered":"https:\/\/blogsaverroes.juntadeandalucia.es\/proyectovypinclusivo\/?page_id=40"},"modified":"2021-05-03T21:50:20","modified_gmt":"2021-05-03T21:50:20","slug":"herramientas-para-disenar-el-proyecto-vyp-inclusivo","status":"publish","type":"page","link":"https:\/\/blogsaverroes.juntadeandalucia.es\/proyectovypinclusivo\/herramientas-para-disenar-el-proyecto-vyp-inclusivo\/","title":{"rendered":"Herramientas para dise\u00f1ar el proyecto VYP inclusivo"},"content":{"rendered":"\t\t<div data-elementor-type=\"wp-page\" data-elementor-id=\"40\" class=\"elementor elementor-40\">\n\t\t\t\t\t\t<section class=\"elementor-section elementor-top-section elementor-element elementor-element-47572cc elementor-section-boxed elementor-section-height-default elementor-section-height-default\" data-id=\"47572cc\" data-element_type=\"section\">\n\t\t\t\t\t\t<div class=\"elementor-container elementor-column-gap-default\">\n\t\t\t\t\t<div class=\"elementor-column elementor-col-50 elementor-top-column elementor-element elementor-element-a69db88\" data-id=\"a69db88\" data-element_type=\"column\">\n\t\t\t<div class=\"elementor-widget-wrap elementor-element-populated\">\n\t\t\t\t\t\t<div class=\"elementor-element elementor-element-e2c5c9b elementor-widget elementor-widget-image\" data-id=\"e2c5c9b\" data-element_type=\"widget\" data-widget_type=\"image.default\">\n\t\t\t\t<div class=\"elementor-widget-container\">\n\t\t\t\t\t\t\t\t\t\t\t\t\t\t\t\t<a href=\"https:\/\/blogsaverroes.juntadeandalucia.es\/proyectovypinclusivo\/herramientas-para-equipos-docentes\/\">\n\t\t\t\t\t\t\t<img fetchpriority=\"high\" decoding=\"async\" width=\"474\" height=\"188\" src=\"https:\/\/blogsaverroes.juntadeandalucia.es\/proyectovypinclusivo\/files\/2021\/01\/botonesmedidasensen\u0303anzasnoboligatorias_Mesa-de-trabajo-14-1.png\" class=\"attachment-large size-large wp-image-292\" alt=\"\" srcset=\"https:\/\/blogsaverroes.juntadeandalucia.es\/proyectovypinclusivo\/files\/2021\/01\/botonesmedidasensen\u0303anzasnoboligatorias_Mesa-de-trabajo-14-1.png 596w, https:\/\/blogsaverroes.juntadeandalucia.es\/proyectovypinclusivo\/files\/2021\/01\/botonesmedidasensen\u0303anzasnoboligatorias_Mesa-de-trabajo-14-1-300x119.png 300w, https:\/\/blogsaverroes.juntadeandalucia.es\/proyectovypinclusivo\/files\/2021\/01\/botonesmedidasensen\u0303anzasnoboligatorias_Mesa-de-trabajo-14-1-24x10.png 24w, https:\/\/blogsaverroes.juntadeandalucia.es\/proyectovypinclusivo\/files\/2021\/01\/botonesmedidasensen\u0303anzasnoboligatorias_Mesa-de-trabajo-14-1-36x14.png 36w, https:\/\/blogsaverroes.juntadeandalucia.es\/proyectovypinclusivo\/files\/2021\/01\/botonesmedidasensen\u0303anzasnoboligatorias_Mesa-de-trabajo-14-1-48x19.png 48w\" sizes=\"(max-width: 474px) 100vw, 474px\" \/>\t\t\t\t\t\t\t\t<\/a>\n\t\t\t\t\t\t\t\t\t\t\t\t\t\t\t<\/div>\n\t\t\t\t<\/div>\n\t\t\t\t\t<\/div>\n\t\t<\/div>\n\t\t\t\t<div class=\"elementor-column elementor-col-50 elementor-top-column elementor-element elementor-element-98b98cf\" data-id=\"98b98cf\" data-element_type=\"column\">\n\t\t\t<div class=\"elementor-widget-wrap elementor-element-populated\">\n\t\t\t\t\t\t<div class=\"elementor-element elementor-element-d67d5ff elementor-widget elementor-widget-image\" data-id=\"d67d5ff\" data-element_type=\"widget\" data-widget_type=\"image.default\">\n\t\t\t\t<div class=\"elementor-widget-container\">\n\t\t\t\t\t\t\t\t\t\t\t\t\t\t\t\t<a href=\"https:\/\/equipotecnicoorientaciongranada.com\/recursos-para-la-orientacion-vocacional-y-profesional\/\">\n\t\t\t\t\t\t\t<img decoding=\"async\" width=\"474\" height=\"189\" src=\"https:\/\/blogsaverroes.juntadeandalucia.es\/proyectovypinclusivo\/files\/2021\/01\/botonesmedidasensen\u0303anzasnoboligatorias_Mesa-de-trabajo-15.png\" class=\"attachment-large size-large wp-image-287\" alt=\"\" srcset=\"https:\/\/blogsaverroes.juntadeandalucia.es\/proyectovypinclusivo\/files\/2021\/01\/botonesmedidasensen\u0303anzasnoboligatorias_Mesa-de-trabajo-15.png 596w, https:\/\/blogsaverroes.juntadeandalucia.es\/proyectovypinclusivo\/files\/2021\/01\/botonesmedidasensen\u0303anzasnoboligatorias_Mesa-de-trabajo-15-300x120.png 300w, https:\/\/blogsaverroes.juntadeandalucia.es\/proyectovypinclusivo\/files\/2021\/01\/botonesmedidasensen\u0303anzasnoboligatorias_Mesa-de-trabajo-15-24x10.png 24w, https:\/\/blogsaverroes.juntadeandalucia.es\/proyectovypinclusivo\/files\/2021\/01\/botonesmedidasensen\u0303anzasnoboligatorias_Mesa-de-trabajo-15-36x14.png 36w, https:\/\/blogsaverroes.juntadeandalucia.es\/proyectovypinclusivo\/files\/2021\/01\/botonesmedidasensen\u0303anzasnoboligatorias_Mesa-de-trabajo-15-48x19.png 48w\" sizes=\"(max-width: 474px) 100vw, 474px\" \/>\t\t\t\t\t\t\t\t<\/a>\n\t\t\t\t\t\t\t\t\t\t\t\t\t\t\t<\/div>\n\t\t\t\t<\/div>\n\t\t\t\t\t<\/div>\n\t\t<\/div>\n\t\t\t\t\t<\/div>\n\t\t<\/section>\n\t\t\t\t<section class=\"elementor-section elementor-top-section elementor-element elementor-element-694e541 elementor-section-boxed elementor-section-height-default elementor-section-height-default\" data-id=\"694e541\" data-element_type=\"section\">\n\t\t\t\t\t\t<div class=\"elementor-container elementor-column-gap-default\">\n\t\t\t\t\t<div class=\"elementor-column elementor-col-100 elementor-top-column elementor-element elementor-element-6e8e12b\" data-id=\"6e8e12b\" data-element_type=\"column\">\n\t\t\t<div class=\"elementor-widget-wrap elementor-element-populated\">\n\t\t\t\t\t\t<div class=\"elementor-element elementor-element-097a001 elementor-widget elementor-widget-text-editor\" data-id=\"097a001\" data-element_type=\"widget\" data-widget_type=\"text-editor.default\">\n\t\t\t\t<div class=\"elementor-widget-container\">\n\t\t\t\t\t\t\t\t\t<p style=\"text-align: justify\">Ponemos a vuestra disposici\u00f3n dos apartados de herramientas para guiar al alumnado en la construcci\u00f3n de su proyecto vital y profesional. En uno de ellos podr\u00e9is encontrar documentos de asesoramiento para la toma la decisiones de los <strong>equipos docentes<\/strong>, y en el otro recursos y materiales para desarrollar actividades con el alumnado sobre <strong>orientaci\u00f3n vocacional y profesional.<\/strong><\/p>\t\t\t\t\t\t\t\t<\/div>\n\t\t\t\t<\/div>\n\t\t\t\t\t<\/div>\n\t\t<\/div>\n\t\t\t\t\t<\/div>\n\t\t<\/section>\n\t\t\t\t<\/div>\n\t\t","protected":false},"excerpt":{"rendered":"<p>Ponemos a vuestra disposici\u00f3n dos apartados de herramientas para guiar al alumnado en la construcci\u00f3n de su proyecto vital y profesional. En uno de ellos podr\u00e9is encontrar documentos de asesoramiento para la toma la decisiones de los equipos docentes, y en el otro recursos y materiales para desarrollar actividades con el alumnado sobre orientaci\u00f3n vocacional &hellip; <a href=\"https:\/\/blogsaverroes.juntadeandalucia.es\/proyectovypinclusivo\/herramientas-para-disenar-el-proyecto-vyp-inclusivo\/\" class=\"more-link\">Seguir leyendo <span class=\"screen-reader-text\">Herramientas para dise\u00f1ar el proyecto VYP inclusivo<\/span> <span class=\"meta-nav\">&rarr;<\/span><\/a><\/p>\n","protected":false},"author":11645,"featured_media":290,"parent":0,"menu_order":0,"comment_status":"closed","ping_status":"closed","template":"","meta":{"ngg_post_thumbnail":0,"footnotes":""},"aioseo_notices":[],"_links":{"self":[{"href":"https:\/\/blogsaverroes.juntadeandalucia.es\/proyectovypinclusivo\/wp-json\/wp\/v2\/pages\/40"}],"collection":[{"href":"https:\/\/blogsaverroes.juntadeandalucia.es\/proyectovypinclusivo\/wp-json\/wp\/v2\/pages"}],"about":[{"href":"https:\/\/blogsaverroes.juntadeandalucia.es\/proyectovypinclusivo\/wp-json\/wp\/v2\/types\/page"}],"author":[{"embeddable":true,"href":"https:\/\/blogsaverroes.juntadeandalucia.es\/proyectovypinclusivo\/wp-json\/wp\/v2\/users\/11645"}],"replies":[{"embeddable":true,"href":"https:\/\/blogsaverroes.juntadeandalucia.es\/proyectovypinclusivo\/wp-json\/wp\/v2\/comments?post=40"}],"version-history":[{"count":12,"href":"https:\/\/blogsaverroes.juntadeandalucia.es\/proyectovypinclusivo\/wp-json\/wp\/v2\/pages\/40\/revisions"}],"predecessor-version":[{"id":764,"href":"https:\/\/blogsaverroes.juntadeandalucia.es\/proyectovypinclusivo\/wp-json\/wp\/v2\/pages\/40\/revisions\/764"}],"wp:featuredmedia":[{"embeddable":true,"href":"https:\/\/blogsaverroes.juntadeandalucia.es\/proyectovypinclusivo\/wp-json\/wp\/v2\/media\/290"}],"wp:attachment":[{"href":"https:\/\/blogsaverroes.juntadeandalucia.es\/proyectovypinclusivo\/wp-json\/wp\/v2\/media?parent=40"}],"curies":[{"name":"wp","href":"https:\/\/api.w.org\/{rel}","templated":true}]}}