{"id":434,"date":"2021-02-12T11:25:58","date_gmt":"2021-02-12T11:25:58","guid":{"rendered":"https:\/\/blogsaverroes.juntadeandalucia.es\/proyectovypinclusivo\/?page_id=434"},"modified":"2021-02-12T12:30:33","modified_gmt":"2021-02-12T12:30:33","slug":"andalucia-orienta","status":"publish","type":"page","link":"https:\/\/blogsaverroes.juntadeandalucia.es\/proyectovypinclusivo\/andalucia-orienta\/","title":{"rendered":"Andaluc\u00eda Orienta"},"content":{"rendered":"<p style=\"text-align: justify\">El Servicio Andaluz de Empleo pone a disposici\u00f3n de las personas demandantes de empleo en Andaluc\u00eda una completa red de unidades para la orientaci\u00f3n profesional, el asesoramiento en la b\u00fasqueda de empleo, la inserci\u00f3n laboral y el acompa\u00f1amiento, distribuida por todo el territorio. De manera preferente, los servicios de la Red Andaluc\u00eda Orienta est\u00e1n destinados a aquellas personas que est\u00e1n inscritas como demandantes de empleo desempleadas y, especialmente, a aquellos colectivos que presentan mayores dificultades para la inserci\u00f3n en el mercado de trabajo, como es el caso de las personas paradas de larga duraci\u00f3n, personas con discapacidad, j\u00f3venes, mujeres y colectivos en riesgos de exclusi\u00f3n. En el marco de la Red Andaluc\u00eda Orienta te ofrecemos un amplio n\u00famero de servicios que se realizan de forma individual o grupal y teniendo en cuenta el perfil de la persona usuaria y sus necesidades. As\u00ed, en la Red Andaluc\u00eda Orienta encontrar\u00e1s:<\/p>\n<ul style=\"text-align: justify\">\n<li>Desarrollo de tu Itinerario Personalizado de Inserci\u00f3n&nbsp;<\/li>\n<li>Informaci\u00f3n sobre el mercado de trabajo&nbsp;<\/li>\n<li>Asesoramiento sobre t\u00e9cnicas de b\u00fasqueda de empleo&nbsp;<\/li>\n<li>Orientaci\u00f3n laboral&nbsp;<\/li>\n<li>Asesoramiento para el autoconocimiento y posicionamiento para el mercado de trabajo&nbsp;<\/li>\n<li>Acompa\u00f1amiento en la b\u00fasqueda de empleo&nbsp;<\/li>\n<li>Detecci\u00f3n de perfiles emprendedores y para el autoempleo&nbsp;<\/li>\n<li>Auto-orientaci\u00f3n&nbsp;<\/li>\n<li>Gesti\u00f3n de planes de acci\u00f3n individualizados para las personas j\u00f3venes&nbsp;<\/li>\n<\/ul>\n<p style=\"text-align: justify\">Distribuidos a trav\u00e9s de todo el territorio de Andaluc\u00eda se encuentran los Centros de Referencia para la Orientaci\u00f3n (CRO). Estos espacios, integrados en la Red Andaluc\u00eda Orienta, sirven como referencia y modelo para el desarrollo de los trabajos y programas ofrecidos por la red y desde ellos se coordinan las distintas Unidades de Orientaci\u00f3n. En Granada se encuentra en:&nbsp;<a href=\"https:\/\/www.google.es\/maps\/search\/Avda.+De+Am%C3%A9rica,+n%C2%BA+8+Edificio+Cuba.+18006+Granada\/@37.1609527,-3.5992248,17z\/data=!3m1!4b1?hl=es\">Avda. De Am\u00e9rica, n\u00ba 8 Edificio Cuba. 18006 Granada<\/a>. Tfno.: 958 058 496 y 671 565 211; correo electr\u00f3nico:&nbsp;<a href=\"mailto:cro.gr.sae@juntadeandalucia.es\">cro.gr.sae@juntadeandalucia.es<\/a>&nbsp;.<\/p>\n<p style=\"text-align: justify\">Para el desarrollo de las funciones y la prestaci\u00f3n de los servicios que ofrece la Red Andaluc\u00eda Orienta, el Servicio Andaluz de Empleo cuenta con un importante n\u00famero de entidades colaboradoras que permiten la atenci\u00f3n a las personas demandantes de empleo en el territorio, de manera m\u00e1s localizada y cercana, as\u00ed como con unidades propias. El listado de dichas entidades se puede ver en el&nbsp;<a href=\"http:\/\/www.juntadeandalucia.es\/servicioandaluzdeempleo\/web\/mapaEmpleabilidad\/\">Mapa de Empleabilidad del Servicio Andaluz de Empleo<\/a>, marcando la opci\u00f3n \u201cServicios de Orientaci\u00f3n\u201d.<\/p>\n<p>M\u00e1s informaci\u00f3n:<\/p>\n<p><a href=\"https:\/\/juntadeandalucia.es\/organismos\/empleoformacionytrabajoautonomo\/sae\/areas\/mejora-empleabilidad\/andalucia-orienta.html\">https:\/\/juntadeandalucia.es\/organismos\/empleoformacionytrabajoautonomo\/sae\/areas\/mejora-empleabilidad\/andalucia-orienta.html<\/a><\/p>\n","protected":false},"excerpt":{"rendered":"<p>El Servicio Andaluz de Empleo pone a disposici\u00f3n de las personas demandantes de empleo en Andaluc\u00eda una completa red de unidades para la orientaci\u00f3n profesional, el asesoramiento en la b\u00fasqueda de empleo, la inserci\u00f3n laboral y el acompa\u00f1amiento, distribuida por todo el territorio. De manera preferente, los servicios de la Red Andaluc\u00eda Orienta est\u00e1n destinados &hellip; <a href=\"https:\/\/blogsaverroes.juntadeandalucia.es\/proyectovypinclusivo\/andalucia-orienta\/\" class=\"more-link\">Seguir leyendo <span class=\"screen-reader-text\">Andaluc\u00eda Orienta<\/span> <span class=\"meta-nav\">&rarr;<\/span><\/a><\/p>\n","protected":false},"author":11645,"featured_media":466,"parent":0,"menu_order":0,"comment_status":"closed","ping_status":"closed","template":"","meta":{"ngg_post_thumbnail":0,"footnotes":""},"aioseo_notices":[],"_links":{"self":[{"href":"https:\/\/blogsaverroes.juntadeandalucia.es\/proyectovypinclusivo\/wp-json\/wp\/v2\/pages\/434"}],"collection":[{"href":"https:\/\/blogsaverroes.juntadeandalucia.es\/proyectovypinclusivo\/wp-json\/wp\/v2\/pages"}],"about":[{"href":"https:\/\/blogsaverroes.juntadeandalucia.es\/proyectovypinclusivo\/wp-json\/wp\/v2\/types\/page"}],"author":[{"embeddable":true,"href":"https:\/\/blogsaverroes.juntadeandalucia.es\/proyectovypinclusivo\/wp-json\/wp\/v2\/users\/11645"}],"replies":[{"embeddable":true,"href":"https:\/\/blogsaverroes.juntadeandalucia.es\/proyectovypinclusivo\/wp-json\/wp\/v2\/comments?post=434"}],"version-history":[{"count":2,"href":"https:\/\/blogsaverroes.juntadeandalucia.es\/proyectovypinclusivo\/wp-json\/wp\/v2\/pages\/434\/revisions"}],"predecessor-version":[{"id":467,"href":"https:\/\/blogsaverroes.juntadeandalucia.es\/proyectovypinclusivo\/wp-json\/wp\/v2\/pages\/434\/revisions\/467"}],"wp:featuredmedia":[{"embeddable":true,"href":"https:\/\/blogsaverroes.juntadeandalucia.es\/proyectovypinclusivo\/wp-json\/wp\/v2\/media\/466"}],"wp:attachment":[{"href":"https:\/\/blogsaverroes.juntadeandalucia.es\/proyectovypinclusivo\/wp-json\/wp\/v2\/media?parent=434"}],"curies":[{"name":"wp","href":"https:\/\/api.w.org\/{rel}","templated":true}]}}