{"id":439,"date":"2021-02-12T11:31:15","date_gmt":"2021-02-12T11:31:15","guid":{"rendered":"https:\/\/blogsaverroes.juntadeandalucia.es\/proyectovypinclusivo\/?page_id=439"},"modified":"2021-02-12T12:32:51","modified_gmt":"2021-02-12T12:32:51","slug":"eures","status":"publish","type":"page","link":"https:\/\/blogsaverroes.juntadeandalucia.es\/proyectovypinclusivo\/eures\/","title":{"rendered":"Eures"},"content":{"rendered":"<p style=\"text-align: justify\"><span style=\"font-weight: 400\">El objetivo de la <strong>Red EURES<\/strong> es prestar servicios a los trabajadores, a los empresarios, y a cualquier ciudadano que desee beneficiarse del principio de la libre circulaci\u00f3n de personas, proporcionando informaci\u00f3n y asesoramiento sobre ofertas y demandas de empleo, situaci\u00f3n y evoluci\u00f3n del mercado de trabajo y sobre condiciones de vida y trabajo de cada pa\u00eds .<\/span><\/p>\n<ul>\n<li style=\"font-weight: 400\"><span style=\"font-weight: 400\">Webs europea: <\/span><a href=\"https:\/\/ec.europa.eu\/eures\/public\/es\/homepage\"><span style=\"font-weight: 400\">https:\/\/ec.europa.eu\/eures\/public\/es\/homepage<\/span><\/a><\/li>\n<li style=\"font-weight: 400\"><span style=\"font-weight: 400\">Webs por pa\u00edses de inter\u00e9s: <\/span><a href=\"https:\/\/www.sepe.es\/HomeSepe\/Personas\/encontrar-trabajo\/empleo-europa\"><span style=\"font-weight: 400\">https:\/\/www.sepe.es\/HomeSepe\/Personas\/encontrar-trabajo\/empleo-europa<\/span><\/a><\/li>\n<\/ul>\n","protected":false},"excerpt":{"rendered":"<p>El objetivo de la Red EURES es prestar servicios a los trabajadores, a los empresarios, y a cualquier ciudadano que desee beneficiarse del principio de la libre circulaci\u00f3n de personas, proporcionando informaci\u00f3n y asesoramiento sobre ofertas y demandas de empleo, situaci\u00f3n y evoluci\u00f3n del mercado de trabajo y sobre condiciones de vida y trabajo de &hellip; <a href=\"https:\/\/blogsaverroes.juntadeandalucia.es\/proyectovypinclusivo\/eures\/\" class=\"more-link\">Seguir leyendo <span class=\"screen-reader-text\">Eures<\/span> <span class=\"meta-nav\">&rarr;<\/span><\/a><\/p>\n","protected":false},"author":11645,"featured_media":466,"parent":0,"menu_order":0,"comment_status":"closed","ping_status":"closed","template":"","meta":{"ngg_post_thumbnail":0,"footnotes":""},"aioseo_notices":[],"_links":{"self":[{"href":"https:\/\/blogsaverroes.juntadeandalucia.es\/proyectovypinclusivo\/wp-json\/wp\/v2\/pages\/439"}],"collection":[{"href":"https:\/\/blogsaverroes.juntadeandalucia.es\/proyectovypinclusivo\/wp-json\/wp\/v2\/pages"}],"about":[{"href":"https:\/\/blogsaverroes.juntadeandalucia.es\/proyectovypinclusivo\/wp-json\/wp\/v2\/types\/page"}],"author":[{"embeddable":true,"href":"https:\/\/blogsaverroes.juntadeandalucia.es\/proyectovypinclusivo\/wp-json\/wp\/v2\/users\/11645"}],"replies":[{"embeddable":true,"href":"https:\/\/blogsaverroes.juntadeandalucia.es\/proyectovypinclusivo\/wp-json\/wp\/v2\/comments?post=439"}],"version-history":[{"count":1,"href":"https:\/\/blogsaverroes.juntadeandalucia.es\/proyectovypinclusivo\/wp-json\/wp\/v2\/pages\/439\/revisions"}],"predecessor-version":[{"id":440,"href":"https:\/\/blogsaverroes.juntadeandalucia.es\/proyectovypinclusivo\/wp-json\/wp\/v2\/pages\/439\/revisions\/440"}],"wp:featuredmedia":[{"embeddable":true,"href":"https:\/\/blogsaverroes.juntadeandalucia.es\/proyectovypinclusivo\/wp-json\/wp\/v2\/media\/466"}],"wp:attachment":[{"href":"https:\/\/blogsaverroes.juntadeandalucia.es\/proyectovypinclusivo\/wp-json\/wp\/v2\/media?parent=439"}],"curies":[{"name":"wp","href":"https:\/\/api.w.org\/{rel}","templated":true}]}}