{"id":441,"date":"2021-02-12T11:32:48","date_gmt":"2021-02-12T11:32:48","guid":{"rendered":"https:\/\/blogsaverroes.juntadeandalucia.es\/proyectovypinclusivo\/?page_id=441"},"modified":"2021-02-12T12:36:42","modified_gmt":"2021-02-12T12:36:42","slug":"441-2","status":"publish","type":"page","link":"https:\/\/blogsaverroes.juntadeandalucia.es\/proyectovypinclusivo\/441-2\/","title":{"rendered":"Garant\u00eda Juvenil"},"content":{"rendered":"<p style=\"text-align: justify\"><span style=\"font-weight: 400\">Garant\u00eda Juvenil es una iniciativa europea que pretende <\/span><b>facilitar el acceso de los j\u00f3venes al mercado de trabajo<\/b><span style=\"font-weight: 400\">. Est\u00e1 enfocada a que todos los j\u00f3venes no ocupados ni integrados en los sistemas de educaci\u00f3n o formaci\u00f3n, puedan recibir una oferta de empleo, educaci\u00f3n o formaci\u00f3n, incluida la formaci\u00f3n de aprendiz o periodo de pr\u00e1cticas, tras acabar la educaci\u00f3n formal o quedar desempleados. La recomendaci\u00f3n europea que estableci\u00f3 el programa, requiere <\/span><b>que cada joven pueda recibir una oferta en un periodo de cuatro meses a partir de su inscripci\u00f3n<\/b><span style=\"font-weight: 400\">.<\/span><\/p>\n<p>M\u00e1s informaci\u00f3n:<\/p>\n<p><a href=\"https:\/\/garantiajuvenil.sepe.es\/\">https:\/\/garantiajuvenil.sepe.es\/<\/a><\/p>\n<p>&nbsp;<\/p>\n","protected":false},"excerpt":{"rendered":"<p>Garant\u00eda Juvenil es una iniciativa europea que pretende facilitar el acceso de los j\u00f3venes al mercado de trabajo. Est\u00e1 enfocada a que todos los j\u00f3venes no ocupados ni integrados en los sistemas de educaci\u00f3n o formaci\u00f3n, puedan recibir una oferta de empleo, educaci\u00f3n o formaci\u00f3n, incluida la formaci\u00f3n de aprendiz o periodo de pr\u00e1cticas, tras &hellip; <a href=\"https:\/\/blogsaverroes.juntadeandalucia.es\/proyectovypinclusivo\/441-2\/\" class=\"more-link\">Seguir leyendo <span class=\"screen-reader-text\">Garant\u00eda Juvenil<\/span> <span class=\"meta-nav\">&rarr;<\/span><\/a><\/p>\n","protected":false},"author":11645,"featured_media":466,"parent":0,"menu_order":0,"comment_status":"closed","ping_status":"closed","template":"","meta":{"ngg_post_thumbnail":0,"footnotes":""},"aioseo_notices":[],"_links":{"self":[{"href":"https:\/\/blogsaverroes.juntadeandalucia.es\/proyectovypinclusivo\/wp-json\/wp\/v2\/pages\/441"}],"collection":[{"href":"https:\/\/blogsaverroes.juntadeandalucia.es\/proyectovypinclusivo\/wp-json\/wp\/v2\/pages"}],"about":[{"href":"https:\/\/blogsaverroes.juntadeandalucia.es\/proyectovypinclusivo\/wp-json\/wp\/v2\/types\/page"}],"author":[{"embeddable":true,"href":"https:\/\/blogsaverroes.juntadeandalucia.es\/proyectovypinclusivo\/wp-json\/wp\/v2\/users\/11645"}],"replies":[{"embeddable":true,"href":"https:\/\/blogsaverroes.juntadeandalucia.es\/proyectovypinclusivo\/wp-json\/wp\/v2\/comments?post=441"}],"version-history":[{"count":2,"href":"https:\/\/blogsaverroes.juntadeandalucia.es\/proyectovypinclusivo\/wp-json\/wp\/v2\/pages\/441\/revisions"}],"predecessor-version":[{"id":443,"href":"https:\/\/blogsaverroes.juntadeandalucia.es\/proyectovypinclusivo\/wp-json\/wp\/v2\/pages\/441\/revisions\/443"}],"wp:featuredmedia":[{"embeddable":true,"href":"https:\/\/blogsaverroes.juntadeandalucia.es\/proyectovypinclusivo\/wp-json\/wp\/v2\/media\/466"}],"wp:attachment":[{"href":"https:\/\/blogsaverroes.juntadeandalucia.es\/proyectovypinclusivo\/wp-json\/wp\/v2\/media?parent=441"}],"curies":[{"name":"wp","href":"https:\/\/api.w.org\/{rel}","templated":true}]}}