{"id":451,"date":"2021-02-12T11:40:31","date_gmt":"2021-02-12T11:40:31","guid":{"rendered":"https:\/\/blogsaverroes.juntadeandalucia.es\/proyectovypinclusivo\/?page_id=451"},"modified":"2021-02-12T12:31:45","modified_gmt":"2021-02-12T12:31:45","slug":"centros-especiales-de-empleo","status":"publish","type":"page","link":"https:\/\/blogsaverroes.juntadeandalucia.es\/proyectovypinclusivo\/centros-especiales-de-empleo\/","title":{"rendered":"Centros especiales de empleo"},"content":{"rendered":"<p style=\"text-align: justify\"><span style=\"font-weight: 400\">Los Centros Especiales de Empleo son entidades cuyo objetivo principal es realizar un trabajo productivo, participando regularmente en las operaciones de mercado, que tiene como finalidad asegurar un empleo remunerado y la prestaci\u00f3n de servicios de ajuste personal y social que requieran las personas con discapacidad que trabajan en ellas. Del mismo modo, estos centros se crean como un medio de integraci\u00f3n del mayor n\u00famero posible de estas personas al r\u00e9gimen de trabajo normalizado. La plantilla de estos centros debe estar conformada, al menos en un 70 %, por personas con discapacidad con un grado igual o superior al 33 %.<\/span><\/p>\n<p><span style=\"font-weight: 400\">Web de gu\u00eda electr\u00f3nica: <\/span><a href=\"https:\/\/www.aceca.es\/centros-especiales-de-empleo\"><span style=\"font-weight: 400\">https:\/\/www.aceca.es\/centros-especiales-de-empleo<\/span><\/a><\/p>\n","protected":false},"excerpt":{"rendered":"<p>Los Centros Especiales de Empleo son entidades cuyo objetivo principal es realizar un trabajo productivo, participando regularmente en las operaciones de mercado, que tiene como finalidad asegurar un empleo remunerado y la prestaci\u00f3n de servicios de ajuste personal y social que requieran las personas con discapacidad que trabajan en ellas. Del mismo modo, estos centros &hellip; <a href=\"https:\/\/blogsaverroes.juntadeandalucia.es\/proyectovypinclusivo\/centros-especiales-de-empleo\/\" class=\"more-link\">Seguir leyendo <span class=\"screen-reader-text\">Centros especiales de empleo<\/span> <span class=\"meta-nav\">&rarr;<\/span><\/a><\/p>\n","protected":false},"author":11645,"featured_media":466,"parent":0,"menu_order":0,"comment_status":"closed","ping_status":"closed","template":"","meta":{"ngg_post_thumbnail":0,"footnotes":""},"aioseo_notices":[],"_links":{"self":[{"href":"https:\/\/blogsaverroes.juntadeandalucia.es\/proyectovypinclusivo\/wp-json\/wp\/v2\/pages\/451"}],"collection":[{"href":"https:\/\/blogsaverroes.juntadeandalucia.es\/proyectovypinclusivo\/wp-json\/wp\/v2\/pages"}],"about":[{"href":"https:\/\/blogsaverroes.juntadeandalucia.es\/proyectovypinclusivo\/wp-json\/wp\/v2\/types\/page"}],"author":[{"embeddable":true,"href":"https:\/\/blogsaverroes.juntadeandalucia.es\/proyectovypinclusivo\/wp-json\/wp\/v2\/users\/11645"}],"replies":[{"embeddable":true,"href":"https:\/\/blogsaverroes.juntadeandalucia.es\/proyectovypinclusivo\/wp-json\/wp\/v2\/comments?post=451"}],"version-history":[{"count":1,"href":"https:\/\/blogsaverroes.juntadeandalucia.es\/proyectovypinclusivo\/wp-json\/wp\/v2\/pages\/451\/revisions"}],"predecessor-version":[{"id":452,"href":"https:\/\/blogsaverroes.juntadeandalucia.es\/proyectovypinclusivo\/wp-json\/wp\/v2\/pages\/451\/revisions\/452"}],"wp:featuredmedia":[{"embeddable":true,"href":"https:\/\/blogsaverroes.juntadeandalucia.es\/proyectovypinclusivo\/wp-json\/wp\/v2\/media\/466"}],"wp:attachment":[{"href":"https:\/\/blogsaverroes.juntadeandalucia.es\/proyectovypinclusivo\/wp-json\/wp\/v2\/media?parent=451"}],"curies":[{"name":"wp","href":"https:\/\/api.w.org\/{rel}","templated":true}]}}