{"id":522,"date":"2021-02-15T21:40:47","date_gmt":"2021-02-15T21:40:47","guid":{"rendered":"https:\/\/blogsaverroes.juntadeandalucia.es\/proyectovypinclusivo\/?page_id=522"},"modified":"2022-04-19T08:31:20","modified_gmt":"2022-04-19T08:31:20","slug":"cualificaciones-profesionales","status":"publish","type":"page","link":"https:\/\/blogsaverroes.juntadeandalucia.es\/proyectovypinclusivo\/cualificaciones-profesionales\/","title":{"rendered":"Cualificaciones Profesionales"},"content":{"rendered":"\t\t<div data-elementor-type=\"wp-page\" data-elementor-id=\"522\" class=\"elementor elementor-522\">\n\t\t\t\t\t\t<section class=\"elementor-section elementor-top-section elementor-element elementor-element-8e7f5d9 elementor-section-boxed elementor-section-height-default elementor-section-height-default\" data-id=\"8e7f5d9\" data-element_type=\"section\">\n\t\t\t\t\t\t<div class=\"elementor-container elementor-column-gap-default\">\n\t\t\t\t\t<div class=\"elementor-column elementor-col-50 elementor-top-column elementor-element elementor-element-4f32dc5\" data-id=\"4f32dc5\" data-element_type=\"column\">\n\t\t\t<div class=\"elementor-widget-wrap elementor-element-populated\">\n\t\t\t\t\t\t<div class=\"elementor-element elementor-element-8c15eb0 elementor-widget elementor-widget-image\" data-id=\"8c15eb0\" data-element_type=\"widget\" data-widget_type=\"image.default\">\n\t\t\t\t<div class=\"elementor-widget-container\">\n\t\t\t\t\t\t\t\t\t\t\t\t\t\t\t\t<a href=\"http:\/\/incual.mecd.es\/inicio\">\n\t\t\t\t\t\t\t<img fetchpriority=\"high\" decoding=\"async\" width=\"474\" height=\"173\" src=\"https:\/\/blogsaverroes.juntadeandalucia.es\/proyectovypinclusivo\/files\/2021\/02\/logoINCUAL.png\" class=\"attachment-large size-large wp-image-524\" alt=\"\" srcset=\"https:\/\/blogsaverroes.juntadeandalucia.es\/proyectovypinclusivo\/files\/2021\/02\/logoINCUAL.png 576w, https:\/\/blogsaverroes.juntadeandalucia.es\/proyectovypinclusivo\/files\/2021\/02\/logoINCUAL-300x109.png 300w\" sizes=\"(max-width: 474px) 100vw, 474px\" \/>\t\t\t\t\t\t\t\t<\/a>\n\t\t\t\t\t\t\t\t\t\t\t\t\t\t\t<\/div>\n\t\t\t\t<\/div>\n\t\t\t\t\t<\/div>\n\t\t<\/div>\n\t\t\t\t<div class=\"elementor-column elementor-col-50 elementor-top-column elementor-element elementor-element-ef72c25\" data-id=\"ef72c25\" data-element_type=\"column\">\n\t\t\t<div class=\"elementor-widget-wrap elementor-element-populated\">\n\t\t\t\t\t\t<div class=\"elementor-element elementor-element-47920cc elementor-widget elementor-widget-text-editor\" data-id=\"47920cc\" data-element_type=\"widget\" data-widget_type=\"text-editor.default\">\n\t\t\t\t<div class=\"elementor-widget-container\">\n\t\t\t\t\t\t\t\t\t<p><a href=\"https:\/\/incual.educacion.gob.es\/\">Sistema Integrado de Formaci\u00f3n Profesional<\/a><\/p><p><a href=\"http:\/\/incual.mecd.es\/documents\/35348\/80300\/CNCP_listadoQ.pdf\/\">Cat\u00e1logo Nacional de Cualificaciones Profesionales<\/a><\/p><p><a href=\"https:\/\/incual.mecd.es\/certificados\/deportivas\">Oferta formativa por cualificaci\u00f3n<\/a><\/p><p><a href=\"https:\/\/incual.educacion.gob.es\/busqueda-de-cualificaciones\">B\u00fasqueda de cualificaciones profesionales vigentes<\/a><\/p>\t\t\t\t\t\t\t\t<\/div>\n\t\t\t\t<\/div>\n\t\t\t\t\t<\/div>\n\t\t<\/div>\n\t\t\t\t\t<\/div>\n\t\t<\/section>\n\t\t\t\t<section class=\"elementor-section elementor-top-section elementor-element elementor-element-624b6cf elementor-section-boxed elementor-section-height-default elementor-section-height-default\" data-id=\"624b6cf\" data-element_type=\"section\">\n\t\t\t\t\t\t<div class=\"elementor-container elementor-column-gap-default\">\n\t\t\t\t\t<div class=\"elementor-column elementor-col-50 elementor-top-column elementor-element elementor-element-e0eb198\" data-id=\"e0eb198\" data-element_type=\"column\">\n\t\t\t<div class=\"elementor-widget-wrap elementor-element-populated\">\n\t\t\t\t\t\t<div class=\"elementor-element elementor-element-1831284 elementor-widget__width-initial elementor-widget elementor-widget-image\" data-id=\"1831284\" data-element_type=\"widget\" data-widget_type=\"image.default\">\n\t\t\t\t<div class=\"elementor-widget-container\">\n\t\t\t\t\t\t\t\t\t\t\t\t\t\t\t\t<a href=\"https:\/\/www.juntadeandalucia.es\/educacion\/portals\/web\/iacp\/inicio\">\n\t\t\t\t\t\t\t<img decoding=\"async\" width=\"474\" height=\"118\" src=\"https:\/\/blogsaverroes.juntadeandalucia.es\/proyectovypinclusivo\/files\/2021\/02\/logoIACP3.png\" class=\"attachment-large size-large wp-image-538\" alt=\"\" srcset=\"https:\/\/blogsaverroes.juntadeandalucia.es\/proyectovypinclusivo\/files\/2021\/02\/logoIACP3.png 842w, https:\/\/blogsaverroes.juntadeandalucia.es\/proyectovypinclusivo\/files\/2021\/02\/logoIACP3-300x75.png 300w, https:\/\/blogsaverroes.juntadeandalucia.es\/proyectovypinclusivo\/files\/2021\/02\/logoIACP3-768x192.png 768w\" sizes=\"(max-width: 474px) 100vw, 474px\" \/>\t\t\t\t\t\t\t\t<\/a>\n\t\t\t\t\t\t\t\t\t\t\t\t\t\t\t<\/div>\n\t\t\t\t<\/div>\n\t\t\t\t<div class=\"elementor-element elementor-element-1f2b91f elementor-widget elementor-widget-image\" data-id=\"1f2b91f\" data-element_type=\"widget\" data-widget_type=\"image.default\">\n\t\t\t\t<div class=\"elementor-widget-container\">\n\t\t\t\t\t\t\t\t\t\t\t\t\t\t\t\t<a href=\"https:\/\/www.juntadeandalucia.es\/educacion\/portals\/web\/iacp\/que\">\n\t\t\t\t\t\t\t<img decoding=\"async\" width=\"474\" height=\"337\" src=\"https:\/\/blogsaverroes.juntadeandalucia.es\/proyectovypinclusivo\/files\/2021\/02\/Acredita-Banner-1.jpg\" class=\"attachment-large size-large wp-image-528\" alt=\"\" srcset=\"https:\/\/blogsaverroes.juntadeandalucia.es\/proyectovypinclusivo\/files\/2021\/02\/Acredita-Banner-1.jpg 600w, https:\/\/blogsaverroes.juntadeandalucia.es\/proyectovypinclusivo\/files\/2021\/02\/Acredita-Banner-1-300x213.jpg 300w\" sizes=\"(max-width: 474px) 100vw, 474px\" \/>\t\t\t\t\t\t\t\t<\/a>\n\t\t\t\t\t\t\t\t\t\t\t\t\t\t\t<\/div>\n\t\t\t\t<\/div>\n\t\t\t\t\t<\/div>\n\t\t<\/div>\n\t\t\t\t<div class=\"elementor-column elementor-col-50 elementor-top-column elementor-element elementor-element-2ced534\" data-id=\"2ced534\" data-element_type=\"column\">\n\t\t\t<div class=\"elementor-widget-wrap elementor-element-populated\">\n\t\t\t\t\t\t<div class=\"elementor-element elementor-element-ac3d851 elementor-widget elementor-widget-text-editor\" data-id=\"ac3d851\" data-element_type=\"widget\" data-widget_type=\"text-editor.default\">\n\t\t\t\t<div class=\"elementor-widget-container\">\n\t\t\t\t\t\t\t\t\t<p><strong>Andaluc\u00eda Acredita.<\/strong> Procedimiento que permite obtener una acreditaci\u00f3n oficial a aquellas personas que tienen experiencia laboral demostrable o que han recibido formaci\u00f3n no formal, es decir, formaci\u00f3n realizada fuera del sistema educativo oficial, y directamente relacionada con la cualificaci\u00f3n profesional que desea acreditar.<\/p><p>M\u00e1s informaci\u00f3n<\/p><p><a href=\"https:\/\/www.juntadeandalucia.es\/educacion\/portals\/web\/iacp\/que\">https:\/\/www.juntadeandalucia.es\/educacion\/portals\/web\/iacp\/que<\/a><\/p>\t\t\t\t\t\t\t\t<\/div>\n\t\t\t\t<\/div>\n\t\t\t\t\t<\/div>\n\t\t<\/div>\n\t\t\t\t\t<\/div>\n\t\t<\/section>\n\t\t\t\t<\/div>\n\t\t","protected":false},"excerpt":{"rendered":"<p>Sistema Integrado de Formaci\u00f3n Profesional Cat\u00e1logo Nacional de Cualificaciones Profesionales Oferta formativa por cualificaci\u00f3n B\u00fasqueda de cualificaciones profesionales vigentes Andaluc\u00eda Acredita. Procedimiento que permite obtener una acreditaci\u00f3n oficial a aquellas personas que tienen experiencia laboral demostrable o que han recibido formaci\u00f3n no formal, es decir, formaci\u00f3n realizada fuera del sistema educativo oficial, y directamente relacionada &hellip; <a href=\"https:\/\/blogsaverroes.juntadeandalucia.es\/proyectovypinclusivo\/cualificaciones-profesionales\/\" class=\"more-link\">Seguir leyendo <span class=\"screen-reader-text\">Cualificaciones Profesionales<\/span> <span class=\"meta-nav\">&rarr;<\/span><\/a><\/p>\n","protected":false},"author":11645,"featured_media":542,"parent":0,"menu_order":0,"comment_status":"closed","ping_status":"closed","template":"","meta":{"ngg_post_thumbnail":0,"footnotes":""},"aioseo_notices":[],"_links":{"self":[{"href":"https:\/\/blogsaverroes.juntadeandalucia.es\/proyectovypinclusivo\/wp-json\/wp\/v2\/pages\/522"}],"collection":[{"href":"https:\/\/blogsaverroes.juntadeandalucia.es\/proyectovypinclusivo\/wp-json\/wp\/v2\/pages"}],"about":[{"href":"https:\/\/blogsaverroes.juntadeandalucia.es\/proyectovypinclusivo\/wp-json\/wp\/v2\/types\/page"}],"author":[{"embeddable":true,"href":"https:\/\/blogsaverroes.juntadeandalucia.es\/proyectovypinclusivo\/wp-json\/wp\/v2\/users\/11645"}],"replies":[{"embeddable":true,"href":"https:\/\/blogsaverroes.juntadeandalucia.es\/proyectovypinclusivo\/wp-json\/wp\/v2\/comments?post=522"}],"version-history":[{"count":16,"href":"https:\/\/blogsaverroes.juntadeandalucia.es\/proyectovypinclusivo\/wp-json\/wp\/v2\/pages\/522\/revisions"}],"predecessor-version":[{"id":875,"href":"https:\/\/blogsaverroes.juntadeandalucia.es\/proyectovypinclusivo\/wp-json\/wp\/v2\/pages\/522\/revisions\/875"}],"wp:featuredmedia":[{"embeddable":true,"href":"https:\/\/blogsaverroes.juntadeandalucia.es\/proyectovypinclusivo\/wp-json\/wp\/v2\/media\/542"}],"wp:attachment":[{"href":"https:\/\/blogsaverroes.juntadeandalucia.es\/proyectovypinclusivo\/wp-json\/wp\/v2\/media?parent=522"}],"curies":[{"name":"wp","href":"https:\/\/api.w.org\/{rel}","templated":true}]}}