{"id":876,"date":"2022-04-19T08:40:49","date_gmt":"2022-04-19T08:40:49","guid":{"rendered":"https:\/\/blogsaverroes.juntadeandalucia.es\/proyectovypinclusivo\/?page_id=876"},"modified":"2022-04-19T08:50:00","modified_gmt":"2022-04-19T08:50:00","slug":"medidas-de-inclusion-en-ensenanzas-obligatorias","status":"publish","type":"page","link":"https:\/\/blogsaverroes.juntadeandalucia.es\/proyectovypinclusivo\/medidas-de-inclusion-en-ensenanzas-obligatorias\/","title":{"rendered":"Medidas de inclusi\u00f3n en ense\u00f1anzas obligatorias"},"content":{"rendered":"\t\t<div data-elementor-type=\"wp-page\" data-elementor-id=\"876\" class=\"elementor elementor-876\">\n\t\t\t\t\t\t<section class=\"elementor-section elementor-top-section elementor-element elementor-element-1d80db54 elementor-section-boxed elementor-section-height-default elementor-section-height-default\" data-id=\"1d80db54\" data-element_type=\"section\">\n\t\t\t\t\t\t<div class=\"elementor-container elementor-column-gap-default\">\n\t\t\t\t\t<div class=\"elementor-column elementor-col-100 elementor-top-column elementor-element elementor-element-26d4ad01\" data-id=\"26d4ad01\" data-element_type=\"column\">\n\t\t\t<div class=\"elementor-widget-wrap elementor-element-populated\">\n\t\t\t\t\t\t<div class=\"elementor-element elementor-element-64bf226b elementor-widget elementor-widget-text-editor\" data-id=\"64bf226b\" data-element_type=\"widget\" data-widget_type=\"text-editor.default\">\n\t\t\t\t<div class=\"elementor-widget-container\">\n\t\t\t\t\t\t\t\t\t<p>\u201cTodo sobre la mesa\u201d es un documento t\u00e9cnico de asesoramiento en la respuesta educativa al alumnado, que pretende aunar las diferentes normativas vigentes relativas a la atenci\u00f3n a la diversidad.<\/p><p><span style=\"font-size: 16px;text-align: justify\">El documento est\u00e1 dise\u00f1ado de forma global con cuatro cap\u00edtulos sumatorios e interrelacionados:<\/span><\/p><p><span style=\"font-size: 16px;text-align: center\">Recomendaciones metodol\u00f3gicas<\/span><\/p><p><span style=\"font-size: 16px;text-align: center\">Medidas generales de atenci\u00f3n a la diversidad<\/span><\/p><p><span style=\"font-size: 16px;text-align: center\">Programas de atenci\u00f3n a la diversidad<\/span><\/p><p><span style=\"font-size: 16px;text-align: center\">Medidas espec\u00edficas de atenci\u00f3n a la diversidad<\/span><\/p><p class=\"has-text-align-justify\">Con este esp\u00edritu nace \u201cTodo sobre la mesa\u201d, un documento asequible y contrastado que baraja medidas y programas de atenci\u00f3n a la diversidad recogidas en la norma, con la idea de que la comunidad educativa conozca las posibilidades existentes y demos una respuesta inclusiva a la diversidad de los centros escolares.<\/p>\t\t\t\t\t\t\t\t<\/div>\n\t\t\t\t<\/div>\n\t\t\t\t\t<\/div>\n\t\t<\/div>\n\t\t\t\t\t<\/div>\n\t\t<\/section>\n\t\t\t\t<section class=\"elementor-section elementor-top-section elementor-element elementor-element-f108a2c elementor-section-boxed elementor-section-height-default elementor-section-height-default\" data-id=\"f108a2c\" data-element_type=\"section\">\n\t\t\t\t\t\t<div class=\"elementor-container elementor-column-gap-default\">\n\t\t\t\t\t<div class=\"elementor-column elementor-col-100 elementor-top-column elementor-element elementor-element-201971a\" data-id=\"201971a\" data-element_type=\"column\">\n\t\t\t<div class=\"elementor-widget-wrap elementor-element-populated\">\n\t\t\t\t\t\t<div class=\"elementor-element elementor-element-2fe487f elementor-widget elementor-widget-image\" data-id=\"2fe487f\" data-element_type=\"widget\" data-widget_type=\"image.default\">\n\t\t\t\t<div class=\"elementor-widget-container\">\n\t\t\t\t\t\t\t\t\t\t\t\t\t\t\t\t<a href=\"https:\/\/equipotecnicoorientaciongranada.files.wordpress.com\/2022\/02\/todosobrelamesa.pdf\">\n\t\t\t\t\t\t\t<img fetchpriority=\"high\" decoding=\"async\" width=\"474\" height=\"669\" src=\"https:\/\/blogsaverroes.juntadeandalucia.es\/proyectovypinclusivo\/files\/2022\/04\/captura-de-pantalla-2022-02-04-a-las-6.32.47-726x1024.png\" class=\"attachment-large size-large wp-image-879\" alt=\"\" srcset=\"https:\/\/blogsaverroes.juntadeandalucia.es\/proyectovypinclusivo\/files\/2022\/04\/captura-de-pantalla-2022-02-04-a-las-6.32.47-726x1024.png 726w, https:\/\/blogsaverroes.juntadeandalucia.es\/proyectovypinclusivo\/files\/2022\/04\/captura-de-pantalla-2022-02-04-a-las-6.32.47-213x300.png 213w, https:\/\/blogsaverroes.juntadeandalucia.es\/proyectovypinclusivo\/files\/2022\/04\/captura-de-pantalla-2022-02-04-a-las-6.32.47-768x1083.png 768w, https:\/\/blogsaverroes.juntadeandalucia.es\/proyectovypinclusivo\/files\/2022\/04\/captura-de-pantalla-2022-02-04-a-las-6.32.47.png 974w\" sizes=\"(max-width: 474px) 100vw, 474px\" \/>\t\t\t\t\t\t\t\t<\/a>\n\t\t\t\t\t\t\t\t\t\t\t\t\t\t\t<\/div>\n\t\t\t\t<\/div>\n\t\t\t\t\t<\/div>\n\t\t<\/div>\n\t\t\t\t\t<\/div>\n\t\t<\/section>\n\t\t\t\t<\/div>\n\t\t","protected":false},"excerpt":{"rendered":"<p>\u201cTodo sobre la mesa\u201d es un documento t\u00e9cnico de asesoramiento en la respuesta educativa al alumnado, que pretende aunar las diferentes normativas vigentes relativas a la atenci\u00f3n a la diversidad. El documento est\u00e1 dise\u00f1ado de forma global con cuatro cap\u00edtulos sumatorios e interrelacionados: Recomendaciones metodol\u00f3gicas Medidas generales de atenci\u00f3n a la diversidad Programas de atenci\u00f3n &hellip; <a href=\"https:\/\/blogsaverroes.juntadeandalucia.es\/proyectovypinclusivo\/medidas-de-inclusion-en-ensenanzas-obligatorias\/\" class=\"more-link\">Seguir leyendo <span class=\"screen-reader-text\">Medidas de inclusi\u00f3n en ense\u00f1anzas obligatorias<\/span> <span class=\"meta-nav\">&rarr;<\/span><\/a><\/p>\n","protected":false},"author":11645,"featured_media":0,"parent":0,"menu_order":0,"comment_status":"closed","ping_status":"closed","template":"","meta":{"ngg_post_thumbnail":0,"footnotes":""},"aioseo_notices":[],"_links":{"self":[{"href":"https:\/\/blogsaverroes.juntadeandalucia.es\/proyectovypinclusivo\/wp-json\/wp\/v2\/pages\/876"}],"collection":[{"href":"https:\/\/blogsaverroes.juntadeandalucia.es\/proyectovypinclusivo\/wp-json\/wp\/v2\/pages"}],"about":[{"href":"https:\/\/blogsaverroes.juntadeandalucia.es\/proyectovypinclusivo\/wp-json\/wp\/v2\/types\/page"}],"author":[{"embeddable":true,"href":"https:\/\/blogsaverroes.juntadeandalucia.es\/proyectovypinclusivo\/wp-json\/wp\/v2\/users\/11645"}],"replies":[{"embeddable":true,"href":"https:\/\/blogsaverroes.juntadeandalucia.es\/proyectovypinclusivo\/wp-json\/wp\/v2\/comments?post=876"}],"version-history":[{"count":7,"href":"https:\/\/blogsaverroes.juntadeandalucia.es\/proyectovypinclusivo\/wp-json\/wp\/v2\/pages\/876\/revisions"}],"predecessor-version":[{"id":885,"href":"https:\/\/blogsaverroes.juntadeandalucia.es\/proyectovypinclusivo\/wp-json\/wp\/v2\/pages\/876\/revisions\/885"}],"wp:attachment":[{"href":"https:\/\/blogsaverroes.juntadeandalucia.es\/proyectovypinclusivo\/wp-json\/wp\/v2\/media?parent=876"}],"curies":[{"name":"wp","href":"https:\/\/api.w.org\/{rel}","templated":true}]}}