{"id":12,"date":"2023-02-02T10:12:10","date_gmt":"2023-02-02T10:12:10","guid":{"rendered":"https:\/\/blogsaverroes.juntadeandalucia.es\/pruebaerasmus\/?page_id=12"},"modified":"2023-06-21T09:42:15","modified_gmt":"2023-06-21T09:42:15","slug":"acerca-de","status":"publish","type":"page","link":"https:\/\/blogsaverroes.juntadeandalucia.es\/pruebaerasmus\/acerca-de\/","title":{"rendered":"Acerca de&#8230;"},"content":{"rendered":"<p><span style=\"font-family: arial, helvetica, sans-serif\">Este portal web pertenece al I.E.S. P\u00e9rez de Guzm\u00e1n (Ronda, M\u00e1laga).<\/span><\/p>\n<p><span style=\"font-family: arial, helvetica, sans-serif\">Tenemos como objetivo dar a conocer, difundir y publicar las experiencias y actividades enmarcadas dentro del <strong><em>Programa Erasmus+ <\/em><\/strong>aportando el&nbsp;punto de vista del propio alumnado y del profesorado participante.&nbsp;<\/span><\/p>\n<p><span style=\"font-family: arial, helvetica, sans-serif\">Para conocer mejor nuestro centro puedes consultar nuestra p\u00e1gina web.<\/span><\/p>\n<p style=\"text-align: center\"><a href=\"https:\/\/iesperezdeguzman.com\/\"><span style=\"font-family: arial, helvetica, sans-serif\">I.E.S. P\u00e9rez de Guzm\u00e1n<\/span><\/a><\/p>\n<p style=\"text-align: center\"><a href=\"https:\/\/iesperezdeguzman.com\/\"><img loading=\"lazy\" decoding=\"async\" class=\"alignnone size-medium wp-image-70\" src=\"https:\/\/blogsaverroes.juntadeandalucia.es\/pruebaerasmus\/files\/2023\/02\/logosolo-300x39.jpg\" alt=\"WEB IES P\u00e9rez de Guzm\u00e1n\" width=\"300\" height=\"39\" srcset=\"https:\/\/blogsaverroes.juntadeandalucia.es\/pruebaerasmus\/files\/2023\/02\/logosolo-300x39.jpg 300w, https:\/\/blogsaverroes.juntadeandalucia.es\/pruebaerasmus\/files\/2023\/02\/logosolo.jpg 700w\" sizes=\"(max-width: 300px) 100vw, 300px\" \/><\/a><\/p>\n<p>&nbsp;<\/p>\n<p>&nbsp;<\/p>\n","protected":false},"excerpt":{"rendered":"<p>Este portal web pertenece al I.E.S. P\u00e9rez de Guzm\u00e1n (Ronda, M\u00e1laga). Tenemos como objetivo dar a conocer, difundir y publicar las experiencias y actividades enmarcadas dentro del Programa Erasmus+ aportando el&nbsp;punto de vista del&#46;&#46;&#46;<\/p>\n","protected":false},"author":16728,"featured_media":0,"parent":0,"menu_order":0,"comment_status":"closed","ping_status":"closed","template":"","meta":{"ngg_post_thumbnail":0,"footnotes":""},"aioseo_notices":[],"_links":{"self":[{"href":"https:\/\/blogsaverroes.juntadeandalucia.es\/pruebaerasmus\/wp-json\/wp\/v2\/pages\/12"}],"collection":[{"href":"https:\/\/blogsaverroes.juntadeandalucia.es\/pruebaerasmus\/wp-json\/wp\/v2\/pages"}],"about":[{"href":"https:\/\/blogsaverroes.juntadeandalucia.es\/pruebaerasmus\/wp-json\/wp\/v2\/types\/page"}],"author":[{"embeddable":true,"href":"https:\/\/blogsaverroes.juntadeandalucia.es\/pruebaerasmus\/wp-json\/wp\/v2\/users\/16728"}],"replies":[{"embeddable":true,"href":"https:\/\/blogsaverroes.juntadeandalucia.es\/pruebaerasmus\/wp-json\/wp\/v2\/comments?post=12"}],"version-history":[{"count":12,"href":"https:\/\/blogsaverroes.juntadeandalucia.es\/pruebaerasmus\/wp-json\/wp\/v2\/pages\/12\/revisions"}],"predecessor-version":[{"id":115,"href":"https:\/\/blogsaverroes.juntadeandalucia.es\/pruebaerasmus\/wp-json\/wp\/v2\/pages\/12\/revisions\/115"}],"wp:attachment":[{"href":"https:\/\/blogsaverroes.juntadeandalucia.es\/pruebaerasmus\/wp-json\/wp\/v2\/media?parent=12"}],"curies":[{"name":"wp","href":"https:\/\/api.w.org\/{rel}","templated":true}]}}