{"id":43,"date":"2019-12-05T13:51:16","date_gmt":"2019-12-05T12:51:16","guid":{"rendered":"https:\/\/blogsaverroes.juntadeandalucia.es\/pttorrado\/?page_id=43"},"modified":"2019-12-06T19:17:09","modified_gmt":"2019-12-06T18:17:09","slug":"formacion","status":"publish","type":"page","link":"https:\/\/blogsaverroes.juntadeandalucia.es\/pttorrado\/formacion\/","title":{"rendered":"FORMACI\u00d3N"},"content":{"rendered":"<div id=\"post-body-7958186366539507334\" class=\"post-body entry-content float-container\">\n<div style=\"text-align: center\"><span style=\"font-size: 18pt\"><strong>SESI\u00d3N 2-12 2019<\/strong><\/span><\/div>\n<div>&nbsp;<\/div>\n<div>En la sesi\u00f3n de hoy nos vamos a centrar en el uso de IS\u00e9neca y Calendar de Google.<\/div>\n<div>Esta formaci\u00f3n est\u00e1 contemplada en el Plan de Formaci\u00f3n de nuestro Centro, el Proyecto de Formaci\u00f3n Espec\u00edfica de PRODIG (a la espera de aprobaci\u00f3n por nuestra asesor\u00eda del CEP).<\/div>\n<div>&nbsp;<\/div>\n<div>Por tanto, nos servir\u00e1 para dos GGTT (ESTRATEGIAS DE COMUNICACI\u00d3N PARA COMUNIDADES EDUCATIVAS A TRAV\u00c9S DE IS\u00c9NECA\/IPASEN)&nbsp;y para el programa PRODIG.<\/div>\n<div>&nbsp;<\/div>\n<div>En parejas o en peque\u00f1os grupos comprobaremos nuestras tabletas o PC (qui\u00e9n no vaya a usar tablet).<\/div>\n<div>En la tableta deber\u00e1 estar instalada la aplicaci\u00f3n Is\u00e9neca y Calendar de Google.<\/div>\n<div>En los PC comporobaremos que podemos acceder a S\u00e9neca (con nuestro usuario y contrase\u00f1a idea) y Calendar desde nuestro correo de gmail.<\/div>\n<div>&nbsp;<\/div>\n<div>Tambi\u00e9n puedes instalarlas en tu m\u00f3vil.<\/div>\n<div>&nbsp;<\/div>\n<div>Empezamos:<\/div>\n<div>&nbsp;<\/div>\n<div>\n<p><a href=\"https:\/\/view.genial.ly\/5d7e83dc99e4720f340a6c94\/presentation-iseneca\" target=\"_blank\" rel=\"noopener noreferrer\">TODO SOBRE IS\u00c9NECA<\/a>. Explicado desde el principio; por Maestro Mallo.<\/p>\n<p>Hasta aqu\u00ed hemos aprendido lo que necesitamos de IS\u00e9neca. Si has terminado y te animas, podemos empezar con el Cuaderno del Profesor. En el siguiente enlace encontrar\u00e1s las claves para realizarlo.<\/p>\n<p><a href=\"https:\/\/view.genial.ly\/5db77838185cbb2bcc2b0742\" target=\"_blank\" rel=\"noopener noreferrer\">TUTORIAL CUADERNO DE CLASE<\/a> (En app y web); por Maestro Mallo.<\/p>\n<\/div>\n<p><strong>Esta p\u00e1gina ha sido usada en una sesi\u00f3n de formaci\u00f3n de un Grupo de trabajo que tenemos en nuestro Centro.<\/strong><\/p>\n<p><strong>Nos ha permitido trabajar a todos juntos sin tenernos que desplazar (somos un CPR con sedes en dos localidades diferentes).<\/strong><\/p>\n<p><strong>Al menos, en esta sesi\u00f3n, no puedo encontrar ninguna contra o desventaja.<\/strong><\/p>\n<\/div>\n","protected":false},"excerpt":{"rendered":"<p>SESI\u00d3N 2-12 2019 &nbsp; En la sesi\u00f3n de hoy nos vamos a centrar en el uso de IS\u00e9neca y Calendar de Google. Esta formaci\u00f3n est\u00e1 contemplada en el Plan de Formaci\u00f3n de nuestro Centro,&#46;&#46;&#46;<\/p>\n","protected":false},"author":2916,"featured_media":0,"parent":0,"menu_order":0,"comment_status":"closed","ping_status":"closed","template":"","meta":{"ngg_post_thumbnail":0,"footnotes":""},"aioseo_notices":[],"_links":{"self":[{"href":"https:\/\/blogsaverroes.juntadeandalucia.es\/pttorrado\/wp-json\/wp\/v2\/pages\/43"}],"collection":[{"href":"https:\/\/blogsaverroes.juntadeandalucia.es\/pttorrado\/wp-json\/wp\/v2\/pages"}],"about":[{"href":"https:\/\/blogsaverroes.juntadeandalucia.es\/pttorrado\/wp-json\/wp\/v2\/types\/page"}],"author":[{"embeddable":true,"href":"https:\/\/blogsaverroes.juntadeandalucia.es\/pttorrado\/wp-json\/wp\/v2\/users\/2916"}],"replies":[{"embeddable":true,"href":"https:\/\/blogsaverroes.juntadeandalucia.es\/pttorrado\/wp-json\/wp\/v2\/comments?post=43"}],"version-history":[{"count":3,"href":"https:\/\/blogsaverroes.juntadeandalucia.es\/pttorrado\/wp-json\/wp\/v2\/pages\/43\/revisions"}],"predecessor-version":[{"id":51,"href":"https:\/\/blogsaverroes.juntadeandalucia.es\/pttorrado\/wp-json\/wp\/v2\/pages\/43\/revisions\/51"}],"wp:attachment":[{"href":"https:\/\/blogsaverroes.juntadeandalucia.es\/pttorrado\/wp-json\/wp\/v2\/media?parent=43"}],"curies":[{"name":"wp","href":"https:\/\/api.w.org\/{rel}","templated":true}]}}