{"id":144,"date":"2019-12-03T16:03:56","date_gmt":"2019-12-03T15:03:56","guid":{"rendered":"https:\/\/blogsaverroes.juntadeandalucia.es\/puertaaxarquia\/?page_id=144"},"modified":"2022-11-21T15:42:06","modified_gmt":"2022-11-21T14:42:06","slug":"informacion","status":"publish","type":"page","link":"https:\/\/blogsaverroes.juntadeandalucia.es\/puertaaxarquia\/informacion\/","title":{"rendered":"Informaci\u00f3n"},"content":{"rendered":"<header class=\"entry-header\"><span style=\"font-size: 14pt\"><span style=\"font-weight: 400\">El I.E.S. Puerta de la Axarqu\u00eda est\u00e1 ubicado en La Cala del Moral, ocupa una parcela de 1,5 Has a unos 150 metros de la playa, rodeada de equipamientos de ocio municipales,el C.E.I.P. Gregorio Mara\u00f1\u00f3n, viviendas unifamiliares y edificaciones relativamente recientes.&nbsp;<\/span><span style=\"font-weight: 400\">El centro consta de un edificio de 4 plantas, un pabell\u00f3n polideportivo, tres pistas deportivas con su grader\u00edo, un aparcamiento y un gran jard\u00edn.&nbsp;<\/span><\/span><span style=\"font-weight: 400;font-size: 14pt\">Nuestro centro empez\u00f3 a funcionar en el curso escolar 2005\/06. La Cala del Moral es una localidad perteneciente al municipio del Rinc\u00f3n de la Victoria.<\/span><span style=\"font-weight: 400;font-size: 14pt\">&nbsp;En la actualidad tiene 12000 habitantes frente a los 39000 habitantes del municipio completo.<\/span><\/p>\n<p><span style=\"font-weight: 400;font-size: 14pt\">&nbsp;Se encuentra a 10 Km del centro de M\u00e1laga, aunque gracias a las comunicaciones a las urbanizaciones nuevas es un continuo con la ciudad de M\u00e1laga.&nbsp;<\/span><\/p>\n<p><span style=\"font-weight: 400;font-size: 14pt\">Esta localidad es conocida con su nombre actual desde el siglo XVI, por ser uno de los lugares clave en la defensa y vig\u00eda de la l\u00ednea costera oriental de M\u00e1laga.&nbsp;<\/span><\/p>\n<p><span style=\"font-weight: 400;font-size: 14pt\">Est\u00e1 separada del Rinc\u00f3n de la Victoria por la cuesta de El Cantal y no fue hasta el siglo XX cuando comenz\u00f3 a poblarse como un refugio de los pescadores de la zona. Localidad por tanto de tradici\u00f3n marinera aunque hoy en d\u00eda s\u00f3lo una peque\u00f1\u00edsima parte de la poblaci\u00f3n se dedica al mar.&nbsp;<\/span><\/p>\n<p><span style=\"font-weight: 400;font-size: 14pt\">Actualmente funciona como una ciudad dormitorio de la capital con familias j\u00f3venes con 1, 2 o 3 hijos, aunque en el pasado reciente funcion\u00f3 m\u00e1s como localidad de veraneo.<\/span><\/p>\n<p><span style=\"font-weight: 400;font-size: 14pt\">&nbsp;El entorno productivo mayoritario se dedica a la construcci\u00f3n, la hosteler\u00eda, la jardiner\u00eda y el sector servicios.<\/span><\/p>\n<div style=\"width: 750px;\" class=\"wp-video\"><!--[if lt IE 9]><script>document.createElement('video');<\/script><![endif]-->\n<video class=\"wp-video-shortcode\" id=\"video-144-1\" width=\"750\" height=\"422\" preload=\"metadata\" controls=\"controls\"><source type=\"video\/mp4\" src=\"https:\/\/blogsaverroes.juntadeandalucia.es\/puertaaxarquia\/files\/2022\/11\/centro.mp4?_=1\" \/><a href=\"https:\/\/blogsaverroes.juntadeandalucia.es\/puertaaxarquia\/files\/2022\/11\/centro.mp4\">https:\/\/blogsaverroes.juntadeandalucia.es\/puertaaxarquia\/files\/2022\/11\/centro.mp4<\/a><\/video><\/div>\n<pre class=\"entry-title\" style=\"padding-left: 40px\">&nbsp;<\/pre>\n<\/header>\n","protected":false},"excerpt":{"rendered":"<p>El I.E.S. Puerta de la Axarqu\u00eda est\u00e1 ubicado en La Cala del Moral, ocupa una parcela de 1,5 Has a unos 150 metros de la playa, rodeada de equipamientos de ocio municipales,el C.E.I.P. Gregorio Mara\u00f1\u00f3n, viviendas unifamiliares y edificaciones relativamente recientes.&nbsp;El centro consta de un edificio de 4 plantas, un pabell\u00f3n polideportivo, tres pistas deportivas &hellip; <\/p>\n<p><a class=\"more-link btn\" href=\"https:\/\/blogsaverroes.juntadeandalucia.es\/puertaaxarquia\/informacion\/\">Seguir leyendo<\/a><\/p>\n","protected":false},"author":7919,"featured_media":0,"parent":0,"menu_order":0,"comment_status":"closed","ping_status":"closed","template":"","meta":{"_exactmetrics_skip_tracking":false,"_exactmetrics_sitenote_active":false,"_exactmetrics_sitenote_note":"","_exactmetrics_sitenote_category":0,"ngg_post_thumbnail":0,"footnotes":""},"aioseo_notices":[],"_links":{"self":[{"href":"https:\/\/blogsaverroes.juntadeandalucia.es\/puertaaxarquia\/wp-json\/wp\/v2\/pages\/144"}],"collection":[{"href":"https:\/\/blogsaverroes.juntadeandalucia.es\/puertaaxarquia\/wp-json\/wp\/v2\/pages"}],"about":[{"href":"https:\/\/blogsaverroes.juntadeandalucia.es\/puertaaxarquia\/wp-json\/wp\/v2\/types\/page"}],"author":[{"embeddable":true,"href":"https:\/\/blogsaverroes.juntadeandalucia.es\/puertaaxarquia\/wp-json\/wp\/v2\/users\/7919"}],"replies":[{"embeddable":true,"href":"https:\/\/blogsaverroes.juntadeandalucia.es\/puertaaxarquia\/wp-json\/wp\/v2\/comments?post=144"}],"version-history":[{"count":9,"href":"https:\/\/blogsaverroes.juntadeandalucia.es\/puertaaxarquia\/wp-json\/wp\/v2\/pages\/144\/revisions"}],"predecessor-version":[{"id":601,"href":"https:\/\/blogsaverroes.juntadeandalucia.es\/puertaaxarquia\/wp-json\/wp\/v2\/pages\/144\/revisions\/601"}],"wp:attachment":[{"href":"https:\/\/blogsaverroes.juntadeandalucia.es\/puertaaxarquia\/wp-json\/wp\/v2\/media?parent=144"}],"curies":[{"name":"wp","href":"https:\/\/api.w.org\/{rel}","templated":true}]}}