{"id":185,"date":"2019-12-03T18:17:38","date_gmt":"2019-12-03T17:17:38","guid":{"rendered":"https:\/\/blogsaverroes.juntadeandalucia.es\/puertaaxarquia\/?page_id=185"},"modified":"2025-11-06T11:05:30","modified_gmt":"2025-11-06T10:05:30","slug":"programaciones-2","status":"publish","type":"page","link":"https:\/\/blogsaverroes.juntadeandalucia.es\/puertaaxarquia\/programaciones-2\/","title":{"rendered":"PROGRAMACIONES"},"content":{"rendered":"<p><span style=\"font-size: 14pt\"><strong>DEPARTAMENTO DE&nbsp; TECNOLOG\u00cdA<\/strong><\/span><\/p>\n<p><a href=\"https:\/\/drive.google.com\/file\/d\/1yx2PFZADfWtjhCfYtJEu6taoVjWe3X8J\/view?usp=drive_link\"><strong>TECNOLOG\u00cdA&nbsp;<\/strong><\/a><\/p>\n<p><a href=\"https:\/\/drive.google.com\/file\/d\/1Vn7l1du9GCNc93Y5VpFbs4qHKKAyHc5V\/view?usp=drive_link\"><strong>DIGITALIZACI\u00d3N<\/strong><\/a><\/p>\n<p><a href=\"https:\/\/drive.google.com\/file\/d\/19EGrQum7ZBN9qYDzagY-Nswfo9ufAVWh\/view?usp=drive_link\"><strong>TECNOLOG\u00cdA Y DIGITALIZACI\u00d3N<\/strong><\/a><\/p>\n<p><a href=\"https:\/\/drive.google.com\/file\/d\/1SlHW6kLxhLBvlwt81vpBkVi0nOO4AnsA\/view?usp=drive_link\"><strong>COMPUTACI\u00d3N Y ROB\u00d3TICA<\/strong><\/a><\/p>\n<p><span style=\"font-size: 14pt\"><strong>DEPARTAMENTO DE CIENCIAS&nbsp;<\/strong><\/span><\/p>\n<p><a href=\"https:\/\/drive.google.com\/file\/d\/1U305mSnMwIBQxmQfHFsBWLuBKKSkvIgD\/view?usp=drive_link\"><strong>F\u00cdSICA Y QU\u00cdMICA<\/strong><\/a><\/p>\n<p><a href=\"https:\/\/drive.google.com\/file\/d\/181-90DMJCDE8zUQ0-FfajrcwfcNILf10\/view?usp=sharing\"><strong>BIOLOG\u00cdA Y GEOLOG\u00cdA<\/strong><\/a><\/p>\n<p><a href=\"https:\/\/drive.google.com\/file\/d\/18O4WXTU3nvnq-g1rz8PDUfP2A8LbW5s0\/view?usp=drive_link\"><strong>CULTURA CIENT\u00cdFICA<\/strong><\/a><\/p>\n<p><span style=\"font-size: 14pt\"><strong>DEPARTAMENTO DE LENGUA Y LITERATURA<\/strong><\/span><\/p>\n<p><a href=\"https:\/\/drive.google.com\/file\/d\/19Q1-6l_EYsajzN6beAkopTw-fWZPoTsH\/view?usp=drive_link\"><strong>LENGUA CASTELLANA Y LITERATURA<\/strong><\/a><\/p>\n<p><a href=\"https:\/\/drive.google.com\/file\/d\/16eYOBPRsKULmR2FAJvDkS_H3f1BgZrp5\/view?usp=drive_link\"><strong>LAT\u00cdN<\/strong><\/a><\/p>\n<p><a href=\"https:\/\/drive.google.com\/file\/d\/1Rh8Gj4wBYWut60_zSmfiHuLpshfPROBr\/view?usp=drive_link\"><strong>ORATORIA Y DEBATE<\/strong><\/a><\/p>\n<p><span style=\"font-size: 14pt\"><strong>DEPARTAMENTO DE GEOGRAF\u00cdA E HISTORIA<\/strong><\/span><\/p>\n<p><a href=\"https:\/\/drive.google.com\/file\/d\/1Od_ZOzgeoKueieLeiGLFMX2-HSzSbMkd\/view?usp=drive_link\"><strong>GEOGRAF\u00cdA E HISTORIA<\/strong><\/a><\/p>\n<p><a href=\"https:\/\/drive.google.com\/file\/d\/1nCNissx-Eskfo4z4EW0Xl8NlHrRKXfqy\/view?usp=drive_link\"><strong>APRENDIZAJE SOCIAL Y EMOCIONAL<\/strong><\/a><\/p>\n<p><a href=\"https:\/\/drive.google.com\/file\/d\/1sRy_E-dwksUmijNjJwf2b7b1n6adkmmT\/view?usp=drive_link\"><strong>ATENCI\u00d3N EDUCATIVA<\/strong><\/a><\/p>\n<p><a href=\"https:\/\/drive.google.com\/file\/d\/1u7GBC2z4KOmbZJRyr2wBJjoKsfSvmJlW\/view?usp=drive_link\"><strong>ECONOM\u00cdA Y EMPRENDIMIENTO<\/strong><\/a><\/p>\n<p><a href=\"https:\/\/drive.google.com\/file\/d\/127nXjvSD_xqf584CJqrsmgBjlNpkE2T1\/view?usp=drive_link\"><strong>EDUCACI\u00d3N EN VALORES C\u00cdVICOS Y \u00c9TICOS<\/strong><\/a><\/p>\n<p><a href=\"https:\/\/drive.google.com\/file\/d\/1xEmT48dtbvSEUu8EhAMip125Gp4x6g8C\/view?usp=drive_link\"><strong>PROYECTO INTERDISCIPLINAR 1 DE ESO (EDUCACI\u00d3N SOCIAL Y EMOCIONAL)<\/strong><\/a><\/p>\n<p><a href=\"https:\/\/drive.google.com\/file\/d\/1W_xIf7ZYGIxb5a6CwiZ4KJKIISfeBxqp\/view?usp=drive_link\"><strong>PROYECTO INTERDISCIPLINAR 3 DE ESO (EDUCACI\u00d3N SOCIAL Y EMOCIONAL II)<\/strong><\/a><\/p>\n<p><span style=\"font-size: 14pt\"><strong>DEPARTAMENTO DE MATEM\u00c1TICAS<\/strong><\/span><\/p>\n<p><a href=\"https:\/\/drive.google.com\/file\/d\/1s9Lgk0HpMexs-uT4DkVipoxIf4y0usno\/view?usp=drive_link\"><strong>MATEM\u00c1TICAS&nbsp;<\/strong><\/a><\/p>\n<p><a href=\"https:\/\/drive.google.com\/file\/d\/1rwdlkKjcZ3_RFlW8kFalHMSFtDT-HS9e\/view?usp=sharing\"><strong>MATEM\u00c1TICAS&nbsp; A<\/strong><\/a><\/p>\n<p><a href=\"https:\/\/drive.google.com\/file\/d\/1wF1j_DtD9OwsTIlj1UlE5Yr2Eru9nMxG\/view?usp=sharing\"><strong>MATEM\u00c1TICAS APLICADAS&nbsp; B<\/strong><\/a><\/p>\n<p><span style=\"font-size: 14pt\"><strong>DEPARTAMENTO DE EDUCACI\u00d3N F\u00cdSICA<\/strong><\/span><\/p>\n<p><a href=\"https:\/\/drive.google.com\/file\/d\/1hquQ5PndyrfvzmpkRVWVN2mEima9fP3t\/view?usp=sharing\"><strong>EDUCACI\u00d3N F\u00cdSICA<\/strong><\/a><\/p>\n<p><span style=\"font-size: 14pt\"><strong>DEPARTAMENTO DE EDUCACI\u00d3N PL\u00c1STICA Y VISUAL<\/strong><\/span><\/p>\n<p><a href=\"https:\/\/drive.google.com\/file\/d\/1IOVvU_T6flgKVVkbL82-twfdW8WEuQ1F\/view?usp=drive_link\"><strong>EDUCACI\u00d3N PL\u00c1STICA, VISUAL Y AUDIOVISUAL 1\u00ba<\/strong><\/a><\/p>\n<p><a href=\"https:\/\/drive.google.com\/file\/d\/1llIuqXCUzd3lzKBOcALaCtg9VbTl4AVG\/view?usp=drive_link\"><strong>EDUCACI\u00d3N PL\u00c1STICA, VISUAL Y AUDIOVISUAL 3\u00ba<\/strong><\/a><\/p>\n<p><a href=\"https:\/\/drive.google.com\/file\/d\/141xnO10emIqLfp37nbYj-8OZ7_ZamYpQ\/view?usp=drive_link\"><strong>PROYECTO DE EDUCACI\u00d3N PL\u00c1STICA Y AUDIOVISUAL<\/strong><\/a><\/p>\n<p><a href=\"https:\/\/drive.google.com\/file\/d\/1CvQGH7eeei3DHs9JUjNjE3kqnrvUWbvp\/view?usp=drive_link\"><strong>DIBUJO T\u00c9CNICO<\/strong><\/a><\/p>\n<p><a href=\"https:\/\/drive.google.com\/file\/d\/18g9--otwgxwwaF62njlpyCnipaT_2xaK\/view?usp=drive_link\"><strong>EXPRESI\u00d3N ART\u00cdSTICA<\/strong><\/a><\/p>\n<p><span style=\"font-size: 14pt\"><strong>DEPARTAMENTO DE ORIENTACI\u00d3N<\/strong><\/span><\/p>\n<p><a href=\"https:\/\/drive.google.com\/file\/d\/1dIn9jw4J5cOOcIhHiBtDwiql0haU1mGG\/view?usp=sharing\"><strong>FORMACI\u00d3N Y ORIENTACI\u00d3N PERSONAL Y PROFESIONAL<\/strong><\/a><\/p>\n<p><a href=\"https:\/\/drive.google.com\/file\/d\/1l5DH8VpET0dVdO60LO4iu9j1iQYiJRF0\/view?usp=drive_link\"><strong>\u00c1MBITO CIENT\u00cdFICO &#8211; TECNOL\u00d3GICO 3\u00ba<\/strong><\/a><\/p>\n<p><a href=\"https:\/\/drive.google.com\/file\/d\/1acan4KMCQovckPeBdXPG5bPGd85sUNAz\/view?usp=drive_link\"><strong>\u00c1MBITO LING\u00dc\u00cdSTICO Y SOCIAL 3\u00ba<\/strong><\/a><\/p>\n<p><a href=\"https:\/\/drive.google.com\/file\/d\/17j4fFo_Ip7TFyV1ehMwEJwcSg4SFGz0b\/view?usp=drive_link\"><strong>\u00c1MBITO CIENT\u00cdFICO &#8211; TECNOL\u00d3GICO 4\u00ba<\/strong><\/a><\/p>\n<p><a href=\"https:\/\/drive.google.com\/file\/d\/1zwfIWt-SExG9IgopW_mGMHUPIr_1Fa2r\/view?usp=drive_link\"><strong>\u00c1MBITO LING\u00dc\u00cdSTICO Y SOCIAL 4\u00ba<\/strong><\/a><\/p>\n<p><span style=\"font-size: 14pt\"><strong>DEPARTAMENTO DE FRANC\u00c9S<\/strong><\/span><\/p>\n<p><a href=\"https:\/\/drive.google.com\/file\/d\/1H5PUF7Zno3_FpQ0E1IKgpeVVsfAtTOqW\/view?usp=drive_link\"><strong>SEGUNDA LENGUA EXTRANJERA<\/strong><\/a><\/p>\n<p><span style=\"font-size: 14pt\"><strong>DEPARTAMENTO DE INGL\u00c9S<\/strong><\/span><\/p>\n<p><a href=\"https:\/\/drive.google.com\/file\/d\/1W8ikjiaq0uu_qULSq1hdl5_BSR3eF8sJ\/view?usp=drive_link\"><strong>PRIMERA LENGUA EXTRANJERA<\/strong><\/a><\/p>\n<p><span style=\"font-size: 14pt\"><strong>DEPARTAMENTO DE M\u00daSICA<\/strong><\/span><\/p>\n<p><a href=\"https:\/\/drive.google.com\/file\/d\/1qtAOAUM3-Tkri21D7vs4Oq3BJ0t_iT-Q\/view?usp=drive_link\"><strong>M\u00daSICA<\/strong><\/a><\/p>\n<p><span style=\"font-size: 14pt\"><strong>DEPARTAMENTO DE RELIGI\u00d3N<\/strong><\/span><\/p>\n<p><a href=\"https:\/\/drive.google.com\/file\/d\/1nFZuBSgSZATLD95in0ResoealOfouK9s\/view?usp=drive_link\"><strong>RELIGI\u00d3N CAT\u00d3LICA<\/strong><\/a><\/p>\n<p><a href=\"https:\/\/drive.google.com\/file\/d\/148_rPgaJGy4oqAK-_K7WgyPS0en_Ly39\/view?usp=sharing\"><strong>RELIGI\u00d3N EVANG\u00c9LICA<\/strong><\/a><\/p>\n<p>&nbsp;<\/p>\n","protected":false},"excerpt":{"rendered":"<p>DEPARTAMENTO DE&nbsp; TECNOLOG\u00cdA TECNOLOG\u00cdA&nbsp; DIGITALIZACI\u00d3N TECNOLOG\u00cdA Y DIGITALIZACI\u00d3N COMPUTACI\u00d3N Y ROB\u00d3TICA DEPARTAMENTO DE CIENCIAS&nbsp; F\u00cdSICA Y QU\u00cdMICA BIOLOG\u00cdA Y GEOLOG\u00cdA CULTURA CIENT\u00cdFICA DEPARTAMENTO DE LENGUA Y LITERATURA LENGUA CASTELLANA Y LITERATURA LAT\u00cdN ORATORIA Y DEBATE DEPARTAMENTO DE GEOGRAF\u00cdA E HISTORIA GEOGRAF\u00cdA E HISTORIA APRENDIZAJE SOCIAL Y EMOCIONAL ATENCI\u00d3N EDUCATIVA ECONOM\u00cdA Y EMPRENDIMIENTO EDUCACI\u00d3N EN VALORES &hellip; <\/p>\n<p><a class=\"more-link btn\" href=\"https:\/\/blogsaverroes.juntadeandalucia.es\/puertaaxarquia\/programaciones-2\/\">Seguir leyendo<\/a><\/p>\n","protected":false},"author":7919,"featured_media":0,"parent":0,"menu_order":0,"comment_status":"closed","ping_status":"closed","template":"","meta":{"_exactmetrics_skip_tracking":false,"_exactmetrics_sitenote_active":false,"_exactmetrics_sitenote_note":"","_exactmetrics_sitenote_category":0,"ngg_post_thumbnail":0,"footnotes":""},"aioseo_notices":[],"_links":{"self":[{"href":"https:\/\/blogsaverroes.juntadeandalucia.es\/puertaaxarquia\/wp-json\/wp\/v2\/pages\/185"}],"collection":[{"href":"https:\/\/blogsaverroes.juntadeandalucia.es\/puertaaxarquia\/wp-json\/wp\/v2\/pages"}],"about":[{"href":"https:\/\/blogsaverroes.juntadeandalucia.es\/puertaaxarquia\/wp-json\/wp\/v2\/types\/page"}],"author":[{"embeddable":true,"href":"https:\/\/blogsaverroes.juntadeandalucia.es\/puertaaxarquia\/wp-json\/wp\/v2\/users\/7919"}],"replies":[{"embeddable":true,"href":"https:\/\/blogsaverroes.juntadeandalucia.es\/puertaaxarquia\/wp-json\/wp\/v2\/comments?post=185"}],"version-history":[{"count":46,"href":"https:\/\/blogsaverroes.juntadeandalucia.es\/puertaaxarquia\/wp-json\/wp\/v2\/pages\/185\/revisions"}],"predecessor-version":[{"id":927,"href":"https:\/\/blogsaverroes.juntadeandalucia.es\/puertaaxarquia\/wp-json\/wp\/v2\/pages\/185\/revisions\/927"}],"wp:attachment":[{"href":"https:\/\/blogsaverroes.juntadeandalucia.es\/puertaaxarquia\/wp-json\/wp\/v2\/media?parent=185"}],"curies":[{"name":"wp","href":"https:\/\/api.w.org\/{rel}","templated":true}]}}