{"id":211,"date":"2019-12-03T19:10:17","date_gmt":"2019-12-03T18:10:17","guid":{"rendered":"https:\/\/blogsaverroes.juntadeandalucia.es\/puertaaxarquia\/?page_id=211"},"modified":"2019-12-03T19:11:38","modified_gmt":"2019-12-03T18:11:38","slug":"que-son-pasen-e-ipasen","status":"publish","type":"page","link":"https:\/\/blogsaverroes.juntadeandalucia.es\/puertaaxarquia\/que-son-pasen-e-ipasen\/","title":{"rendered":"\u00bfQu\u00e9 son Pasen e iPasen?"},"content":{"rendered":"<p><strong><a href=\"http:\/\/www.juntadeandalucia.es\/educacion\/portalseneca\/web\/pasen\/inicio\" target=\"_blank\" rel=\"noreferrer noopener\">PASEN<\/a><\/strong>&nbsp;es el m\u00f3dulo de S\u00e9neca que permite la&nbsp;<strong>comunicaci\u00f3n entre los centros educativos y las familias, tutores legales y alumnado<\/strong>, ofreciendo una serie de funcionalidades como son la consulta de:<\/p>\n<ul>\n<li>Datos del centro educativo<\/li>\n<li>Horario escolar<\/li>\n<li>Calendario escolar<\/li>\n<li>Faltas de asistencia<\/li>\n<li>Calificaciones<\/li>\n<li>Actividades evaluables<\/li>\n<li>Observaciones<\/li>\n<li>Tabl\u00f3n de anuncios<\/li>\n<li>Agenda personal<\/li>\n<li>Mensajer\u00eda interna<\/li>\n<li>Recepci\u00f3n de avisos por notificaciones<\/li>\n<\/ul>\n<p><strong>V\u00eddeo informativo de PASEN<\/strong><\/p>\n<div class=\"embed-container\"><iframe title=\"PASEN\" width=\"750\" height=\"422\" src=\"https:\/\/www.youtube.com\/embed\/7ShGT1uK_Wg?feature=oembed\" frameborder=\"0\" allow=\"accelerometer; autoplay; clipboard-write; encrypted-media; gyroscope; picture-in-picture; web-share\" referrerpolicy=\"strict-origin-when-cross-origin\" allowfullscreen><\/iframe><\/div>\n<p>&nbsp;<\/p>\n","protected":false},"excerpt":{"rendered":"<p>PASEN&nbsp;es el m\u00f3dulo de S\u00e9neca que permite la&nbsp;comunicaci\u00f3n entre los centros educativos y las familias, tutores legales y alumnado, ofreciendo una serie de funcionalidades como son la consulta de: Datos del centro educativo Horario escolar Calendario escolar Faltas de asistencia Calificaciones Actividades evaluables Observaciones Tabl\u00f3n de anuncios Agenda personal Mensajer\u00eda interna Recepci\u00f3n de avisos por &hellip; <\/p>\n<p><a class=\"more-link btn\" href=\"https:\/\/blogsaverroes.juntadeandalucia.es\/puertaaxarquia\/que-son-pasen-e-ipasen\/\">Seguir leyendo<\/a><\/p>\n","protected":false},"author":7919,"featured_media":0,"parent":0,"menu_order":0,"comment_status":"closed","ping_status":"closed","template":"","meta":{"_exactmetrics_skip_tracking":false,"_exactmetrics_sitenote_active":false,"_exactmetrics_sitenote_note":"","_exactmetrics_sitenote_category":0,"ngg_post_thumbnail":0,"footnotes":""},"aioseo_notices":[],"_links":{"self":[{"href":"https:\/\/blogsaverroes.juntadeandalucia.es\/puertaaxarquia\/wp-json\/wp\/v2\/pages\/211"}],"collection":[{"href":"https:\/\/blogsaverroes.juntadeandalucia.es\/puertaaxarquia\/wp-json\/wp\/v2\/pages"}],"about":[{"href":"https:\/\/blogsaverroes.juntadeandalucia.es\/puertaaxarquia\/wp-json\/wp\/v2\/types\/page"}],"author":[{"embeddable":true,"href":"https:\/\/blogsaverroes.juntadeandalucia.es\/puertaaxarquia\/wp-json\/wp\/v2\/users\/7919"}],"replies":[{"embeddable":true,"href":"https:\/\/blogsaverroes.juntadeandalucia.es\/puertaaxarquia\/wp-json\/wp\/v2\/comments?post=211"}],"version-history":[{"count":1,"href":"https:\/\/blogsaverroes.juntadeandalucia.es\/puertaaxarquia\/wp-json\/wp\/v2\/pages\/211\/revisions"}],"predecessor-version":[{"id":213,"href":"https:\/\/blogsaverroes.juntadeandalucia.es\/puertaaxarquia\/wp-json\/wp\/v2\/pages\/211\/revisions\/213"}],"wp:attachment":[{"href":"https:\/\/blogsaverroes.juntadeandalucia.es\/puertaaxarquia\/wp-json\/wp\/v2\/media?parent=211"}],"curies":[{"name":"wp","href":"https:\/\/api.w.org\/{rel}","templated":true}]}}