{"id":214,"date":"2019-12-03T19:20:29","date_gmt":"2019-12-03T18:20:29","guid":{"rendered":"https:\/\/blogsaverroes.juntadeandalucia.es\/puertaaxarquia\/?page_id=214"},"modified":"2019-12-03T19:20:51","modified_gmt":"2019-12-03T18:20:51","slug":"como-acceder","status":"publish","type":"page","link":"https:\/\/blogsaverroes.juntadeandalucia.es\/puertaaxarquia\/como-acceder\/","title":{"rendered":"\u00bfC\u00f3mo acceder?"},"content":{"rendered":"<p>Para poder utilizar PASEN deben registrarse en la web como se puede ver en el siguiente v\u00eddeo:<\/p>\n<div class=\"embed-container\"><iframe title=\"PASEN. \u00bfC\u00f3mo hacer el autologin?\" width=\"750\" height=\"422\" src=\"https:\/\/www.youtube.com\/embed\/3z6eWjQWnuc?feature=oembed\" frameborder=\"0\" allow=\"accelerometer; autoplay; clipboard-write; encrypted-media; gyroscope; picture-in-picture; web-share\" referrerpolicy=\"strict-origin-when-cross-origin\" allowfullscreen><\/iframe><\/div>\n<p>&nbsp;<\/p>\n<h5>iPASEN, la app de Pasen en su tel\u00e9fono m\u00f3vil<\/h5>\n<p>Tambi\u00e9n existe una aplicaci\u00f3n para el tel\u00e9fono m\u00f3vil iPasen. Con iPasen pueden acceder a todos los servicios desde su smartphone. Pueden ver c\u00f3mo registrarse desde su tel\u00e9fono m\u00f3vil en este v\u00eddeo:<\/p>\n<div class=\"embed-container\"><iframe title=\"Autologin o autorregistro en iPasen\" width=\"750\" height=\"563\" src=\"https:\/\/www.youtube.com\/embed\/cHLova48ULE?feature=oembed\" frameborder=\"0\" allow=\"accelerometer; autoplay; clipboard-write; encrypted-media; gyroscope; picture-in-picture; web-share\" referrerpolicy=\"strict-origin-when-cross-origin\" allowfullscreen><\/iframe><\/div>\n<p>Si no puede acceder con ninguno de estas dos m\u00e9todos, puede acudir al centro para solicitar sus credenciales (usuario y contrase\u00f1a)<\/p>\n<p>&nbsp;<\/p>\n<p>&nbsp;<\/p>\n<p>&nbsp;<\/p>\n<p>&nbsp;<\/p>\n<p>&nbsp;<\/p>\n<p>&nbsp;<\/p>\n<p>&nbsp;<\/p>\n<p>&nbsp;<\/p>\n<p>&nbsp;<\/p>\n","protected":false},"excerpt":{"rendered":"<p>Para poder utilizar PASEN deben registrarse en la web como se puede ver en el siguiente v\u00eddeo: &nbsp; iPASEN, la app de Pasen en su tel\u00e9fono m\u00f3vil Tambi\u00e9n existe una aplicaci\u00f3n para el tel\u00e9fono m\u00f3vil iPasen. Con iPasen pueden acceder a todos los servicios desde su smartphone. Pueden ver c\u00f3mo registrarse desde su tel\u00e9fono m\u00f3vil &hellip; <\/p>\n<p><a class=\"more-link btn\" href=\"https:\/\/blogsaverroes.juntadeandalucia.es\/puertaaxarquia\/como-acceder\/\">Seguir leyendo<\/a><\/p>\n","protected":false},"author":7919,"featured_media":0,"parent":0,"menu_order":0,"comment_status":"closed","ping_status":"closed","template":"","meta":{"_exactmetrics_skip_tracking":false,"_exactmetrics_sitenote_active":false,"_exactmetrics_sitenote_note":"","_exactmetrics_sitenote_category":0,"ngg_post_thumbnail":0,"footnotes":""},"aioseo_notices":[],"_links":{"self":[{"href":"https:\/\/blogsaverroes.juntadeandalucia.es\/puertaaxarquia\/wp-json\/wp\/v2\/pages\/214"}],"collection":[{"href":"https:\/\/blogsaverroes.juntadeandalucia.es\/puertaaxarquia\/wp-json\/wp\/v2\/pages"}],"about":[{"href":"https:\/\/blogsaverroes.juntadeandalucia.es\/puertaaxarquia\/wp-json\/wp\/v2\/types\/page"}],"author":[{"embeddable":true,"href":"https:\/\/blogsaverroes.juntadeandalucia.es\/puertaaxarquia\/wp-json\/wp\/v2\/users\/7919"}],"replies":[{"embeddable":true,"href":"https:\/\/blogsaverroes.juntadeandalucia.es\/puertaaxarquia\/wp-json\/wp\/v2\/comments?post=214"}],"version-history":[{"count":1,"href":"https:\/\/blogsaverroes.juntadeandalucia.es\/puertaaxarquia\/wp-json\/wp\/v2\/pages\/214\/revisions"}],"predecessor-version":[{"id":216,"href":"https:\/\/blogsaverroes.juntadeandalucia.es\/puertaaxarquia\/wp-json\/wp\/v2\/pages\/214\/revisions\/216"}],"wp:attachment":[{"href":"https:\/\/blogsaverroes.juntadeandalucia.es\/puertaaxarquia\/wp-json\/wp\/v2\/media?parent=214"}],"curies":[{"name":"wp","href":"https:\/\/api.w.org\/{rel}","templated":true}]}}