{"id":66,"date":"2019-12-02T14:20:06","date_gmt":"2019-12-02T13:20:06","guid":{"rendered":"https:\/\/blogsaverroes.juntadeandalucia.es\/puertaaxarquia\/?page_id=66"},"modified":"2025-11-10T12:08:49","modified_gmt":"2025-11-10T11:08:49","slug":"planes-y-proyectos","status":"publish","type":"page","link":"https:\/\/blogsaverroes.juntadeandalucia.es\/puertaaxarquia\/planes-y-proyectos\/","title":{"rendered":"PLANES Y PROYECTOS"},"content":{"rendered":"<p>&nbsp;<\/p>\n<p><span style=\"font-size: 14pt\"><strong>PLANES Y PROYECTOS DEL IES PUERTA DE LA AXARQU\u00cdA<\/strong><\/span><\/p>\n<p><a href=\"https:\/\/blogsaverroes.juntadeandalucia.es\/puertaaxarquia\/files\/2023\/11\/logotipo-IES-Puerta_de_la_Axarquia_300ppp-2.jpg\"><img fetchpriority=\"high\" decoding=\"async\" class=\"aligncenter size-medium wp-image-764\" src=\"https:\/\/blogsaverroes.juntadeandalucia.es\/puertaaxarquia\/files\/2023\/11\/logotipo-IES-Puerta_de_la_Axarquia_300ppp-2-279x300.jpg\" alt=\"\" width=\"279\" height=\"300\" srcset=\"https:\/\/blogsaverroes.juntadeandalucia.es\/puertaaxarquia\/files\/2023\/11\/logotipo-IES-Puerta_de_la_Axarquia_300ppp-2-279x300.jpg 279w, https:\/\/blogsaverroes.juntadeandalucia.es\/puertaaxarquia\/files\/2023\/11\/logotipo-IES-Puerta_de_la_Axarquia_300ppp-2-953x1024.jpg 953w, https:\/\/blogsaverroes.juntadeandalucia.es\/puertaaxarquia\/files\/2023\/11\/logotipo-IES-Puerta_de_la_Axarquia_300ppp-2-768x825.jpg 768w, https:\/\/blogsaverroes.juntadeandalucia.es\/puertaaxarquia\/files\/2023\/11\/logotipo-IES-Puerta_de_la_Axarquia_300ppp-2-1429x1536.jpg 1429w, https:\/\/blogsaverroes.juntadeandalucia.es\/puertaaxarquia\/files\/2023\/11\/logotipo-IES-Puerta_de_la_Axarquia_300ppp-2.jpg 1604w\" sizes=\"(max-width: 279px) 100vw, 279px\" \/><\/a><\/p>\n<p><strong><span style=\"font-size: 14pt\">PLAN DE IGUALDAD 2025-26<\/span><\/strong><\/p>\n<p><a href=\"https:\/\/drive.google.com\/file\/d\/1yoHYMeDTPVEtBgEIkpjTDU3_WmhrNLRu\/view?usp=sharing\"><strong><span style=\"font-size: 14pt\">PROYECTO BILING\u00dcE 2025-26<\/span><\/strong><\/a><\/p>\n<p><a href=\"https:\/\/drive.google.com\/file\/d\/1-Z-4aRf40bFsMm9wWXcuMd43RbuowWCh\/view?usp=drive_link\"><strong><span style=\"font-size: 14pt\">PLAN DE AUTOPROTECCI\u00d3N IES Puerta de la Axarqu\u00eda<\/span><\/strong><\/a><\/p>\n<p><a href=\"https:\/\/drive.google.com\/file\/d\/1Dn0h0KEA4mLFlPNzuj7fakAFe38wBlQj\/view?usp=sharing\"><strong><span style=\"font-size: 14pt\">PLAN DE CONVIVENCIA 2025-26<\/span><\/strong><\/a><\/p>\n<p>&nbsp;<\/p>\n<p>&nbsp;<\/p>\n","protected":false},"excerpt":{"rendered":"<p>&nbsp; PLANES Y PROYECTOS DEL IES PUERTA DE LA AXARQU\u00cdA PLAN DE IGUALDAD 2025-26 PROYECTO BILING\u00dcE 2025-26 PLAN DE AUTOPROTECCI\u00d3N IES Puerta de la Axarqu\u00eda PLAN DE CONVIVENCIA 2025-26 &nbsp; &nbsp;<\/p>\n","protected":false},"author":7919,"featured_media":0,"parent":0,"menu_order":0,"comment_status":"closed","ping_status":"closed","template":"","meta":{"_exactmetrics_skip_tracking":false,"_exactmetrics_sitenote_active":false,"_exactmetrics_sitenote_note":"","_exactmetrics_sitenote_category":0,"ngg_post_thumbnail":0,"footnotes":""},"aioseo_notices":[],"_links":{"self":[{"href":"https:\/\/blogsaverroes.juntadeandalucia.es\/puertaaxarquia\/wp-json\/wp\/v2\/pages\/66"}],"collection":[{"href":"https:\/\/blogsaverroes.juntadeandalucia.es\/puertaaxarquia\/wp-json\/wp\/v2\/pages"}],"about":[{"href":"https:\/\/blogsaverroes.juntadeandalucia.es\/puertaaxarquia\/wp-json\/wp\/v2\/types\/page"}],"author":[{"embeddable":true,"href":"https:\/\/blogsaverroes.juntadeandalucia.es\/puertaaxarquia\/wp-json\/wp\/v2\/users\/7919"}],"replies":[{"embeddable":true,"href":"https:\/\/blogsaverroes.juntadeandalucia.es\/puertaaxarquia\/wp-json\/wp\/v2\/comments?post=66"}],"version-history":[{"count":26,"href":"https:\/\/blogsaverroes.juntadeandalucia.es\/puertaaxarquia\/wp-json\/wp\/v2\/pages\/66\/revisions"}],"predecessor-version":[{"id":930,"href":"https:\/\/blogsaverroes.juntadeandalucia.es\/puertaaxarquia\/wp-json\/wp\/v2\/pages\/66\/revisions\/930"}],"wp:attachment":[{"href":"https:\/\/blogsaverroes.juntadeandalucia.es\/puertaaxarquia\/wp-json\/wp\/v2\/media?parent=66"}],"curies":[{"name":"wp","href":"https:\/\/api.w.org\/{rel}","templated":true}]}}