{"id":256,"date":"2016-04-22T10:26:34","date_gmt":"2016-04-22T08:26:34","guid":{"rendered":"http:\/\/blogsaverroes.juntadeandalucia.es\/puertademartos\/?page_id=256"},"modified":"2025-11-23T13:00:20","modified_gmt":"2025-11-23T11:00:20","slug":"radio_el_castillo","status":"publish","type":"page","link":"https:\/\/blogsaverroes.juntadeandalucia.es\/puertademartos\/radio_el_castillo\/","title":{"rendered":"Radio \u00abEl Castillo\u00bb"},"content":{"rendered":"<h3 class=\"post-title entry-title\" style=\"text-align: center\"><span style=\"font-size: 36pt\">En el 88.0 de la FM<\/span><\/h3>\n<p style=\"text-align: center\"><span style=\"font-size: 24pt\"><strong>RADIO ESCOLAR <em>\u00abEL CASTILLO\u00bb<\/em>.<\/strong><\/span><\/p>\n<p style=\"text-align: center\"><span style=\"font-size: 18pt\">La Radio del CEIP Puerta de Martos.<\/span><\/p>\n<h3 class=\"post-title entry-title\"><a href=\"https:\/\/blogsaverroes.juntadeandalucia.es\/puertademartos\/files\/2017\/10\/WhatsApp-Image-2017-10-15-at-15.00.17.jpeg\"><img fetchpriority=\"high\" decoding=\"async\" class=\"aligncenter wp-image-1578 \" src=\"https:\/\/blogsaverroes.juntadeandalucia.es\/puertademartos\/files\/2017\/10\/WhatsApp-Image-2017-10-15-at-15.00.17-1024x755.jpeg\" alt=\"\" width=\"516\" height=\"409\"><\/a><\/h3>\n<h3 class=\"post-title entry-title\" style=\"text-align: center\">Si quieres colaborar con nosotros llama a los <span style=\"font-size: 18pt\">Tel\u00e9fonos:<\/span><\/h3>\n<h3 class=\"post-title entry-title\" style=\"text-align: center\"><span style=\"font-size: 18pt\">657399291 o 953366102<\/span><\/h3>\n<h3 class=\"post-title entry-title\" style=\"text-align: center\">o m\u00e1ndanos un <span style=\"font-size: 18pt\">correo<\/span> electr\u00f3nico a <span style=\"font-size: 18pt\">eb7hod@hotmail.com<\/span><\/h3>\n<p><a href=\"https:\/\/blogsaverroes.juntadeandalucia.es\/puertademartos\/files\/2025\/11\/MadeInCastillo.jpg\"><img decoding=\"async\" class=\" wp-image-3795 aligncenter\" src=\"https:\/\/blogsaverroes.juntadeandalucia.es\/puertademartos\/files\/2025\/11\/MadeInCastillo-201x300.jpg\" alt=\"\" width=\"325\" height=\"485\" srcset=\"https:\/\/blogsaverroes.juntadeandalucia.es\/puertademartos\/files\/2025\/11\/MadeInCastillo-201x300.jpg 201w, https:\/\/blogsaverroes.juntadeandalucia.es\/puertademartos\/files\/2025\/11\/MadeInCastillo.jpg 546w\" sizes=\"(max-width: 325px) 100vw, 325px\" \/><\/a><\/p>\n<p style=\"text-align: center\"><strong><span style=\"font-size: 20pt\">Esc\u00fachanos online <a href=\"https:\/\/zeno.fm\/radio-comunitaria-escolar-el-castillo-88-fm\/\" target=\"_blank\" rel=\"noopener\">aqu\u00ed<\/a><\/span><\/strong><\/p>\n<p style=\"text-align: center\"><strong>\u00bfQuieres volver a o\u00edr nuestros programas?<\/strong><\/p>\n<p style=\"text-align: center\"><strong>Pincha en el que quieras escuchar<\/strong><\/p>\n<p style=\"text-align: center\"><span style=\"font-size: 18pt\"><strong><a href=\"https:\/\/blogsaverroes.juntadeandalucia.es\/puertademartos\/radio_el_castillo\/programas\/made-in-castillo\/\">Made in Castillo<\/a><\/strong><\/span><\/p>\n<p style=\"text-align: center\"><span style=\"font-size: 18pt\"><strong><a href=\"https:\/\/blogsaverroes.juntadeandalucia.es\/puertademartos\/radio_el_castillo\/programas\/tu-ampa\/\">Tu AMPA<\/a><\/strong><\/span><\/p>\n<p style=\"text-align: center\"><span style=\"font-size: 18pt\"><strong><a href=\"https:\/\/blogsaverroes.juntadeandalucia.es\/puertademartos\/radio_el_castillo\/programas\/la-caja-de-pandora\/\">La Caja de Pandora<\/a><\/strong><\/span><\/p>\n<h3 class=\"post-title entry-title\">&nbsp;<\/h3>\n","protected":false},"excerpt":{"rendered":"<p>En el 88.0 de la FM RADIO ESCOLAR \u00abEL CASTILLO\u00bb. La Radio del CEIP Puerta de Martos. Si quieres colaborar con nosotros llama a los Tel\u00e9fonos: 657399291 o 953366102 o m\u00e1ndanos un correo electr\u00f3nico a eb7hod@hotmail.com Esc\u00fachanos online aqu\u00ed \u00bfQuieres volver a o\u00edr nuestros programas? Pincha en el que quieras escuchar Made in Castillo Tu &hellip; <\/p>\n<p><a class=\"more-link btn\" href=\"https:\/\/blogsaverroes.juntadeandalucia.es\/puertademartos\/radio_el_castillo\/\">Seguir leyendo<\/a><\/p>\n","protected":false},"author":626,"featured_media":0,"parent":0,"menu_order":0,"comment_status":"open","ping_status":"closed","template":"","meta":{"ngg_post_thumbnail":0,"footnotes":""},"aioseo_notices":[],"_links":{"self":[{"href":"https:\/\/blogsaverroes.juntadeandalucia.es\/puertademartos\/wp-json\/wp\/v2\/pages\/256"}],"collection":[{"href":"https:\/\/blogsaverroes.juntadeandalucia.es\/puertademartos\/wp-json\/wp\/v2\/pages"}],"about":[{"href":"https:\/\/blogsaverroes.juntadeandalucia.es\/puertademartos\/wp-json\/wp\/v2\/types\/page"}],"author":[{"embeddable":true,"href":"https:\/\/blogsaverroes.juntadeandalucia.es\/puertademartos\/wp-json\/wp\/v2\/users\/626"}],"replies":[{"embeddable":true,"href":"https:\/\/blogsaverroes.juntadeandalucia.es\/puertademartos\/wp-json\/wp\/v2\/comments?post=256"}],"version-history":[{"count":9,"href":"https:\/\/blogsaverroes.juntadeandalucia.es\/puertademartos\/wp-json\/wp\/v2\/pages\/256\/revisions"}],"predecessor-version":[{"id":3797,"href":"https:\/\/blogsaverroes.juntadeandalucia.es\/puertademartos\/wp-json\/wp\/v2\/pages\/256\/revisions\/3797"}],"wp:attachment":[{"href":"https:\/\/blogsaverroes.juntadeandalucia.es\/puertademartos\/wp-json\/wp\/v2\/media?parent=256"}],"curies":[{"name":"wp","href":"https:\/\/api.w.org\/{rel}","templated":true}]}}