{"id":3385,"date":"2021-07-30T10:45:41","date_gmt":"2021-07-30T08:45:41","guid":{"rendered":"https:\/\/blogsaverroes.juntadeandalucia.es\/puertademartos\/?page_id=3385"},"modified":"2026-01-27T20:40:52","modified_gmt":"2026-01-27T18:40:52","slug":"impresos","status":"publish","type":"page","link":"https:\/\/blogsaverroes.juntadeandalucia.es\/puertademartos\/impresos\/","title":{"rendered":"Impresos"},"content":{"rendered":"\t\t<div data-elementor-type=\"wp-page\" data-elementor-id=\"3385\" class=\"elementor elementor-3385\">\n\t\t\t\t\t\t<section class=\"elementor-section elementor-top-section elementor-element elementor-element-293d864 elementor-section-content-middle elementor-section-boxed elementor-section-height-default elementor-section-height-default\" data-id=\"293d864\" data-element_type=\"section\">\n\t\t\t\t\t\t<div class=\"elementor-container elementor-column-gap-default\">\n\t\t\t\t\t<div class=\"elementor-column elementor-col-50 elementor-top-column elementor-element elementor-element-002873e\" data-id=\"002873e\" data-element_type=\"column\">\n\t\t\t<div class=\"elementor-widget-wrap elementor-element-populated\">\n\t\t\t\t\t\t<div class=\"elementor-element elementor-element-2b91e74 elementor-widget__width-initial elementor-widget elementor-widget-image\" data-id=\"2b91e74\" data-element_type=\"widget\" data-widget_type=\"image.default\">\n\t\t\t\t<div class=\"elementor-widget-container\">\n\t\t\t\t\t\t\t\t\t\t\t\t\t\t\t<img fetchpriority=\"high\" decoding=\"async\" width=\"1024\" height=\"1024\" src=\"https:\/\/blogsaverroes.juntadeandalucia.es\/puertademartos\/files\/2025\/11\/Descargas3.png\" class=\"attachment-large size-large wp-image-3948\" alt=\"\" srcset=\"https:\/\/blogsaverroes.juntadeandalucia.es\/puertademartos\/files\/2025\/11\/Descargas3.png 1024w, https:\/\/blogsaverroes.juntadeandalucia.es\/puertademartos\/files\/2025\/11\/Descargas3-300x300.png 300w, https:\/\/blogsaverroes.juntadeandalucia.es\/puertademartos\/files\/2025\/11\/Descargas3-150x150.png 150w, https:\/\/blogsaverroes.juntadeandalucia.es\/puertademartos\/files\/2025\/11\/Descargas3-768x768.png 768w\" sizes=\"(max-width: 1024px) 100vw, 1024px\" \/>\t\t\t\t\t\t\t\t\t\t\t\t\t\t\t<\/div>\n\t\t\t\t<\/div>\n\t\t\t\t\t<\/div>\n\t\t<\/div>\n\t\t\t\t<div class=\"elementor-column elementor-col-50 elementor-top-column elementor-element elementor-element-2bb4bf2\" data-id=\"2bb4bf2\" data-element_type=\"column\">\n\t\t\t<div class=\"elementor-widget-wrap elementor-element-populated\">\n\t\t\t\t\t\t<div class=\"elementor-element elementor-element-3f3d7ee elementor-widget__width-initial elementor-widget elementor-widget-heading\" data-id=\"3f3d7ee\" data-element_type=\"widget\" data-widget_type=\"heading.default\">\n\t\t\t\t<div class=\"elementor-widget-container\">\n\t\t\t\t\t<h2 class=\"elementor-heading-title elementor-size-default\">Impresos descargables e Imprimibles<\/h2>\t\t\t\t<\/div>\n\t\t\t\t<\/div>\n\t\t\t\t\t<\/div>\n\t\t<\/div>\n\t\t\t\t\t<\/div>\n\t\t<\/section>\n\t\t\t\t<section class=\"elementor-section elementor-top-section elementor-element elementor-element-7bf363c elementor-section-boxed elementor-section-height-default elementor-section-height-default\" data-id=\"7bf363c\" data-element_type=\"section\">\n\t\t\t\t\t\t<div class=\"elementor-container elementor-column-gap-default\">\n\t\t\t\t\t<div class=\"elementor-column elementor-col-100 elementor-top-column elementor-element elementor-element-5132b28\" data-id=\"5132b28\" data-element_type=\"column\">\n\t\t\t<div class=\"elementor-widget-wrap elementor-element-populated\">\n\t\t\t\t\t\t<div class=\"elementor-element elementor-element-34f275a elementor-widget elementor-widget-heading\" data-id=\"34f275a\" data-element_type=\"widget\" data-widget_type=\"heading.default\">\n\t\t\t\t<div class=\"elementor-widget-container\">\n\t\t\t\t\t<h2 class=\"elementor-heading-title elementor-size-default\">Plan de Apoyo a las Familias y Servicios Complementarios<\/h2>\t\t\t\t<\/div>\n\t\t\t\t<\/div>\n\t\t\t\t<div class=\"elementor-element elementor-element-d6b14ac elementor-widget elementor-widget-text-editor\" data-id=\"d6b14ac\" data-element_type=\"widget\" data-widget_type=\"text-editor.default\">\n\t\t\t\t<div class=\"elementor-widget-container\">\n\t\t\t\t\t\t\t\t\t<p><b>Aula Matinal, Comedor Escolar y Actividades Extraescolares<\/b><\/p>\t\t\t\t\t\t\t\t<\/div>\n\t\t\t\t<\/div>\n\t\t\t\t\t<\/div>\n\t\t<\/div>\n\t\t\t\t\t<\/div>\n\t\t<\/section>\n\t\t\t\t<section class=\"elementor-section elementor-top-section elementor-element elementor-element-fc010e7 elementor-section-boxed elementor-section-height-default elementor-section-height-default\" data-id=\"fc010e7\" data-element_type=\"section\">\n\t\t\t\t\t\t<div class=\"elementor-container elementor-column-gap-default\">\n\t\t\t\t\t<div class=\"elementor-column elementor-col-100 elementor-top-column elementor-element elementor-element-246bcfb\" data-id=\"246bcfb\" data-element_type=\"column\">\n\t\t\t<div class=\"elementor-widget-wrap elementor-element-populated\">\n\t\t\t\t\t\t<div class=\"elementor-element elementor-element-0c07363 elementor-widget elementor-widget-text-editor\" data-id=\"0c07363\" data-element_type=\"widget\" data-widget_type=\"text-editor.default\">\n\t\t\t\t<div class=\"elementor-widget-container\">\n\t\t\t\t\t\t\t\t\t<ul><li><span style=\"font-size: 12pt\"><a href=\"https:\/\/www.juntadeandalucia.es\/educacion\/portales\/documents\/20123\/837342\/ANEXO%20II%20corregido.pdf\/d8acfa29-d283-43ee-81e0-f6aa57ecfe56?version=1.0\" target=\"_blank\" rel=\"noopener\"><span dir=\"auto\" style=\"vertical-align: inherit\">Impresos para solicitud de Servicios Complementarios (Aula Matinal, Comedor Escolar y Actividades Extraescolares) Entre el 1 y el 8 de Septiembre<\/span><\/a><\/span><\/li><li><span style=\"font-size: 12pt\"><a href=\"https:\/\/drive.google.com\/open?id=1GZznS82Gx_y8Yo2ucMxah5NvMpIRtUhh&amp;authuser=aroman%40ceippuertademartos.es&amp;usp=drive_fs\" target=\"_blank\" rel=\"noopener noreferrer\"><span dir=\"auto\" style=\"vertical-align: inherit\">Solicitud de Baja en Aula Matinal, Comedor o Actividades Extraescolares<\/span><\/a><\/span><\/li><li><span style=\"font-size: 12pt\"><a href=\"https:\/\/www.juntadeandalucia.es\/educacion\/portales\/documents\/20123\/837342\/02052024_ANEXO_V.pdf\/ae6d7cc2-28bf-2701-eca8-a72f3ccd517c?version=1.0\" target=\"_blank\" rel=\"noopener\"><span dir=\"auto\" style=\"vertical-align: inherit\">Solicitud de gratuidad\/bonificaci\u00f3n del precio p\u00fablico por los Servicios Complementarios de Aula Matinal, Comedor y Actividades Extraescolares.<\/span><\/a><\/span><\/li><\/ul>\t\t\t\t\t\t\t\t<\/div>\n\t\t\t\t<\/div>\n\t\t\t\t\t<\/div>\n\t\t<\/div>\n\t\t\t\t\t<\/div>\n\t\t<\/section>\n\t\t\t\t<section class=\"elementor-section elementor-top-section elementor-element elementor-element-0729bb8 elementor-section-boxed elementor-section-height-default elementor-section-height-default\" data-id=\"0729bb8\" data-element_type=\"section\">\n\t\t\t\t\t\t<div class=\"elementor-container elementor-column-gap-default\">\n\t\t\t\t\t<div class=\"elementor-column elementor-col-100 elementor-top-column elementor-element elementor-element-e5cbf73\" data-id=\"e5cbf73\" data-element_type=\"column\">\n\t\t\t<div class=\"elementor-widget-wrap elementor-element-populated\">\n\t\t\t\t\t\t<div class=\"elementor-element elementor-element-380bf8c elementor-widget-divider--view-line_icon elementor-view-default elementor-widget-divider--element-align-center elementor-widget elementor-widget-divider\" data-id=\"380bf8c\" data-element_type=\"widget\" data-widget_type=\"divider.default\">\n\t\t\t\t<div class=\"elementor-widget-container\">\n\t\t\t\t\t\t\t<div class=\"elementor-divider\">\n\t\t\t<span class=\"elementor-divider-separator\">\n\t\t\t\t\t\t\t<div class=\"elementor-icon elementor-divider__element\">\n\t\t\t\t\t<i aria-hidden=\"true\" class=\"far fa-file-alt\"><\/i><\/div>\n\t\t\t\t\t\t<\/span>\n\t\t<\/div>\n\t\t\t\t\t\t<\/div>\n\t\t\t\t<\/div>\n\t\t\t\t\t<\/div>\n\t\t<\/div>\n\t\t\t\t\t<\/div>\n\t\t<\/section>\n\t\t\t\t<section class=\"elementor-section elementor-top-section elementor-element elementor-element-d48d3c4 elementor-section-boxed elementor-section-height-default elementor-section-height-default\" data-id=\"d48d3c4\" data-element_type=\"section\">\n\t\t\t\t\t\t<div class=\"elementor-container elementor-column-gap-default\">\n\t\t\t\t\t<div class=\"elementor-column elementor-col-100 elementor-top-column elementor-element elementor-element-821f080\" data-id=\"821f080\" data-element_type=\"column\">\n\t\t\t<div class=\"elementor-widget-wrap elementor-element-populated\">\n\t\t\t\t\t\t<div class=\"elementor-element elementor-element-bb7fafd elementor-widget elementor-widget-heading\" data-id=\"bb7fafd\" data-element_type=\"widget\" data-widget_type=\"heading.default\">\n\t\t\t\t<div class=\"elementor-widget-container\">\n\t\t\t\t\t<h2 class=\"elementor-heading-title elementor-size-default\">Impresos Generales<\/h2>\t\t\t\t<\/div>\n\t\t\t\t<\/div>\n\t\t\t\t\t<\/div>\n\t\t<\/div>\n\t\t\t\t\t<\/div>\n\t\t<\/section>\n\t\t\t\t<section class=\"elementor-section elementor-top-section elementor-element elementor-element-0e053bd elementor-section-boxed elementor-section-height-default elementor-section-height-default\" data-id=\"0e053bd\" data-element_type=\"section\">\n\t\t\t\t\t\t<div class=\"elementor-container elementor-column-gap-default\">\n\t\t\t\t\t<div class=\"elementor-column elementor-col-100 elementor-top-column elementor-element elementor-element-5ac675c\" data-id=\"5ac675c\" data-element_type=\"column\">\n\t\t\t<div class=\"elementor-widget-wrap elementor-element-populated\">\n\t\t\t\t\t\t<div class=\"elementor-element elementor-element-842fd1a elementor-widget elementor-widget-text-editor\" data-id=\"842fd1a\" data-element_type=\"widget\" data-widget_type=\"text-editor.default\">\n\t\t\t\t<div class=\"elementor-widget-container\">\n\t\t\t\t\t\t\t\t\t<ul><li><span style=\"font-size: 12pt\"><a style=\"color: #9538c5\" href=\"https:\/\/drive.google.com\/open?id=1ObfrUYYv6KlkbQ5LzhO3PiK6oF9KTtu3&amp;authuser=aroman%40ceippuertademartos.es&amp;usp=drive_fs\" target=\"_blank\" rel=\"noopener noreferrer\"><span dir=\"auto\" style=\"vertical-align: inherit\">Solicitud de autorizaci\u00f3n para salir del Centro en horario lectivo<\/span><\/a><\/span><\/li><li><span style=\"font-size: 12pt\"><a href=\"https:\/\/drive.google.com\/file\/d\/1HOLOlw0vJQ78hmKI3-CUaSP_tyHDdlO1\/view?usp=sharing\" target=\"_blank\" rel=\"noopener noreferrer\"><span dir=\"auto\" style=\"vertical-align: inherit\">Solicitud de autorizaci\u00f3n para salir del Centro en horario lectivo\u00a0 (Autor rellenable)<\/span><\/a><\/span><\/li><li><span style=\"font-size: 12pt\"><a style=\"color: #9538c5\" href=\"https:\/\/drive.google.com\/file\/d\/1I-CVCj-Zu3RV9_SESY82FYo8uNZtylRw\/view?usp=sharing\" target=\"_blank\" rel=\"noopener\"><span dir=\"auto\" style=\"vertical-align: inherit\">Justificante de ausencias\/retraso<\/span><\/a><\/span><\/li><li><span style=\"font-size: 12pt\">\u00a0<a style=\"background-color: #ffffff\" href=\"https:\/\/blogsaverroes.juntadeandalucia.es\/puertademartos\/files\/2021\/09\/Inscripci%C3%B3n-AMPA_16_17.pdf\" target=\"_blank\" rel=\"noopener noreferrer\"><span dir=\"auto\" style=\"vertical-align: inherit\">Impreso de inscripci\u00f3n como socio\/a de la AMPA del CEIP Puerta de Martos<\/span><\/a><\/span><\/li><\/ul>\t\t\t\t\t\t\t\t<\/div>\n\t\t\t\t<\/div>\n\t\t\t\t\t<\/div>\n\t\t<\/div>\n\t\t\t\t\t<\/div>\n\t\t<\/section>\n\t\t\t\t<section class=\"elementor-section elementor-top-section elementor-element elementor-element-188f1d0 elementor-section-boxed elementor-section-height-default elementor-section-height-default\" data-id=\"188f1d0\" data-element_type=\"section\">\n\t\t\t\t\t\t<div class=\"elementor-container elementor-column-gap-default\">\n\t\t\t\t\t<div class=\"elementor-column elementor-col-100 elementor-top-column elementor-element elementor-element-28c2472\" data-id=\"28c2472\" data-element_type=\"column\">\n\t\t\t<div class=\"elementor-widget-wrap elementor-element-populated\">\n\t\t\t\t\t\t<div class=\"elementor-element elementor-element-24a8a62 elementor-widget-divider--view-line_icon elementor-view-default elementor-widget-divider--element-align-center elementor-widget elementor-widget-divider\" data-id=\"24a8a62\" data-element_type=\"widget\" data-widget_type=\"divider.default\">\n\t\t\t\t<div class=\"elementor-widget-container\">\n\t\t\t\t\t\t\t<div class=\"elementor-divider\">\n\t\t\t<span class=\"elementor-divider-separator\">\n\t\t\t\t\t\t\t<div class=\"elementor-icon elementor-divider__element\">\n\t\t\t\t\t<i aria-hidden=\"true\" class=\"far fa-file-alt\"><\/i><\/div>\n\t\t\t\t\t\t<\/span>\n\t\t<\/div>\n\t\t\t\t\t\t<\/div>\n\t\t\t\t<\/div>\n\t\t\t\t\t<\/div>\n\t\t<\/div>\n\t\t\t\t\t<\/div>\n\t\t<\/section>\n\t\t\t\t<section class=\"elementor-section elementor-top-section elementor-element elementor-element-a38f66e elementor-section-boxed elementor-section-height-default elementor-section-height-default\" data-id=\"a38f66e\" data-element_type=\"section\">\n\t\t\t\t\t\t<div class=\"elementor-container elementor-column-gap-default\">\n\t\t\t\t\t<div class=\"elementor-column elementor-col-100 elementor-top-column elementor-element elementor-element-5ac6f1a\" data-id=\"5ac6f1a\" data-element_type=\"column\">\n\t\t\t<div class=\"elementor-widget-wrap elementor-element-populated\">\n\t\t\t\t\t\t<div class=\"elementor-element elementor-element-d1bd845 elementor-widget elementor-widget-heading\" data-id=\"d1bd845\" data-element_type=\"widget\" data-widget_type=\"heading.default\">\n\t\t\t\t<div class=\"elementor-widget-container\">\n\t\t\t\t\t<h2 class=\"elementor-heading-title elementor-size-default\">Impresos de Admisi\u00f3n<\/h2>\t\t\t\t<\/div>\n\t\t\t\t<\/div>\n\t\t\t\t\t<\/div>\n\t\t<\/div>\n\t\t\t\t\t<\/div>\n\t\t<\/section>\n\t\t\t\t<section class=\"elementor-section elementor-top-section elementor-element elementor-element-10e12c1 elementor-section-boxed elementor-section-height-default elementor-section-height-default\" data-id=\"10e12c1\" data-element_type=\"section\">\n\t\t\t\t\t\t<div class=\"elementor-container elementor-column-gap-default\">\n\t\t\t\t\t<div class=\"elementor-column elementor-col-100 elementor-top-column elementor-element elementor-element-a6bc461\" data-id=\"a6bc461\" data-element_type=\"column\">\n\t\t\t<div class=\"elementor-widget-wrap elementor-element-populated\">\n\t\t\t\t\t\t<div class=\"elementor-element elementor-element-14e80b4 elementor-widget elementor-widget-text-editor\" data-id=\"14e80b4\" data-element_type=\"widget\" data-widget_type=\"text-editor.default\">\n\t\t\t\t<div class=\"elementor-widget-container\">\n\t\t\t\t\t\t\t\t\t<ul><li><span style=\"font-size: 12pt\"><a href=\"https:\/\/www.juntadeandalucia.es\/educacion\/portales\/documents\/100629\/669352\/3_Anexo%20III_002535_5.pdf\/16050806-cd1f-89da-678f-001bb54aab73?version=1.1\" target=\"_blank\" rel=\"noopener\"><span dir=\"auto\" style=\"vertical-align: inherit\">Solicitud de Admisi\u00f3n en Segundo Ciclo de Educaci\u00f3n Infantil y Primaria en el Centro (1 al 31 de marzo de cada a\u00f1o)<\/span><\/a><\/span><\/li><li><span style=\"font-size: 12pt\"><a href=\"https:\/\/www.juntadeandalucia.es\/educacion\/portales\/documents\/100629\/669352\/9_Anexo%20IX_002541_4.pdf\/fdf4344b-6c9e-be16-e927-4e63760f0992?version=1.0\" target=\"_blank\" rel=\"noopener\"><span dir=\"auto\" style=\"vertical-align: inherit\">Solicitud de Procedimiento Extraordinario de Admisi\u00f3n (Anexo IX)<\/span><\/a><\/span><\/li><\/ul>\t\t\t\t\t\t\t\t<\/div>\n\t\t\t\t<\/div>\n\t\t\t\t\t<\/div>\n\t\t<\/div>\n\t\t\t\t\t<\/div>\n\t\t<\/section>\n\t\t\t\t<section class=\"elementor-section elementor-top-section elementor-element elementor-element-f5d91ac elementor-section-boxed elementor-section-height-default elementor-section-height-default\" data-id=\"f5d91ac\" data-element_type=\"section\">\n\t\t\t\t\t\t<div class=\"elementor-container elementor-column-gap-default\">\n\t\t\t\t\t<div class=\"elementor-column elementor-col-100 elementor-top-column elementor-element elementor-element-ec0f840\" data-id=\"ec0f840\" data-element_type=\"column\">\n\t\t\t<div class=\"elementor-widget-wrap elementor-element-populated\">\n\t\t\t\t\t\t<div class=\"elementor-element elementor-element-673df2f elementor-widget elementor-widget-heading\" data-id=\"673df2f\" data-element_type=\"widget\" data-widget_type=\"heading.default\">\n\t\t\t\t<div class=\"elementor-widget-container\">\n\t\t\t\t\t<h2 class=\"elementor-heading-title elementor-size-default\">Impresos de Matriculaci\u00f3n<\/h2>\t\t\t\t<\/div>\n\t\t\t\t<\/div>\n\t\t\t\t\t<\/div>\n\t\t<\/div>\n\t\t\t\t\t<\/div>\n\t\t<\/section>\n\t\t\t\t<section class=\"elementor-section elementor-top-section elementor-element elementor-element-54a2d1b elementor-section-boxed elementor-section-height-default elementor-section-height-default\" data-id=\"54a2d1b\" data-element_type=\"section\">\n\t\t\t\t\t\t<div class=\"elementor-container elementor-column-gap-default\">\n\t\t\t\t\t<div class=\"elementor-column elementor-col-100 elementor-top-column elementor-element elementor-element-ce322d0\" data-id=\"ce322d0\" data-element_type=\"column\">\n\t\t\t<div class=\"elementor-widget-wrap elementor-element-populated\">\n\t\t\t\t\t\t<div class=\"elementor-element elementor-element-e5a7eaf elementor-widget elementor-widget-text-editor\" data-id=\"e5a7eaf\" data-element_type=\"widget\" data-widget_type=\"text-editor.default\">\n\t\t\t\t<div class=\"elementor-widget-container\">\n\t\t\t\t\t\t\t\t\t<ul><li><span style=\"font-size: 12pt\"><a href=\"https:\/\/www.juntadeandalucia.es\/educacion\/portales\/documents\/100629\/669349\/4_Anexo%20IV_002536_4.pdf\/2857e311-abaf-10f1-c03a-b980ff594de5?version=1.0\" target=\"_blank\" rel=\"noopener\"><span dir=\"auto\" style=\"vertical-align: inherit\">Matr\u00edcula en el Segundo Ciclo de Educaci\u00f3n Infantil (Primera semana de Junio aprox.)<\/span><\/a><\/span><\/li><li><span style=\"font-size: 12pt\"><a href=\"https:\/\/www.juntadeandalucia.es\/educacion\/portales\/documents\/100629\/669349\/5_Anexo%20V_002537_4.pdf\/acd7344a-e127-4e2c-5be7-b1f12b0a07c2?version=1.1\" target=\"_blank\" rel=\"noopener\">Matr\u00edcula en Primaria (Primera semana de Junio aprox.)<\/a><\/span><\/li><\/ul>\t\t\t\t\t\t\t\t<\/div>\n\t\t\t\t<\/div>\n\t\t\t\t\t<\/div>\n\t\t<\/div>\n\t\t\t\t\t<\/div>\n\t\t<\/section>\n\t\t\t\t<section class=\"elementor-section elementor-top-section elementor-element elementor-element-7ebca73 elementor-section-boxed elementor-section-height-default elementor-section-height-default\" data-id=\"7ebca73\" data-element_type=\"section\">\n\t\t\t\t\t\t<div class=\"elementor-container elementor-column-gap-default\">\n\t\t\t\t\t<div class=\"elementor-column elementor-col-100 elementor-top-column elementor-element elementor-element-4c2a468\" data-id=\"4c2a468\" data-element_type=\"column\">\n\t\t\t<div class=\"elementor-widget-wrap elementor-element-populated\">\n\t\t\t\t\t\t<div class=\"elementor-element elementor-element-78c3469 elementor-widget elementor-widget-heading\" data-id=\"78c3469\" data-element_type=\"widget\" data-widget_type=\"heading.default\">\n\t\t\t\t<div class=\"elementor-widget-container\">\n\t\t\t\t\t<h2 class=\"elementor-heading-title elementor-size-default\">Documentos anexos a la Matriculaci\u00f3n<\/h2>\t\t\t\t<\/div>\n\t\t\t\t<\/div>\n\t\t\t\t\t<\/div>\n\t\t<\/div>\n\t\t\t\t\t<\/div>\n\t\t<\/section>\n\t\t\t\t<section class=\"elementor-section elementor-top-section elementor-element elementor-element-64e641a elementor-section-boxed elementor-section-height-default elementor-section-height-default\" data-id=\"64e641a\" data-element_type=\"section\">\n\t\t\t\t\t\t<div class=\"elementor-container elementor-column-gap-default\">\n\t\t\t\t\t<div class=\"elementor-column elementor-col-100 elementor-top-column elementor-element elementor-element-0f3a8d3\" data-id=\"0f3a8d3\" data-element_type=\"column\">\n\t\t\t<div class=\"elementor-widget-wrap elementor-element-populated\">\n\t\t\t\t\t\t<div class=\"elementor-element elementor-element-bd1843a elementor-widget elementor-widget-text-editor\" data-id=\"bd1843a\" data-element_type=\"widget\" data-widget_type=\"text-editor.default\">\n\t\t\t\t<div class=\"elementor-widget-container\">\n\t\t\t\t\t\t\t\t\t<ul><li><span style=\"font-size: 12pt\"><a href=\"https:\/\/www.juntadeandalucia.es\/educacion\/portales\/documents\/100629\/669355\/anexo%20religion.pdf\/4146c27f-8acf-d170-3e38-aa5715dbe1c7?version=1.0\" target=\"_blank\" rel=\"noopener\">Anexo de Religi\u00f3n<\/a><\/span><\/li><li><span style=\"font-size: 12pt\"><a href=\"https:\/\/www.juntadeandalucia.es\/educacion\/portales\/documents\/100629\/669355\/Consentimiento%20Informado.pdf\/e28544ee-c8d9-6f78-ec8c-2f450918cd5c?version=1.1\" target=\"_blank\" rel=\"noopener\">Consentimiento informado para tratamiento de im\u00e1genes\/Voz.<\/a> <\/span><\/li><li><span style=\"font-size: 12pt\"><a href=\"https:\/\/www.juntadeandalucia.es\/educacion\/portales\/documents\/100629\/669355\/cuestionario%20de%20Fondo%20Social%20Europeo.pdf\/10e4f195-f738-3093-b621-a5e7340dde92?version=1.0\" target=\"_blank\" rel=\"noopener\">Cuestionario de Fondo Social Europeo<\/a><\/span><\/li><\/ul>\t\t\t\t\t\t\t\t<\/div>\n\t\t\t\t<\/div>\n\t\t\t\t\t<\/div>\n\t\t<\/div>\n\t\t\t\t\t<\/div>\n\t\t<\/section>\n\t\t\t\t<section class=\"elementor-section elementor-top-section elementor-element elementor-element-eefbed2 elementor-section-boxed elementor-section-height-default elementor-section-height-default\" data-id=\"eefbed2\" data-element_type=\"section\">\n\t\t\t\t\t\t<div class=\"elementor-container elementor-column-gap-default\">\n\t\t\t\t\t<div class=\"elementor-column elementor-col-100 elementor-top-column elementor-element elementor-element-c8dd1a1\" data-id=\"c8dd1a1\" data-element_type=\"column\">\n\t\t\t<div class=\"elementor-widget-wrap elementor-element-populated\">\n\t\t\t\t\t\t<div class=\"elementor-element elementor-element-37c3170 elementor-widget-divider--view-line_icon elementor-view-default elementor-widget-divider--element-align-center elementor-widget elementor-widget-divider\" data-id=\"37c3170\" data-element_type=\"widget\" data-widget_type=\"divider.default\">\n\t\t\t\t<div class=\"elementor-widget-container\">\n\t\t\t\t\t\t\t<div class=\"elementor-divider\">\n\t\t\t<span class=\"elementor-divider-separator\">\n\t\t\t\t\t\t\t<div class=\"elementor-icon elementor-divider__element\">\n\t\t\t\t\t<i aria-hidden=\"true\" class=\"far fa-file-alt\"><\/i><\/div>\n\t\t\t\t\t\t<\/span>\n\t\t<\/div>\n\t\t\t\t\t\t<\/div>\n\t\t\t\t<\/div>\n\t\t\t\t\t<\/div>\n\t\t<\/div>\n\t\t\t\t\t<\/div>\n\t\t<\/section>\n\t\t\t\t<section class=\"elementor-section elementor-top-section elementor-element elementor-element-a37bbf1 elementor-section-boxed elementor-section-height-default elementor-section-height-default\" data-id=\"a37bbf1\" data-element_type=\"section\">\n\t\t\t\t\t\t<div class=\"elementor-container elementor-column-gap-default\">\n\t\t\t\t\t<div class=\"elementor-column elementor-col-100 elementor-top-column elementor-element elementor-element-985a396\" data-id=\"985a396\" data-element_type=\"column\">\n\t\t\t<div class=\"elementor-widget-wrap elementor-element-populated\">\n\t\t\t\t\t\t<div class=\"elementor-element elementor-element-5985b96 elementor-widget elementor-widget-text-editor\" data-id=\"5985b96\" data-element_type=\"widget\" data-widget_type=\"text-editor.default\">\n\t\t\t\t<div class=\"elementor-widget-container\">\n\t\t\t\t\t\t\t\t\t<div style=\"color: #212529;font-family: NunitoSans, 'Helvetica Neue', Helvetica, Arial, sans-serif;font-size: 19.2px;border-style: solid;border-width: 0px;margin: 0px !important;padding: 0px !important\"><div><div style=\"padding: 0px 15px\"><h4 style=\"margin-bottom: 30px;margin-top: 10px;line-height: 1.2;font-size: 1.5625rem;text-align: center;color: #273c67;position: relative\" data-lfr-editable-id=\"fragment-title\" data-lfr-editable-type=\"text\"><span style=\"font-size: 20pt\">Protecci\u00f3n de datos<\/span><\/h4><\/div><\/div><\/div><div style=\"color: #212529;font-family: NunitoSans, 'Helvetica Neue', Helvetica, Arial, sans-serif;font-size: 19.2px;border-style: solid;border-width: 0px;margin: 0px !important;padding: 0px !important\"><div><div data-lfr-editable-id=\"element-html\" data-lfr-editable-type=\"html\"><p><span style=\"font-size: 10pt\">Los datos personales proporcionados en las matr\u00edculas est\u00e1n siendo utilizados en la planificaci\u00f3n de los recursos de los centros educativos. En la siguiente direcci\u00f3n electr\u00f3nica puede encontrar informaci\u00f3n adicional detallada al respecto:\u00a0<span style=\"color: #ff9900\"><a style=\"color: #ff9900;cursor: pointer\" href=\"https:\/\/juntadeandalucia.es\/protecciondedatos\/detalle\/390103.html\" target=\"_blank\" rel=\"noopener\">CDEFP-Planificaci\u00f3n de centros educativos mediante t\u00e9cnicas avanzadas predictivas<\/a><\/span><\/span><\/p><\/div><\/div><\/div>\t\t\t\t\t\t\t\t<\/div>\n\t\t\t\t<\/div>\n\t\t\t\t\t<\/div>\n\t\t<\/div>\n\t\t\t\t\t<\/div>\n\t\t<\/section>\n\t\t\t\t<\/div>\n\t\t","protected":false},"excerpt":{"rendered":"<p>Impresos descargables e Imprimibles Plan de Apoyo a las Familias y Servicios Complementarios Aula Matinal, Comedor Escolar y Actividades Extraescolares Impresos para solicitud de Servicios Complementarios (Aula Matinal, Comedor Escolar y Actividades Extraescolares) Entre el 1 y el 8 de Septiembre Solicitud de Baja en Aula Matinal, Comedor o Actividades Extraescolares Solicitud de gratuidad\/bonificaci\u00f3n del &hellip; <\/p>\n<p><a class=\"more-link btn\" href=\"https:\/\/blogsaverroes.juntadeandalucia.es\/puertademartos\/impresos\/\">Seguir leyendo<\/a><\/p>\n","protected":false},"author":626,"featured_media":0,"parent":0,"menu_order":0,"comment_status":"closed","ping_status":"closed","template":"","meta":{"ngg_post_thumbnail":0,"footnotes":""},"aioseo_notices":[],"_links":{"self":[{"href":"https:\/\/blogsaverroes.juntadeandalucia.es\/puertademartos\/wp-json\/wp\/v2\/pages\/3385"}],"collection":[{"href":"https:\/\/blogsaverroes.juntadeandalucia.es\/puertademartos\/wp-json\/wp\/v2\/pages"}],"about":[{"href":"https:\/\/blogsaverroes.juntadeandalucia.es\/puertademartos\/wp-json\/wp\/v2\/types\/page"}],"author":[{"embeddable":true,"href":"https:\/\/blogsaverroes.juntadeandalucia.es\/puertademartos\/wp-json\/wp\/v2\/users\/626"}],"replies":[{"embeddable":true,"href":"https:\/\/blogsaverroes.juntadeandalucia.es\/puertademartos\/wp-json\/wp\/v2\/comments?post=3385"}],"version-history":[{"count":52,"href":"https:\/\/blogsaverroes.juntadeandalucia.es\/puertademartos\/wp-json\/wp\/v2\/pages\/3385\/revisions"}],"predecessor-version":[{"id":4150,"href":"https:\/\/blogsaverroes.juntadeandalucia.es\/puertademartos\/wp-json\/wp\/v2\/pages\/3385\/revisions\/4150"}],"wp:attachment":[{"href":"https:\/\/blogsaverroes.juntadeandalucia.es\/puertademartos\/wp-json\/wp\/v2\/media?parent=3385"}],"curies":[{"name":"wp","href":"https:\/\/api.w.org\/{rel}","templated":true}]}}