{"id":3941,"date":"2025-11-26T13:27:39","date_gmt":"2025-11-26T11:27:39","guid":{"rendered":"https:\/\/blogsaverroes.juntadeandalucia.es\/puertademartos\/?page_id=3941"},"modified":"2025-12-02T11:28:19","modified_gmt":"2025-12-02T09:28:19","slug":"impresos-gpe","status":"publish","type":"page","link":"https:\/\/blogsaverroes.juntadeandalucia.es\/puertademartos\/impresos-gpe\/","title":{"rendered":"Garant\u00edas Procedimentales de la Evaluaci\u00f3n"},"content":{"rendered":"\t\t<div data-elementor-type=\"wp-page\" data-elementor-id=\"3941\" class=\"elementor elementor-3941\">\n\t\t\t\t\t\t<section class=\"elementor-section elementor-top-section elementor-element elementor-element-198d136 elementor-section-boxed elementor-section-height-default elementor-section-height-default\" data-id=\"198d136\" data-element_type=\"section\">\n\t\t\t\t\t\t<div class=\"elementor-container elementor-column-gap-default\">\n\t\t\t\t\t<div class=\"elementor-column elementor-col-100 elementor-top-column elementor-element elementor-element-f0d3f0e\" data-id=\"f0d3f0e\" data-element_type=\"column\">\n\t\t\t<div class=\"elementor-widget-wrap elementor-element-populated\">\n\t\t\t\t\t\t<div class=\"elementor-element elementor-element-f408dcc elementor-widget elementor-widget-text-editor\" data-id=\"f408dcc\" data-element_type=\"widget\" data-widget_type=\"text-editor.default\">\n\t\t\t\t<div class=\"elementor-widget-container\">\n\t\t\t\t\t\t\t\t\t<p><span style=\"font-size: 14pt\"><u><b>Solicitud de aclaraciones y procedimiento de reclamaciones (Resumen)<\/b><\/u><\/span><\/p><ol><li>Los padres, madres o quienes ejerzan la tutela legal del alumnado, podr\u00e1n solicitar las aclaraciones que consideren necesarias acerca de la evaluaci\u00f3n final del aprendizaje de sus hijos e hijas.<\/li><li>Las aclaraciones se realizar\u00e1n en los horarios establecidos para la tutor\u00eda con padres, madres o tutores legales.<\/li><li>Si, una vez recibidas las oportunas aclaraciones, los padres, madres o tutores legales del alumnado desean manifestar su disconformidad con el resultado de las evaluaciones o con las decisiones finales derivadas de las mismas, podr\u00e1n presentar una reclamaci\u00f3n ante la persona tutora. Para ello, deber\u00e1n solicitar por escrito la revisi\u00f3n de la calificaci\u00f3n o decisi\u00f3n correspondiente <strong>en un plazo m\u00e1ximo de dos d\u00edas h\u00e1biles<\/strong> a partir del momento en que \u00e9sta les haya sido comunicada.<\/li><li>Corresponder\u00e1 a la direcci\u00f3n del centro docente resolver de manera motivada las reclamaciones presentadas, previo informe del equipo educativo al respecto y comunicar dicha resoluci\u00f3n a las personas interesadas antes de la finalizaci\u00f3n del curso escolar.<\/li><li>Los modelos de reclamaciones a la evaluaci\u00f3n del alumnado est\u00e1n a disposici\u00f3n del interesado en la Web del Centro.<\/li><li>El Documento de Garant\u00edas Procedimentales de la Evaluaci\u00f3n se encuentra en el punto E. del Proyecto Educativo publicado en esta misma Web.<\/li><\/ol>\t\t\t\t\t\t\t\t<\/div>\n\t\t\t\t<\/div>\n\t\t\t\t\t<\/div>\n\t\t<\/div>\n\t\t\t\t\t<\/div>\n\t\t<\/section>\n\t\t\t\t<section class=\"elementor-section elementor-top-section elementor-element elementor-element-e9dcfa6 elementor-section-boxed elementor-section-height-default elementor-section-height-default\" data-id=\"e9dcfa6\" data-element_type=\"section\">\n\t\t\t\t\t\t<div class=\"elementor-container elementor-column-gap-default\">\n\t\t\t\t\t<div class=\"elementor-column elementor-col-100 elementor-top-column elementor-element elementor-element-52dd799\" data-id=\"52dd799\" data-element_type=\"column\">\n\t\t\t<div class=\"elementor-widget-wrap elementor-element-populated\">\n\t\t\t\t\t\t<div class=\"elementor-element elementor-element-00c2b5d elementor-widget-divider--view-line_icon elementor-view-default elementor-widget-divider--element-align-center elementor-widget elementor-widget-divider\" data-id=\"00c2b5d\" data-element_type=\"widget\" data-widget_type=\"divider.default\">\n\t\t\t\t<div class=\"elementor-widget-container\">\n\t\t\t\t\t\t\t<div class=\"elementor-divider\">\n\t\t\t<span class=\"elementor-divider-separator\">\n\t\t\t\t\t\t\t<div class=\"elementor-icon elementor-divider__element\">\n\t\t\t\t\t<i aria-hidden=\"true\" class=\"far fa-arrow-alt-circle-down\"><\/i><\/div>\n\t\t\t\t\t\t<\/span>\n\t\t<\/div>\n\t\t\t\t\t\t<\/div>\n\t\t\t\t<\/div>\n\t\t\t\t\t<\/div>\n\t\t<\/div>\n\t\t\t\t\t<\/div>\n\t\t<\/section>\n\t\t\t\t<section class=\"elementor-section elementor-top-section elementor-element elementor-element-5a5b1202 elementor-section-boxed elementor-section-height-default elementor-section-height-default\" data-id=\"5a5b1202\" data-element_type=\"section\">\n\t\t\t\t\t\t<div class=\"elementor-container elementor-column-gap-default\">\n\t\t\t\t\t<div class=\"elementor-column elementor-col-100 elementor-top-column elementor-element elementor-element-74324e93\" data-id=\"74324e93\" data-element_type=\"column\">\n\t\t\t<div class=\"elementor-widget-wrap elementor-element-populated\">\n\t\t\t\t\t\t<div class=\"elementor-element elementor-element-146b292a elementor-widget elementor-widget-text-editor\" data-id=\"146b292a\" data-element_type=\"widget\" data-widget_type=\"text-editor.default\">\n\t\t\t\t<div class=\"elementor-widget-container\">\n\t\t\t\t\t\t\t\t\t<p style=\"text-align: left\"><span style=\"font-size: 14pt\"><strong>Impresos GPE<\/strong><\/span><\/p><table style=\"width: 100%;border-collapse: collapse\" border=\"3\" cellpadding=\"3\"><tbody><tr><td style=\"width: 19.8485%;text-align: center\"><span style=\"font-size: 12pt\"><strong><span style=\"color: #000000\"><a style=\"color: #000000;font-family: 'Open Sans', sans-serif;font-style: normal;font-weight: 400;text-align: start\" href=\"https:\/\/drive.google.com\/open?id=1lWkpUmxeU5vgM9loDZrC5d6bIBXnNS1q&amp;authuser=aroman%40ceippuertademartos.es&amp;usp=drive_fs\" target=\"_blank\" rel=\"noopener noreferrer\">Anexo I<\/a><\/span><\/strong><\/span><\/td><td style=\"width: 19.8485%;text-align: center\"><span style=\"font-size: 12pt\"><strong><span style=\"color: #000000\"><a style=\"color: #000000;font-family: 'Open Sans', sans-serif;font-style: normal;font-weight: 400;text-align: start\" href=\"https:\/\/drive.google.com\/open?id=1Ndbngw6Jwdk1MM5RTynoK_C8XKBgr30s&amp;authuser=aroman%40ceippuertademartos.es&amp;usp=drive_fs\" target=\"_blank\" rel=\"noopener noreferrer\">Anexo II\u00a0<\/a><\/span><\/strong><\/span><\/td><td style=\"width: 20%;text-align: center\"><span style=\"font-size: 12pt\"><strong><span style=\"color: #000000\"><a style=\"color: #000000;font-family: 'Open Sans', sans-serif;font-style: normal;font-weight: 400;text-align: start\" href=\"https:\/\/drive.google.com\/open?id=1_FtnyyrpYYSJw4Y74cB4_PgPcwS1CCYu&amp;authuser=aroman%40ceippuertademartos.es&amp;usp=drive_fs\" target=\"_blank\" rel=\"noopener noreferrer\">Anexo III<\/a><\/span><\/strong><\/span><\/td><td style=\"width: 19.8485%;text-align: center\"><span style=\"font-size: 12pt\"><strong><span style=\"color: #000000\"><a style=\"color: #000000;font-family: 'Open Sans', sans-serif;font-style: normal;font-weight: 400;text-align: start\" href=\"https:\/\/drive.google.com\/open?id=1KfuINOC9Y9Og2AIdjO4LtaqcoLVDHYV5&amp;authuser=aroman%40ceippuertademartos.es&amp;usp=drive_fs\" target=\"_blank\" rel=\"noopener noreferrer\">Anexo IV\u00a0<\/a><\/span><\/strong><\/span><\/td><td style=\"width: 20%;text-align: center\"><span style=\"font-size: 12pt\"><strong><span style=\"color: #000000\"><a style=\"color: #000000;font-family: 'Open Sans', sans-serif;font-style: normal;font-weight: 400;text-align: start\" href=\"https:\/\/drive.google.com\/open?id=1U4F_-9t2BetJ3BwgxJayPduHZKe3i4sK&amp;authuser=aroman%40ceippuertademartos.es&amp;usp=drive_fs\" target=\"_blank\" rel=\"noopener noreferrer\">Anexo V<\/a><\/span><\/strong><\/span><\/td><\/tr><tr><td style=\"width: 19.8485%;text-align: center\"><span style=\"font-size: 12pt\"><strong><span style=\"color: #000000\"><a style=\"font-family: 'Open Sans', sans-serif;font-style: normal;font-weight: 400;text-align: start;color: #000000\" href=\"https:\/\/drive.google.com\/open?id=1xdhmABvmUUvyns_91BBYqG741bPGBnws&amp;authuser=aroman%40ceippuertademartos.es&amp;usp=drive_fs\" target=\"_blank\" rel=\"noopener noreferrer\">Anexo VI<\/a><\/span><\/strong><\/span><\/td><td style=\"width: 19.8485%;text-align: center\"><span style=\"font-size: 12pt\"><strong><span style=\"color: #000000\"><a style=\"color: #000000;font-family: 'Open Sans', sans-serif;font-style: normal;font-weight: 400;text-align: start\" href=\"https:\/\/drive.google.com\/open?id=1tGN4bg00UbRq-Bjse75K4amKN6AKz9IN&amp;authuser=aroman%40ceippuertademartos.es&amp;usp=drive_fs\" target=\"_blank\" rel=\"noopener noreferrer\">Anexo VII<\/a><\/span><\/strong><\/span><\/td><td style=\"width: 20%;text-align: center\"><span style=\"font-size: 12pt\"><strong><span style=\"color: #000000\"><a style=\"color: #000000;font-family: 'Open Sans', sans-serif;font-style: normal;font-weight: 400;text-align: start\" href=\"https:\/\/drive.google.com\/open?id=1LjaWDRybhMqrvYsvy_-RtOTWp3EVQS-z&amp;authuser=aroman%40ceippuertademartos.es&amp;usp=drive_fs\" target=\"_blank\" rel=\"noopener noreferrer\">Anexo VIII<\/a><\/span><\/strong><\/span><\/td><td style=\"width: 19.8485%;text-align: center\"><span style=\"font-size: 12pt\"><strong><span style=\"color: #000000\"><a style=\"color: #000000;font-family: 'Open Sans', sans-serif;font-style: normal;font-weight: 400;text-align: start\" href=\"https:\/\/drive.google.com\/open?id=1V84Qq8qKSYnpq5NQMjPsVX451fFxyBf4&amp;authuser=aroman%40ceippuertademartos.es&amp;usp=drive_fs\" target=\"_blank\" rel=\"noopener noreferrer\">Anexo IX<\/a><\/span><\/strong><\/span><\/td><td style=\"width: 20%;text-align: center\">\u00a0<\/td><\/tr><\/tbody><\/table>\t\t\t\t\t\t\t\t<\/div>\n\t\t\t\t<\/div>\n\t\t\t\t\t<\/div>\n\t\t<\/div>\n\t\t\t\t\t<\/div>\n\t\t<\/section>\n\t\t\t\t<\/div>\n\t\t","protected":false},"excerpt":{"rendered":"<p>Solicitud de aclaraciones y procedimiento de reclamaciones (Resumen) Los padres, madres o quienes ejerzan la tutela legal del alumnado, podr\u00e1n solicitar las aclaraciones que consideren necesarias acerca de la evaluaci\u00f3n final del aprendizaje de sus hijos e hijas. Las aclaraciones se realizar\u00e1n en los horarios establecidos para la tutor\u00eda con padres, madres o tutores legales. &hellip; <\/p>\n<p><a class=\"more-link btn\" href=\"https:\/\/blogsaverroes.juntadeandalucia.es\/puertademartos\/impresos-gpe\/\">Seguir leyendo<\/a><\/p>\n","protected":false},"author":626,"featured_media":0,"parent":0,"menu_order":0,"comment_status":"closed","ping_status":"closed","template":"","meta":{"ngg_post_thumbnail":0,"footnotes":""},"aioseo_notices":[],"_links":{"self":[{"href":"https:\/\/blogsaverroes.juntadeandalucia.es\/puertademartos\/wp-json\/wp\/v2\/pages\/3941"}],"collection":[{"href":"https:\/\/blogsaverroes.juntadeandalucia.es\/puertademartos\/wp-json\/wp\/v2\/pages"}],"about":[{"href":"https:\/\/blogsaverroes.juntadeandalucia.es\/puertademartos\/wp-json\/wp\/v2\/types\/page"}],"author":[{"embeddable":true,"href":"https:\/\/blogsaverroes.juntadeandalucia.es\/puertademartos\/wp-json\/wp\/v2\/users\/626"}],"replies":[{"embeddable":true,"href":"https:\/\/blogsaverroes.juntadeandalucia.es\/puertademartos\/wp-json\/wp\/v2\/comments?post=3941"}],"version-history":[{"count":13,"href":"https:\/\/blogsaverroes.juntadeandalucia.es\/puertademartos\/wp-json\/wp\/v2\/pages\/3941\/revisions"}],"predecessor-version":[{"id":4020,"href":"https:\/\/blogsaverroes.juntadeandalucia.es\/puertademartos\/wp-json\/wp\/v2\/pages\/3941\/revisions\/4020"}],"wp:attachment":[{"href":"https:\/\/blogsaverroes.juntadeandalucia.es\/puertademartos\/wp-json\/wp\/v2\/media?parent=3941"}],"curies":[{"name":"wp","href":"https:\/\/api.w.org\/{rel}","templated":true}]}}