{"id":1941,"date":"2018-08-06T06:25:24","date_gmt":"2018-08-06T06:25:24","guid":{"rendered":"https:\/\/themify.me\/demo\/themes\/ultra-education\/?page_id=6"},"modified":"2025-04-09T10:45:06","modified_gmt":"2025-04-09T10:45:06","slug":"home","status":"publish","type":"page","link":"https:\/\/blogsaverroes.juntadeandalucia.es\/puntosdevida\/","title":{"rendered":"Ve al inicio"},"content":{"rendered":"<!--themify_builder_content-->\n<div id=\"themify_builder_content-1941\" data-postid=\"1941\" class=\"themify_builder_content themify_builder_content-1941 themify_builder tf_clear\">\n                    <div  data-css_id=\"wgly773\" data-lazy=\"1\" class=\"module_row themify_builder_row fullwidth tb_wgly773 tb_first tf_w\">\n                        <div class=\"row_inner col_align_top tb_col_count_1 tf_box tf_rel\">\n                        <div  data-lazy=\"1\" class=\"module_column tb-column col-full tb_u7fd773 first\">\n                    <!-- module image -->\n<div  class=\"module module-image tb_renb38 image-center   tf_mw\" data-lazy=\"1\">\n        <div class=\"image-wrap tf_rel tf_mw\">\n            <img loading=\"lazy\" decoding=\"async\" src=\"https:\/\/blogsaverroes.juntadeandalucia.es\/puntosdevida\/files\/2020\/09\/Logo_PdeV-600x193.png\" width=\"600\" height=\"193\" class=\"wp-post-image wp-image-14\" title=\"Logo_PdeV\" alt=\"Logo_PdeV\" srcset=\"https:\/\/blogsaverroes.juntadeandalucia.es\/puntosdevida\/files\/2020\/09\/Logo_PdeV-600x193.png 600w, https:\/\/blogsaverroes.juntadeandalucia.es\/puntosdevida\/files\/2020\/09\/Logo_PdeV-300x97.png 300w, https:\/\/blogsaverroes.juntadeandalucia.es\/puntosdevida\/files\/2020\/09\/Logo_PdeV-1024x330.png 1024w, https:\/\/blogsaverroes.juntadeandalucia.es\/puntosdevida\/files\/2020\/09\/Logo_PdeV-768x248.png 768w, https:\/\/blogsaverroes.juntadeandalucia.es\/puntosdevida\/files\/2020\/09\/Logo_PdeV-1536x495.png 1536w, https:\/\/blogsaverroes.juntadeandalucia.es\/puntosdevida\/files\/2020\/09\/Logo_PdeV-2048x660.png 2048w, https:\/\/blogsaverroes.juntadeandalucia.es\/puntosdevida\/files\/2020\/09\/Logo_PdeV-24x8.png 24w, https:\/\/blogsaverroes.juntadeandalucia.es\/puntosdevida\/files\/2020\/09\/Logo_PdeV-36x12.png 36w, https:\/\/blogsaverroes.juntadeandalucia.es\/puntosdevida\/files\/2020\/09\/Logo_PdeV-48x15.png 48w, https:\/\/blogsaverroes.juntadeandalucia.es\/puntosdevida\/files\/2020\/09\/Logo_PdeV-1085x350.png 1085w, https:\/\/blogsaverroes.juntadeandalucia.es\/puntosdevida\/files\/2020\/09\/Logo_PdeV-620x200.png 620w, https:\/\/blogsaverroes.juntadeandalucia.es\/puntosdevida\/files\/2020\/09\/Logo_PdeV-650x209.png 650w\" sizes=\"(max-width: 600px) 100vw, 600px\" \/>    \n        <\/div>\n    <!-- \/image-wrap -->\n    \n        <\/div>\n<!-- \/module image -->        <\/div>\n                        <\/div>\n        <\/div>\n                        <div  data-css_id=\"8wrf870\" data-lazy=\"1\" class=\"module_row themify_builder_row fullheight fullwidth tb_8wrf870 tf_w\">\n                        <div class=\"row_inner col_align_middle gutter-none tb_col_count_4 tf_box tf_rel\">\n                        <div  data-lazy=\"1\" class=\"module_column tb-column col4-1 tb_z32y870 first\">\n        <span class=\"builder_row_cover tf_abs\"><\/span>            <!-- module text -->\n<div  class=\"module module-text tb_9dm6871    wow\" data-tf-animation=\"fadeInDownBig\" data-lazy=\"1\">\n        <div  class=\"tb_text_wrap\">\n        <p style=\"text-align: center\"><strong><span style=\"font-size: 18pt\">Sostenibilidad y Regeneraci\u00f3n Ambiental<\/span><\/strong><\/p>    <\/div>\n<\/div>\n<!-- \/module text --><!-- module buttons -->\n<div  class=\"module module-buttons tb_b5oj871 buttons-horizontal outline  \" data-lazy=\"1\">\n        <div class=\"module-buttons-item tf_in_flx\">\n                        <a href=\"https:\/\/blogsaverroes.juntadeandalucia.es\/puntosdevida\/category\/pdv-verdes\/\" class=\"ui builder_button tf_in_flx tb_default_color\" >\n                                                Saber m\u00e1s                                        <\/a>\n                <\/div>\n            <\/div>\n<!-- \/module buttons -->\n        <\/div>\n                    <div  data-lazy=\"1\" class=\"module_column tb-column col4-1 tb_zdy2871\">\n        <span class=\"builder_row_cover tf_abs\"><\/span>            <!-- module text -->\n<div  class=\"module module-text tb_63yb871    wow\" data-tf-animation=\"fadeInDownBig\" data-lazy=\"1\">\n        <div  class=\"tb_text_wrap\">\n        <p style=\"text-align: center\"><strong><span style=\"font-size: 18pt\">Patrimonio y Memoria Hist\u00f3rica<\/span><\/strong><\/p>    <\/div>\n<\/div>\n<!-- \/module text --><!-- module buttons -->\n<div  class=\"module module-buttons tb_qaap871 buttons-horizontal outline  \" data-lazy=\"1\">\n        <div class=\"module-buttons-item tf_in_flx\">\n                        <a href=\"https:\/\/blogsaverroes.juntadeandalucia.es\/puntosdevida\/category\/punto-de-vida-naranja-patrimonio-y-memoria-historica\/\" class=\"ui builder_button tf_in_flx tb_default_color\" >\n                                                Saber m\u00e1s                                        <\/a>\n                <\/div>\n            <\/div>\n<!-- \/module buttons -->\n        <\/div>\n                    <div  data-lazy=\"1\" class=\"module_column tb-column col4-1 tb_e6u1871\">\n        <span class=\"builder_row_cover tf_abs\"><\/span>            <!-- module text -->\n<div  class=\"module module-text tb_uo5i871    wow\" data-tf-animation=\"fadeInDownBig\" data-lazy=\"1\">\n        <div  class=\"tb_text_wrap\">\n        <p style=\"text-align: center\"><strong><span style=\"font-size: 18pt\">Diversidad y Equidad<\/span><\/strong><\/p>    <\/div>\n<\/div>\n<!-- \/module text --><!-- module buttons -->\n<div  class=\"module module-buttons tb_gt0u872 buttons-horizontal outline  \" data-lazy=\"1\">\n        <div class=\"module-buttons-item tf_in_flx\">\n                        <a href=\"https:\/\/blogsaverroes.juntadeandalucia.es\/puntosdevida\/category\/pdv-arcoiris\/\" class=\"ui builder_button tf_in_flx tb_default_color\" >\n                                                Saber m\u00e1s                                        <\/a>\n                <\/div>\n            <\/div>\n<!-- \/module buttons -->\n        <\/div>\n                    <div  data-lazy=\"1\" class=\"module_column tb-column col4-1 tb_m2w6872 last\">\n        <span class=\"builder_row_cover tf_abs\"><\/span>            <!-- module text -->\n<div  class=\"module module-text tb_kuxd872    wow\" data-tf-animation=\"fadeInDownBig\" data-lazy=\"1\">\n        <div  class=\"tb_text_wrap\">\n        <p style=\"text-align: center\"><strong><span style=\"font-size: 18pt\">Bienestar y Salud Comunitaria<\/span><\/strong><\/p>    <\/div>\n<\/div>\n<!-- \/module text --><!-- module buttons -->\n<div  class=\"module module-buttons tb_bkb4872 buttons-horizontal outline  \" data-lazy=\"1\">\n        <div class=\"module-buttons-item tf_in_flx\">\n                        <a href=\"https:\/\/blogsaverroes.juntadeandalucia.es\/puntosdevida\/category\/pdv-amarillo\/\" class=\"ui builder_button tf_in_flx tb_default_color\" >\n                                                Saber m\u00e1s                                        <\/a>\n                <\/div>\n            <\/div>\n<!-- \/module buttons -->\n        <\/div>\n                        <\/div>\n        <\/div>\n        <\/div>\n<!--\/themify_builder_content-->&nbsp;<\/p>\n<p>&nbsp;<\/p>","protected":false},"excerpt":{"rendered":"<p>Sostenibilidad y Regeneraci\u00f3n Ambiental Saber m\u00e1s Patrimonio y Memoria Hist\u00f3rica Saber m\u00e1s Diversidad y Equidad Saber m\u00e1s Bienestar y Salud Comunitaria Saber m\u00e1s &nbsp; &nbsp;<\/p>\n","protected":false},"author":4031,"featured_media":0,"parent":0,"menu_order":0,"comment_status":"closed","ping_status":"closed","template":"","meta":{"ngg_post_thumbnail":0,"footnotes":""},"aioseo_notices":[],"_links":{"self":[{"href":"https:\/\/blogsaverroes.juntadeandalucia.es\/puntosdevida\/wp-json\/wp\/v2\/pages\/1941"}],"collection":[{"href":"https:\/\/blogsaverroes.juntadeandalucia.es\/puntosdevida\/wp-json\/wp\/v2\/pages"}],"about":[{"href":"https:\/\/blogsaverroes.juntadeandalucia.es\/puntosdevida\/wp-json\/wp\/v2\/types\/page"}],"author":[{"embeddable":true,"href":"https:\/\/blogsaverroes.juntadeandalucia.es\/puntosdevida\/wp-json\/wp\/v2\/users\/4031"}],"replies":[{"embeddable":true,"href":"https:\/\/blogsaverroes.juntadeandalucia.es\/puntosdevida\/wp-json\/wp\/v2\/comments?post=1941"}],"version-history":[{"count":29,"href":"https:\/\/blogsaverroes.juntadeandalucia.es\/puntosdevida\/wp-json\/wp\/v2\/pages\/1941\/revisions"}],"predecessor-version":[{"id":2387,"href":"https:\/\/blogsaverroes.juntadeandalucia.es\/puntosdevida\/wp-json\/wp\/v2\/pages\/1941\/revisions\/2387"}],"wp:attachment":[{"href":"https:\/\/blogsaverroes.juntadeandalucia.es\/puntosdevida\/wp-json\/wp\/v2\/media?parent=1941"}],"curies":[{"name":"wp","href":"https:\/\/api.w.org\/{rel}","templated":true}]}}