{"id":35,"date":"2020-01-09T12:42:54","date_gmt":"2020-01-09T11:42:54","guid":{"rendered":"http:\/\/blogsaverroes.juntadeandalucia.es\/pre\/nuevoceip2v2\/?page_id=35"},"modified":"2023-04-28T09:38:42","modified_gmt":"2023-04-28T08:38:42","slug":"biblioteca","status":"publish","type":"page","link":"https:\/\/blogsaverroes.juntadeandalucia.es\/purisimaconcepcion\/biblioteca\/","title":{"rendered":"Biblioteca"},"content":{"rendered":"<p>[et_pb_section fb_built=&#8221;1&#8243; _builder_version=&#8221;3.23.3&#8243; custom_padding=&#8221;0px||0px|&#8221; z_index_tablet=&#8221;500&#8243; box_shadow_horizontal_tablet=&#8221;0px&#8221; box_shadow_vertical_tablet=&#8221;0px&#8221; box_shadow_blur_tablet=&#8221;40px&#8221; box_shadow_spread_tablet=&#8221;0px&#8221; global_colors_info=&#8221;{}&#8221;][et_pb_row _builder_version=&#8221;3.25&#8243; background_size=&#8221;initial&#8221; background_position=&#8221;top_left&#8221; background_repeat=&#8221;repeat&#8221; global_colors_info=&#8221;{}&#8221;][et_pb_column type=&#8221;4_4&#8243; _builder_version=&#8221;3.25&#8243; custom_padding=&#8221;|||&#8221; global_colors_info=&#8221;{}&#8221; custom_padding__hover=&#8221;|||&#8221;][et_pb_image src=&#8221;https:\/\/blogsaverroes.juntadeandalucia.es\/purisimaconcepcion\/files\/2020\/01\/cabecera-interior-4.jpg&#8221; title_text=&#8221;cabecera-interior-4&#8243; admin_label=&#8221;Imagen de la portada&#8221; _builder_version=&#8221;4.5.0&#8243; z_index_tablet=&#8221;500&#8243; box_shadow_horizontal_tablet=&#8221;0px&#8221; box_shadow_vertical_tablet=&#8221;0px&#8221; box_shadow_blur_tablet=&#8221;40px&#8221; box_shadow_spread_tablet=&#8221;0px&#8221; global_colors_info=&#8221;{}&#8221;][\/et_pb_image][et_pb_text admin_label=&#8221;Texto descriptivo&#8221; _builder_version=&#8221;4.5.0&#8243; z_index_tablet=&#8221;500&#8243; text_text_shadow_horizontal_length_tablet=&#8221;0px&#8221; text_text_shadow_vertical_length_tablet=&#8221;0px&#8221; text_text_shadow_blur_strength_tablet=&#8221;1px&#8221; link_text_shadow_horizontal_length_tablet=&#8221;0px&#8221; link_text_shadow_vertical_length_tablet=&#8221;0px&#8221; link_text_shadow_blur_strength_tablet=&#8221;1px&#8221; ul_text_shadow_horizontal_length_tablet=&#8221;0px&#8221; ul_text_shadow_vertical_length_tablet=&#8221;0px&#8221; ul_text_shadow_blur_strength_tablet=&#8221;1px&#8221; ol_text_shadow_horizontal_length_tablet=&#8221;0px&#8221; ol_text_shadow_vertical_length_tablet=&#8221;0px&#8221; ol_text_shadow_blur_strength_tablet=&#8221;1px&#8221; quote_text_shadow_horizontal_length_tablet=&#8221;0px&#8221; quote_text_shadow_vertical_length_tablet=&#8221;0px&#8221; quote_text_shadow_blur_strength_tablet=&#8221;1px&#8221; header_text_shadow_horizontal_length_tablet=&#8221;0px&#8221; header_text_shadow_vertical_length_tablet=&#8221;0px&#8221; header_text_shadow_blur_strength_tablet=&#8221;1px&#8221; header_2_text_shadow_horizontal_length_tablet=&#8221;0px&#8221; header_2_text_shadow_vertical_length_tablet=&#8221;0px&#8221; header_2_text_shadow_blur_strength_tablet=&#8221;1px&#8221; header_3_text_shadow_horizontal_length_tablet=&#8221;0px&#8221; header_3_text_shadow_vertical_length_tablet=&#8221;0px&#8221; header_3_text_shadow_blur_strength_tablet=&#8221;1px&#8221; header_4_text_shadow_horizontal_length_tablet=&#8221;0px&#8221; header_4_text_shadow_vertical_length_tablet=&#8221;0px&#8221; header_4_text_shadow_blur_strength_tablet=&#8221;1px&#8221; header_5_text_shadow_horizontal_length_tablet=&#8221;0px&#8221; header_5_text_shadow_vertical_length_tablet=&#8221;0px&#8221; header_5_text_shadow_blur_strength_tablet=&#8221;1px&#8221; header_6_text_shadow_horizontal_length_tablet=&#8221;0px&#8221; header_6_text_shadow_vertical_length_tablet=&#8221;0px&#8221; header_6_text_shadow_blur_strength_tablet=&#8221;1px&#8221; box_shadow_horizontal_tablet=&#8221;0px&#8221; box_shadow_vertical_tablet=&#8221;0px&#8221; box_shadow_blur_tablet=&#8221;40px&#8221; box_shadow_spread_tablet=&#8221;0px&#8221; global_colors_info=&#8221;{}&#8221;]<\/p>\n<h2>Biblioteca<\/h2>\n<p>En nuestro centro la biblioteca tiene un papel fundamental, ya que en estas edades tan tempranas se empieza el encuentro con la lecto-escritura. Tenemos que tener en cuenta que la realidad de nuestro centro es una <strong>Escuela de Infantil, <\/strong>donde las edades de nuestro alumnado va desde los 3 a\u00f1os hasta los 6, por tanto estos ni\u00f1os\/as todav\u00eda no saben leer, ni manejar un libro e incluso no les dan su valor. La labor nuestra m\u00e1s importante es la&nbsp; acercarlos a los libros y despertar en ellos la curiosidad hacia su contenido y su buen manejo, desarrollando as\u00ed su creatividad e inter\u00e9s hacia la lectura y abriendo el mundo de nuestra biblioteca escolar al resto del entorno escolar.<\/p>\n<p>&nbsp;<\/p>\n<p>Desde la biblioteca del centro se programan y\/o apoyan las <strong>actividades relacionadas con celebraciones <\/strong>anuales y el fomento de la lectura:<\/p>\n<ul>\n<li><strong>Navidad:<\/strong> Buscaremos tem\u00e1tica navide\u00f1a por las Aulas, ya que no podemos romper nuestro grupo de convivencia.<\/li>\n<li><strong>D\u00eda del libro (23 de abril)<\/strong>: actividades de cuentacuentos y dramatizaci\u00f3n por parte del alumnado. El AMPA de alg\u00fan modo colaborara en el regalo de libros o alguna actividad que se acoja a normativa COVID. Tambi\u00e9n se realizara alguna actividad pl\u00e1stica para este d\u00eda referente al d\u00eda del libro (marcap\u00e1ginas, etc)<\/li>\n<\/ul>\n<p><strong><em>D\u00eda de la Constituci\u00f3n, D\u00eda de la Paz, D\u00eda de Andaluc\u00eda, Carnaval, D\u00eda de la Mujer Trabajadora (8 de marzo), D\u00eda del Medio Ambiente.<\/em><\/strong><\/p>\n<p>Aqu\u00ed ponemos algunas fotos de nuestra biblioteca:<\/p>\n<p><img loading=\"lazy\" decoding=\"async\" class=\"alignnone wp-image-730 size-large\" src=\"https:\/\/blogsaverroes.juntadeandalucia.es\/purisimaconcepcion\/files\/2021\/06\/WhatsApp-Image-2021-06-24-at-12.00.22-1-1024x461.jpeg\" alt=\"\" width=\"1024\" height=\"461\" srcset=\"https:\/\/blogsaverroes.juntadeandalucia.es\/purisimaconcepcion\/files\/2021\/06\/WhatsApp-Image-2021-06-24-at-12.00.22-1-980x441.jpeg 980w, https:\/\/blogsaverroes.juntadeandalucia.es\/purisimaconcepcion\/files\/2021\/06\/WhatsApp-Image-2021-06-24-at-12.00.22-1-480x216.jpeg 480w\" sizes=\"(min-width: 0px) and (max-width: 480px) 480px, (min-width: 481px) and (max-width: 980px) 980px, (min-width: 981px) 1024px, 100vw\" \/> <img loading=\"lazy\" decoding=\"async\" class=\"alignnone wp-image-731 size-large\" src=\"https:\/\/blogsaverroes.juntadeandalucia.es\/purisimaconcepcion\/files\/2021\/06\/WhatsApp-Image-2021-06-24-at-12.00.22-2-1024x461.jpeg\" alt=\"\" width=\"1024\" height=\"461\" srcset=\"https:\/\/blogsaverroes.juntadeandalucia.es\/purisimaconcepcion\/files\/2021\/06\/WhatsApp-Image-2021-06-24-at-12.00.22-2-980x441.jpeg 980w, https:\/\/blogsaverroes.juntadeandalucia.es\/purisimaconcepcion\/files\/2021\/06\/WhatsApp-Image-2021-06-24-at-12.00.22-2-480x216.jpeg 480w\" sizes=\"(min-width: 0px) and (max-width: 480px) 480px, (min-width: 481px) and (max-width: 980px) 980px, (min-width: 981px) 1024px, 100vw\" \/> <img loading=\"lazy\" decoding=\"async\" class=\"alignnone wp-image-732 size-large\" src=\"https:\/\/blogsaverroes.juntadeandalucia.es\/purisimaconcepcion\/files\/2021\/06\/WhatsApp-Image-2021-06-24-at-12.00.22-3-1024x604.jpeg\" alt=\"\" width=\"1024\" height=\"604\" srcset=\"https:\/\/blogsaverroes.juntadeandalucia.es\/purisimaconcepcion\/files\/2021\/06\/WhatsApp-Image-2021-06-24-at-12.00.22-3-980x578.jpeg 980w, https:\/\/blogsaverroes.juntadeandalucia.es\/purisimaconcepcion\/files\/2021\/06\/WhatsApp-Image-2021-06-24-at-12.00.22-3-480x283.jpeg 480w\" sizes=\"(min-width: 0px) and (max-width: 480px) 480px, (min-width: 481px) and (max-width: 980px) 980px, (min-width: 981px) 1024px, 100vw\" \/>&nbsp;<\/p>\n<p>&nbsp;<\/p>\n<p>[\/et_pb_text][\/et_pb_column][\/et_pb_row][\/et_pb_section]<\/p>\n","protected":false},"excerpt":{"rendered":"<p>Biblioteca En nuestro centro la biblioteca tiene un papel fundamental, ya que en estas edades tan tempranas se empieza el encuentro con la lecto-escritura. Tenemos que tener en cuenta que la realidad de nuestro centro es una Escuela de Infantil, donde las edades de nuestro alumnado va desde los 3 a\u00f1os hasta los 6, por [&hellip;]<\/p>\n","protected":false},"author":7051,"featured_media":1420,"parent":0,"menu_order":0,"comment_status":"closed","ping_status":"closed","template":"","meta":{"_et_pb_use_builder":"on","_et_pb_old_content":"","_et_gb_content_width":"","ngg_post_thumbnail":0,"footnotes":""},"aioseo_notices":[],"_links":{"self":[{"href":"https:\/\/blogsaverroes.juntadeandalucia.es\/purisimaconcepcion\/wp-json\/wp\/v2\/pages\/35"}],"collection":[{"href":"https:\/\/blogsaverroes.juntadeandalucia.es\/purisimaconcepcion\/wp-json\/wp\/v2\/pages"}],"about":[{"href":"https:\/\/blogsaverroes.juntadeandalucia.es\/purisimaconcepcion\/wp-json\/wp\/v2\/types\/page"}],"author":[{"embeddable":true,"href":"https:\/\/blogsaverroes.juntadeandalucia.es\/purisimaconcepcion\/wp-json\/wp\/v2\/users\/7051"}],"replies":[{"embeddable":true,"href":"https:\/\/blogsaverroes.juntadeandalucia.es\/purisimaconcepcion\/wp-json\/wp\/v2\/comments?post=35"}],"version-history":[{"count":4,"href":"https:\/\/blogsaverroes.juntadeandalucia.es\/purisimaconcepcion\/wp-json\/wp\/v2\/pages\/35\/revisions"}],"predecessor-version":[{"id":1422,"href":"https:\/\/blogsaverroes.juntadeandalucia.es\/purisimaconcepcion\/wp-json\/wp\/v2\/pages\/35\/revisions\/1422"}],"wp:featuredmedia":[{"embeddable":true,"href":"https:\/\/blogsaverroes.juntadeandalucia.es\/purisimaconcepcion\/wp-json\/wp\/v2\/media\/1420"}],"wp:attachment":[{"href":"https:\/\/blogsaverroes.juntadeandalucia.es\/purisimaconcepcion\/wp-json\/wp\/v2\/media?parent=35"}],"curies":[{"name":"wp","href":"https:\/\/api.w.org\/{rel}","templated":true}]}}