{"id":737,"date":"2021-06-24T11:12:25","date_gmt":"2021-06-24T10:12:25","guid":{"rendered":"https:\/\/blogsaverroes.juntadeandalucia.es\/purisimaconcepcion\/?page_id=737"},"modified":"2021-06-24T11:21:23","modified_gmt":"2021-06-24T10:21:23","slug":"plan-de-autoproteccion","status":"publish","type":"page","link":"https:\/\/blogsaverroes.juntadeandalucia.es\/purisimaconcepcion\/plan-de-autoproteccion\/","title":{"rendered":"Plan de Autoprotecci\u00f3n"},"content":{"rendered":"<p class=\"Predeterminado\" style=\"text-align: justify\"><span style=\"font-family: 'comic sans ms', sans-serif;font-size: 14pt\">El Plan de Autoprotecci\u00f3n del centro es el sistema de acciones y medidas adoptadas por los titulares o responsables de las actividades educativas p\u00fablicas o privadas, con sus propios medios y recursos, dentro de su \u00e1mbito de competencias, encaminadas a prevenir y controlar los riesgos sobre las personas y los bienes, a dar respuestas adecuadas a las posibles situaciones de emergencias y a garantizar la integraci\u00f3n de estas actuaciones en el sistema p\u00fablico de Protecci\u00f3n Civil. Por tanto, debe ser entendido como el conjunto de medidas organizativas que el centro dise\u00f1a y pone en pr\u00e1ctica, para planificar las actuaciones de seguridad tendentes a neutralizar accidentes y sus posibles consecuencias, hasta la llegada de las ayudas externas.<\/span><\/p>\n<p><span style=\"font-family: 'comic sans ms', sans-serif;font-size: 14pt\"><u>EQUIPO OPERATIVO<\/u><\/span><\/p>\n<p><span style=\"font-family: 'comic sans ms', sans-serif;font-size: 14pt\">JEFE O JEFA DE EMERGENCIAS (DIRECTOR\/A)<\/span><\/p>\n<p><span style=\"font-family: 'comic sans ms', sans-serif;font-size: 14pt\">JEFE O JEFA DE INTERVENCI\u00d3N (COORDINADOR\/A)<\/span><\/p>\n<p><span style=\"font-family: 'comic sans ms', sans-serif;font-size: 14pt\">RESPONSABLE DE CONTROL DE COMUNICACIONES (SECRETARIO\/A)<\/span><\/p>\n<p><span style=\"font-family: 'comic sans ms', sans-serif;font-size: 14pt\">RESPONSABLE DE DESCONECTAR LAS INSTALACIONES<\/span><\/p>\n<p><span style=\"font-family: 'comic sans ms', sans-serif;font-size: 14pt\"><strong>RESPONSABLE DE ABRIR Y CERRAR LAS PUERTAS<\/strong><\/span><\/p>\n<p>&nbsp;<\/p>\n","protected":false},"excerpt":{"rendered":"<p>El Plan de Autoprotecci\u00f3n del centro es el sistema de acciones y medidas adoptadas por los titulares o responsables de las actividades educativas p\u00fablicas o privadas, con sus propios medios y recursos, dentro de su \u00e1mbito de competencias, encaminadas a prevenir y controlar los riesgos sobre las personas y los bienes, a dar respuestas adecuadas [&hellip;]<\/p>\n","protected":false},"author":12558,"featured_media":0,"parent":0,"menu_order":0,"comment_status":"closed","ping_status":"closed","template":"","meta":{"_et_pb_use_builder":"","_et_pb_old_content":"","_et_gb_content_width":"","ngg_post_thumbnail":0,"footnotes":""},"aioseo_notices":[],"_links":{"self":[{"href":"https:\/\/blogsaverroes.juntadeandalucia.es\/purisimaconcepcion\/wp-json\/wp\/v2\/pages\/737"}],"collection":[{"href":"https:\/\/blogsaverroes.juntadeandalucia.es\/purisimaconcepcion\/wp-json\/wp\/v2\/pages"}],"about":[{"href":"https:\/\/blogsaverroes.juntadeandalucia.es\/purisimaconcepcion\/wp-json\/wp\/v2\/types\/page"}],"author":[{"embeddable":true,"href":"https:\/\/blogsaverroes.juntadeandalucia.es\/purisimaconcepcion\/wp-json\/wp\/v2\/users\/12558"}],"replies":[{"embeddable":true,"href":"https:\/\/blogsaverroes.juntadeandalucia.es\/purisimaconcepcion\/wp-json\/wp\/v2\/comments?post=737"}],"version-history":[{"count":3,"href":"https:\/\/blogsaverroes.juntadeandalucia.es\/purisimaconcepcion\/wp-json\/wp\/v2\/pages\/737\/revisions"}],"predecessor-version":[{"id":740,"href":"https:\/\/blogsaverroes.juntadeandalucia.es\/purisimaconcepcion\/wp-json\/wp\/v2\/pages\/737\/revisions\/740"}],"wp:attachment":[{"href":"https:\/\/blogsaverroes.juntadeandalucia.es\/purisimaconcepcion\/wp-json\/wp\/v2\/media?parent=737"}],"curies":[{"name":"wp","href":"https:\/\/api.w.org\/{rel}","templated":true}]}}