{"id":385,"date":"2018-01-15T17:17:21","date_gmt":"2018-01-15T17:17:21","guid":{"rendered":"https:\/\/blogsaverroes.juntadeandalucia.es\/quintoblabarrosa1718\/?page_id=385"},"modified":"2018-01-15T17:20:25","modified_gmt":"2018-01-15T17:20:25","slug":"tecnicas-de-estudio","status":"publish","type":"page","link":"https:\/\/blogsaverroes.juntadeandalucia.es\/quintoblabarrosa1718\/tecnicas-de-estudio\/","title":{"rendered":"T\u00c9CNICAS DE ESTUDIO"},"content":{"rendered":"<p>Aqu\u00ed os dejo la documentaci\u00f3n presentada en la reuni\u00f3n grupal sobre t\u00e9cnicas de estudio:<\/p>\n<p><a href=\"https:\/\/blogsaverroes.juntadeandalucia.es\/quintoblabarrosa1718\/files\/2018\/01\/01.-Comenzamos-plan-de-trabajo.pdf\">01.- Comenzamos &#8211; plan de trabajo<\/a><\/p>\n<p><a href=\"https:\/\/blogsaverroes.juntadeandalucia.es\/quintoblabarrosa1718\/files\/2018\/01\/02.-M\u00e9todos-de-estudio.pdf\">02.- M\u00e9todos de estudio<\/a><\/p>\n<p><a href=\"https:\/\/blogsaverroes.juntadeandalucia.es\/quintoblabarrosa1718\/files\/2018\/01\/03.-Cu\u00e1ndo-y-d\u00f3nde-estudiar.pdf\">03.- Cu\u00e1ndo y d\u00f3nde estudiar<\/a><\/p>\n<p><a href=\"https:\/\/blogsaverroes.juntadeandalucia.es\/quintoblabarrosa1718\/files\/2018\/01\/04.-C\u00f3mo-leer.pdf\">04.- C\u00f3mo leer<\/a><\/p>\n<p><a href=\"https:\/\/blogsaverroes.juntadeandalucia.es\/quintoblabarrosa1718\/files\/2018\/01\/05.-Extraemos-las-ideas.pdf\">05.- Extraemos las ideas<\/a><\/p>\n<p><a href=\"https:\/\/blogsaverroes.juntadeandalucia.es\/quintoblabarrosa1718\/files\/2018\/01\/06.-Ordenamos-las-ideas.pdf\">06.- Ordenamos las ideas<\/a><\/p>\n<p><a href=\"https:\/\/blogsaverroes.juntadeandalucia.es\/quintoblabarrosa1718\/files\/2018\/01\/07.-Retenci\u00f3n-de-datos.pdf\">07.- Retenci\u00f3n de datos<\/a><\/p>\n<p><a href=\"https:\/\/blogsaverroes.juntadeandalucia.es\/quintoblabarrosa1718\/files\/2018\/01\/08.-El-examen.pdf\">08.- El examen<\/a><\/p>\n<p><a href=\"https:\/\/blogsaverroes.juntadeandalucia.es\/quintoblabarrosa1718\/files\/2018\/01\/Horario-estudio-individual.doc\">Horario estudio individual<\/a><\/p>\n","protected":false},"excerpt":{"rendered":"<p>Aqu\u00ed os dejo la documentaci\u00f3n presentada en la reuni\u00f3n grupal sobre t\u00e9cnicas de estudio: 01.- Comenzamos &#8211; plan de trabajo 02.- M\u00e9todos de estudio 03.- Cu\u00e1ndo y d\u00f3nde estudiar 04.- C\u00f3mo leer 05.- Extraemos&#46;&#46;&#46;<\/p>\n","protected":false},"author":3873,"featured_media":0,"parent":0,"menu_order":0,"comment_status":"closed","ping_status":"closed","template":"","meta":{"ngg_post_thumbnail":0,"footnotes":""},"aioseo_notices":[],"_links":{"self":[{"href":"https:\/\/blogsaverroes.juntadeandalucia.es\/quintoblabarrosa1718\/wp-json\/wp\/v2\/pages\/385"}],"collection":[{"href":"https:\/\/blogsaverroes.juntadeandalucia.es\/quintoblabarrosa1718\/wp-json\/wp\/v2\/pages"}],"about":[{"href":"https:\/\/blogsaverroes.juntadeandalucia.es\/quintoblabarrosa1718\/wp-json\/wp\/v2\/types\/page"}],"author":[{"embeddable":true,"href":"https:\/\/blogsaverroes.juntadeandalucia.es\/quintoblabarrosa1718\/wp-json\/wp\/v2\/users\/3873"}],"replies":[{"embeddable":true,"href":"https:\/\/blogsaverroes.juntadeandalucia.es\/quintoblabarrosa1718\/wp-json\/wp\/v2\/comments?post=385"}],"version-history":[{"count":4,"href":"https:\/\/blogsaverroes.juntadeandalucia.es\/quintoblabarrosa1718\/wp-json\/wp\/v2\/pages\/385\/revisions"}],"predecessor-version":[{"id":400,"href":"https:\/\/blogsaverroes.juntadeandalucia.es\/quintoblabarrosa1718\/wp-json\/wp\/v2\/pages\/385\/revisions\/400"}],"wp:attachment":[{"href":"https:\/\/blogsaverroes.juntadeandalucia.es\/quintoblabarrosa1718\/wp-json\/wp\/v2\/media?parent=385"}],"curies":[{"name":"wp","href":"https:\/\/api.w.org\/{rel}","templated":true}]}}