{"id":667,"date":"2018-12-18T17:51:54","date_gmt":"2018-12-18T15:51:54","guid":{"rendered":"https:\/\/blogsaverroes.juntadeandalucia.es\/radiobonica\/?page_id=667"},"modified":"2019-03-20T09:35:33","modified_gmt":"2019-03-20T07:35:33","slug":"cuentame-un-cuento","status":"publish","type":"page","link":"https:\/\/blogsaverroes.juntadeandalucia.es\/radiobonica\/cuentame-un-cuento\/","title":{"rendered":"Cu\u00e9ntame un cuento"},"content":{"rendered":"<p style=\"text-align: justify\" lang=\"es-ES-u-co-trad\"><span lang=\"es-ES-u-co-trad\"><i>Pues s\u00ed. Lo admitimos. Nos gustan las palabras. Nos gusta ponerlas en un papel en blanco, unas detr\u00e1s de las otras. Y luego leerlas. Y nos gusta poner el cartel de \u201c S\u00e9 contar historias\u201d que nos regal\u00f3 la maestra \u00c1ngela y leerlas muy despacio y en voz alta a los dem\u00e1s en el silencio de nuestra clase.<\/i><\/span><\/p>\n<p lang=\"es-ES-u-co-trad\" align=\"justify\"><span lang=\"es-ES-u-co-trad\"><i>Todo empez\u00f3 un d\u00eda que la maestra Bel\u00e9n trajo a la clase un libro de Rodari. La maestra nos cont\u00f3 que Rodari hab\u00eda nacido en Italia: buscamos ese pa\u00eds en el mapa de la clase. Nos cont\u00f3 muchas m\u00e1s cosas de \u00e9l. Nos dijo que fue un revolucionario de la literatura .<\/i><\/span><\/p>\n<p lang=\"es-ES-u-co-trad\" align=\"justify\"><span lang=\"es-ES-u-co-trad\"><i>Nosotros no sab\u00edamos que era eso pero la maestra nos explico que Rodari hab\u00eda luchado por transformar el mundo con sus palabras. Eso nos gusto.<\/i><\/span><\/p>\n<p lang=\"es-ES-u-co-trad\" align=\"justify\"><span lang=\"es-ES-u-co-trad\"><i>Empezamos a leerlo en clase. La maestra abr\u00eda el libro, escog\u00eda un cuento y lo le\u00eda en voz alta Todos escuch\u00e1bamos muy atentos. Cada vez nos gustaba m\u00e1s: hab\u00eda edificios de helados, hab\u00eda una mujer que contaba estornudos, hab\u00eda un pa\u00eds sin esquinas, hab\u00eda un tiovivo en la orilla de un mar&#8230;<\/i><\/span><\/p>\n<p lang=\"es-ES-u-co-trad\" align=\"justify\"><span lang=\"es-ES-u-co-trad\"><i>Un d\u00eda la maestra nos dijo: ahora os toca a vosotros. Ahora vosotros sois los escritores.<\/i><\/span><\/p>\n<p lang=\"es-ES-u-co-trad\" align=\"justify\"><span lang=\"es-ES-u-co-trad\"><i>Y en ello estamos.<\/i><\/span><\/p>\n<p style=\"text-align: left\" lang=\"es-ES-u-co-trad\" align=\"right\"><strong><span style=\"text-decoration: underline\"><em><span lang=\"es-ES-u-co-trad\">Victoria y Nerea<\/span><\/em><\/span><\/strong><\/p>\n<p lang=\"es-ES-u-co-trad\" align=\"right\">&nbsp;<\/p>\n<p lang=\"es-ES-u-co-trad\" align=\"justify\"><span lang=\"es-ES-u-co-trad\">Trabajar en clase con las palabras, creer en su poder para transformar nuestra forma de pensar, trabajar la imaginaci\u00f3n guiados por los trucos de Rodari para descubrir el arte de inventar historias ha sido nuestro reto este a\u00f1o.<\/span><\/p>\n<p lang=\"es-ES-u-co-trad\" align=\"justify\"><span lang=\"es-ES-u-co-trad\">El alumnado de compensatoria reacio a escribir, desconfiado de su enorme potencial, ha sabido estar a la altura de aquella invitaci\u00f3n de Rodari que ped\u00eda a los ni\u00f1os y a los adultos que descubrieran <\/span><span lang=\"es-ES-u-co-trad\"><i>la capacidad de inventar mundos.<\/i><\/span><\/p>\n<p lang=\"es-ES-u-co-trad\" align=\"justify\"><span lang=\"es-ES-u-co-trad\">Estos mundos descubiertos son de ellos y de ellas.<\/span><\/p>\n<p lang=\"es-ES-u-co-trad\" align=\"justify\"><span lang=\"es-ES-u-co-trad\">Ojos brillantes que corren con su l\u00e1piz tras una idea que no van a dejar escapar.<\/span><\/p>\n<p lang=\"es-ES-u-co-trad\" align=\"justify\"><span lang=\"es-ES-u-co-trad\">Este es su trabajo: la imaginaci\u00f3n que crea y transforma.<\/span><\/p>\n<p lang=\"es-ES-u-co-trad\" align=\"justify\"><span lang=\"es-ES-u-co-trad\">Mio es el aprendizaje.<\/span><\/p>\n<p style=\"text-align: justify\" lang=\"es-ES-u-co-trad\" align=\"justify\"><span lang=\"es-ES-u-co-trad\">Estos ni\u00f1os y ni\u00f1as me han ense\u00f1ado que la imaginaci\u00f3n debe ocupar un lugar en la educaci\u00f3n y que cuando <\/span><span lang=\"es-ES-u-co-trad\"><i>inventamos<\/i><\/span><span lang=\"es-ES-u-co-trad\"> historias no lo hacemos para huir de la realidad y s\u00ed para acercarnos a ella.<\/span><\/p>\n<p style=\"text-align: justify\" lang=\"es-ES-u-co-trad\" align=\"justify\"><span lang=\"es-ES-u-co-trad\">Gracias a la maestra \u00c1ngela por ense\u00f1arnos tanto y tan bien.<\/span><\/p>\n<p style=\"text-align: justify\" lang=\"es-ES-u-co-trad\" align=\"justify\"><span lang=\"es-ES-u-co-trad\">Y gracias al maestro Antonio por dar voz a quienes m\u00e1s lo necesitan.<\/span><\/p>\n<p style=\"text-align: justify\" lang=\"es-ES-u-co-trad\" align=\"justify\"><em><strong><span style=\"text-decoration: underline\"><span lang=\"es-ES-u-co-trad\">Bel\u00e9n Arroyo<\/span><\/span><\/strong><\/em><\/p>\n<hr>\n<p lang=\"es-ES-u-co-trad\" align=\"justify\"><strong>Nerea Cort\u00e9s Fajardo<\/strong><\/p>\n<p lang=\"es-ES-u-co-trad\" align=\"justify\"><em>\u00abLa historia de mi abuela\u00bb<\/em><\/p>\n<!--[if lt IE 9]><script>document.createElement('audio');<\/script><![endif]-->\n<audio class=\"wp-audio-shortcode\" id=\"audio-667-1\" preload=\"none\" style=\"width: 100%;\" controls=\"controls\"><source type=\"audio\/mpeg\" src=\"https:\/\/blogsaverroes.juntadeandalucia.es\/radiobonica\/files\/2018\/12\/Nerea.mp3?_=1\" \/><a href=\"https:\/\/blogsaverroes.juntadeandalucia.es\/radiobonica\/files\/2018\/12\/Nerea.mp3\">https:\/\/blogsaverroes.juntadeandalucia.es\/radiobonica\/files\/2018\/12\/Nerea.mp3<\/a><\/audio>\n<hr>\n<p><strong>Nerea Cort\u00e9s Fajardo<\/strong><\/p>\n<p><em>\u00abMi sue\u00f1o hecho realidad\u00bb<\/em><\/p>\n<audio class=\"wp-audio-shortcode\" id=\"audio-667-2\" preload=\"none\" style=\"width: 100%;\" controls=\"controls\"><source type=\"audio\/mpeg\" src=\"https:\/\/blogsaverroes.juntadeandalucia.es\/radiobonica\/files\/2018\/12\/Nerea2.mp3?_=2\" \/><a href=\"https:\/\/blogsaverroes.juntadeandalucia.es\/radiobonica\/files\/2018\/12\/Nerea2.mp3\">https:\/\/blogsaverroes.juntadeandalucia.es\/radiobonica\/files\/2018\/12\/Nerea2.mp3<\/a><\/audio>\n<hr>\n<p><strong>Victoria Campos Fern\u00e1ndez<\/strong><\/p>\n<p><em>\u00abElectripotencia al pesto\u00bb<\/em><\/p>\n<audio class=\"wp-audio-shortcode\" id=\"audio-667-3\" preload=\"none\" style=\"width: 100%;\" controls=\"controls\"><source type=\"audio\/mpeg\" src=\"https:\/\/blogsaverroes.juntadeandalucia.es\/radiobonica\/files\/2018\/12\/Victoria.mp3?_=3\" \/><a href=\"https:\/\/blogsaverroes.juntadeandalucia.es\/radiobonica\/files\/2018\/12\/Victoria.mp3\">https:\/\/blogsaverroes.juntadeandalucia.es\/radiobonica\/files\/2018\/12\/Victoria.mp3<\/a><\/audio>\n<hr>\n<p><strong>Victoria Campos Fern\u00e1ndez<\/strong><\/p>\n<p><em>\u00abEl ordenador con vida\u00bb<\/em><\/p>\n<audio class=\"wp-audio-shortcode\" id=\"audio-667-4\" preload=\"none\" style=\"width: 100%;\" controls=\"controls\"><source type=\"audio\/mpeg\" src=\"https:\/\/blogsaverroes.juntadeandalucia.es\/radiobonica\/files\/2018\/12\/Victoria2.mp3?_=4\" \/><a href=\"https:\/\/blogsaverroes.juntadeandalucia.es\/radiobonica\/files\/2018\/12\/Victoria2.mp3\">https:\/\/blogsaverroes.juntadeandalucia.es\/radiobonica\/files\/2018\/12\/Victoria2.mp3<\/a><\/audio>\n<hr>\n<p><strong>Mar\u00eda del Carmen Fern\u00e1ndez Moreillo<\/strong><\/p>\n<p><em>\u00abEl espejo de la casa\u00bb<\/em><\/p>\n<audio class=\"wp-audio-shortcode\" id=\"audio-667-5\" preload=\"none\" style=\"width: 100%;\" controls=\"controls\"><source type=\"audio\/mpeg\" src=\"https:\/\/blogsaverroes.juntadeandalucia.es\/radiobonica\/files\/2018\/12\/Mar\u00eda-del-Carmen.mp3?_=5\" \/><a href=\"https:\/\/blogsaverroes.juntadeandalucia.es\/radiobonica\/files\/2018\/12\/Mar\u00eda-del-Carmen.mp3\">https:\/\/blogsaverroes.juntadeandalucia.es\/radiobonica\/files\/2018\/12\/Mar\u00eda-del-Carmen.mp3<\/a><\/audio>\n<hr>\n<p><strong>Coraima Gab\u00e1rrez Fajardo<\/strong><\/p>\n<p><em>\u00abLe tableau magique\u00bb<\/em><\/p>\n<audio class=\"wp-audio-shortcode\" id=\"audio-667-6\" preload=\"none\" style=\"width: 100%;\" controls=\"controls\"><source type=\"audio\/mpeg\" src=\"https:\/\/blogsaverroes.juntadeandalucia.es\/radiobonica\/files\/2018\/12\/Coraima2.mp3?_=6\" \/><a href=\"https:\/\/blogsaverroes.juntadeandalucia.es\/radiobonica\/files\/2018\/12\/Coraima2.mp3\">https:\/\/blogsaverroes.juntadeandalucia.es\/radiobonica\/files\/2018\/12\/Coraima2.mp3<\/a><\/audio>\n<hr>\n<p><strong>Coraima Gab\u00e1rrez Fajardo<\/strong><\/p>\n<p><em>\u00abLa pizarra m\u00e1gica\u00bb<\/em><\/p>\n<audio class=\"wp-audio-shortcode\" id=\"audio-667-7\" preload=\"none\" style=\"width: 100%;\" controls=\"controls\"><source type=\"audio\/mpeg\" src=\"https:\/\/blogsaverroes.juntadeandalucia.es\/radiobonica\/files\/2018\/12\/Coraima.mp3?_=7\" \/><a href=\"https:\/\/blogsaverroes.juntadeandalucia.es\/radiobonica\/files\/2018\/12\/Coraima.mp3\">https:\/\/blogsaverroes.juntadeandalucia.es\/radiobonica\/files\/2018\/12\/Coraima.mp3<\/a><\/audio>\n<hr>\n<p><strong>Nerea Cort\u00e9s Fajardo<\/strong><\/p>\n<p><em>\u00ab\u00bfPor qu\u00e9 los canguros tienen bolsa marsupial?<\/em><\/p>\n<audio class=\"wp-audio-shortcode\" id=\"audio-667-8\" preload=\"none\" style=\"width: 100%;\" controls=\"controls\"><source type=\"audio\/mpeg\" src=\"https:\/\/blogsaverroes.juntadeandalucia.es\/radiobonica\/files\/2018\/12\/Nerea-3.mp3?_=8\" \/><a href=\"https:\/\/blogsaverroes.juntadeandalucia.es\/radiobonica\/files\/2018\/12\/Nerea-3.mp3\">https:\/\/blogsaverroes.juntadeandalucia.es\/radiobonica\/files\/2018\/12\/Nerea-3.mp3<\/a><\/audio>\n<hr>\n<p><strong>Carmen Molina Fern\u00e1ndez<\/strong><\/p>\n<p><em>\u00abLa casa del viejo ba\u00fal\u00bb<\/em><\/p>\n<audio class=\"wp-audio-shortcode\" id=\"audio-667-9\" preload=\"none\" style=\"width: 100%;\" controls=\"controls\"><source type=\"audio\/mpeg\" src=\"https:\/\/blogsaverroes.juntadeandalucia.es\/radiobonica\/files\/2018\/12\/Carmen.mp3?_=9\" \/><a href=\"https:\/\/blogsaverroes.juntadeandalucia.es\/radiobonica\/files\/2018\/12\/Carmen.mp3\">https:\/\/blogsaverroes.juntadeandalucia.es\/radiobonica\/files\/2018\/12\/Carmen.mp3<\/a><\/audio>\n<hr>\n<p><strong>Francisco Roberto Mu\u00f1oz Cort\u00e9s<\/strong><\/p>\n<p><em>\u00abEl lavabo m\u00e1gico\u00bb<\/em><\/p>\n<audio class=\"wp-audio-shortcode\" id=\"audio-667-10\" preload=\"none\" style=\"width: 100%;\" controls=\"controls\"><source type=\"audio\/mpeg\" src=\"https:\/\/blogsaverroes.juntadeandalucia.es\/radiobonica\/files\/2018\/12\/El-lavabo-m\u00e1gico.mp3?_=10\" \/><a href=\"https:\/\/blogsaverroes.juntadeandalucia.es\/radiobonica\/files\/2018\/12\/El-lavabo-m\u00e1gico.mp3\">https:\/\/blogsaverroes.juntadeandalucia.es\/radiobonica\/files\/2018\/12\/El-lavabo-m\u00e1gico.mp3<\/a><\/audio>\n<hr>\n<p><strong>Victoria Campos Fern\u00e1ndez<\/strong><\/p>\n<p><em>\u00abDisertaci\u00f3n sobre el alma y la conciencia\u00bb<\/em><\/p>\n<audio class=\"wp-audio-shortcode\" id=\"audio-667-11\" preload=\"none\" style=\"width: 100%;\" controls=\"controls\"><source type=\"audio\/mpeg\" src=\"https:\/\/blogsaverroes.juntadeandalucia.es\/radiobonica\/files\/2018\/12\/disertaci\u00f3n.mp3?_=11\" \/><a href=\"https:\/\/blogsaverroes.juntadeandalucia.es\/radiobonica\/files\/2018\/12\/disertaci\u00f3n.mp3\">https:\/\/blogsaverroes.juntadeandalucia.es\/radiobonica\/files\/2018\/12\/disertaci\u00f3n.mp3<\/a><\/audio>\n<hr>\n<p><strong>Jos\u00e9 Mar\u00eda Rodr\u00edguez Maya<\/strong><\/p>\n<p><em>\u00abLos superminih\u00e9roes\u00bb<\/em><\/p>\n<audio class=\"wp-audio-shortcode\" id=\"audio-667-12\" preload=\"none\" style=\"width: 100%;\" controls=\"controls\"><source type=\"audio\/mpeg\" src=\"https:\/\/blogsaverroes.juntadeandalucia.es\/radiobonica\/files\/2018\/12\/Jos\u00e9-Maria.mp3?_=12\" \/><a href=\"https:\/\/blogsaverroes.juntadeandalucia.es\/radiobonica\/files\/2018\/12\/Jos\u00e9-Maria.mp3\">https:\/\/blogsaverroes.juntadeandalucia.es\/radiobonica\/files\/2018\/12\/Jos\u00e9-Maria.mp3<\/a><\/audio>\n<hr>\n<p><strong>Nerea Cort\u00e9s Fajardo<\/strong><\/p>\n<p><em>\u00abLos objetos m\u00e1gicos\u00bb<\/em><\/p>\n<audio class=\"wp-audio-shortcode\" id=\"audio-667-13\" preload=\"none\" style=\"width: 100%;\" controls=\"controls\"><source type=\"audio\/mpeg\" src=\"https:\/\/blogsaverroes.juntadeandalucia.es\/radiobonica\/files\/2018\/12\/Los-objetos-m\u00e1gicos.mp3?_=13\" \/><a href=\"https:\/\/blogsaverroes.juntadeandalucia.es\/radiobonica\/files\/2018\/12\/Los-objetos-m\u00e1gicos.mp3\">https:\/\/blogsaverroes.juntadeandalucia.es\/radiobonica\/files\/2018\/12\/Los-objetos-m\u00e1gicos.mp3<\/a><\/audio>\n","protected":false},"excerpt":{"rendered":"<p>Pues s\u00ed. Lo admitimos. Nos gustan las palabras. Nos gusta ponerlas en un papel en blanco, unas detr\u00e1s de las otras. Y luego leerlas. Y nos gusta poner el cartel de \u201c S\u00e9 contar&#46;&#46;&#46;<\/p>\n","protected":false},"author":3642,"featured_media":0,"parent":0,"menu_order":0,"comment_status":"closed","ping_status":"closed","template":"","meta":{"ngg_post_thumbnail":0,"footnotes":""},"aioseo_notices":[],"_links":{"self":[{"href":"https:\/\/blogsaverroes.juntadeandalucia.es\/radiobonica\/wp-json\/wp\/v2\/pages\/667"}],"collection":[{"href":"https:\/\/blogsaverroes.juntadeandalucia.es\/radiobonica\/wp-json\/wp\/v2\/pages"}],"about":[{"href":"https:\/\/blogsaverroes.juntadeandalucia.es\/radiobonica\/wp-json\/wp\/v2\/types\/page"}],"author":[{"embeddable":true,"href":"https:\/\/blogsaverroes.juntadeandalucia.es\/radiobonica\/wp-json\/wp\/v2\/users\/3642"}],"replies":[{"embeddable":true,"href":"https:\/\/blogsaverroes.juntadeandalucia.es\/radiobonica\/wp-json\/wp\/v2\/comments?post=667"}],"version-history":[{"count":16,"href":"https:\/\/blogsaverroes.juntadeandalucia.es\/radiobonica\/wp-json\/wp\/v2\/pages\/667\/revisions"}],"predecessor-version":[{"id":844,"href":"https:\/\/blogsaverroes.juntadeandalucia.es\/radiobonica\/wp-json\/wp\/v2\/pages\/667\/revisions\/844"}],"wp:attachment":[{"href":"https:\/\/blogsaverroes.juntadeandalucia.es\/radiobonica\/wp-json\/wp\/v2\/media?parent=667"}],"curies":[{"name":"wp","href":"https:\/\/api.w.org\/{rel}","templated":true}]}}