{"id":20,"date":"2024-10-10T19:23:20","date_gmt":"2024-10-10T17:23:20","guid":{"rendered":"https:\/\/blogsaverroes.juntadeandalucia.es\/radiosanful\/?page_id=20"},"modified":"2025-12-28T14:13:34","modified_gmt":"2025-12-28T13:13:34","slug":"quienes-somos","status":"publish","type":"page","link":"https:\/\/blogsaverroes.juntadeandalucia.es\/radiosanful\/quienes-somos\/","title":{"rendered":"Qui\u00e9nes somos"},"content":{"rendered":"\t\t<div data-elementor-type=\"wp-page\" data-elementor-id=\"20\" class=\"elementor elementor-20\">\n\t\t\t\t<div class=\"elementor-element elementor-element-a1882cc e-flex e-con-boxed e-con e-parent\" data-id=\"a1882cc\" data-element_type=\"container\">\n\t\t\t\t\t<div class=\"e-con-inner\">\n\t\t\t\t<div class=\"elementor-element elementor-element-0d7ca44 elementor-widget elementor-widget-heading\" data-id=\"0d7ca44\" data-element_type=\"widget\" data-widget_type=\"heading.default\">\n\t\t\t\t<div class=\"elementor-widget-container\">\n\t\t\t\t\t<h4 class=\"elementor-heading-title elementor-size-default\">QUI\u00c9NES SOMOS<\/h4>\t\t\t\t<\/div>\n\t\t\t\t<\/div>\n\t\t\t\t\t<\/div>\n\t\t\t\t<\/div>\n\t\t<div class=\"elementor-element elementor-element-7b83e25 e-flex e-con-boxed e-con e-parent\" data-id=\"7b83e25\" data-element_type=\"container\">\n\t\t\t\t\t<div class=\"e-con-inner\">\n\t\t<div class=\"elementor-element elementor-element-ec37a8a e-con-full e-flex e-con e-child\" data-id=\"ec37a8a\" data-element_type=\"container\">\n\t\t\t\t<div class=\"elementor-element elementor-element-9e43be4 elementor-widget elementor-widget-video\" data-id=\"9e43be4\" data-element_type=\"widget\" data-settings=\"{&quot;video_type&quot;:&quot;hosted&quot;,&quot;controls&quot;:&quot;yes&quot;}\" data-widget_type=\"video.default\">\n\t\t\t\t<div class=\"elementor-widget-container\">\n\t\t\t\t\t\t\t<div class=\"e-hosted-video elementor-wrapper elementor-open-inline\">\n\t\t\t\t\t<video class=\"elementor-video\" src=\"https:\/\/blogsaverroes.juntadeandalucia.es\/radiosanful\/files\/2024\/10\/Anuncio-radiosanful-youtube.mp4\" controls=\"\" preload=\"metadata\" controlsList=\"nodownload\" poster=\"https:\/\/blogsaverroes.juntadeandalucia.es\/radiosanful\/files\/2024\/10\/Prueba-01.png\"><\/video>\n\t\t\t\t<\/div>\n\t\t\t\t\t\t<\/div>\n\t\t\t\t<\/div>\n\t\t\t\t<\/div>\n\t\t<div class=\"elementor-element elementor-element-9e62408 e-con-full e-flex e-con e-child\" data-id=\"9e62408\" data-element_type=\"container\">\n\t\t\t\t<div class=\"elementor-element elementor-element-46a036a elementor-widget elementor-widget-text-editor\" data-id=\"46a036a\" data-element_type=\"widget\" data-widget_type=\"text-editor.default\">\n\t\t\t\t<div class=\"elementor-widget-container\">\n\t\t\t\t\t\t\t\t\t<p style=\"text-align: left\"><span style=\"font-size: 14pt;color: #003366\"><strong>Coordinaci\u00f3n del programa.<\/strong><\/span><\/p><p style=\"text-align: justify\"><span style=\"color: #000000\"><strong>Zayda Cort\u00e9s Ortega.<\/strong> <\/span>Profesora de Lengua Castellana y Literatura en el IES San Fulgencio de \u00c9cija. Compagina la ense\u00f1anza con el mundo audiovisual y las comunicaciones apostando por el talento de los m\u00e1s j\u00f3venes. Periodista de formaci\u00f3n, su proyecto <em>La Voz del SanFul<\/em> pasa por mostrar la diversidad de la comunidad educativa del Centro para dar voz a todo tipo de audiencias y que los estudiantes aprendan a contar historias tambi\u00e9n en formato audio y que se familiaricen con este lenguaje.<\/p>\t\t\t\t\t\t\t\t<\/div>\n\t\t\t\t<\/div>\n\t\t\t\t<\/div>\n\t\t\t\t\t<\/div>\n\t\t\t\t<\/div>\n\t\t<div class=\"elementor-element elementor-element-dfc9288 e-flex e-con-boxed e-con e-parent\" data-id=\"dfc9288\" data-element_type=\"container\">\n\t\t\t\t\t<div class=\"e-con-inner\">\n\t\t<div class=\"elementor-element elementor-element-6e0e530 e-con-full e-flex e-con e-child\" data-id=\"6e0e530\" data-element_type=\"container\">\n\t\t\t\t<div class=\"elementor-element elementor-element-e0a69f0 elementor-widget elementor-widget-text-editor\" data-id=\"e0a69f0\" data-element_type=\"widget\" data-widget_type=\"text-editor.default\">\n\t\t\t\t<div class=\"elementor-widget-container\">\n\t\t\t\t\t\t\t\t\t<p><span style=\"font-size: 14pt\"><strong><span style=\"color: #000000\">Colaboradores del programa:<\/span><br \/><\/strong><\/span><\/p><ul style=\"list-style-type: square\"><li><strong>Mario Carrasco Delgado<\/strong><strong>.<\/strong><\/li><li><strong>Profesorado del IES San Fulgencio<\/strong><strong>.<\/strong>\u00a0<\/li><li><strong>Alumnado del IES San Fulgencio.<\/strong><\/li><\/ul>\t\t\t\t\t\t\t\t<\/div>\n\t\t\t\t<\/div>\n\t\t\t\t<\/div>\n\t\t<div class=\"elementor-element elementor-element-4f2314f e-con-full e-flex e-con e-child\" data-id=\"4f2314f\" data-element_type=\"container\">\n\t\t\t\t<div class=\"elementor-element elementor-element-919f36a elementor-widget elementor-widget-image\" data-id=\"919f36a\" data-element_type=\"widget\" data-widget_type=\"image.default\">\n\t\t\t\t<div class=\"elementor-widget-container\">\n\t\t\t\t\t\t\t\t\t\t\t\t\t\t\t<img fetchpriority=\"high\" decoding=\"async\" width=\"300\" height=\"169\" src=\"https:\/\/blogsaverroes.juntadeandalucia.es\/radiosanful\/files\/2024\/10\/on-air-carrusel-300x169.png\" class=\"attachment-medium size-medium wp-image-111\" alt=\"\" srcset=\"https:\/\/blogsaverroes.juntadeandalucia.es\/radiosanful\/files\/2024\/10\/on-air-carrusel-300x169.png 300w, https:\/\/blogsaverroes.juntadeandalucia.es\/radiosanful\/files\/2024\/10\/on-air-carrusel.png 713w\" sizes=\"(max-width: 300px) 100vw, 300px\" \/>\t\t\t\t\t\t\t\t\t\t\t\t\t\t\t<\/div>\n\t\t\t\t<\/div>\n\t\t\t\t<\/div>\n\t\t\t\t\t<\/div>\n\t\t\t\t<\/div>\n\t\t<div class=\"elementor-element elementor-element-0dac191 e-flex e-con-boxed e-con e-parent\" data-id=\"0dac191\" data-element_type=\"container\">\n\t\t\t\t\t<div class=\"e-con-inner\">\n\t\t<div class=\"elementor-element elementor-element-6d7c635 e-con-full e-flex e-con e-child\" data-id=\"6d7c635\" data-element_type=\"container\">\n\t\t\t\t<div class=\"elementor-element elementor-element-ebd0916 elementor-widget elementor-widget-image\" data-id=\"ebd0916\" data-element_type=\"widget\" data-widget_type=\"image.default\">\n\t\t\t\t<div class=\"elementor-widget-container\">\n\t\t\t\t\t\t\t\t\t\t\t\t\t\t\t<img decoding=\"async\" width=\"534\" height=\"302\" src=\"https:\/\/blogsaverroes.juntadeandalucia.es\/radiosanful\/files\/2024\/12\/Imagen3.png\" class=\"attachment-large size-large wp-image-632\" alt=\"\" srcset=\"https:\/\/blogsaverroes.juntadeandalucia.es\/radiosanful\/files\/2024\/12\/Imagen3.png 534w, https:\/\/blogsaverroes.juntadeandalucia.es\/radiosanful\/files\/2024\/12\/Imagen3-300x170.png 300w\" sizes=\"(max-width: 534px) 100vw, 534px\" \/>\t\t\t\t\t\t\t\t\t\t\t\t\t\t\t<\/div>\n\t\t\t\t<\/div>\n\t\t\t\t<\/div>\n\t\t<div class=\"elementor-element elementor-element-3751803 e-con-full e-flex e-con e-child\" data-id=\"3751803\" data-element_type=\"container\">\n\t\t\t\t<div class=\"elementor-element elementor-element-f605f32 elementor-hidden-tablet elementor-hidden-mobile elementor-widget elementor-widget-image\" data-id=\"f605f32\" data-element_type=\"widget\" data-widget_type=\"image.default\">\n\t\t\t\t<div class=\"elementor-widget-container\">\n\t\t\t\t\t\t\t\t\t\t\t\t\t\t\t<img decoding=\"async\" width=\"843\" height=\"480\" src=\"https:\/\/blogsaverroes.juntadeandalucia.es\/radiosanful\/files\/2024\/12\/Imagen1.png\" class=\"attachment-large size-large wp-image-630\" alt=\"\" srcset=\"https:\/\/blogsaverroes.juntadeandalucia.es\/radiosanful\/files\/2024\/12\/Imagen1.png 884w, https:\/\/blogsaverroes.juntadeandalucia.es\/radiosanful\/files\/2024\/12\/Imagen1-300x171.png 300w, https:\/\/blogsaverroes.juntadeandalucia.es\/radiosanful\/files\/2024\/12\/Imagen1-768x437.png 768w\" sizes=\"(max-width: 843px) 100vw, 843px\" \/>\t\t\t\t\t\t\t\t\t\t\t\t\t\t\t<\/div>\n\t\t\t\t<\/div>\n\t\t\t\t<\/div>\n\t\t<div class=\"elementor-element elementor-element-d56135d e-con-full e-flex e-con e-child\" data-id=\"d56135d\" data-element_type=\"container\">\n\t\t\t\t<div class=\"elementor-element elementor-element-70cf986 elementor-hidden-tablet elementor-hidden-mobile elementor-widget elementor-widget-image\" data-id=\"70cf986\" data-element_type=\"widget\" data-widget_type=\"image.default\">\n\t\t\t\t<div class=\"elementor-widget-container\">\n\t\t\t\t\t\t\t\t\t\t\t\t\t\t\t<img loading=\"lazy\" decoding=\"async\" width=\"534\" height=\"300\" src=\"https:\/\/blogsaverroes.juntadeandalucia.es\/radiosanful\/files\/2024\/12\/Imagen2.png\" class=\"attachment-large size-large wp-image-631\" alt=\"\" srcset=\"https:\/\/blogsaverroes.juntadeandalucia.es\/radiosanful\/files\/2024\/12\/Imagen2.png 534w, https:\/\/blogsaverroes.juntadeandalucia.es\/radiosanful\/files\/2024\/12\/Imagen2-300x169.png 300w\" sizes=\"(max-width: 534px) 100vw, 534px\" \/>\t\t\t\t\t\t\t\t\t\t\t\t\t\t\t<\/div>\n\t\t\t\t<\/div>\n\t\t\t\t<\/div>\n\t\t<div class=\"elementor-element elementor-element-0a5533b e-con-full e-flex e-con e-child\" data-id=\"0a5533b\" data-element_type=\"container\">\n\t\t\t\t<div class=\"elementor-element elementor-element-91948d6 elementor-hidden-tablet elementor-hidden-mobile elementor-widget elementor-widget-image\" data-id=\"91948d6\" data-element_type=\"widget\" data-widget_type=\"image.default\">\n\t\t\t\t<div class=\"elementor-widget-container\">\n\t\t\t\t\t\t\t\t\t\t\t\t\t\t\t<img loading=\"lazy\" decoding=\"async\" width=\"534\" height=\"300\" src=\"https:\/\/blogsaverroes.juntadeandalucia.es\/radiosanful\/files\/2024\/12\/Imagen4.png\" class=\"attachment-large size-large wp-image-633\" alt=\"\" \/>\t\t\t\t\t\t\t\t\t\t\t\t\t\t\t<\/div>\n\t\t\t\t<\/div>\n\t\t\t\t<\/div>\n\t\t\t\t\t<\/div>\n\t\t\t\t<\/div>\n\t\t<div class=\"elementor-element elementor-element-4059831 e-flex e-con-boxed e-con e-parent\" data-id=\"4059831\" data-element_type=\"container\">\n\t\t\t\t\t<div class=\"e-con-inner\">\n\t\t\t\t<div class=\"elementor-element elementor-element-6f51a85 elementor-widget-divider--view-line elementor-widget elementor-widget-divider\" data-id=\"6f51a85\" data-element_type=\"widget\" data-widget_type=\"divider.default\">\n\t\t\t\t<div class=\"elementor-widget-container\">\n\t\t\t\t\t\t\t<div class=\"elementor-divider\">\n\t\t\t<span class=\"elementor-divider-separator\">\n\t\t\t\t\t\t<\/span>\n\t\t<\/div>\n\t\t\t\t\t\t<\/div>\n\t\t\t\t<\/div>\n\t\t\t\t\t<\/div>\n\t\t\t\t<\/div>\n\t\t\t\t<section class=\"elementor-section elementor-top-section elementor-element elementor-element-0774055 elementor-section-boxed elementor-section-height-default elementor-section-height-default\" data-id=\"0774055\" data-element_type=\"section\">\n\t\t\t\t\t\t<div class=\"elementor-container elementor-column-gap-default\">\n\t\t\t\t\t<div class=\"elementor-column elementor-col-25 elementor-top-column elementor-element elementor-element-6581b61\" data-id=\"6581b61\" data-element_type=\"column\">\n\t\t\t<div class=\"elementor-widget-wrap elementor-element-populated\">\n\t\t\t\t\t\t<div class=\"elementor-element elementor-element-b04dca1 elementor-widget elementor-widget-image\" data-id=\"b04dca1\" data-element_type=\"widget\" data-widget_type=\"image.default\">\n\t\t\t\t<div class=\"elementor-widget-container\">\n\t\t\t\t\t\t\t\t\t\t\t\t\t\t\t\t<a href=\"https:\/\/www.juntadeandalucia.es\/educacion\/eaprendizaje\/blogsaverroes\/\" target=\"_blank\">\n\t\t\t\t\t\t\t<img loading=\"lazy\" decoding=\"async\" width=\"431\" height=\"62\" src=\"https:\/\/blogsaverroes.juntadeandalucia.es\/radiosanful\/files\/2024\/10\/averroes-miniatura-negro.png\" class=\"attachment-full size-full wp-image-486\" alt=\"\" srcset=\"https:\/\/blogsaverroes.juntadeandalucia.es\/radiosanful\/files\/2024\/10\/averroes-miniatura-negro.png 431w, https:\/\/blogsaverroes.juntadeandalucia.es\/radiosanful\/files\/2024\/10\/averroes-miniatura-negro-300x43.png 300w\" sizes=\"(max-width: 431px) 100vw, 431px\" \/>\t\t\t\t\t\t\t\t<\/a>\n\t\t\t\t\t\t\t\t\t\t\t\t\t\t\t<\/div>\n\t\t\t\t<\/div>\n\t\t\t\t\t<\/div>\n\t\t<\/div>\n\t\t\t\t<div class=\"elementor-column elementor-col-25 elementor-top-column elementor-element elementor-element-5c1f0b5\" data-id=\"5c1f0b5\" data-element_type=\"column\">\n\t\t\t<div class=\"elementor-widget-wrap elementor-element-populated\">\n\t\t\t\t\t\t<div class=\"elementor-element elementor-element-59b21bb elementor-widget elementor-widget-image\" data-id=\"59b21bb\" data-element_type=\"widget\" data-widget_type=\"image.default\">\n\t\t\t\t<div class=\"elementor-widget-container\">\n\t\t\t\t\t\t\t\t\t\t\t\t\t\t\t\t<a href=\"https:\/\/www.juntadeandalucia.es\/educacion\/portals\/web\/ced\" target=\"_blank\">\n\t\t\t\t\t\t\t<img loading=\"lazy\" decoding=\"async\" width=\"320\" height=\"62\" src=\"https:\/\/blogsaverroes.juntadeandalucia.es\/radiosanful\/files\/2024\/10\/LogoJunta-miniatura-negro.png\" class=\"attachment-full size-full wp-image-487\" alt=\"\" srcset=\"https:\/\/blogsaverroes.juntadeandalucia.es\/radiosanful\/files\/2024\/10\/LogoJunta-miniatura-negro.png 320w, https:\/\/blogsaverroes.juntadeandalucia.es\/radiosanful\/files\/2024\/10\/LogoJunta-miniatura-negro-300x58.png 300w\" sizes=\"(max-width: 320px) 100vw, 320px\" \/>\t\t\t\t\t\t\t\t<\/a>\n\t\t\t\t\t\t\t\t\t\t\t\t\t\t\t<\/div>\n\t\t\t\t<\/div>\n\t\t\t\t\t<\/div>\n\t\t<\/div>\n\t\t\t\t<div class=\"elementor-column elementor-col-25 elementor-top-column elementor-element elementor-element-493dffb\" data-id=\"493dffb\" data-element_type=\"column\">\n\t\t\t<div class=\"elementor-widget-wrap elementor-element-populated\">\n\t\t\t\t\t\t<div class=\"elementor-element elementor-element-945b55b elementor-widget elementor-widget-image\" data-id=\"945b55b\" data-element_type=\"widget\" data-widget_type=\"image.default\">\n\t\t\t\t<div class=\"elementor-widget-container\">\n\t\t\t\t\t\t\t\t\t\t\t\t\t\t\t\t<a href=\"https:\/\/wordpress.com\" target=\"_blank\">\n\t\t\t\t\t\t\t<img loading=\"lazy\" decoding=\"async\" width=\"197\" height=\"62\" src=\"https:\/\/blogsaverroes.juntadeandalucia.es\/radiosanful\/files\/2024\/10\/wordpress.png\" class=\"attachment-full size-full wp-image-488\" alt=\"\" \/>\t\t\t\t\t\t\t\t<\/a>\n\t\t\t\t\t\t\t\t\t\t\t\t\t\t\t<\/div>\n\t\t\t\t<\/div>\n\t\t\t\t\t<\/div>\n\t\t<\/div>\n\t\t\t\t<div class=\"elementor-column elementor-col-25 elementor-top-column elementor-element elementor-element-621e311\" data-id=\"621e311\" data-element_type=\"column\">\n\t\t\t<div class=\"elementor-widget-wrap elementor-element-populated\">\n\t\t\t\t\t\t<div class=\"elementor-element elementor-element-34f56a0 elementor-widget elementor-widget-image\" data-id=\"34f56a0\" data-element_type=\"widget\" data-widget_type=\"image.default\">\n\t\t\t\t<div class=\"elementor-widget-container\">\n\t\t\t\t\t\t\t\t\t\t\t\t\t\t\t\t<a href=\"https:\/\/pixabay.com\/es\/\" target=\"_blank\">\n\t\t\t\t\t\t\t<img loading=\"lazy\" decoding=\"async\" width=\"174\" height=\"43\" src=\"https:\/\/blogsaverroes.juntadeandalucia.es\/radiosanful\/files\/2024\/10\/pixabay-negro.png\" class=\"attachment-full size-full wp-image-489\" alt=\"\" \/>\t\t\t\t\t\t\t\t<\/a>\n\t\t\t\t\t\t\t\t\t\t\t\t\t\t\t<\/div>\n\t\t\t\t<\/div>\n\t\t\t\t\t<\/div>\n\t\t<\/div>\n\t\t\t\t\t<\/div>\n\t\t<\/section>\n\t\t<div class=\"elementor-element elementor-element-62b1187 e-flex e-con-boxed e-con e-parent\" data-id=\"62b1187\" data-element_type=\"container\">\n\t\t\t\t\t<div class=\"e-con-inner\">\n\t\t\t\t<div class=\"elementor-element elementor-element-6915c81 elementor-widget elementor-widget-text-editor\" data-id=\"6915c81\" data-element_type=\"widget\" data-widget_type=\"text-editor.default\">\n\t\t\t\t<div class=\"elementor-widget-container\">\n\t\t\t\t\t\t\t\t\t<p style=\"text-align: justify\"><span style=\"color: #333399\"><strong><span style=\"font-size: 16pt\">A<span style=\"font-size: 14pt\">cerca de: <\/span><\/span><\/strong><\/span>el portal web <em><strong>La Voz del SanFul<\/strong><\/em> es un espacio dedicado al \u00e1mbito period\u00edstico que recoge distintos formatos de comunicaci\u00f3n audiovisual y en particular la radio. En este proyecto se da voz a toda la comunidad educativa del IES San Fulgencio y en especial a los m\u00e1s j\u00f3venes de este Centro (ESO, Bachillerato, FP y BTOPA). La web se desarrolla dentro de <strong>BlogsAverrores<\/strong>, una plataforma disponible para el <strong>profesorado<\/strong> de los <strong>centros educativos andaluces<\/strong> basada en <strong>WordPress<\/strong>, un <em>software<\/em> (bajo licencia GPL) que permite crear <strong>contenido digital<\/strong> (con plantillas, <em>plugins<\/em> y servicios determinados) en servidores centralizados de la <strong>Consejer\u00eda<\/strong>, garantizando un uso seguro de los datos. Los mismos son tratados seg\u00fan la ley de <strong>Protecci\u00f3n de datos<\/strong> (RGPD) y la Directiva ePrivacy (<strong>Ley de Cookies; <a href=\"https:\/\/blogsaverroes.juntadeandalucia.es\/radiosanful\/politica-de-cookies\/\">pol\u00edtica de cookies propias<\/a><\/strong>). Asimismo, el material gr\u00e1fico (im\u00e1genes y v\u00eddeos utilizados) queda bajo <strong><a href=\"https:\/\/pixabay.com\/es\/service\/terms\/\" target=\"_blank\" rel=\"noopener\">licencia Pixabay<\/a><\/strong> (2019), y que junto con los de elaboraci\u00f3n propia constituyen el soporte principal audiovisual de Astihelium.<\/p>\t\t\t\t\t\t\t\t<\/div>\n\t\t\t\t<\/div>\n\t\t\t\t\t<\/div>\n\t\t\t\t<\/div>\n\t\t<div class=\"elementor-element elementor-element-1a69988 e-flex e-con-boxed e-con e-parent\" data-id=\"1a69988\" data-element_type=\"container\">\n\t\t\t\t\t<div class=\"e-con-inner\">\n\t\t\t\t<div class=\"elementor-element elementor-element-5c17e8c elementor-widget-divider--view-line elementor-widget elementor-widget-divider\" data-id=\"5c17e8c\" data-element_type=\"widget\" data-widget_type=\"divider.default\">\n\t\t\t\t<div class=\"elementor-widget-container\">\n\t\t\t\t\t\t\t<div class=\"elementor-divider\">\n\t\t\t<span class=\"elementor-divider-separator\">\n\t\t\t\t\t\t<\/span>\n\t\t<\/div>\n\t\t\t\t\t\t<\/div>\n\t\t\t\t<\/div>\n\t\t\t\t\t<\/div>\n\t\t\t\t<\/div>\n\t\t\t\t<section class=\"elementor-section elementor-top-section elementor-element elementor-element-814f699 elementor-section-full_width elementor-section-height-default elementor-section-height-default\" data-id=\"814f699\" data-element_type=\"section\">\n\t\t\t\t\t\t\t<div class=\"elementor-background-overlay\"><\/div>\n\t\t\t\t\t\t\t<div class=\"elementor-container elementor-column-gap-default\">\n\t\t\t\t\t<div class=\"elementor-column elementor-col-50 elementor-top-column elementor-element elementor-element-8d8174c\" data-id=\"8d8174c\" data-element_type=\"column\">\n\t\t\t<div class=\"elementor-widget-wrap elementor-element-populated\">\n\t\t\t\t\t\t<div class=\"elementor-element elementor-element-446a3cd elementor-widget elementor-widget-shortcode\" data-id=\"446a3cd\" data-element_type=\"widget\" data-widget_type=\"shortcode.default\">\n\t\t\t\t<div class=\"elementor-widget-container\">\n\t\t\t\t\t\t\t<div class=\"elementor-shortcode\"><p style=\"font-size: 22px\">  <strong> <label> FORMULARIO DE CONTACTO<\/strong><\/p> \n\n<div class=\"wpcf7 no-js\" id=\"wpcf7-f166-o1\" lang=\"es-ES\" dir=\"ltr\">\n<div class=\"screen-reader-response\"><p role=\"status\" aria-live=\"polite\" aria-atomic=\"true\"><\/p> <ul><\/ul><\/div>\n<form action=\"\/radiosanful\/wp-json\/wp\/v2\/pages\/20#wpcf7-f166-o1\" method=\"post\" class=\"wpcf7-form init\" aria-label=\"Formulario de contacto\" novalidate=\"novalidate\" data-status=\"init\">\n<div style=\"display: none;\">\n<input type=\"hidden\" name=\"_wpcf7\" value=\"166\" \/>\n<input type=\"hidden\" name=\"_wpcf7_version\" value=\"5.9.8\" \/>\n<input type=\"hidden\" name=\"_wpcf7_locale\" value=\"es_ES\" \/>\n<input type=\"hidden\" name=\"_wpcf7_unit_tag\" value=\"wpcf7-f166-o1\" \/>\n<input type=\"hidden\" name=\"_wpcf7_container_post\" value=\"0\" \/>\n<input type=\"hidden\" name=\"_wpcf7_posted_data_hash\" value=\"\" \/>\n<\/div>\n<p><label> Nombre:<br \/>\n<span class=\"wpcf7-form-control-wrap\" data-name=\"your-name\"><input size=\"40\" maxlength=\"400\" class=\"wpcf7-form-control wpcf7-text wpcf7-validates-as-required\" aria-required=\"true\" aria-invalid=\"false\" value=\"\" type=\"text\" name=\"your-name\" \/><\/span> <\/label>\n<\/p>\n<p><label> Correo electr\u00f3nico:<br \/>\n<span class=\"wpcf7-form-control-wrap\" data-name=\"your-email\"><input size=\"40\" maxlength=\"400\" class=\"wpcf7-form-control wpcf7-email wpcf7-validates-as-required wpcf7-text wpcf7-validates-as-email\" aria-required=\"true\" aria-invalid=\"false\" value=\"\" type=\"email\" name=\"your-email\" \/><\/span> <\/label>\n<\/p>\n<p><label> Asunto:<br \/>\n<span class=\"wpcf7-form-control-wrap\" data-name=\"your-subject\"><input size=\"40\" maxlength=\"400\" class=\"wpcf7-form-control wpcf7-text\" aria-invalid=\"false\" value=\"\" type=\"text\" name=\"your-subject\" \/><\/span> <\/label>\n<\/p>\n<p><label> Mensaje<br \/>\n<span class=\"wpcf7-form-control-wrap\" data-name=\"your-message\"><textarea cols=\"40\" rows=\"10\" maxlength=\"2000\" class=\"wpcf7-form-control wpcf7-textarea\" aria-invalid=\"false\" name=\"your-message\"><\/textarea><\/span> <\/label>\n<\/p>\n<p style=\"text-align: center\"><label> <input class=\"wpcf7-form-control wpcf7-submit has-spinner\" type=\"submit\" value=\"Enviar\" \/><\/label>\n<\/p><div class=\"wpcf7-response-output\" aria-hidden=\"true\"><\/div>\n<\/form>\n<\/div>\n<\/div>\n\t\t\t\t\t\t<\/div>\n\t\t\t\t<\/div>\n\t\t\t\t\t<\/div>\n\t\t<\/div>\n\t\t\t\t<div class=\"elementor-column elementor-col-50 elementor-top-column elementor-element elementor-element-d791be0\" data-id=\"d791be0\" data-element_type=\"column\">\n\t\t\t<div class=\"elementor-widget-wrap elementor-element-populated\">\n\t\t\t\t\t\t<div class=\"elementor-element elementor-element-1adb7e1 elementor-widget elementor-widget-image\" data-id=\"1adb7e1\" data-element_type=\"widget\" data-widget_type=\"image.default\">\n\t\t\t\t<div class=\"elementor-widget-container\">\n\t\t\t\t\t\t\t\t\t\t\t\t\t\t\t<img loading=\"lazy\" decoding=\"async\" width=\"600\" height=\"338\" src=\"https:\/\/blogsaverroes.juntadeandalucia.es\/radiosanful\/files\/2024\/10\/Vista-dron-SanFul.jpg\" class=\"attachment-large size-large wp-image-490\" alt=\"\" srcset=\"https:\/\/blogsaverroes.juntadeandalucia.es\/radiosanful\/files\/2024\/10\/Vista-dron-SanFul.jpg 600w, https:\/\/blogsaverroes.juntadeandalucia.es\/radiosanful\/files\/2024\/10\/Vista-dron-SanFul-300x169.jpg 300w\" sizes=\"(max-width: 600px) 100vw, 600px\" \/>\t\t\t\t\t\t\t\t\t\t\t\t\t\t\t<\/div>\n\t\t\t\t<\/div>\n\t\t\t\t<div class=\"elementor-element elementor-element-6b0b181 elementor-widget elementor-widget-google_maps\" data-id=\"6b0b181\" data-element_type=\"widget\" data-widget_type=\"google_maps.default\">\n\t\t\t\t<div class=\"elementor-widget-container\">\n\t\t\t\t\t\t\t<div class=\"elementor-custom-embed\">\n\t\t\t<iframe loading=\"lazy\"\n\t\t\t\t\tsrc=\"https:\/\/maps.google.com\/maps?q=IES%20San%20Fulgencio%2C%20Av.%20Andaluc%C3%ADa%2C%208%2C%2041400%20%C3%89cija%2C%20Sevilla&#038;t=m&#038;z=17&#038;output=embed&#038;iwloc=near\"\n\t\t\t\t\ttitle=\"IES San Fulgencio, Av. Andaluc\u00eda, 8, 41400 \u00c9cija, Sevilla\"\n\t\t\t\t\taria-label=\"IES San Fulgencio, Av. Andaluc\u00eda, 8, 41400 \u00c9cija, Sevilla\"\n\t\t\t><\/iframe>\n\t\t<\/div>\n\t\t\t\t\t\t<\/div>\n\t\t\t\t<\/div>\n\t\t\t\t\t<\/div>\n\t\t<\/div>\n\t\t\t\t\t<\/div>\n\t\t<\/section>\n\t\t\t\t<\/div>\n\t\t","protected":false},"excerpt":{"rendered":"<p>QUI\u00c9NES SOMOS https:\/\/blogsaverroes.juntadeandalucia.es\/radiosanful\/files\/2024\/10\/Anuncio-radiosanful-youtube.mp4 Coordinaci\u00f3n del programa. Zayda Cort\u00e9s Ortega. Profesora de Lengua Castellana y Literatura en el IES San Fulgencio de \u00c9cija. Compagina la ense\u00f1anza&hellip;<\/p>\n","protected":false},"author":10494,"featured_media":0,"parent":0,"menu_order":0,"comment_status":"closed","ping_status":"closed","template":"","meta":{"footnotes":"","_mc_calendar":[]},"aioseo_notices":[],"post_mailing_queue_ids":[],"_links":{"self":[{"href":"https:\/\/blogsaverroes.juntadeandalucia.es\/radiosanful\/wp-json\/wp\/v2\/pages\/20"}],"collection":[{"href":"https:\/\/blogsaverroes.juntadeandalucia.es\/radiosanful\/wp-json\/wp\/v2\/pages"}],"about":[{"href":"https:\/\/blogsaverroes.juntadeandalucia.es\/radiosanful\/wp-json\/wp\/v2\/types\/page"}],"author":[{"embeddable":true,"href":"https:\/\/blogsaverroes.juntadeandalucia.es\/radiosanful\/wp-json\/wp\/v2\/users\/10494"}],"replies":[{"embeddable":true,"href":"https:\/\/blogsaverroes.juntadeandalucia.es\/radiosanful\/wp-json\/wp\/v2\/comments?post=20"}],"version-history":[{"count":106,"href":"https:\/\/blogsaverroes.juntadeandalucia.es\/radiosanful\/wp-json\/wp\/v2\/pages\/20\/revisions"}],"predecessor-version":[{"id":1440,"href":"https:\/\/blogsaverroes.juntadeandalucia.es\/radiosanful\/wp-json\/wp\/v2\/pages\/20\/revisions\/1440"}],"wp:attachment":[{"href":"https:\/\/blogsaverroes.juntadeandalucia.es\/radiosanful\/wp-json\/wp\/v2\/media?parent=20"}],"curies":[{"name":"wp","href":"https:\/\/api.w.org\/{rel}","templated":true}]}}