{"id":28,"date":"2016-01-10T12:31:33","date_gmt":"2016-01-10T11:31:33","guid":{"rendered":"http:\/\/blogsaverroes.juntadeandalucia.es\/rafael\/?page_id=28"},"modified":"2016-01-14T13:02:01","modified_gmt":"2016-01-14T12:02:01","slug":"bloque-de-numeros","status":"publish","type":"page","link":"https:\/\/blogsaverroes.juntadeandalucia.es\/rafael\/numeros\/bloque-de-numeros\/","title":{"rendered":"Proporcionalidad"},"content":{"rendered":"<ol>\n<li>Con121,4 euros se pueden comprar dos pares de guantes. \u00bfCu\u00e1nto vale un par?<\/li>\n<\/ol>\n<p>&nbsp;<\/p>\n<ol start=\"2\">\n<li>Con 266,7 euros \u00bfCu\u00e1ntos pares se pudieron comprar al mismo precio?<\/li>\n<\/ol>\n<p>&nbsp;<\/p>\n<ol start=\"3\">\n<li>Por 5 Kg de se pag\u00f3 6,76 euros. \u00bfCu\u00e1nto por un Kg y por 8 Kg?<\/li>\n<\/ol>\n<p>&nbsp;<\/p>\n<ol start=\"4\">\n<li>Por 5 horas de trabajo se cobran 64,14. Euros. \u00bfA cu\u00e1nto la hora y 7 horas?<\/li>\n<\/ol>\n<p>&nbsp;<\/p>\n<ol start=\"5\">\n<li>&#8211; 15 Kg de alubias valen 29,13 euros. \u00bfUn Kg costar\u00e1 y 34 Kg?<\/li>\n<\/ol>\n<p>&nbsp;<\/p>\n<ol start=\"6\">\n<li>3 personas gastan 216,39 euros en diferentes d\u00edas, se unieron 5 personas m\u00e1s. \u00bfCu\u00e1l fue el nuevo presupuesto?<\/li>\n<\/ol>\n<p>&nbsp;<\/p>\n<ol start=\"7\">\n<li>Por dos aparatos de radio se pagaron 18,34 euros. \u00bfCu\u00e1nto por un par y por 15 aparatos?<\/li>\n<\/ol>\n<p>&nbsp;<\/p>\n<ol start=\"8\">\n<li>Por 150 Kg de un producto se pagaron 49,28 euros. \u00bfCu\u00e1l ser\u00e1 el coste total de 3.200 Kg del mismo producto?<\/li>\n<\/ol>\n<p>&nbsp;<\/p>\n<ol start=\"9\">\n<li>Un ni\u00f1o tiene 5,41 euros para subir a una tracci\u00f3n de feria, cada viaje vale 1,6 euros. Su padre le da4,8 euros m\u00e1s.\u00bfCu\u00e1ntas veces podr\u00e1 subir?<\/li>\n<\/ol>\n<p>&nbsp;<\/p>\n<ol start=\"10\">\n<li>Un pastor vende 18 corderos por 2614,06 euros, pero como son pocos decide vender 35 corderosm\u00e1s. \u00bfCu\u00e1l ser\u00e1 el valor de la venta?<\/li>\n<\/ol>\n<h3>Im\u00e1genes Relacionadas:<\/h3>","protected":false},"excerpt":{"rendered":"<p>Con121,4 euros se pueden comprar dos pares de guantes. \u00bfCu\u00e1nto vale un par? &nbsp; Con 266,7 euros \u00bfCu\u00e1ntos pares se pudieron comprar al mismo precio? &nbsp; Por 5 Kg de se pag\u00f3 6,76 euros.&#46;&#46;&#46;<\/p>\n","protected":false},"author":2637,"featured_media":0,"parent":74,"menu_order":0,"comment_status":"open","ping_status":"open","template":"","meta":{"ngg_post_thumbnail":0,"footnotes":""},"aioseo_notices":[],"_links":{"self":[{"href":"https:\/\/blogsaverroes.juntadeandalucia.es\/rafael\/wp-json\/wp\/v2\/pages\/28"}],"collection":[{"href":"https:\/\/blogsaverroes.juntadeandalucia.es\/rafael\/wp-json\/wp\/v2\/pages"}],"about":[{"href":"https:\/\/blogsaverroes.juntadeandalucia.es\/rafael\/wp-json\/wp\/v2\/types\/page"}],"author":[{"embeddable":true,"href":"https:\/\/blogsaverroes.juntadeandalucia.es\/rafael\/wp-json\/wp\/v2\/users\/2637"}],"replies":[{"embeddable":true,"href":"https:\/\/blogsaverroes.juntadeandalucia.es\/rafael\/wp-json\/wp\/v2\/comments?post=28"}],"version-history":[{"count":3,"href":"https:\/\/blogsaverroes.juntadeandalucia.es\/rafael\/wp-json\/wp\/v2\/pages\/28\/revisions"}],"predecessor-version":[{"id":73,"href":"https:\/\/blogsaverroes.juntadeandalucia.es\/rafael\/wp-json\/wp\/v2\/pages\/28\/revisions\/73"}],"up":[{"embeddable":true,"href":"https:\/\/blogsaverroes.juntadeandalucia.es\/rafael\/wp-json\/wp\/v2\/pages\/74"}],"wp:attachment":[{"href":"https:\/\/blogsaverroes.juntadeandalucia.es\/rafael\/wp-json\/wp\/v2\/media?parent=28"}],"curies":[{"name":"wp","href":"https:\/\/api.w.org\/{rel}","templated":true}]}}