{"id":1000,"date":"2021-11-12T17:06:51","date_gmt":"2021-11-12T17:06:51","guid":{"rendered":"https:\/\/blogsaverroes.juntadeandalucia.es\/rafaelnunezmat\/?page_id=1000"},"modified":"2024-12-12T06:00:17","modified_gmt":"2024-12-12T06:00:17","slug":"matematicas-superiores","status":"publish","type":"page","link":"https:\/\/blogsaverroes.juntadeandalucia.es\/rafaelnunezmat\/matematicas-superiores","title":{"rendered":"Matem\u00e1ticas Superiores"},"content":{"rendered":"<p><img loading=\"lazy\" decoding=\"async\" class=\"aligncenter \" src=\"https:\/\/imgv2-1-f.scribdassets.com\/img\/document\/27589244\/original\/b7477938f0\/1634813286?v=1\" width=\"272\" height=\"363\"><\/p>\n<p style=\"padding-left: 200px\"><strong><span style=\"font-size: 14pt;color: #0000ff\"><a style=\"color: #0000ff\" href=\"https:\/\/www.youtube.com\/playlist?list=PL229C3D622826754E\" target=\"_blank\" rel=\"noopener noreferrer\">Colecci\u00f3n de videos de Julio Profe<\/a><\/span><\/strong><\/p>\n<p style=\"padding-left: 200px\"><strong><span style=\"font-size: 14pt;color: #0000ff\"><a style=\"color: #0000ff\" href=\"https:\/\/www.unicoos.com\/cursos\/universidad\/matematicas\" target=\"_blank\" rel=\"noopener noreferrer\">Colecci\u00f3n de videos de Unicoos<\/a><\/span><\/strong><\/p>\n<p style=\"padding-left: 200px\"><span style=\"font-size: 14pt\"><a href=\"https:\/\/campusvirtual.ull.es\/ocw\/course\/view.php?id=70\" target=\"_blank\" rel=\"noopener noreferrer\"><strong><span style=\"color: #0000ff\">Universidad de La Laguna<\/span><\/strong><\/a><span style=\"color: #000000\">: Curso introductorio a las matem\u00e1ticas universitarias<\/span><\/span><\/p>\n<p style=\"padding-left: 200px\"><span style=\"font-size: 14pt\"><a href=\"https:\/\/www.ugr.es\/~fjperez\/apuntes.html\" target=\"_blank\" rel=\"noopener noreferrer\"><strong><span style=\"color: #0000ff\">Universidad de Granada<\/span><\/strong><\/a><span style=\"color: #000000\">: Apuntes y ejercicios de c\u00e1lculo<\/span><\/span><\/p>\n<p style=\"padding-left: 200px\"><span style=\"font-size: 14pt\"><strong><span style=\"color: #0000ff\"><a style=\"color: #0000ff\" href=\"http:\/\/blogs.mat.ucm.es\/ddamat\/banco-de-examenes-y-apuntes\/\" target=\"_blank\" rel=\"noopener noreferrer\">UCM<\/a><\/span><\/strong><span style=\"color: #000000\">: Banco de ex\u00e1menes y apuntes<\/span><\/span><\/p>\n<p style=\"padding-left: 200px\">&nbsp;<\/p>\n<p>&nbsp;<\/p>\n","protected":false},"excerpt":{"rendered":"<p>Colecci\u00f3n de videos de Julio Profe Colecci\u00f3n de videos de Unicoos Universidad de La Laguna: Curso introductorio a las matem\u00e1ticas universitarias Universidad de Granada: Apuntes y ejercicios de c\u00e1lculo UCM: Banco de ex\u00e1menes y apuntes &nbsp; &nbsp;<\/p>\n","protected":false},"author":10669,"featured_media":0,"parent":0,"menu_order":0,"comment_status":"closed","ping_status":"closed","template":"","meta":{"ngg_post_thumbnail":0,"footnotes":""},"aioseo_notices":[],"_links":{"self":[{"href":"https:\/\/blogsaverroes.juntadeandalucia.es\/rafaelnunezmat\/wp-json\/wp\/v2\/pages\/1000"}],"collection":[{"href":"https:\/\/blogsaverroes.juntadeandalucia.es\/rafaelnunezmat\/wp-json\/wp\/v2\/pages"}],"about":[{"href":"https:\/\/blogsaverroes.juntadeandalucia.es\/rafaelnunezmat\/wp-json\/wp\/v2\/types\/page"}],"author":[{"embeddable":true,"href":"https:\/\/blogsaverroes.juntadeandalucia.es\/rafaelnunezmat\/wp-json\/wp\/v2\/users\/10669"}],"replies":[{"embeddable":true,"href":"https:\/\/blogsaverroes.juntadeandalucia.es\/rafaelnunezmat\/wp-json\/wp\/v2\/comments?post=1000"}],"version-history":[{"count":8,"href":"https:\/\/blogsaverroes.juntadeandalucia.es\/rafaelnunezmat\/wp-json\/wp\/v2\/pages\/1000\/revisions"}],"predecessor-version":[{"id":5080,"href":"https:\/\/blogsaverroes.juntadeandalucia.es\/rafaelnunezmat\/wp-json\/wp\/v2\/pages\/1000\/revisions\/5080"}],"wp:attachment":[{"href":"https:\/\/blogsaverroes.juntadeandalucia.es\/rafaelnunezmat\/wp-json\/wp\/v2\/media?parent=1000"}],"curies":[{"name":"wp","href":"https:\/\/api.w.org\/{rel}","templated":true}]}}