{"id":1028,"date":"2021-11-16T12:57:44","date_gmt":"2021-11-16T12:57:44","guid":{"rendered":"https:\/\/blogsaverroes.juntadeandalucia.es\/rafaelnunezmat\/?page_id=1028"},"modified":"2024-12-07T06:33:53","modified_gmt":"2024-12-07T06:33:53","slug":"humor-y-matematicas","status":"publish","type":"page","link":"https:\/\/blogsaverroes.juntadeandalucia.es\/rafaelnunezmat\/humor-y-matematicas","title":{"rendered":"Humor y Matem\u00e1ticas"},"content":{"rendered":"<p style=\"text-align: center\"><img loading=\"lazy\" decoding=\"async\" class=\"aligncenter size-medium\" src=\"https:\/\/static8.depositphotos.com\/1526816\/1011\/v\/450\/depositphotos_10114285-stock-illustration-laughing-boy.jpg\" width=\"438\" height=\"600\"><\/p>\n<p style=\"text-align: center\"><span style=\"font-size: 20pt;color: #008000\"><strong><a style=\"color: #008000\" href=\"https:\/\/blogsaverroes.juntadeandalucia.es\/rafaelnunezmat\/files\/2022\/08\/humor-y-matem\u00e1ticas.pdf\" target=\"_blank\" rel=\"noopener noreferrer\">HUMOR MATEM\u00c1TICO EN IM\u00c1GENES<\/a><\/strong><\/span><\/p>\n<p>&nbsp;<\/p>\n<p style=\"text-align: center\"><span style=\"text-decoration: underline;font-size: 18pt;color: #000000\"><strong>V\u00cdDEOS<\/strong><\/span><\/p>\n<p style=\"text-align: left;padding-left: 200px\"><strong><span style=\"font-size: 14pt;color: #0000ff\"><a style=\"color: #0000ff\" href=\"https:\/\/www.youtube.com\/embed\/BQYUG9apg1w\" target=\"_blank\" rel=\"noopener noreferrer\">\u00bf28\/7 = 13? (matem\u00e1tica &amp; Origami)<\/a> &nbsp;<\/span><\/strong><\/p>\n<p style=\"text-align: left;padding-left: 200px\"><strong><span style=\"font-size: 14pt;color: #0000ff\"><a style=\"color: #0000ff\" href=\"https:\/\/www.youtube.com\/embed\/21PDBMgHgv4\" target=\"_blank\" rel=\"noopener noreferrer\">Chistes de Jaimito (Milagrosas)<\/a> &nbsp;<\/span><\/strong><\/p>\n<p style=\"text-align: left;padding-left: 200px\"><strong><span style=\"font-size: 14pt;color: #0000ff\"><a style=\"color: #0000ff\" href=\"https:\/\/www.youtube.com\/embed\/w2JSv1d7aiw\" target=\"_blank\" rel=\"noopener noreferrer\">Chiste de aprobar matem\u00e1ticas (esVIRAL TV)<\/a> <\/span><\/strong><\/p>\n<p style=\"text-align: left;padding-left: 200px\"><strong><span style=\"color: #0000ff\"><span style=\"font-size: 14pt\">&nbsp;<a style=\"color: #0000ff\" href=\"https:\/\/www.youtube.com\/embed\/gPq3hsaRtKA\" target=\"_blank\" rel=\"noopener noreferrer\">El FrancotiraRock y las matem\u00e1ticaS (RockFM)<\/a>&nbsp;&nbsp;<\/span><\/span><\/strong><\/p>\n<p style=\"text-align: left;padding-left: 200px\"><strong><span style=\"color: #0000ff\"><span style=\"font-size: 14pt\"><a style=\"color: #0000ff\" href=\"https:\/\/www.youtube.com\/watch?v=lprN4ITJk0s\" target=\"_blank\" rel=\"noopener noreferrer\">El examen de matem\u00e1ticas de Mr Been (Viva Mr Been)<\/a>&nbsp; &nbsp;<\/span><\/span><\/strong><\/p>\n<p style=\"text-align: left;padding-left: 200px\"><strong><span style=\"font-size: 14pt;color: #0000ff\"><a style=\"color: #0000ff\" href=\"https:\/\/www.youtube.com\/embed\/10C4a7-qE44\" target=\"_blank\" rel=\"noopener noreferrer\">Pajares y Esteso con la b\u00e1scula (FlixOl\u00e9)<\/a>&nbsp; &nbsp; &nbsp; &nbsp; <\/span><\/strong><\/p>\n<p style=\"text-align: left;padding-left: 200px\"><strong><span style=\"font-size: 14pt;color: #0000ff\"><a style=\"color: #0000ff\" href=\"https:\/\/www.youtube.com\/embed\/vqS60Dp8qyA?t=130s\" target=\"_blank\" rel=\"noopener noreferrer\">Cansado y los n\u00fameros (Sertxos)<\/a><\/span><\/strong><\/p>\n<p style=\"text-align: left;padding-left: 200px\"><strong><span style=\"font-size: 14pt;color: #0000ff\"> &nbsp;<a style=\"color: #0000ff\" href=\"https:\/\/www.youtube.com\/embed\/CASCvotaaaA\" target=\"_blank\" rel=\"noopener noreferrer\">Canci\u00f3n \u00abDespacito\u00bb en Matem\u00e1ticas (Esteban Dupertuis)<\/a>&nbsp; &nbsp; &nbsp;&nbsp;<\/span><\/strong><\/p>\n<p style=\"text-align: left;padding-left: 200px\"><strong><span style=\"font-size: 14pt;color: #0000ff\"><a style=\"color: #0000ff\" href=\"https:\/\/www.youtube.com\/embed\/HTkJv101kxg\" target=\"_blank\" rel=\"noopener noreferrer\">Matem\u00e1ticas fallidas (Alvaro)<\/a>&nbsp; &nbsp;&nbsp;<\/span><\/strong><\/p>\n","protected":false},"excerpt":{"rendered":"<p>HUMOR MATEM\u00c1TICO EN IM\u00c1GENES &nbsp; V\u00cdDEOS \u00bf28\/7 = 13? (matem\u00e1tica &amp; Origami) &nbsp; Chistes de Jaimito (Milagrosas) &nbsp; Chiste de aprobar matem\u00e1ticas (esVIRAL TV) &nbsp;El FrancotiraRock y las matem\u00e1ticaS (RockFM)&nbsp;&nbsp; El examen de matem\u00e1ticas de Mr Been (Viva Mr Been)&nbsp; &nbsp; Pajares y Esteso con la b\u00e1scula (FlixOl\u00e9)&nbsp; &nbsp; &nbsp; &nbsp; Cansado y los n\u00fameros &hellip; <\/p>\n<p><a class=\"more-link btn\" href=\"https:\/\/blogsaverroes.juntadeandalucia.es\/rafaelnunezmat\/humor-y-matematicas\">Seguir leyendo<\/a><\/p>\n","protected":false},"author":10669,"featured_media":0,"parent":0,"menu_order":0,"comment_status":"closed","ping_status":"closed","template":"","meta":{"ngg_post_thumbnail":0,"footnotes":""},"aioseo_notices":[],"_links":{"self":[{"href":"https:\/\/blogsaverroes.juntadeandalucia.es\/rafaelnunezmat\/wp-json\/wp\/v2\/pages\/1028"}],"collection":[{"href":"https:\/\/blogsaverroes.juntadeandalucia.es\/rafaelnunezmat\/wp-json\/wp\/v2\/pages"}],"about":[{"href":"https:\/\/blogsaverroes.juntadeandalucia.es\/rafaelnunezmat\/wp-json\/wp\/v2\/types\/page"}],"author":[{"embeddable":true,"href":"https:\/\/blogsaverroes.juntadeandalucia.es\/rafaelnunezmat\/wp-json\/wp\/v2\/users\/10669"}],"replies":[{"embeddable":true,"href":"https:\/\/blogsaverroes.juntadeandalucia.es\/rafaelnunezmat\/wp-json\/wp\/v2\/comments?post=1028"}],"version-history":[{"count":12,"href":"https:\/\/blogsaverroes.juntadeandalucia.es\/rafaelnunezmat\/wp-json\/wp\/v2\/pages\/1028\/revisions"}],"predecessor-version":[{"id":5038,"href":"https:\/\/blogsaverroes.juntadeandalucia.es\/rafaelnunezmat\/wp-json\/wp\/v2\/pages\/1028\/revisions\/5038"}],"wp:attachment":[{"href":"https:\/\/blogsaverroes.juntadeandalucia.es\/rafaelnunezmat\/wp-json\/wp\/v2\/media?parent=1028"}],"curies":[{"name":"wp","href":"https:\/\/api.w.org\/{rel}","templated":true}]}}