{"id":131,"date":"2021-06-01T06:29:49","date_gmt":"2021-06-01T06:29:49","guid":{"rendered":"https:\/\/blogsaverroes.juntadeandalucia.es\/rafaelnunezmat\/?page_id=131"},"modified":"2025-08-27T05:55:41","modified_gmt":"2025-08-27T05:55:41","slug":"inecuaciones","status":"publish","type":"page","link":"https:\/\/blogsaverroes.juntadeandalucia.es\/rafaelnunezmat\/inecuaciones","title":{"rendered":"Inecuaciones"},"content":{"rendered":"<p><span style=\"font-family: verdana, geneva, sans-serif\"><img loading=\"lazy\" decoding=\"async\" class=\"aligncenter \" src=\"https:\/\/3.bp.blogspot.com\/-6v5K5r7XXeU\/WJDLJ8OF2_I\/AAAAAAAAJJs\/NvmFjn6P_AUPn5iQoE4oFBBuZZJOnBl4gCLcB\/s1600\/inecuaciones-1-728.jpg\" width=\"348\" height=\"261\"><\/span><\/p>\n<table style=\"height: 106px;width: 100%;border-collapse: collapse;border-style: none;border-color: #030000\" cellpadding=\"0\">\n<tbody>\n<tr style=\"height: 24px\">\n<td style=\"width: 16.4111%;border-style: double;border-color: #050505;text-align: center;height: 71px\" colspan=\"3\"><span style=\"font-size: 16pt;color: #000000;font-family: verdana, geneva, sans-serif\"><strong><a style=\"color: #000000\" href=\"https:\/\/blogsaverroes.juntadeandalucia.es\/rafaelnunezmat\/files\/2024\/10\/concepto-de-inecuacion.docx\" target=\"_blank\" rel=\"noopener\"><span style=\"text-decoration: underline\">CONCEPTO DE INECUACI\u00d3N<\/span> (apuntes y actividades)<\/a><\/strong><\/span><\/p>\n<p><span style=\"text-decoration: underline;font-family: verdana, geneva, sans-serif\"><span style=\"color: #800080\"><span style=\"font-size: 16pt\"><strong>VIDEOS<\/strong><\/span><\/span><\/span><\/p>\n<p style=\"text-align: left;padding-left: 200px\"><span style=\"font-family: verdana, geneva, sans-serif\"><strong><span style=\"font-size: 14pt;color: #0000ff\"><a style=\"color: #0000ff\" href=\"https:\/\/www.youtube.com\/embed\/zVx556iDxA4\" target=\"_blank\" rel=\"noopener noreferrer\">Representaci\u00f3n gr\u00e1fica de inecuaciones simples (Matematicatuya)<\/a><\/span><\/strong><\/span><\/p>\n<p style=\"text-align: left;padding-left: 200px\"><span style=\"font-family: verdana, geneva, sans-serif\"><strong><span style=\"font-size: 14pt;color: #0000ff\"><a style=\"color: #0000ff\" href=\"https:\/\/www.youtube.com\/embed\/D5Idsdh8NF8\" target=\"_blank\" rel=\"noopener noreferrer\">Reglas de las desigualdades e inecuaciones (Matematicatuya)<\/a><\/span><\/strong><\/span><\/p>\n<p style=\"text-align: left;padding-left: 200px\"><span style=\"font-family: verdana, geneva, sans-serif\"><strong><span style=\"font-size: 14pt;color: #0000ff\"><a style=\"color: #0000ff\" href=\"https:\/\/www.youtube.com\/embed\/3qaeu701aRk\" target=\"_blank\" rel=\"noopener noreferrer\">Reglas de las desigualdades e inecuaciones (Educatina)<\/a><\/span><\/strong><\/span><\/p>\n<\/td>\n<\/tr>\n<tr>\n<td style=\"width: 16.4111%;border-style: double;border-color: #050505;text-align: center\" colspan=\"3\"><span style=\"font-family: verdana, geneva, sans-serif\"><a href=\"https:\/\/blogsaverroes.juntadeandalucia.es\/rafaelnunezmat\/files\/2024\/10\/inecuaciones-lineales-con-una-incognita.docx\" target=\"_blank\" rel=\"noopener\"><span style=\"font-size: 16pt;color: #000000\"><strong><span style=\"text-decoration: underline\">INECUACIONES LINEALES CON UNA INC\u00d3GNITA<\/span> (apuntes y actividades)<\/strong><\/span><\/a><br \/>\n<\/span><\/p>\n<p><span style=\"text-decoration: underline;font-family: verdana, geneva, sans-serif\"><span style=\"color: #800080\"><span style=\"font-size: 16pt\"><strong>VIDEOS<\/strong><\/span><\/span><\/span><\/p>\n<p style=\"text-align: left;padding-left: 200px\"><span style=\"font-family: verdana, geneva, sans-serif\"><strong><span style=\"font-size: 14pt;color: #0000ff\"><a style=\"color: #0000ff\" href=\"https:\/\/www.youtube.com\/embed\/oJuGRj9D68g\" target=\"_blank\" rel=\"noopener noreferrer\">Inecuaciones lineales (explicamates)<\/a><\/span><\/strong><\/span><\/p>\n<p style=\"text-align: left;padding-left: 200px\"><span style=\"font-family: verdana, geneva, sans-serif\"><strong><span style=\"font-size: 14pt;color: #0000ff\"><a style=\"color: #0000ff\" href=\"https:\/\/www.youtube.com\/embed\/mebs92hBlRs\" target=\"_blank\" rel=\"noopener noreferrer\">Inecuaciones lineales (lasmatematicas.es)<\/a><\/span><\/strong><\/span><\/p>\n<p style=\"text-align: left;padding-left: 200px\"><span style=\"font-family: verdana, geneva, sans-serif\"><strong><span style=\"font-size: 14pt;color: #0000ff\"><a style=\"color: #0000ff\" href=\"https:\/\/www.youtube.com\/embed\/jSZWvCh2PqI\" target=\"_blank\" rel=\"noopener noreferrer\">Con par\u00e9ntesis (Julioprofe)<\/a><\/span><\/strong><\/span><\/p>\n<p style=\"text-align: left;padding-left: 200px\"><span style=\"font-family: verdana, geneva, sans-serif\"><strong><span style=\"font-size: 14pt;color: #0000ff\"><a style=\"color: #0000ff\" href=\"https:\/\/www.youtube.com\/embed\/CSPk_iUkc-Q\" target=\"_blank\" rel=\"noopener noreferrer\">Con denominadores (Esther Morales)<\/a><\/span><\/strong><\/span><\/p>\n<p style=\"text-align: left;padding-left: 200px\"><span style=\"font-family: verdana, geneva, sans-serif\"><strong><span style=\"font-size: 14pt;color: #0000ff\"><a style=\"color: #0000ff\" href=\"https:\/\/www.youtube.com\/embed\/JlNwssSfupE\" target=\"_blank\" rel=\"noopener noreferrer\">Con denominadores (egausscom)<\/a><\/span><\/strong><\/span><\/p>\n<p style=\"text-align: left;padding-left: 200px\"><span style=\"font-family: verdana, geneva, sans-serif\"><strong><span style=\"font-size: 14pt;color: #0000ff\"><a style=\"color: #0000ff\" href=\"https:\/\/www.youtube.com\/embed\/Ezz9Zsq9u7I\" target=\"_blank\" rel=\"noopener noreferrer\">Con denominadores (lasmatematicas.es)<\/a><\/span><\/strong><\/span><\/p>\n<p style=\"text-align: left;padding-left: 200px\"><span style=\"font-family: verdana, geneva, sans-serif\"><strong><span style=\"font-size: 14pt;color: #0000ff\"><a style=\"color: #0000ff\" href=\"https:\/\/www.youtube.com\/embed\/poMH057TS4A?t=385s\" target=\"_blank\" rel=\"noopener noreferrer\">Con denominadores (math2me)<\/a><\/span><\/strong><\/span><\/p>\n<p style=\"text-align: left;padding-left: 200px\"><span style=\"font-family: verdana, geneva, sans-serif\"><strong><span style=\"font-size: 14pt;color: #0000ff\"><a style=\"color: #0000ff\" href=\"https:\/\/www.youtube.com\/embed\/5BtED0V1Ivo\" target=\"_blank\" rel=\"noopener noreferrer\">Con par\u00e9ntesis y denominadores (Sustraendo h)<\/a><\/span><\/strong><\/span><\/p>\n<p style=\"text-align: left;padding-left: 200px\"><span style=\"font-family: verdana, geneva, sans-serif\"><strong><span style=\"font-size: 14pt;color: #0000ff\"><a style=\"color: #0000ff\" href=\"https:\/\/www.youtube.com\/embed\/g2CKC9DLq3w\" target=\"_blank\" rel=\"noopener noreferrer\">Resoluci\u00f3n gr\u00e1fica (matematicasyeso)<\/a><\/span><\/strong><\/span><\/p>\n<p style=\"text-align: left;padding-left: 200px\"><span style=\"font-family: verdana, geneva, sans-serif\"><strong><span style=\"font-size: 14pt;color: #0000ff\"><a style=\"color: #0000ff\" href=\"https:\/\/www.youtube.com\/embed\/aZlNI9WvYNQ\" target=\"_blank\" rel=\"noopener noreferrer\">Problema (Aprender Matem\u00e1ticas. Jos\u00e9 Jaime Mas)<\/a><\/span><\/strong><\/span><\/p>\n<\/td>\n<\/tr>\n<tr>\n<td style=\"width: 16.4111%;border-style: double;border-color: #050505;text-align: center\" colspan=\"3\"><a href=\"https:\/\/blogsaverroes.juntadeandalucia.es\/rafaelnunezmat\/files\/2024\/10\/sistemas-de-inecuaciones-lineales-con-una-incognita-inecuaciones-con-valor-absoluto.docx\" target=\"_blank\" rel=\"noopener\"><span style=\"text-decoration: underline\"><span style=\"font-size: 16pt;color: #000000;text-decoration: underline\"><strong><span style=\"font-family: verdana, geneva, sans-serif\">SISTEMAS DE INECUACIONES LINEALES CON UNA INC\u00d3GNITA E INECUACIONES CON VALOR ABSOLUTO<\/span><\/strong><\/span><\/span><span style=\"font-size: 16pt;color: #000000\"><strong><span style=\"font-family: verdana, geneva, sans-serif\"> (apuntes y actividades)<\/span><\/strong><\/span><\/a><\/p>\n<p><span style=\"text-decoration: underline;font-family: verdana, geneva, sans-serif\"><span style=\"color: #800080\"><span style=\"font-size: 16pt\"><strong>VIDEOS<\/strong><\/span><\/span><\/span><\/p>\n<p style=\"text-align: left;padding-left: 200px\"><span style=\"font-family: verdana, geneva, sans-serif\"><strong><span style=\"font-size: 14pt;color: #0000ff\"><a style=\"color: #0000ff\" href=\"https:\/\/www.youtube.com\/embed\/ZuUaNOVRKVo\" target=\"_blank\" rel=\"noopener noreferrer\">Sistemas (Tuto mate)<\/a><\/span><\/strong><\/span><\/p>\n<p style=\"text-align: left;padding-left: 200px\"><span style=\"font-family: verdana, geneva, sans-serif\"><strong><span style=\"font-size: 14pt;color: #0000ff\"><a style=\"color: #0000ff\" href=\"https:\/\/www.youtube.com\/embed\/R8EbryfX5CA\" target=\"_blank\" rel=\"noopener noreferrer\">Sistemas (Esther Morales)<\/a><\/span><\/strong><\/span><\/p>\n<p style=\"text-align: left;padding-left: 200px\"><span style=\"font-family: verdana, geneva, sans-serif\"><strong><span style=\"font-size: 14pt;color: #0000ff\"><a style=\"color: #0000ff\" href=\"https:\/\/www.youtube.com\/embed\/Gm4HCLATFp0?t=54s\" target=\"_blank\" rel=\"noopener noreferrer\">Sistemas-1 (childtopia)<\/a><\/span><\/strong><\/span><\/p>\n<p style=\"text-align: left;padding-left: 200px\"><span style=\"font-family: verdana, geneva, sans-serif\"><strong><span style=\"font-size: 14pt;color: #0000ff\"><a style=\"color: #0000ff\" href=\"https:\/\/www.youtube.com\/embed\/V6Zb0O8bGrU\" target=\"_blank\" rel=\"noopener noreferrer\">Sistemas-2 (childtopia)<\/a><\/span><\/strong><\/span><\/p>\n<p style=\"text-align: left;padding-left: 200px\"><span style=\"font-family: verdana, geneva, sans-serif\"><strong><span style=\"font-size: 14pt;color: #0000ff\"><a style=\"color: #0000ff\" href=\"https:\/\/www.youtube.com\/embed\/6EpqMjnUe9M\" target=\"_blank\" rel=\"noopener noreferrer\">Con valor absoluto (El Aprendiz Inform\u00e1tico)<\/a><\/span><\/strong><\/span><\/p>\n<p style=\"text-align: left;padding-left: 200px\"><span style=\"font-family: verdana, geneva, sans-serif\"><strong><span style=\"font-size: 14pt;color: #0000ff\"><a style=\"color: #0000ff\" href=\"https:\/\/www.youtube.com\/embed\/LXsTekH8tig\" target=\"_blank\" rel=\"noopener noreferrer\">Con valor absoluto (Educatina)<\/a><\/span><\/strong><\/span><\/p>\n<p style=\"text-align: left;padding-left: 200px\"><span style=\"font-family: verdana, geneva, sans-serif\"><strong><span style=\"font-size: 14pt;color: #0000ff\"><a style=\"color: #0000ff\" href=\"https:\/\/www.youtube.com\/embed\/Ogxr5wwVMAw\" target=\"_blank\" rel=\"noopener noreferrer\">Con valor absoluto-1 (Julioprofe)<\/a><\/span><\/strong><\/span><\/p>\n<p style=\"text-align: left;padding-left: 200px\"><span style=\"font-family: verdana, geneva, sans-serif\"><strong><span style=\"font-size: 14pt;color: #0000ff\"><a style=\"color: #0000ff\" href=\"https:\/\/www.youtube.com\/embed\/iD8YpnONpMU\" target=\"_blank\" rel=\"noopener noreferrer\">Con valor absoluto-2 (julioprofe)<\/a><\/span><\/strong><\/span><\/p>\n<p style=\"text-align: left;padding-left: 200px\"><span style=\"font-family: verdana, geneva, sans-serif\"><strong><span style=\"font-size: 14pt;color: #0000ff\"><a style=\"color: #0000ff\" href=\"https:\/\/www.youtube.com\/embed\/HPeVVvSaHrw\" target=\"_blank\" rel=\"noopener noreferrer\">Con valor absoluto (ceforma)<\/a><\/span><\/strong><\/span><\/p>\n<\/td>\n<\/tr>\n<tr>\n<td style=\"width: 16.4111%;border-style: double;border-color: #050505;text-align: center\" colspan=\"3\"><span style=\"font-family: verdana, geneva, sans-serif\"><a href=\"https:\/\/blogsaverroes.juntadeandalucia.es\/rafaelnunezmat\/files\/2025\/08\/inecuaciones-no-lineales-con-una-incognita.docx\" target=\"_blank\" rel=\"noopener\"><span style=\"text-decoration: underline\"><span style=\"font-size: 16pt;color: #000000;text-decoration: underline\"><strong>INECUACIONES NO LINEALES CON UNA INC\u00d3GNITA<\/strong><\/span><\/span><span style=\"font-size: 16pt;color: #000000\"><strong> (apuntes y actividades)<\/strong><\/span><\/a><br \/>\n<\/span><\/p>\n<p><span style=\"text-decoration: underline;font-family: verdana, geneva, sans-serif\"><span style=\"color: #800080\"><span style=\"font-size: 16pt\"><strong>VIDEOS<\/strong><\/span><\/span><\/span><\/p>\n<p style=\"text-align: left;padding-left: 200px\"><span style=\"font-family: verdana, geneva, sans-serif\"><strong><span style=\"color: #0000ff\"><a style=\"color: #0000ff\" href=\"https:\/\/www.youtube.com\/embed\/Z-Vp-T_3oxM\" target=\"_blank\" rel=\"noopener noreferrer\"><span style=\"font-size: 14pt\">Factorizadas (Sergio Esteves Rebollo)<\/span><\/a><\/span><\/strong><\/span><\/p>\n<p style=\"text-align: left;padding-left: 200px\"><span style=\"font-family: verdana, geneva, sans-serif\"><strong><span style=\"font-size: 14pt;color: #0000ff\"><a style=\"color: #0000ff\" href=\"https:\/\/www.youtube.com\/embed\/KoLpVAEFiD0?t=346s\" target=\"_blank\" rel=\"noopener noreferrer\">Factorizadas (math2me)<\/a><\/span><\/strong><\/span><\/p>\n<p style=\"text-align: left;padding-left: 200px\"><span style=\"font-family: verdana, geneva, sans-serif\"><strong><span style=\"font-size: 14pt;color: #0000ff\"><a style=\"color: #0000ff\" href=\"https:\/\/www.youtube.com\/embed\/nr3X96nA8bY\" target=\"_blank\" rel=\"noopener noreferrer\">Cuadr\u00e1ticas (Tuto mate)<\/a><\/span><\/strong><\/span><\/p>\n<p style=\"text-align: left;padding-left: 200px\"><span style=\"font-family: verdana, geneva, sans-serif\"><strong><span style=\"font-size: 14pt;color: #0000ff\"><a style=\"color: #0000ff\" href=\"https:\/\/www.youtube.com\/embed\/ZHmst_xZiwU\" target=\"_blank\" rel=\"noopener noreferrer\">Cuadr\u00e1ticas (miprofedematematicas)<\/a><\/span><\/strong><\/span><\/p>\n<p style=\"text-align: left;padding-left: 200px\"><span style=\"font-family: verdana, geneva, sans-serif\"><strong><span style=\"font-size: 14pt;color: #0000ff\"><a style=\"color: #0000ff\" href=\"https:\/\/www.youtube.com\/embed\/XyNCOoR2w6g\" target=\"_blank\" rel=\"noopener noreferrer\">Cuadr\u00e1ticas-1 (Danny Perich)<\/a><\/span><\/strong><\/span><\/p>\n<p style=\"text-align: left;padding-left: 200px\"><span style=\"font-family: verdana, geneva, sans-serif\"><strong><span style=\"font-size: 14pt;color: #0000ff\"><a style=\"color: #0000ff\" href=\"https:\/\/www.youtube.com\/embed\/hy0HBcN47-U\" target=\"_blank\" rel=\"noopener noreferrer\">Cuadr\u00e1ticas-2 (Danny Perich)<\/a><\/span><\/strong><\/span><\/p>\n<p style=\"text-align: left;padding-left: 200px\"><span style=\"font-family: verdana, geneva, sans-serif\"><strong><span style=\"font-size: 14pt;color: #0000ff\"><a style=\"color: #0000ff\" href=\"https:\/\/www.youtube.com\/embed\/CiCp1-3n3sU?t=133s\" target=\"_blank\" rel=\"noopener noreferrer\">Cuadr\u00e1ticas con operaciones-1 (Julioprofe)<\/a><\/span><\/strong><\/span><\/p>\n<p style=\"text-align: left;padding-left: 200px\"><span style=\"font-family: verdana, geneva, sans-serif\"><strong><span style=\"font-size: 14pt;color: #0000ff\"><a style=\"color: #0000ff\" href=\"https:\/\/www.youtube.com\/embed\/kmLnD8c-uJA\" target=\"_blank\" rel=\"noopener noreferrer\">Cuadr\u00e1ticas con operaciones-2 (Julioprofe)<\/a><\/span><\/strong><\/span><\/p>\n<p style=\"text-align: left;padding-left: 200px\"><span style=\"font-family: verdana, geneva, sans-serif\"><strong><span style=\"font-size: 14pt;color: #0000ff\"><a style=\"color: #0000ff\" href=\"https:\/\/www.youtube.com\/embed\/f_PYdSj2H5s\" target=\"_blank\" rel=\"noopener noreferrer\">Polin\u00f3micas (Matem\u00e1ticas Concepcionistas Escorial)<\/a><\/span><\/strong><\/span><\/p>\n<p style=\"text-align: left;padding-left: 200px\"><span style=\"font-family: verdana, geneva, sans-serif\"><strong><span style=\"font-size: 14pt;color: #0000ff\"><a style=\"color: #0000ff\" href=\"https:\/\/www.youtube.com\/embed\/39d8C4tped8\" target=\"_blank\" rel=\"noopener noreferrer\">Polin\u00f3micas (Manuel Jes\u00fas Quidiello)<\/a><\/span><\/strong><\/span><\/p>\n<p style=\"text-align: left;padding-left: 200px\"><span style=\"font-family: verdana, geneva, sans-serif\"><strong><span style=\"font-size: 14pt;color: #0000ff\"><a style=\"color: #0000ff\" href=\"https:\/\/www.youtube.com\/embed\/7zJf6-bq7Oc\" target=\"_blank\" rel=\"noopener noreferrer\">Racionales (Susy)<\/a><\/span><\/strong><\/span><\/p>\n<p style=\"text-align: left;padding-left: 200px\"><span style=\"font-family: verdana, geneva, sans-serif\"><strong><span style=\"font-size: 14pt;color: #0000ff\"><a style=\"color: #0000ff\" href=\"https:\/\/www.youtube.com\/embed\/9ijpdH8DDO8\" target=\"_blank\" rel=\"noopener noreferrer\">Racionales (lasmatematicas.es)<\/a><\/span><\/strong><\/span><\/p>\n<p style=\"text-align: left;padding-left: 200px\"><span style=\"font-family: verdana, geneva, sans-serif\"><strong><span style=\"font-size: 14pt;color: #0000ff\"><a style=\"color: #0000ff\" href=\"https:\/\/www.youtube.com\/embed\/j_vSVvQIGo0\" target=\"_blank\" rel=\"noopener noreferrer\">Racionales (ojelcjm)<\/a><\/span><\/strong><\/span><\/p>\n<p style=\"text-align: left;padding-left: 200px\"><span style=\"font-family: verdana, geneva, sans-serif\"><strong><span style=\"font-size: 14pt;color: #0000ff\"><a style=\"color: #0000ff\" href=\"https:\/\/www.youtube.com\/embed\/iWGUpc9V4q4?t=195s\" target=\"_blank\" rel=\"noopener noreferrer\">Racionales (egausscom)<\/a><\/span><\/strong><\/span><\/p>\n<p style=\"text-align: left;padding-left: 200px\"><span style=\"font-family: verdana, geneva, sans-serif\"><strong><span style=\"font-size: 14pt;color: #0000ff\"><a style=\"color: #0000ff\" href=\"https:\/\/www.youtube.com\/embed\/dZjv7mgnD28\" target=\"_blank\" rel=\"noopener noreferrer\">Racionales-1 (Julioprofe)<\/a><\/span><\/strong><\/span><\/p>\n<p style=\"text-align: left;padding-left: 200px\"><span style=\"font-family: verdana, geneva, sans-serif\"><strong><span style=\"font-size: 14pt;color: #0000ff\"><a style=\"color: #0000ff\" href=\"https:\/\/www.youtube.com\/embed\/Z_3TR7A24FE\" target=\"_blank\" rel=\"noopener noreferrer\">Racionales-2 (Julioprofe)<\/a><\/span><\/strong><\/span><\/p>\n<p style=\"text-align: left;padding-left: 200px\"><span style=\"font-family: verdana, geneva, sans-serif\"><strong><span style=\"font-size: 14pt;color: #0000ff\"><a style=\"color: #0000ff\" href=\"https:\/\/www.youtube.com\/embed\/R4Lafig_xu4?t=304s\" target=\"_blank\" rel=\"noopener noreferrer\">Racionales (Unicoos)<\/a><\/span><\/strong><\/span><\/p>\n<p style=\"text-align: left;padding-left: 200px\"><span style=\"font-family: verdana, geneva, sans-serif\"><strong><span style=\"font-size: 14pt;color: #0000ff\"><a style=\"color: #0000ff\" href=\"https:\/\/www.youtube.com\/embed\/UuZVr-x9ETU?t=308s\" target=\"_blank\" rel=\"noopener noreferrer\">Racionales (ceforma)<\/a><\/span><\/strong><\/span><\/p>\n<p style=\"text-align: left;padding-left: 200px\"><span style=\"font-family: verdana, geneva, sans-serif\"><strong><span style=\"font-size: 14pt;color: #0000ff\"><a style=\"color: #0000ff\" href=\"https:\/\/www.youtube.com\/embed\/1j4W1LMD7oI\" target=\"_blank\" rel=\"noopener noreferrer\">Con radicales (Unicoos)<\/a><\/span><\/strong><\/span><\/p>\n<p style=\"text-align: left;padding-left: 200px\"><span style=\"font-family: verdana, geneva, sans-serif\"><strong><span style=\"font-size: 14pt;color: #0000ff\"><a style=\"color: #0000ff\" href=\"https:\/\/www.youtube.com\/embed\/6cVczQWNtqk?t=449s\" target=\"_blank\" rel=\"noopener noreferrer\">Variadas (Unicoos)<\/a><\/span><\/strong><\/span><\/p>\n<\/td>\n<\/tr>\n<\/tbody>\n<\/table>\n<p>&nbsp;<\/p>\n","protected":false},"excerpt":{"rendered":"<p>CONCEPTO DE INECUACI\u00d3N (apuntes y actividades) VIDEOS Representaci\u00f3n gr\u00e1fica de inecuaciones simples (Matematicatuya) Reglas de las desigualdades e inecuaciones (Matematicatuya) Reglas de las desigualdades e inecuaciones (Educatina) INECUACIONES LINEALES CON UNA INC\u00d3GNITA (apuntes y actividades) VIDEOS Inecuaciones lineales (explicamates) Inecuaciones lineales (lasmatematicas.es) Con par\u00e9ntesis (Julioprofe) Con denominadores (Esther Morales) Con denominadores (egausscom) Con denominadores (lasmatematicas.es) &hellip; <\/p>\n<p><a class=\"more-link btn\" href=\"https:\/\/blogsaverroes.juntadeandalucia.es\/rafaelnunezmat\/inecuaciones\">Seguir leyendo<\/a><\/p>\n","protected":false},"author":10669,"featured_media":0,"parent":0,"menu_order":0,"comment_status":"closed","ping_status":"closed","template":"","meta":{"ngg_post_thumbnail":0,"footnotes":""},"aioseo_notices":[],"_links":{"self":[{"href":"https:\/\/blogsaverroes.juntadeandalucia.es\/rafaelnunezmat\/wp-json\/wp\/v2\/pages\/131"}],"collection":[{"href":"https:\/\/blogsaverroes.juntadeandalucia.es\/rafaelnunezmat\/wp-json\/wp\/v2\/pages"}],"about":[{"href":"https:\/\/blogsaverroes.juntadeandalucia.es\/rafaelnunezmat\/wp-json\/wp\/v2\/types\/page"}],"author":[{"embeddable":true,"href":"https:\/\/blogsaverroes.juntadeandalucia.es\/rafaelnunezmat\/wp-json\/wp\/v2\/users\/10669"}],"replies":[{"embeddable":true,"href":"https:\/\/blogsaverroes.juntadeandalucia.es\/rafaelnunezmat\/wp-json\/wp\/v2\/comments?post=131"}],"version-history":[{"count":24,"href":"https:\/\/blogsaverroes.juntadeandalucia.es\/rafaelnunezmat\/wp-json\/wp\/v2\/pages\/131\/revisions"}],"predecessor-version":[{"id":5488,"href":"https:\/\/blogsaverroes.juntadeandalucia.es\/rafaelnunezmat\/wp-json\/wp\/v2\/pages\/131\/revisions\/5488"}],"wp:attachment":[{"href":"https:\/\/blogsaverroes.juntadeandalucia.es\/rafaelnunezmat\/wp-json\/wp\/v2\/media?parent=131"}],"curies":[{"name":"wp","href":"https:\/\/api.w.org\/{rel}","templated":true}]}}