{"id":133,"date":"2021-06-01T06:29:49","date_gmt":"2021-06-01T06:29:49","guid":{"rendered":"https:\/\/blogsaverroes.juntadeandalucia.es\/rafaelnunezmat\/?page_id=133"},"modified":"2025-08-27T11:52:45","modified_gmt":"2025-08-27T11:52:45","slug":"progresiones","status":"publish","type":"page","link":"https:\/\/blogsaverroes.juntadeandalucia.es\/rafaelnunezmat\/progresiones","title":{"rendered":"Progresiones"},"content":{"rendered":"<p><span style=\"font-family: verdana, geneva, sans-serif\"><img loading=\"lazy\" decoding=\"async\" class=\"aligncenter\" src=\"https:\/\/i0.wp.com\/docentesdigitalestv.org\/wp-content\/uploads\/2024\/06\/sucesiones-aritmeticas-y-geometricas-progresiones.jpg?fit=1024%2C576&amp;ssl=1\" alt=\"sucesiones aritm\u00e9ticas y geom\u00e9tricas, progresiones RD..\" width=\"682\" height=\"384\"><\/span><\/p>\n<p>&nbsp;<\/p>\n<table style=\"height: 251px;width: 100%;border-collapse: collapse;border-style: none;border-color: #030000\" cellpadding=\"0\">\n<tbody>\n<tr style=\"height: 24px\">\n<td style=\"width: 10.3696%;border-style: double;border-color: #050505;height: 135px;text-align: center\" colspan=\"3\"><span style=\"font-family: verdana, geneva, sans-serif\"><span style=\"font-size: 16pt;color: #000000\"><strong><a style=\"color: #000000\" href=\"https:\/\/blogsaverroes.juntadeandalucia.es\/rafaelnunezmat\/files\/2024\/10\/concepto-de-sucesion-tipos.docx\" target=\"_blank\" rel=\"noopener\"><span style=\"text-decoration: underline\">CONCEPTO DE SUCESI\u00d3N. TIPOS<\/span> (apuntes y actividades)<\/a><\/strong><\/span><br \/>\n<\/span><span style=\"text-decoration: underline;font-family: verdana, geneva, sans-serif\"><span style=\"font-size: 14pt;color: #800080\"><strong>VIDEOS<\/strong><\/span><\/span><\/p>\n<p style=\"text-align: left;padding-left: 200px\"><span style=\"font-family: verdana, geneva, sans-serif\"><strong><span style=\"font-size: 14pt;color: #0000ff\"><a style=\"color: #0000ff\" href=\"https:\/\/www.youtube.com\/embed\/xLBIZkgZCKw\" target=\"_blank\" rel=\"noopener noreferrer\">Concepto de sucesi\u00f3n, t\u00e9rmino general (todosobresaliente)<\/a><\/span><\/strong><\/span><\/p>\n<p style=\"text-align: left;padding-left: 200px\"><span style=\"font-family: verdana, geneva, sans-serif\"><strong><span style=\"font-size: 14pt;color: #0000ff\"><a style=\"color: #0000ff\" href=\"https:\/\/www.youtube.com\/embed\/TqVx4InC3NE\" target=\"_blank\" rel=\"noopener noreferrer\">Sucesiones recurrentes (Tuto mate)<\/a><\/span><\/strong><\/span><\/p>\n<p style=\"text-align: left;padding-left: 200px\"><span style=\"font-family: verdana, geneva, sans-serif\"><strong><span style=\"font-size: 14pt;color: #0000ff\"><a style=\"color: #0000ff\" href=\"https:\/\/www.youtube.com\/embed\/He1z5DdTmQQ?t=408s\" target=\"_blank\" rel=\"noopener noreferrer\">Sucesiones de Fibonacci (stellamcz4, Adri\u00e1n Paenza)<\/a><\/span><\/strong><\/span><\/p>\n<p><span style=\"text-decoration: underline;color: #800000;font-family: verdana, geneva, sans-serif\"><span style=\"font-size: 14pt\"><strong>OTROS RECURSOS<\/strong><\/span><\/span><\/p>\n<p style=\"text-align: left;padding-left: 200px\"><span style=\"font-family: verdana, geneva, sans-serif\"><strong><span style=\"font-size: 14pt;color: #0000ff\"><a style=\"color: #0000ff\" href=\"https:\/\/clic.xtec.cat\/projects\/pa_ecu\/jclic.js\/index.html\" target=\"_blank\" rel=\"noopener noreferrer\">Concepto de sucesi\u00f3n, t\u00e9rmino general (actividades jclic)<\/a><\/span><\/strong><\/span><\/p>\n<\/td>\n<\/tr>\n<tr style=\"height: 24px\">\n<td style=\"width: 10.3696%;border-style: double;border-color: #050505;height: 24px;text-align: center\" colspan=\"3\"><span style=\"font-family: verdana, geneva, sans-serif\"><span style=\"font-size: 16pt;color: #000000\"><strong><a style=\"color: #000000\" href=\"https:\/\/blogsaverroes.juntadeandalucia.es\/rafaelnunezmat\/files\/2024\/10\/progresiones-aritmeticas.docx\" target=\"_blank\" rel=\"noopener\"><span style=\"text-decoration: underline\">PROGRESIONES ARITM\u00c9TICAS<\/span> (apuntes y actividades)<\/a><\/strong><\/span><br \/>\n<\/span><span style=\"text-decoration: underline;font-family: verdana, geneva, sans-serif\"><span style=\"font-size: 14pt;color: #800080\"><strong>VIDEOS<\/strong><\/span><\/span><\/p>\n<p style=\"text-align: left;padding-left: 200px\"><span style=\"font-family: verdana, geneva, sans-serif\"><strong><span style=\"font-size: 14pt;color: #0000ff\"><a style=\"color: #0000ff\" href=\"https:\/\/www.youtube.com\/embed\/EeSgDFjTPtc\" target=\"_blank\" rel=\"noopener noreferrer\">Suma de t\u00e9rminos (Unicoos)<\/a><\/span><\/strong><\/span><\/p>\n<p style=\"text-align: left;padding-left: 200px\"><span style=\"font-family: verdana, geneva, sans-serif\"><strong><span style=\"font-size: 14pt;color: #0000ff\"><a style=\"color: #0000ff\" href=\"https:\/\/www.youtube.com\/embed\/y0sV5EEPb2U\" target=\"_blank\" rel=\"noopener noreferrer\">Suma de naturales del 1 al 100, Gauss (Mates Mike)<\/a><\/span><\/strong><\/span><\/p>\n<p style=\"text-align: left;padding-left: 200px\"><span style=\"font-family: verdana, geneva, sans-serif\"><strong><span style=\"font-size: 14pt;color: #0000ff\"><a style=\"color: #0000ff\" href=\"https:\/\/www.youtube.com\/embed\/NMaYHNA6XYo\" target=\"_blank\" rel=\"noopener noreferrer\">Problemas variados (P\u00edldoras matem\u00e1ticas)<\/a><\/span><\/strong><\/span><\/p>\n<p><span style=\"text-decoration: underline;color: #800000;font-family: verdana, geneva, sans-serif\"><span style=\"font-size: 14pt\"><strong>OTROS RECURSOS<\/strong><\/span><\/span><\/p>\n<p style=\"text-align: left;padding-left: 200px\"><span style=\"font-family: verdana, geneva, sans-serif\"><strong><span style=\"font-size: 14pt;color: #0000ff\"><a style=\"color: #0000ff\" href=\"https:\/\/www.youtube.com\/embed\/OHQ8f5QmasU\" target=\"_blank\" rel=\"noopener noreferrer\">Problemas variados (algebraconpapas)<\/a><\/span><\/strong><\/span><\/p>\n<p style=\"text-align: left;padding-left: 200px\"><span style=\"font-family: verdana, geneva, sans-serif\"><strong><span style=\"font-size: 14pt;color: #0000ff\"><a style=\"color: #0000ff\" href=\"https:\/\/es.educaplay.com\/juego\/2325104-progresiones_aritmeticas.html\" target=\"_blank\" rel=\"noopener noreferrer\">p.a. (test educaplay)<\/a><\/span><\/strong><\/span><\/p>\n<p style=\"text-align: left;padding-left: 200px\"><span style=\"font-family: verdana, geneva, sans-serif\"><strong><span style=\"font-size: 14pt;color: #0000ff\"><a style=\"color: #0000ff\" href=\"https:\/\/www.matematicasonline.es\/progresiones\/aritmeticas.htm\" target=\"_blank\" rel=\"noopener noreferrer\">p.a. (teor\u00eda y actividades de matematicasonline)<\/a><\/span><\/strong><\/span><\/p>\n<p style=\"text-align: left;padding-left: 200px\">&nbsp;<\/p>\n<\/td>\n<\/tr>\n<tr style=\"height: 22px\">\n<td style=\"width: 10.3696%;border-style: double;border-color: #050505;height: 22px;text-align: center\" colspan=\"3\"><span style=\"font-family: verdana, geneva, sans-serif\"><span style=\"font-size: 16pt;color: #000000\"><strong><a style=\"color: #000000\" href=\"https:\/\/blogsaverroes.juntadeandalucia.es\/rafaelnunezmat\/files\/2024\/10\/progresiones-geometricas.docx\" target=\"_blank\" rel=\"noopener\"><span style=\"text-decoration: underline\">PROGRESIONES GEOM\u00c9TRICAS<\/span> (apuntes y actividades)<\/a><\/strong><\/span><br \/>\n<\/span><span style=\"text-decoration: underline;font-family: verdana, geneva, sans-serif\"><span style=\"font-size: 14pt;color: #800080\"><strong>VIDEOS<\/strong><\/span><\/span><\/p>\n<p style=\"text-align: left;padding-left: 200px\"><span style=\"font-family: verdana, geneva, sans-serif\"><strong><span style=\"font-size: 14pt;color: #0000ff\"><a style=\"color: #0000ff\" href=\"https:\/\/www.youtube.com\/embed\/UZDnLqEtE_8\" target=\"_blank\" rel=\"noopener noreferrer\">Suma de t\u00e9rminos en p.g. (Unicoos)<\/a><\/span><\/strong><\/span><\/p>\n<p style=\"text-align: left;padding-left: 200px\"><span style=\"font-family: verdana, geneva, sans-serif\"><strong><span style=\"font-size: 14pt;color: #0000ff\"><a style=\"color: #0000ff\" href=\"https:\/\/www.youtube.com\/embed\/jwdJJYWIk5Y\" target=\"_blank\" rel=\"noopener noreferrer\">Problema con p.g. (Aprender Matem\u00e1ticas. Jos\u00e9 Jaime Mas)<\/a><\/span><\/strong><\/span><\/p>\n<p style=\"text-align: left;padding-left: 200px\"><span style=\"font-family: verdana, geneva, sans-serif\"><strong><span style=\"font-size: 14pt;color: #0000ff\"><a style=\"color: #0000ff\" href=\"https:\/\/www.youtube.com\/embed\/FGAacSV09dw?t=349s\" target=\"_blank\" rel=\"noopener noreferrer\">Problema con p.g (Profe AlexZ)<\/a><\/span><\/strong><\/span><\/p>\n<p style=\"text-align: left;padding-left: 200px\"><span style=\"font-family: verdana, geneva, sans-serif\"><strong><span style=\"font-size: 14pt;color: #0000ff\"><a style=\"color: #0000ff\" href=\"https:\/\/www.youtube.com\/embed\/iIJw2SCbjUE\" target=\"_blank\" rel=\"noopener noreferrer\">Suma de t\u00e9rminos, problema (Aprender Matem\u00e1ticas. Jos\u00e9 Jaime Mas)<\/a><\/span><\/strong><\/span><\/p>\n<p style=\"text-align: left;padding-left: 200px\"><span style=\"font-family: verdana, geneva, sans-serif\"><strong><span style=\"font-size: 14pt;color: #0000ff\"><a style=\"color: #0000ff\" href=\"https:\/\/www.youtube.com\/embed\/5djrx1ON0N8\" target=\"_blank\" rel=\"noopener noreferrer\">Suma de t\u00e9rminos, problema ajedrez (Aprender Matem\u00e1ticas. Jos\u00e9 Jaime Mas)<\/a><\/span><\/strong><\/span><\/p>\n<p><span style=\"text-decoration: underline;color: #800000;font-family: verdana, geneva, sans-serif\"><span style=\"font-size: 14pt\"><strong>OTROS RECURSOS<\/strong><\/span><\/span><\/p>\n<p style=\"text-align: left;padding-left: 200px\"><span style=\"font-family: verdana, geneva, sans-serif\"><strong><span style=\"font-size: 14pt;color: #0000ff\"><a style=\"color: #0000ff\" href=\"https:\/\/www.matematicasonline.es\/progresiones\/geometricas.htm\" target=\"_blank\" rel=\"noopener noreferrer\">p.g. (actividades de matematicasonline)<\/a><\/span><\/strong><\/span><\/p>\n<\/td>\n<\/tr>\n<tr style=\"height: 35px\">\n<td style=\"width: 10.3696%;border-style: double;border-color: #050505;text-align: center;height: 35px\" colspan=\"3\"><span style=\"font-size: 16pt;color: #000000\"><strong><span style=\"font-family: verdana, geneva, sans-serif\"><a style=\"color: #000000\" href=\"https:\/\/blogsaverroes.juntadeandalucia.es\/rafaelnunezmat\/files\/2024\/10\/varios-progresiones.docx\" target=\"_blank\" rel=\"noopener\"><span style=\"text-decoration: underline\">VARIOS PROGRESIONES<\/span> (apuntes y actividades)<\/a><\/span><\/strong><\/span><\/p>\n<p><span style=\"text-decoration: underline;font-family: verdana, geneva, sans-serif\"><span style=\"font-size: 14pt;color: #800080\"><strong>VIDEOS<\/strong><\/span><\/span><\/p>\n<p style=\"text-align: left;padding-left: 200px\"><span style=\"font-family: verdana, geneva, sans-serif\"><strong><span style=\"font-size: 14pt;color: #0000ff\"><a style=\"color: #0000ff\" href=\"https:\/\/www.youtube.com\/embed\/c3rFAbYpVMc\" target=\"_blank\" rel=\"noopener noreferrer\">Problemas con sucesiones (Tuto mate)<\/a><\/span><\/strong><\/span><\/p>\n<p><span style=\"text-decoration: underline;color: #800000;font-family: verdana, geneva, sans-serif\"><span style=\"font-size: 14pt\"><strong>OTROS RECURSOS<\/strong><\/span><\/span><\/p>\n<p style=\"text-align: left;padding-left: 200px\"><span style=\"font-family: verdana, geneva, sans-serif\"><strong><span style=\"font-size: 14pt;color: #0000ff\"><a style=\"color: #0000ff\" href=\"https:\/\/www.matematicasonline.es\/cidead\/3esomatematicas\/3quincena5\/index3_5.htm\" target=\"_blank\" rel=\"noopener noreferrer\">Sucesiones (teor\u00eda y actividades de intef)<\/a><\/span><\/strong><\/span><\/p>\n<p style=\"text-align: left;padding-left: 200px\"><span style=\"font-family: verdana, geneva, sans-serif\"><strong><span style=\"font-size: 14pt;color: #0000ff\"><a style=\"color: #0000ff\" href=\"https:\/\/www.matematicasonline.es\/progresiones\/2_eval_fin_parejas_formulas.htm\" target=\"_blank\" rel=\"noopener noreferrer\">F\u00f3rmulas en p.a. y p.g. (emparejar matematicasonline)<\/a><\/span><\/strong><\/span><\/p>\n<p style=\"text-align: left;padding-left: 200px\"><span style=\"font-family: verdana, geneva, sans-serif\"><strong><span style=\"font-size: 14pt;color: #0000ff\"><a style=\"color: #0000ff\" href=\"https:\/\/www.matematicasonline.es\/progresiones\/4_eval_fin_crucigrama.htm\" target=\"_blank\" rel=\"noopener noreferrer\">p.a. y p.g. (crucigrama de matematicasonline)<\/a><\/span><\/strong><\/span><\/p>\n<p style=\"text-align: left;padding-left: 200px\"><span style=\"font-family: verdana, geneva, sans-serif\"><strong><span style=\"font-size: 14pt;color: #0000ff\"><a style=\"color: #0000ff\" href=\"https:\/\/www.matematicasonline.es\/progresiones\/5_eval_fin_Examen_final.htm\" target=\"_blank\" rel=\"noopener noreferrer\">p.a. y p.g. (test de matematicasonline)<\/a><\/span><\/strong><\/span><\/p>\n<p style=\"text-align: left;padding-left: 200px\"><span style=\"font-family: verdana, geneva, sans-serif\"><strong><span style=\"font-size: 14pt;color: #0000ff\"><a style=\"color: #0000ff\" href=\"https:\/\/es.educaplay.com\/juego\/5206200-formulas_de_progresiones.html\" target=\"_blank\" rel=\"noopener noreferrer\">F\u00f3rmulas de las progresiones (test de educaplay)<\/a><\/span><\/strong><\/span><\/p>\n<p style=\"text-align: left;padding-left: 200px\"><span style=\"font-family: verdana, geneva, sans-serif\"><strong><span style=\"font-size: 14pt;color: #0000ff\"><a style=\"color: #0000ff\" href=\"https:\/\/es.educaplay.com\/juego\/2278122-sucesiones_y_progresiones.html\" target=\"_blank\" rel=\"noopener noreferrer\">Sucesiones y progresiones (test de educaplay)<\/a><\/span><\/strong><\/span><\/p>\n<\/td>\n<\/tr>\n<\/tbody>\n<\/table>\n<p>&nbsp;<\/p>\n","protected":false},"excerpt":{"rendered":"<p>&nbsp; CONCEPTO DE SUCESI\u00d3N. TIPOS (apuntes y actividades) VIDEOS Concepto de sucesi\u00f3n, t\u00e9rmino general (todosobresaliente) Sucesiones recurrentes (Tuto mate) Sucesiones de Fibonacci (stellamcz4, Adri\u00e1n Paenza) OTROS RECURSOS Concepto de sucesi\u00f3n, t\u00e9rmino general (actividades jclic) PROGRESIONES ARITM\u00c9TICAS (apuntes y actividades) VIDEOS Suma de t\u00e9rminos (Unicoos) Suma de naturales del 1 al 100, Gauss (Mates Mike) Problemas &hellip; <\/p>\n<p><a class=\"more-link btn\" href=\"https:\/\/blogsaverroes.juntadeandalucia.es\/rafaelnunezmat\/progresiones\">Seguir leyendo<\/a><\/p>\n","protected":false},"author":10669,"featured_media":0,"parent":0,"menu_order":0,"comment_status":"closed","ping_status":"closed","template":"","meta":{"ngg_post_thumbnail":0,"footnotes":""},"aioseo_notices":[],"_links":{"self":[{"href":"https:\/\/blogsaverroes.juntadeandalucia.es\/rafaelnunezmat\/wp-json\/wp\/v2\/pages\/133"}],"collection":[{"href":"https:\/\/blogsaverroes.juntadeandalucia.es\/rafaelnunezmat\/wp-json\/wp\/v2\/pages"}],"about":[{"href":"https:\/\/blogsaverroes.juntadeandalucia.es\/rafaelnunezmat\/wp-json\/wp\/v2\/types\/page"}],"author":[{"embeddable":true,"href":"https:\/\/blogsaverroes.juntadeandalucia.es\/rafaelnunezmat\/wp-json\/wp\/v2\/users\/10669"}],"replies":[{"embeddable":true,"href":"https:\/\/blogsaverroes.juntadeandalucia.es\/rafaelnunezmat\/wp-json\/wp\/v2\/comments?post=133"}],"version-history":[{"count":17,"href":"https:\/\/blogsaverroes.juntadeandalucia.es\/rafaelnunezmat\/wp-json\/wp\/v2\/pages\/133\/revisions"}],"predecessor-version":[{"id":5490,"href":"https:\/\/blogsaverroes.juntadeandalucia.es\/rafaelnunezmat\/wp-json\/wp\/v2\/pages\/133\/revisions\/5490"}],"wp:attachment":[{"href":"https:\/\/blogsaverroes.juntadeandalucia.es\/rafaelnunezmat\/wp-json\/wp\/v2\/media?parent=133"}],"curies":[{"name":"wp","href":"https:\/\/api.w.org\/{rel}","templated":true}]}}