{"id":135,"date":"2021-06-01T06:29:49","date_gmt":"2021-06-01T06:29:49","guid":{"rendered":"https:\/\/blogsaverroes.juntadeandalucia.es\/rafaelnunezmat\/?page_id=135"},"modified":"2025-08-27T12:05:19","modified_gmt":"2025-08-27T12:05:19","slug":"sistemas-con-matrices","status":"publish","type":"page","link":"https:\/\/blogsaverroes.juntadeandalucia.es\/rafaelnunezmat\/sistemas-con-matrices","title":{"rendered":"Sistemas usando matrices"},"content":{"rendered":"<p><span style=\"font-family: verdana, geneva, sans-serif\"><img loading=\"lazy\" decoding=\"async\" class=\"aligncenter \" src=\"https:\/\/compilandoconocimiento.files.wordpress.com\/2017\/01\/miniatura18.png\" width=\"531\" height=\"299\"><\/span><\/p>\n<table style=\"height: 106px;width: 100%;border-collapse: collapse;border-style: none;border-color: #030000\" cellpadding=\"0\">\n<tbody>\n<tr style=\"height: 24px\">\n<td style=\"width: 15.7215%;border-style: double;border-color: #050505;text-align: center;height: 71px\" colspan=\"3\"><span style=\"font-family: verdana, geneva, sans-serif\"><a href=\"https:\/\/blogsaverroes.juntadeandalucia.es\/rafaelnunezmat\/files\/2024\/10\/rango-de-una-matriz-teorema-de-Rouche-Frobenius-discusion-de-sistemas.docx\" target=\"_blank\" rel=\"noopener\"><span style=\"font-size: 16pt;color: #000000\"><strong><span style=\"text-decoration: underline\">RANGO DE UNA MATRIZ. TEOREMA DE ROUCH\u00c9 FR\u00d4BENIUS. DISCUSI\u00d3N DE SISTEMAS.<\/span> (apuntes y actividades)<\/strong><\/span><\/a><\/span><\/p>\n<p><span style=\"text-decoration: underline;font-family: verdana, geneva, sans-serif\"><span style=\"font-size: 14pt;color: #800080\"><strong>VIDEOS<\/strong><\/span><\/span><\/p>\n<p style=\"text-align: left;padding-left: 200px\"><span style=\"font-family: verdana, geneva, sans-serif\"><strong><span style=\"font-size: 14pt;color: #0000ff\"><a style=\"color: #0000ff\" href=\"https:\/\/www.youtube.com\/embed\/mGw7BE6nJBA\" target=\"_blank\" rel=\"noopener noreferrer\">Rango por determinantes (Mates con Andr\u00e9s)<\/a><\/span><\/strong><\/span><\/p>\n<p style=\"text-align: left;padding-left: 200px\"><span style=\"font-family: verdana, geneva, sans-serif\"><strong><span style=\"font-size: 14pt;color: #0000ff\"><a style=\"color: #0000ff\" href=\"https:\/\/www.youtube.com\/embed\/i9ADhp9Xo3A\" target=\"_blank\" rel=\"noopener noreferrer\">Rango por determinantes (Mates con Andr\u00e9s)<\/a><\/span><\/strong><\/span><\/p>\n<p style=\"text-align: left;padding-left: 200px\"><span style=\"font-family: verdana, geneva, sans-serif\"><strong><span style=\"font-size: 14pt;color: #0000ff\"><a style=\"color: #0000ff\" href=\"https:\/\/www.youtube.com\/embed\/J6291ZsILio\" target=\"_blank\" rel=\"noopener noreferrer\">Rango por Gauss (8cifras)<\/a><\/span><\/strong><\/span><\/p>\n<p style=\"text-align: left;padding-left: 200px\"><span style=\"font-family: verdana, geneva, sans-serif\"><strong><span style=\"font-size: 14pt;color: #0000ff\"><a style=\"color: #0000ff\" href=\"https:\/\/www.youtube.com\/embed\/1Lm7Uf1h3uA\" target=\"_blank\" rel=\"noopener\">Rango por Gauss (ojelcjm)<\/a><\/span><\/strong><\/span><\/p>\n<p style=\"text-align: left;padding-left: 200px\"><span style=\"font-family: verdana, geneva, sans-serif\"><strong><span style=\"font-size: 14pt;color: #0000ff\"><a style=\"color: #0000ff\" href=\"https:\/\/www.youtube.com\/embed\/81HgVW-NQOQ\" target=\"_blank\" rel=\"noopener noreferrer\">Rango en funci\u00f3n de un par\u00e1metro (Mates con Andr\u00e9s)<\/a><\/span><\/strong><\/span><\/p>\n<p style=\"text-align: left;padding-left: 200px\"><span style=\"font-family: verdana, geneva, sans-serif\"><strong><span style=\"font-size: 14pt;color: #0000ff\"><a style=\"color: #0000ff\" href=\"https:\/\/www.youtube.com\/embed\/pWb8P8aYhHM\" target=\"_blank\" rel=\"noopener noreferrer\">Rango en funci\u00f3n de un par\u00e1metro (lasmatematicas.es)<\/a><\/span><\/strong><\/span><\/p>\n<p style=\"text-align: left;padding-left: 200px\"><span style=\"font-family: verdana, geneva, sans-serif\"><strong><span style=\"font-size: 14pt;color: #0000ff\"><a style=\"color: #0000ff\" href=\"https:\/\/www.youtube.com\/embed\/o3tTK9ttCnM\" target=\"_blank\" rel=\"noopener noreferrer\">Teorema de Rouch\u00e9 (Matem\u00e1ticas F\u00e1ciles Auxi)<\/a><\/span><\/strong><\/span><\/p>\n<p style=\"text-align: left;padding-left: 200px\"><span style=\"font-family: verdana, geneva, sans-serif\"><strong><span style=\"font-size: 14pt;color: #0000ff\"><a style=\"color: #0000ff\" href=\"https:\/\/www.youtube.com\/embed\/ueVQ70NY75I\" target=\"_blank\" rel=\"noopener noreferrer\">Teorema de Rouch\u00e9 (8cifras)<\/a><\/span><\/strong><\/span><\/p>\n<p style=\"text-align: left;padding-left: 200px\"><span style=\"font-family: verdana, geneva, sans-serif\"><strong><span style=\"font-size: 14pt;color: #0000ff\"><a style=\"color: #0000ff\" href=\"https:\/\/www.youtube.com\/embed\/MtMXDl5_RLY\" target=\"_blank\" rel=\"noopener noreferrer\">Discusi\u00f3n de sistemas (Mates con Andr\u00e9s)<\/a><\/span><\/strong><\/span><\/p>\n<p style=\"text-align: left;padding-left: 200px\"><span style=\"font-family: verdana, geneva, sans-serif\"><strong><span style=\"font-size: 14pt;color: #0000ff\"><a style=\"color: #0000ff\" href=\"https:\/\/www.youtube.com\/embed\/RITLceBSssg\" target=\"_blank\" rel=\"noopener noreferrer\">Discusi\u00f3n de sistemas (MatalasMates)<\/a><\/span><\/strong><\/span><\/p>\n<p style=\"text-align: left;padding-left: 200px\"><span style=\"font-family: verdana, geneva, sans-serif\"><strong><span style=\"font-size: 14pt;color: #0000ff\"><a style=\"color: #0000ff\" href=\"https:\/\/www.youtube.com\/embed\/NFI3qlvYnK0\" target=\"_blank\" rel=\"noopener noreferrer\">Discusi\u00f3n de sistemas (lasmatematicas.es)<\/a><\/span><\/strong><\/span><\/p>\n<p style=\"text-align: left;padding-left: 200px\"><span style=\"font-family: verdana, geneva, sans-serif\"><strong><span style=\"font-size: 14pt;color: #0000ff\"><a style=\"color: #0000ff\" href=\"https:\/\/www.youtube.com\/embed\/eh0To6OiXZ8\" target=\"_blank\" rel=\"noopener noreferrer\">Discusi\u00f3n de sistemas-1 (Unicoos)<\/a><\/span><\/strong><\/span><\/p>\n<p style=\"text-align: left;padding-left: 200px\"><span style=\"font-family: verdana, geneva, sans-serif\"><strong><span style=\"font-size: 14pt;color: #0000ff\"><a style=\"color: #0000ff\" href=\"https:\/\/www.youtube.com\/embed\/xnRasQjUEf4\" target=\"_blank\" rel=\"noopener noreferrer\">Discusi\u00f3n de sistemas-2 (Unicoos)<\/a><\/span><\/strong><\/span><\/p>\n<p style=\"text-align: left;padding-left: 200px\"><span style=\"font-family: verdana, geneva, sans-serif\"><strong><span style=\"font-size: 14pt;color: #0000ff\"><a style=\"color: #0000ff\" href=\"https:\/\/www.youtube.com\/embed\/klWAnkzOIbo\" target=\"_blank\" rel=\"noopener noreferrer\">Discusi\u00f3n de sistemas-3 (Unicoos)<\/a><\/span><\/strong><\/span><\/p>\n<\/td>\n<\/tr>\n<tr>\n<td style=\"width: 15.7215%;border-style: double;border-color: #050505;text-align: center\" colspan=\"3\"><span style=\"font-family: verdana, geneva, sans-serif\"><span style=\"font-size: 16pt;color: #000000\"><strong><a style=\"color: #000000\" href=\"https:\/\/blogsaverroes.juntadeandalucia.es\/rafaelnunezmat\/files\/2024\/10\/resolucion-de-sistemas-usando-matrices.docx\" target=\"_blank\" rel=\"noopener\"><span style=\"text-decoration: underline\">RESOLUCI\u00d3N DE SISTEMAS USANDO MATRICES<\/span> (apuntes y actividades)<\/a><\/strong><\/span><\/span><\/p>\n<p><span style=\"text-decoration: underline;font-family: verdana, geneva, sans-serif\"><span style=\"font-size: 14pt;color: #800080\"><strong>VIDEOS<\/strong><\/span><\/span><\/p>\n<p style=\"text-align: left;padding-left: 200px\"><span style=\"font-family: verdana, geneva, sans-serif\"><strong><span style=\"font-size: 14pt;color: #0000ff\"><a style=\"color: #0000ff\" href=\"https:\/\/www.youtube.com\/embed\/j4FeyjHp8qo\" target=\"_blank\" rel=\"noopener noreferrer\">M\u00e9todo de Gauss (lasmatematicas.es)<\/a><\/span><\/strong><\/span><\/p>\n<p style=\"text-align: left;padding-left: 200px\"><span style=\"font-family: verdana, geneva, sans-serif\"><strong><span style=\"font-size: 14pt;color: #0000ff\"><a style=\"color: #0000ff\" href=\"https:\/\/www.youtube.com\/embed\/MJ3TxECFpYA\" target=\"_blank\" rel=\"noopener noreferrer\">M\u00e9todo de Gauss (Novaschool Online)<\/a><\/span><\/strong><\/span><\/p>\n<p style=\"text-align: left;padding-left: 200px\"><span style=\"font-family: verdana, geneva, sans-serif\"><strong><span style=\"font-size: 14pt;color: #0000ff\"><a style=\"color: #0000ff\" href=\"https:\/\/www.youtube.com\/embed\/__8Vg4ePRr4\" target=\"_blank\" rel=\"noopener noreferrer\">M\u00e9todo de Gauss-1 (Mates con Andr\u00e9s)<\/a><\/span><\/strong><\/span><\/p>\n<p style=\"text-align: left;padding-left: 200px\"><span style=\"font-family: verdana, geneva, sans-serif\"><strong><span style=\"font-size: 14pt;color: #0000ff\"><a style=\"color: #0000ff\" href=\"https:\/\/www.youtube.com\/embed\/ERUAPI-jrH0\" target=\"_blank\" rel=\"noopener noreferrer\">M\u00e9todo de Gauss-2 (Mates con Andr\u00e9s)<\/a><\/span><\/strong><\/span><\/p>\n<p style=\"text-align: left;padding-left: 200px\"><span style=\"font-family: verdana, geneva, sans-serif\"><strong><span style=\"font-size: 14pt;color: #0000ff\"><a style=\"color: #0000ff\" href=\"https:\/\/www.youtube.com\/embed\/31TZU8vjN0U\" target=\"_blank\" rel=\"noopener noreferrer\">M\u00e9todo de Gauss 4 inc\u00f3gnitas (unicoos)<\/a><\/span><\/strong><\/span><\/p>\n<p style=\"text-align: left;padding-left: 200px\"><span style=\"font-family: verdana, geneva, sans-serif\"><strong><span style=\"font-size: 14pt;color: #0000ff\"><a style=\"color: #0000ff\" href=\"https:\/\/www.youtube.com\/embed\/SGlVY8Tm6xs\" target=\"_blank\" rel=\"noopener noreferrer\">Resoluci\u00f3n de un SCI (Unicoos)<\/a><\/span><\/strong><\/span><\/p>\n<p style=\"text-align: left;padding-left: 200px\"><span style=\"font-family: verdana, geneva, sans-serif\"><strong><span style=\"font-size: 14pt;color: #0000ff\"><a style=\"color: #0000ff\" href=\"https:\/\/www.youtube.com\/embed\/DnLfqXGgEtw\" target=\"_blank\" rel=\"noopener noreferrer\">M\u00e9todo matricial (Jacobo Arrecha Rodr\u00edguez)<\/a><\/span><\/strong><\/span><\/p>\n<p style=\"text-align: left;padding-left: 200px\"><span style=\"font-family: verdana, geneva, sans-serif\"><strong><span style=\"font-size: 14pt;color: #0000ff\"><a style=\"color: #0000ff\" href=\"https:\/\/www.youtube.com\/embed\/1XPsvlSVOlk\" target=\"_blank\" rel=\"noopener noreferrer\">Regla de Cramer (Unicoos)<\/a><\/span><\/strong><\/span><\/p>\n<\/td>\n<\/tr>\n<\/tbody>\n<\/table>\n<p>&nbsp;<\/p>\n","protected":false},"excerpt":{"rendered":"<p>RANGO DE UNA MATRIZ. TEOREMA DE ROUCH\u00c9 FR\u00d4BENIUS. DISCUSI\u00d3N DE SISTEMAS. (apuntes y actividades) VIDEOS Rango por determinantes (Mates con Andr\u00e9s) Rango por determinantes (Mates con Andr\u00e9s) Rango por Gauss (8cifras) Rango por Gauss (ojelcjm) Rango en funci\u00f3n de un par\u00e1metro (Mates con Andr\u00e9s) Rango en funci\u00f3n de un par\u00e1metro (lasmatematicas.es) Teorema de Rouch\u00e9 (Matem\u00e1ticas &hellip; <\/p>\n<p><a class=\"more-link btn\" href=\"https:\/\/blogsaverroes.juntadeandalucia.es\/rafaelnunezmat\/sistemas-con-matrices\">Seguir leyendo<\/a><\/p>\n","protected":false},"author":10669,"featured_media":0,"parent":0,"menu_order":0,"comment_status":"closed","ping_status":"closed","template":"","meta":{"ngg_post_thumbnail":0,"footnotes":""},"aioseo_notices":[],"_links":{"self":[{"href":"https:\/\/blogsaverroes.juntadeandalucia.es\/rafaelnunezmat\/wp-json\/wp\/v2\/pages\/135"}],"collection":[{"href":"https:\/\/blogsaverroes.juntadeandalucia.es\/rafaelnunezmat\/wp-json\/wp\/v2\/pages"}],"about":[{"href":"https:\/\/blogsaverroes.juntadeandalucia.es\/rafaelnunezmat\/wp-json\/wp\/v2\/types\/page"}],"author":[{"embeddable":true,"href":"https:\/\/blogsaverroes.juntadeandalucia.es\/rafaelnunezmat\/wp-json\/wp\/v2\/users\/10669"}],"replies":[{"embeddable":true,"href":"https:\/\/blogsaverroes.juntadeandalucia.es\/rafaelnunezmat\/wp-json\/wp\/v2\/comments?post=135"}],"version-history":[{"count":25,"href":"https:\/\/blogsaverroes.juntadeandalucia.es\/rafaelnunezmat\/wp-json\/wp\/v2\/pages\/135\/revisions"}],"predecessor-version":[{"id":5493,"href":"https:\/\/blogsaverroes.juntadeandalucia.es\/rafaelnunezmat\/wp-json\/wp\/v2\/pages\/135\/revisions\/5493"}],"wp:attachment":[{"href":"https:\/\/blogsaverroes.juntadeandalucia.es\/rafaelnunezmat\/wp-json\/wp\/v2\/media?parent=135"}],"curies":[{"name":"wp","href":"https:\/\/api.w.org\/{rel}","templated":true}]}}