{"id":1669,"date":"2022-02-09T09:31:20","date_gmt":"2022-02-09T09:31:20","guid":{"rendered":"https:\/\/blogsaverroes.juntadeandalucia.es\/rafaelnunezmat\/?page_id=1669"},"modified":"2024-12-06T10:53:39","modified_gmt":"2024-12-06T10:53:39","slug":"vectores-del-espacio","status":"publish","type":"page","link":"https:\/\/blogsaverroes.juntadeandalucia.es\/rafaelnunezmat\/vectores-del-espacio","title":{"rendered":"Vectores en el espacio"},"content":{"rendered":"<p><img loading=\"lazy\" decoding=\"async\" class=\"aligncenter \" src=\"https:\/\/image.slidesharecdn.com\/vectoresenelespacio-111217192205-phpapp02\/95\/vectores-en-el-espacio-1-728.jpg?cb=1324150070\" width=\"584\" height=\"438\"><\/p>\n<p style=\"text-align: center\"><span style=\"font-size: 24pt;color: #008000\"><strong><a style=\"color: #008000\" href=\"https:\/\/blogsaverroes.juntadeandalucia.es\/rafaelnunezmat\/files\/2022\/02\/vectores-del-espacio.pdf\" target=\"_blank\" rel=\"noopener noreferrer\">Teor\u00eda y actividades resueltas<\/a><\/strong><\/span><\/p>\n<table style=\"height: 106px;width: 99.9349%;border-collapse: collapse;border-style: none;border-color: #030000\" cellpadding=\"0\">\n<tbody>\n<tr style=\"height: 24px\">\n<td style=\"width: 9.4329%;border-style: double;border-color: #050505;text-align: center\" colspan=\"3\"><span style=\"text-decoration: underline\"><span style=\"font-size: 20pt\"><strong><span style=\"color: #000000;text-decoration: underline\">VECTORES<\/span><\/strong><\/span><\/span><\/p>\n<p><span style=\"text-decoration: underline;color: #800080\"><span style=\"text-decoration: underline\"><strong><span style=\"font-size: 14pt\">VIDEOS<\/span><\/strong><\/span><\/span><\/p>\n<p style=\"text-align: left;padding-left: 200px\"><strong><span style=\"font-size: 14pt;color: #0000ff\"><a style=\"color: #0000ff\" href=\"https:\/\/www.youtube.com\/embed\/QBFSef9B2u0\" target=\"_blank\" rel=\"noopener noreferrer\">Vectores del espacio (profe1mats)<\/a><\/span><\/strong><\/p>\n<p style=\"text-align: left;padding-left: 200px\"><strong><span style=\"font-size: 14pt;color: #0000ff\"><a style=\"color: #0000ff\" href=\"https:\/\/www.youtube.com\/embed\/YVUM-HnPNlU\" target=\"_blank\" rel=\"noopener noreferrer\">Vectores, dependencia lineal, c\u00e1lculo de par\u00e1metros&nbsp; (lasmatematicas.es)<\/a><\/span><\/strong><\/p>\n<p style=\"text-align: left;padding-left: 200px\"><strong><span style=\"font-size: 14pt;color: #0000ff\"><a style=\"color: #0000ff\" href=\"https:\/\/www.youtube.com\/embed\/xdC7SEJbrfw\" target=\"_blank\" rel=\"noopener noreferrer\">Vectores, c\u00e1lculo de par\u00e1metros-1 (Mates con Andr\u00e9s)<\/a><\/span><\/strong><\/p>\n<p style=\"text-align: left;padding-left: 200px\"><strong><span style=\"font-size: 14pt;color: #0000ff\"><a style=\"color: #0000ff\" href=\"https:\/\/www.youtube.com\/embed\/61MtVcr1T_g\" target=\"_blank\" rel=\"noopener noreferrer\">Vectores, c\u00e1lculo de par\u00e1metros-2 (Mates con Andr\u00e9s)<\/a><\/span><\/strong><\/p>\n<\/td>\n<\/tr>\n<tr>\n<td style=\"width: 9.4329%;border-style: double;border-color: #050505;text-align: center\" colspan=\"3\"><span style=\"text-decoration: underline\"><span style=\"font-size: 20pt\"><strong><span style=\"color: #000000;text-decoration: underline\">PRODUCTO ESCALAR, VECTORIAL Y MIXTO<\/span><\/strong><\/span><\/span><\/p>\n<p><span style=\"text-decoration: underline;color: #800080\"><span style=\"text-decoration: underline\"><strong><span style=\"font-size: 14pt\">VIDEOS<\/span><\/strong><\/span><\/span><\/p>\n<p style=\"text-align: left;padding-left: 200px\"><strong><span style=\"font-size: 14pt;color: #0000ff\"><a style=\"color: #0000ff\" href=\"https:\/\/www.youtube.com\/embed\/6ABR37--Yr4\" target=\"_blank\" rel=\"noopener noreferrer\">Producto escalar y vectorial (Unicoos)<\/a><\/span><\/strong><\/p>\n<p style=\"text-align: left;padding-left: 200px\"><strong><span style=\"font-size: 14pt;color: #0000ff\"><a style=\"color: #0000ff\" href=\"https:\/\/www.youtube.com\/embed\/yXQwdVjGkEs\" target=\"_blank\" rel=\"noopener noreferrer\">Producto mixto (lasmatematicas.es)<\/a><\/span><\/strong><\/p>\n<\/td>\n<\/tr>\n<\/tbody>\n<\/table>\n<p>&nbsp;<\/p>\n","protected":false},"excerpt":{"rendered":"<p>Teor\u00eda y actividades resueltas VECTORES VIDEOS Vectores del espacio (profe1mats) Vectores, dependencia lineal, c\u00e1lculo de par\u00e1metros&nbsp; (lasmatematicas.es) Vectores, c\u00e1lculo de par\u00e1metros-1 (Mates con Andr\u00e9s) Vectores, c\u00e1lculo de par\u00e1metros-2 (Mates con Andr\u00e9s) PRODUCTO ESCALAR, VECTORIAL Y MIXTO VIDEOS Producto escalar y vectorial (Unicoos) Producto mixto (lasmatematicas.es) &nbsp;<\/p>\n","protected":false},"author":10669,"featured_media":0,"parent":0,"menu_order":0,"comment_status":"closed","ping_status":"closed","template":"","meta":{"ngg_post_thumbnail":0,"footnotes":""},"aioseo_notices":[],"_links":{"self":[{"href":"https:\/\/blogsaverroes.juntadeandalucia.es\/rafaelnunezmat\/wp-json\/wp\/v2\/pages\/1669"}],"collection":[{"href":"https:\/\/blogsaverroes.juntadeandalucia.es\/rafaelnunezmat\/wp-json\/wp\/v2\/pages"}],"about":[{"href":"https:\/\/blogsaverroes.juntadeandalucia.es\/rafaelnunezmat\/wp-json\/wp\/v2\/types\/page"}],"author":[{"embeddable":true,"href":"https:\/\/blogsaverroes.juntadeandalucia.es\/rafaelnunezmat\/wp-json\/wp\/v2\/users\/10669"}],"replies":[{"embeddable":true,"href":"https:\/\/blogsaverroes.juntadeandalucia.es\/rafaelnunezmat\/wp-json\/wp\/v2\/comments?post=1669"}],"version-history":[{"count":10,"href":"https:\/\/blogsaverroes.juntadeandalucia.es\/rafaelnunezmat\/wp-json\/wp\/v2\/pages\/1669\/revisions"}],"predecessor-version":[{"id":5001,"href":"https:\/\/blogsaverroes.juntadeandalucia.es\/rafaelnunezmat\/wp-json\/wp\/v2\/pages\/1669\/revisions\/5001"}],"wp:attachment":[{"href":"https:\/\/blogsaverroes.juntadeandalucia.es\/rafaelnunezmat\/wp-json\/wp\/v2\/media?parent=1669"}],"curies":[{"name":"wp","href":"https:\/\/api.w.org\/{rel}","templated":true}]}}