{"id":197,"date":"2021-06-01T06:52:22","date_gmt":"2021-06-01T06:52:22","guid":{"rendered":"https:\/\/blogsaverroes.juntadeandalucia.es\/rafaelnunezmat\/?page_id=197"},"modified":"2025-08-27T12:09:36","modified_gmt":"2025-08-27T12:09:36","slug":"variado-algebra","status":"publish","type":"page","link":"https:\/\/blogsaverroes.juntadeandalucia.es\/rafaelnunezmat\/variado-algebra","title":{"rendered":"VARIADO \u00c1LGEBRA"},"content":{"rendered":"<p><span style=\"font-family: verdana, geneva, sans-serif\"><img loading=\"lazy\" decoding=\"async\" class=\"aligncenter \" src=\"https:\/\/image2.slideserve.com\/5158669\/slide1-l.jpg\" width=\"431\" height=\"323\"><\/span><\/p>\n<p style=\"text-align: center\"><span style=\"text-decoration: underline;font-size: 22pt;font-family: verdana, geneva, sans-serif;color: #800080\"><strong><span>V\u00cdDEOS<\/span><\/strong><\/span><\/p>\n<p style=\"text-align: left;padding-left: 200px\"><span style=\"color: #0000ff;font-family: verdana, geneva, sans-serif\"><strong><span style=\"font-size: 14pt\">&nbsp;<\/span><span style=\"font-size: 14pt\"><a style=\"color: #0000ff\" href=\"https:\/\/www.youtube.com\/embed\/KwORCyghReE?t=227s\" target=\"_blank\" rel=\"noopener noreferrer\">Sistema con frutas (Matem\u00f3vil)<\/a><\/span><\/strong><\/span><\/p>\n<p>&nbsp;<\/p>\n<p style=\"text-align: center\"><span style=\"text-decoration: underline;color: #800000;font-size: 22pt;font-family: verdana, geneva, sans-serif\"><strong>OTROS RECURSOS<\/strong><\/span><\/p>\n<p style=\"text-align: left;padding-left: 200px\"><span style=\"font-family: verdana, geneva, sans-serif\"><strong><span style=\"color: #0000ff\"><span style=\"font-size: 14pt\"><a style=\"color: #0000ff\" href=\"https:\/\/www.matematicasonline.es\/algebraconpapas\/recurso\/index.htm\" target=\"_blank\" rel=\"noopener noreferrer\"><span style=\"font-size: 14pt\">\u00c1lgebra con papas (web hotpotatoes)<\/span><\/a>&nbsp; &nbsp; &nbsp;<\/span><\/span><\/strong><\/span><\/p>\n<p style=\"text-align: left;padding-left: 200px\"><span style=\"font-size: 14pt;font-family: verdana, geneva, sans-serif\"><strong><span style=\"color: #0000ff\"><a style=\"color: #0000ff\" href=\"https:\/\/clic.xtec.cat\/projects\/jeromesp\/jclic.js\/index.html\">Jerogl\u00edficos matem\u00e1ticos (actividades jclic)<\/a><\/span><\/strong><\/span><\/p>\n<p style=\"text-align: left;padding-left: 200px\">&nbsp;<\/p>\n<p style=\"text-align: center\"><span style=\"text-decoration: underline;font-size: 22pt;font-family: verdana, geneva, sans-serif\"><strong><span style=\"color: #000000;text-decoration: underline\">PRUEBAS DE EVALUACI\u00d3N DE DIAGN\u00d3STICO RESUELTAS (Rafael N\u00fa\u00f1ez)<\/span><\/strong><\/span><\/p>\n<p style=\"padding-left: 200px\"><span style=\"font-size: 14pt;font-family: verdana, geneva, sans-serif\"><a href=\"https:\/\/blogsaverroes.juntadeandalucia.es\/rafaelnunezmat\/files\/2021\/12\/06-07-andaluc\u00eda-el-cine.pdf\" target=\"_blank\" rel=\"noopener noreferrer\"><strong><span style=\"color: #0000ff\">06-07-andaluc\u00eda-el cine<\/span><\/strong><\/a><strong><span style=\"color: #0000ff\">&nbsp; <\/span><\/strong><\/span><\/p>\n<p style=\"padding-left: 200px\"><span style=\"font-size: 14pt;font-family: verdana, geneva, sans-serif\"><strong><span style=\"color: #0000ff\"><a style=\"color: #0000ff\" href=\"https:\/\/blogsaverroes.juntadeandalucia.es\/rafaelnunezmat\/files\/2021\/12\/07-08-andaluc\u00eda-balanza.pdf\" target=\"_blank\" rel=\"noopener noreferrer\">07-08-andaluc\u00eda-balanza<\/a>&nbsp; &nbsp;<\/span><\/strong><\/span><\/p>\n<p style=\"padding-left: 200px\"><span style=\"font-size: 14pt;font-family: verdana, geneva, sans-serif\"><strong><span style=\"color: #0000ff\"><a style=\"color: #0000ff\" href=\"https:\/\/blogsaverroes.juntadeandalucia.es\/rafaelnunezmat\/files\/2021\/12\/08-09-andaluc\u00eda-juego-de-mesa.pdf\" target=\"_blank\" rel=\"noopener noreferrer\">08-09-andaluc\u00eda-juego de mesa<\/a> &nbsp;<\/span><\/strong><\/span><\/p>\n<p style=\"padding-left: 200px\"><span style=\"font-size: 14pt;font-family: verdana, geneva, sans-serif\"><strong><span style=\"color: #0000ff\"><a style=\"color: #0000ff\" href=\"https:\/\/blogsaverroes.juntadeandalucia.es\/rafaelnunezmat\/files\/2021\/12\/09-10-andaluc\u00eda-el-n\u00famero-de-tel\u00e9fono.pdf\" target=\"_blank\" rel=\"noopener noreferrer\">09-10-andaluc\u00eda-el n\u00famero de tel\u00e9fono<\/a> &nbsp;<\/span><\/strong><\/span><\/p>\n<p style=\"padding-left: 200px\"><span style=\"font-family: verdana, geneva, sans-serif\"><strong><span style=\"font-size: 14pt;color: #0000ff\"><a style=\"color: #0000ff\" href=\"https:\/\/blogsaverroes.juntadeandalucia.es\/rafaelnunezmat\/files\/2021\/12\/09-10-andaluc\u00eda-el-valor-de-las-palabras.pdf\" target=\"_blank\" rel=\"noopener noreferrer\">09-10-andaluc\u00eda-el valor de las palabras<\/a>&nbsp; &nbsp; &nbsp; &nbsp;<\/span><\/strong><\/span><\/p>\n<p style=\"padding-left: 200px\"><span style=\"font-family: verdana, geneva, sans-serif\"><strong><span style=\"font-size: 14pt;color: #0000ff\"><a style=\"color: #0000ff\" href=\"https:\/\/blogsaverroes.juntadeandalucia.es\/rafaelnunezmat\/files\/2021\/12\/09-10-andaluc\u00eda-la-baraja-algebraica.pdf\" target=\"_blank\" rel=\"noopener noreferrer\">09-10-andaluc\u00eda-la baraja algebraica<\/a>&nbsp; &nbsp; &nbsp; &nbsp; <\/span><\/strong><\/span><\/p>\n<p style=\"padding-left: 200px\"><span style=\"font-family: verdana, geneva, sans-serif\"><strong><span style=\"font-size: 14pt;color: #0000ff\"><a style=\"color: #0000ff\" href=\"https:\/\/blogsaverroes.juntadeandalucia.es\/rafaelnunezmat\/files\/2021\/12\/09-10-extremadura-regalos.pdf\" target=\"_blank\" rel=\"noopener noreferrer\">09-10-extremadura-regalos<\/a>&nbsp; &nbsp;<\/span><\/strong><\/span><\/p>\n<p style=\"text-align: left;padding-left: 200px\"><span style=\"font-family: verdana, geneva, sans-serif\"><strong><span style=\"font-size: 14pt;color: #0000ff\"><a style=\"color: #0000ff\" href=\"https:\/\/blogsaverroes.juntadeandalucia.es\/rafaelnunezmat\/files\/2021\/12\/10-11-andaluc\u00eda-amistades.pdf\" target=\"_blank\" rel=\"noopener noreferrer\">10-11-andaluc\u00eda-amistades<\/a>&nbsp; &nbsp; <\/span><\/strong><\/span><\/p>\n<p style=\"text-align: left;padding-left: 200px\"><span style=\"font-family: verdana, geneva, sans-serif\"><strong><span style=\"font-size: 14pt;color: #0000ff\"><a style=\"color: #0000ff\" href=\"https:\/\/blogsaverroes.juntadeandalucia.es\/rafaelnunezmat\/files\/2021\/12\/11-12-andaluc\u00eda-los-esp\u00edas.pdf\" target=\"_blank\" rel=\"noopener noreferrer\">11-12-andaluc\u00eda-los esp\u00edas<\/a> &nbsp; <\/span><\/strong><\/span><\/p>\n<p style=\"text-align: left;padding-left: 200px\"><span style=\"font-family: verdana, geneva, sans-serif\"><strong><span style=\"font-size: 14pt;color: #0000ff\"><a style=\"color: #0000ff\" href=\"https:\/\/blogsaverroes.juntadeandalucia.es\/rafaelnunezmat\/files\/2021\/12\/11-12-andaluc\u00eda-una-de-videojuegos.pdf\" target=\"_blank\" rel=\"noopener noreferrer\">11-12-andaluc\u00eda-una de videojuegos<\/a>&nbsp; &nbsp; <\/span><\/strong><\/span><\/p>\n<p style=\"text-align: left;padding-left: 200px\"><span style=\"font-family: verdana, geneva, sans-serif\"><strong><span style=\"font-size: 14pt;color: #0000ff\"><a style=\"color: #0000ff\" href=\"https:\/\/blogsaverroes.juntadeandalucia.es\/rafaelnunezmat\/files\/2021\/12\/12-13-andaluc\u00eda-en-el-zoo.pdf\" target=\"_blank\" rel=\"noopener noreferrer\">12-13-andaluc\u00eda-en el zoo<\/a>&nbsp; &nbsp;<\/span><\/strong><\/span><\/p>\n<p style=\"padding-left: 200px\">&nbsp;<\/p>\n<p style=\"text-align: left;padding-left: 200px\"><span style=\"font-family: verdana, geneva, sans-serif\"><strong><span style=\"color: #0000ff\"><span style=\"font-size: 14pt\"><a style=\"color: #0000ff\" href=\"https:\/\/blogsaverroes.juntadeandalucia.es\/rafaelnunezmat\/files\/2022\/01\/pisa-latidos-del-coraz\u00f3n.pdf\" target=\"_blank\" rel=\"noopener noreferrer\">pisa-latidos del coraz\u00f3n<\/a>&nbsp; &nbsp; &nbsp; <\/span><\/span><\/strong><\/span><\/p>\n<p style=\"text-align: left;padding-left: 200px\"><span style=\"font-family: verdana, geneva, sans-serif\"><strong><span style=\"color: #0000ff\"><span style=\"font-size: 14pt\"><a style=\"color: #0000ff\" href=\"https:\/\/blogsaverroes.juntadeandalucia.es\/rafaelnunezmat\/files\/2022\/01\/pisa-los-l\u00edquenes.pdf\" target=\"_blank\" rel=\"noopener noreferrer\">pisa-los l\u00edquenes<\/a>&nbsp; &nbsp; &nbsp; <\/span><\/span><\/strong><\/span><\/p>\n<p style=\"text-align: left;padding-left: 200px\"><span style=\"font-family: verdana, geneva, sans-serif\"><strong><span style=\"color: #0000ff\"><span style=\"font-size: 14pt\"><a style=\"color: #0000ff\" href=\"https:\/\/blogsaverroes.juntadeandalucia.es\/rafaelnunezmat\/files\/2022\/01\/pisa-manzanos.pdf\" target=\"_blank\" rel=\"noopener noreferrer\">pisa-manzanos<\/a><\/span><\/span><\/strong><\/span><\/p>\n<p>&nbsp;<\/p>\n<p style=\"text-align: center\">&nbsp;<\/p>\n","protected":false},"excerpt":{"rendered":"<p>V\u00cdDEOS &nbsp;Sistema con frutas (Matem\u00f3vil) &nbsp; OTROS RECURSOS \u00c1lgebra con papas (web hotpotatoes)&nbsp; &nbsp; &nbsp; Jerogl\u00edficos matem\u00e1ticos (actividades jclic) &nbsp; PRUEBAS DE EVALUACI\u00d3N DE DIAGN\u00d3STICO RESUELTAS (Rafael N\u00fa\u00f1ez) 06-07-andaluc\u00eda-el cine&nbsp; 07-08-andaluc\u00eda-balanza&nbsp; &nbsp; 08-09-andaluc\u00eda-juego de mesa &nbsp; 09-10-andaluc\u00eda-el n\u00famero de tel\u00e9fono &nbsp; 09-10-andaluc\u00eda-el valor de las palabras&nbsp; &nbsp; &nbsp; &nbsp; 09-10-andaluc\u00eda-la baraja algebraica&nbsp; &nbsp; &nbsp; &nbsp; &hellip; <\/p>\n<p><a class=\"more-link btn\" href=\"https:\/\/blogsaverroes.juntadeandalucia.es\/rafaelnunezmat\/variado-algebra\">Seguir leyendo<\/a><\/p>\n","protected":false},"author":10669,"featured_media":0,"parent":0,"menu_order":0,"comment_status":"closed","ping_status":"closed","template":"","meta":{"ngg_post_thumbnail":0,"footnotes":""},"aioseo_notices":[],"_links":{"self":[{"href":"https:\/\/blogsaverroes.juntadeandalucia.es\/rafaelnunezmat\/wp-json\/wp\/v2\/pages\/197"}],"collection":[{"href":"https:\/\/blogsaverroes.juntadeandalucia.es\/rafaelnunezmat\/wp-json\/wp\/v2\/pages"}],"about":[{"href":"https:\/\/blogsaverroes.juntadeandalucia.es\/rafaelnunezmat\/wp-json\/wp\/v2\/types\/page"}],"author":[{"embeddable":true,"href":"https:\/\/blogsaverroes.juntadeandalucia.es\/rafaelnunezmat\/wp-json\/wp\/v2\/users\/10669"}],"replies":[{"embeddable":true,"href":"https:\/\/blogsaverroes.juntadeandalucia.es\/rafaelnunezmat\/wp-json\/wp\/v2\/comments?post=197"}],"version-history":[{"count":19,"href":"https:\/\/blogsaverroes.juntadeandalucia.es\/rafaelnunezmat\/wp-json\/wp\/v2\/pages\/197\/revisions"}],"predecessor-version":[{"id":5495,"href":"https:\/\/blogsaverroes.juntadeandalucia.es\/rafaelnunezmat\/wp-json\/wp\/v2\/pages\/197\/revisions\/5495"}],"wp:attachment":[{"href":"https:\/\/blogsaverroes.juntadeandalucia.es\/rafaelnunezmat\/wp-json\/wp\/v2\/media?parent=197"}],"curies":[{"name":"wp","href":"https:\/\/api.w.org\/{rel}","templated":true}]}}