{"id":214,"date":"2021-06-01T07:16:44","date_gmt":"2021-06-01T07:16:44","guid":{"rendered":"https:\/\/blogsaverroes.juntadeandalucia.es\/rafaelnunezmat\/?page_id=214"},"modified":"2024-12-06T06:40:58","modified_gmt":"2024-12-06T06:40:58","slug":"elementos-geometricos-basicos-del-plano","status":"publish","type":"page","link":"https:\/\/blogsaverroes.juntadeandalucia.es\/rafaelnunezmat\/elementos-geometricos-basicos-del-plano","title":{"rendered":"Elementos geom\u00e9tricos del plano"},"content":{"rendered":"<p style=\"text-align: center\"><img loading=\"lazy\" decoding=\"async\" class=\"\" src=\"https:\/\/uruguayeduca.anep.edu.uy\/sites\/default\/files\/2022-06\/Dise%C3%B1o%20sin%20t%C3%ADtulo.png\" alt=\"El plano (Juego) | Uruguay Educa\" width=\"645\" height=\"363\"><\/p>\n<p style=\"text-align: center\"><span style=\"font-size: 24pt;color: #008000\"><strong><a style=\"color: #008000\" href=\"https:\/\/blogsaverroes.juntadeandalucia.es\/rafaelnunezmat\/files\/2022\/02\/elementos-geom\u00e9tricos-del-plano.pdf\" target=\"_blank\" rel=\"noopener noreferrer\">Teor\u00eda y actividades resueltas<\/a><\/strong><\/span><\/p>\n<table style=\"height: 106px;width: 100%;border-collapse: collapse;border-style: none;border-color: #030000\" cellpadding=\"0\">\n<tbody>\n<tr style=\"height: 24px\">\n<td style=\"width: 0.514403%;height: 71px;text-align: left;border-style: double;border-color: #050505\" colspan=\"2\">\n<p style=\"text-align: center\"><span style=\"text-decoration: underline\"><span style=\"font-size: 14pt;color: #800080\"><strong>VIDEOS<\/strong><\/span><\/span><\/p>\n<p style=\"padding-left: 200px\"><strong><span style=\"font-size: 14pt;color: #0000ff\"><a style=\"color: #0000ff\" href=\"https:\/\/www.youtube.com\/embed\/6hXt676O8IQ\" target=\"_blank\" rel=\"noopener noreferrer\">Puntos y rectas (Smyth Academy)<\/a><\/span><\/strong><\/p>\n<p style=\"padding-left: 200px\"><strong><span style=\"font-size: 14pt;color: #0000ff\"><a style=\"color: #0000ff\" href=\"https:\/\/www.youtube.com\/embed\/vHlig5SMcXA\" target=\"_blank\" rel=\"noopener noreferrer\">Elementos b\u00e1sicos en geometr\u00eda (Laracos Math)<\/a><\/span><\/strong><\/p>\n<p style=\"padding-left: 200px\"><strong><span style=\"font-size: 14pt;color: #0000ff\"><a style=\"color: #0000ff\" href=\"https:\/\/www.youtube.com\/embed\/joGfVf_O2bU\" target=\"_blank\" rel=\"noopener noreferrer\">Conceptos b\u00e1sicos sobre \u00e1ngulos (algebraconpapas)<\/a><\/span><\/strong><\/p>\n<p style=\"padding-left: 200px\"><strong><span style=\"font-size: 14pt;color: #0000ff\"><a style=\"color: #0000ff\" href=\"https:\/\/www.youtube.com\/embed\/9pSwG97ujRI\" target=\"_blank\" rel=\"noopener noreferrer\">\u00c1ngulos orientados (fonemato)<\/a><\/span><\/strong><\/p>\n<p style=\"padding-left: 200px\"><strong><span style=\"font-size: 14pt;color: #0000ff\"><a style=\"color: #0000ff\" href=\"https:\/\/www.youtube.com\/embed\/EaobssG9_es\" target=\"_blank\" rel=\"noopener noreferrer\">Clasificaci\u00f3n de \u00e1ngulos (Mathutoriales MB)<\/a><\/span><\/strong><\/p>\n<p style=\"padding-left: 200px\"><strong><span style=\"font-size: 14pt;color: #0000ff\"><a style=\"color: #0000ff\" href=\"https:\/\/www.youtube.com\/embed\/uMJDpmiIboo\" target=\"_blank\" rel=\"noopener noreferrer\">\u00c1ngulos con el transportador (Matem\u00e1ticas profe Alex)<\/a><\/span><\/strong><\/p>\n<p style=\"padding-left: 200px\"><strong><span style=\"font-size: 14pt;color: #0000ff\"><a style=\"color: #0000ff\" href=\"https:\/\/www.youtube.com\/embed\/VCUJLpP_Vsc\" target=\"_blank\" rel=\"noopener noreferrer\">\u00c1ngulos con el transportador (Laracos Math)<\/a><\/span><\/strong><\/p>\n<p style=\"padding-left: 200px\"><strong><span style=\"font-size: 14pt;color: #0000ff\"><a style=\"color: #0000ff\" href=\"https:\/\/www.youtube.com\/embed\/1b8GPGamYfI\" target=\"_blank\" rel=\"noopener noreferrer\">Bisectriz de un \u00e1ngulo (Arturo Geometr\u00eda)<\/a><\/span><\/strong><\/p>\n<p style=\"padding-left: 200px\"><strong><span style=\"font-size: 14pt;color: #0000ff\"><a style=\"color: #0000ff\" href=\"https:\/\/www.youtube.com\/embed\/InAsC1YHQ-c\" target=\"_blank\" rel=\"noopener noreferrer\">Herramientas de dibujo (Enrique Moya)<\/a><\/span><\/strong><\/p>\n<p style=\"padding-left: 200px\"><strong><span style=\"font-size: 14pt;color: #0000ff\"><a style=\"color: #0000ff\" href=\"https:\/\/www.youtube.com\/embed\/QHf6MDtLMtE\" target=\"_blank\" rel=\"noopener noreferrer\">Sistema sexagesimal (Ruben Sebastian)<\/a><\/span><\/strong><\/p>\n<p style=\"padding-left: 200px\"><strong><span style=\"font-size: 14pt;color: #0000ff\"><a style=\"color: #0000ff\" href=\"https:\/\/www.youtube.com\/embed\/qYh_8Lutc_k\" target=\"_blank\" rel=\"noopener noreferrer\">Forma compleja e incompleja de un \u00e1ngulo (alfonsoeducador)<\/a><\/span><\/strong><\/p>\n<p style=\"padding-left: 200px\"><strong><span style=\"font-size: 14pt;color: #0000ff\"><a style=\"color: #0000ff\" href=\"https:\/\/www.youtube.com\/embed\/hV7OWaKR1P0\" target=\"_blank\" rel=\"noopener noreferrer\">Suma de \u00e1ngulos (Susy)<\/a><\/span><\/strong><\/p>\n<p style=\"padding-left: 200px\"><strong><span style=\"font-size: 14pt;color: #0000ff\"><a style=\"color: #0000ff\" href=\"https:\/\/www.youtube.com\/embed\/Vp21nmne61o\" target=\"_blank\" rel=\"noopener noreferrer\">Resta de \u00e1ngulos (Susy)<\/a><\/span><\/strong><\/p>\n<p style=\"padding-left: 200px\"><strong><span style=\"font-size: 14pt;color: #0000ff\"><a style=\"color: #0000ff\" href=\"https:\/\/www.youtube.com\/embed\/FIXG9-vEByE\" target=\"_blank\" rel=\"noopener noreferrer\">Producto de un \u00e1ngulo por un n\u00famero (Susy)<\/a><\/span><\/strong><\/p>\n<p style=\"padding-left: 200px\"><strong><span style=\"font-size: 14pt;color: #0000ff\"><a style=\"color: #0000ff\" href=\"https:\/\/www.youtube.com\/embed\/b1jhhB5P3Ns\" target=\"_blank\" rel=\"noopener noreferrer\">Divisi\u00f3n de un \u00e1ngulo por un n\u00famero (Susy)<\/a><\/span><\/strong><\/p>\n<p style=\"text-align: center\"><span style=\"text-decoration: underline;color: #800000\"><span style=\"font-size: 14pt\"><strong>OTROS RECURSOS<\/strong><\/span><\/span><\/p>\n<p style=\"padding-left: 200px\"><strong><span style=\"font-size: 14pt;color: #0000ff\"><a style=\"color: #0000ff\" href=\"http:\/\/concurso.cnice.mec.es\/cnice2006\/material098\/geometria\/geoweb\/rectaeval.htm\" target=\"_blank\" rel=\"noopener noreferrer\">Test \u00e1ngulos (hotpotatoes de cnice)<\/a><\/span><\/strong><\/p>\n<p style=\"padding-left: 200px\"><strong><span style=\"font-size: 14pt;color: #0000ff\"><a style=\"color: #0000ff\" href=\"https:\/\/clic.xtec.cat\/projects\/angulos\/jclic.js\/index.html\" target=\"_blank\" rel=\"noopener noreferrer\">\u00c1ngulos (actividades jclic)<\/a><\/span><\/strong><\/p>\n<p style=\"padding-left: 200px\"><strong><span style=\"font-size: 14pt;color: #0000ff\"><a style=\"color: #0000ff\" href=\"https:\/\/clic.xtec.cat\/projects\/sexagesi\/jclic.js\/index.html\" target=\"_blank\" rel=\"noopener noreferrer\">Sistema sexagesimal, medida de \u00e1ngulos (actividades jclic)<\/a><\/span><\/strong><\/p>\n<p style=\"padding-left: 200px\"><strong><span style=\"font-size: 14pt;color: #0000ff\"><a style=\"color: #0000ff\" href=\"https:\/\/www.testeando.es\/angulos-y-rectas-onhaozfm\" target=\"_blank\" rel=\"noopener noreferrer\">\u00c1ngulos y rectas (test de testeando)<\/a><\/span><\/strong><\/p>\n<\/td>\n<\/tr>\n<\/tbody>\n<\/table>\n<p>&nbsp;<\/p>\n<p>&nbsp;<\/p>\n","protected":false},"excerpt":{"rendered":"<p>Teor\u00eda y actividades resueltas VIDEOS Puntos y rectas (Smyth Academy) Elementos b\u00e1sicos en geometr\u00eda (Laracos Math) Conceptos b\u00e1sicos sobre \u00e1ngulos (algebraconpapas) \u00c1ngulos orientados (fonemato) Clasificaci\u00f3n de \u00e1ngulos (Mathutoriales MB) \u00c1ngulos con el transportador (Matem\u00e1ticas profe Alex) \u00c1ngulos con el transportador (Laracos Math) Bisectriz de un \u00e1ngulo (Arturo Geometr\u00eda) Herramientas de dibujo (Enrique Moya) Sistema sexagesimal &hellip; <\/p>\n<p><a class=\"more-link btn\" href=\"https:\/\/blogsaverroes.juntadeandalucia.es\/rafaelnunezmat\/elementos-geometricos-basicos-del-plano\">Seguir leyendo<\/a><\/p>\n","protected":false},"author":10669,"featured_media":0,"parent":0,"menu_order":0,"comment_status":"closed","ping_status":"closed","template":"","meta":{"ngg_post_thumbnail":0,"footnotes":""},"aioseo_notices":[],"_links":{"self":[{"href":"https:\/\/blogsaverroes.juntadeandalucia.es\/rafaelnunezmat\/wp-json\/wp\/v2\/pages\/214"}],"collection":[{"href":"https:\/\/blogsaverroes.juntadeandalucia.es\/rafaelnunezmat\/wp-json\/wp\/v2\/pages"}],"about":[{"href":"https:\/\/blogsaverroes.juntadeandalucia.es\/rafaelnunezmat\/wp-json\/wp\/v2\/types\/page"}],"author":[{"embeddable":true,"href":"https:\/\/blogsaverroes.juntadeandalucia.es\/rafaelnunezmat\/wp-json\/wp\/v2\/users\/10669"}],"replies":[{"embeddable":true,"href":"https:\/\/blogsaverroes.juntadeandalucia.es\/rafaelnunezmat\/wp-json\/wp\/v2\/comments?post=214"}],"version-history":[{"count":12,"href":"https:\/\/blogsaverroes.juntadeandalucia.es\/rafaelnunezmat\/wp-json\/wp\/v2\/pages\/214\/revisions"}],"predecessor-version":[{"id":4988,"href":"https:\/\/blogsaverroes.juntadeandalucia.es\/rafaelnunezmat\/wp-json\/wp\/v2\/pages\/214\/revisions\/4988"}],"wp:attachment":[{"href":"https:\/\/blogsaverroes.juntadeandalucia.es\/rafaelnunezmat\/wp-json\/wp\/v2\/media?parent=214"}],"curies":[{"name":"wp","href":"https:\/\/api.w.org\/{rel}","templated":true}]}}