{"id":215,"date":"2021-06-01T07:16:45","date_gmt":"2021-06-01T07:16:45","guid":{"rendered":"https:\/\/blogsaverroes.juntadeandalucia.es\/rafaelnunezmat\/?page_id=215"},"modified":"2024-12-05T20:38:09","modified_gmt":"2024-12-05T20:38:09","slug":"triangulos","status":"publish","type":"page","link":"https:\/\/blogsaverroes.juntadeandalucia.es\/rafaelnunezmat\/triangulos","title":{"rendered":"Figuras geom\u00e9tricas planas"},"content":{"rendered":"<p><img loading=\"lazy\" decoding=\"async\" class=\"aligncenter \" src=\"https:\/\/toppng.com\/uploads\/preview\/figuras-planas-geometric-shape-11563404412ozovrwsu99.png\" width=\"458\" height=\"468\"><\/p>\n<p style=\"text-align: center\"><span style=\"font-size: 24pt;color: #008000\"><strong>Teor\u00eda y actividades resueltas:<\/strong><\/span><\/p>\n<p style=\"text-align: center\"><strong><span style=\"font-size: 24pt;color: #000080\"> <a style=\"color: #000080\" href=\"https:\/\/blogsaverroes.juntadeandalucia.es\/rafaelnunezmat\/files\/2022\/02\/tri\u00e1ngulos.pdf\" target=\"_blank\" rel=\"noopener noreferrer\">Tri\u00e1ngulos<\/a>&nbsp; <a style=\"color: #000080\" href=\"https:\/\/blogsaverroes.juntadeandalucia.es\/rafaelnunezmat\/files\/2023\/03\/cuadril\u00e1teros.pdf\" target=\"_blank\" rel=\"noopener noreferrer\">Cuadril\u00e1teros<\/a>&nbsp; <a style=\"color: #000080\" href=\"https:\/\/blogsaverroes.juntadeandalucia.es\/rafaelnunezmat\/files\/2023\/03\/pol\u00edgonos-en-general.pdf\">Pol\u00edgonos en general<\/a> &nbsp; <a style=\"color: #000080\" href=\"https:\/\/blogsaverroes.juntadeandalucia.es\/rafaelnunezmat\/files\/2023\/03\/circunferencia-y-c\u00edrculo.pdf\" target=\"_blank\" rel=\"noopener noreferrer\">Circunferencia y c\u00edrculo<\/a><\/span><\/strong><\/p>\n<table style=\"height: 106px;width: 100%;border-collapse: collapse;border-style: none;border-color: #030000\" cellpadding=\"0\">\n<tbody>\n<tr style=\"height: 24px\">\n<td style=\"width: 0.514403%;border-style: double;border-color: #050505;text-align: center\" colspan=\"3\"><span style=\"text-decoration: underline\"><span style=\"font-size: 20pt\"><strong><span style=\"color: #000000;text-decoration: underline\">TRI\u00c1NGULOS<\/span><\/strong><\/span><\/span><\/p>\n<p><span style=\"text-decoration: underline\"><span style=\"font-size: 14pt;color: #800080\"><strong>VIDEOS<\/strong><\/span><\/span><\/p>\n<p style=\"text-align: left;padding-left: 200px\"><strong><span style=\"font-size: 14pt;color: #0000ff\"><a style=\"color: #0000ff\" href=\"https:\/\/www.youtube.com\/embed\/zSnRTTOFSpQ\" target=\"_blank\" rel=\"noopener noreferrer\">Clasificaci\u00f3n de tri\u00e1ngulos, suma de los \u00e1ngulos (Aar\u00f3n Asencio)<\/a><\/span><\/strong><\/p>\n<p style=\"text-align: left;padding-left: 200px\"><strong><span style=\"font-size: 14pt;color: #0000ff\"><a style=\"color: #0000ff\" href=\"https:\/\/www.youtube.com\/embed\/ED4RtFSCBPo\" target=\"_blank\" rel=\"noopener noreferrer\">Propiedad triangular (EducacionBA)<\/a><\/span><\/strong><\/p>\n<p style=\"text-align: left;padding-left: 200px\"><strong><span style=\"font-size: 14pt;color: #0000ff\"><a style=\"color: #0000ff\" href=\"https:\/\/www.youtube.com\/embed\/IyYkFAwreeU\" target=\"_blank\" rel=\"noopener noreferrer\">Construcci\u00f3n de tri\u00e1ngulos (aisanchez222)<\/a><\/span><\/strong><\/p>\n<p style=\"text-align: left;padding-left: 200px\"><strong><span style=\"font-size: 14pt;color: #0000ff\"><a style=\"color: #0000ff\" href=\"https:\/\/www.youtube.com\/embed\/cii6gsVFfiQ\" target=\"_blank\" rel=\"noopener noreferrer\">Aplicaci\u00f3nes del teorema de Pit\u00e1goras-1 (math2me)<\/a><\/span><\/strong><\/p>\n<p style=\"text-align: left;padding-left: 200px\"><strong><span style=\"font-size: 14pt;color: #0000ff\"><a style=\"color: #0000ff\" href=\"https:\/\/www.youtube.com\/embed\/EwMp3NB_8gU\" target=\"_blank\" rel=\"noopener noreferrer\">Aplicaciones del teorema de Pit\u00e1goras-2 (math2me)<\/a><\/span><\/strong><\/p>\n<p style=\"text-align: left;padding-left: 200px\"><strong><span style=\"font-size: 14pt;color: #0000ff\"><a style=\"color: #0000ff\" href=\"https:\/\/www.youtube.com\/embed\/hDcQBLqUZRY?t=110s\" target=\"_blank\" rel=\"noopener noreferrer\">Aplicaciones del teorema de Pit\u00e1goras (Mi tutor\u00eda Virtual)<\/a><\/span><\/strong><\/p>\n<p style=\"text-align: left;padding-left: 200px\"><strong><span style=\"font-size: 14pt;color: #0000ff\"><a style=\"color: #0000ff\" href=\"https:\/\/www.youtube.com\/embed\/K4xmY9NJwbk\" target=\"_blank\" rel=\"noopener noreferrer\">Teorema de Pit\u00e1goras en la construcci\u00f3n (math2me)<\/a><\/span><\/strong><\/p>\n<p style=\"text-align: left;padding-left: 200px\"><strong><span style=\"font-size: 14pt;color: #0000ff\"><a style=\"color: #0000ff\" href=\"https:\/\/www.youtube.com\/embed\/WXRdDDo1xbA\" target=\"_blank\" rel=\"noopener noreferrer\">Teorema de Pit\u00e1goras en figuras planas (Susy)<\/a><\/span><\/strong><\/p>\n<p><span style=\"text-decoration: underline;color: #800000\"><span style=\"font-size: 14pt\"><strong>OTROS RECURSOS<\/strong><\/span><\/span><\/p>\n<p style=\"text-align: left;padding-left: 200px\"><strong><span style=\"font-size: 14pt;color: #0000ff\"><a style=\"color: #0000ff\" href=\"https:\/\/www.geogebra.org\/m\/ByrPGxeF\" target=\"_blank\" rel=\"noopener noreferrer\">Teorema de Pit\u00e1goras (geogebra)<\/a><\/span><\/strong><\/p>\n<p style=\"text-align: left;padding-left: 200px\"><strong><span style=\"font-size: 14pt;color: #0000ff\"><a style=\"color: #0000ff\" href=\"https:\/\/es.educaplay.com\/recursos-educativos\/860396-ejercicio_teorema_de_pitagoras.html\" target=\"_blank\" rel=\"noopener noreferrer\">Teorema de Pit\u00e1goras (test de educaplay)<\/a><\/span><\/strong><\/p>\n<p style=\"text-align: left;padding-left: 200px\"><strong><span style=\"font-size: 14pt;color: #0000ff\"><a style=\"color: #0000ff\" href=\"https:\/\/www.thatquiz.org\/es\/preview?c=cvdj3564&amp;s=l9u0mg\" target=\"_blank\" rel=\"noopener noreferrer\">Clasificaci\u00f3n de tri\u00e1ngulos (test de thatquiz)<\/a><\/span><\/strong><\/p>\n<p style=\"text-align: left;padding-left: 200px\"><strong><span style=\"font-size: 14pt;color: #0000ff\"><a style=\"color: #0000ff\" href=\"https:\/\/clic.xtec.cat\/projects\/triangul\/jclic.js\/index.html\" target=\"_blank\" rel=\"noopener noreferrer\">Tri\u00e1ngulos (actividades jclic)<\/a><\/span><\/strong><\/p>\n<p style=\"text-align: left;padding-left: 200px\"><strong><span style=\"font-size: 14pt;color: #0000ff\"><a style=\"color: #0000ff\" href=\"http:\/\/concurso.cnice.mec.es\/cnice2006\/material098\/geometria\/geoweb\/trianeval.htm\" target=\"_blank\" rel=\"noopener noreferrer\">Tri\u00e1ngulos (hotpotatoes de cnice)<\/a><\/span><\/strong><\/p>\n<\/td>\n<\/tr>\n<tr>\n<td style=\"width: 0.514403%;border-style: double;border-color: #050505;text-align: center\" colspan=\"3\"><span style=\"text-decoration: underline\"><span style=\"font-size: 20pt\"><strong><span style=\"color: #000000;text-decoration: underline\">CUADRIL\u00c1TEROS<\/span><\/strong><\/span><\/span><\/p>\n<p><span style=\"text-decoration: underline\"><span style=\"font-size: 14pt;color: #800080\"><strong>VIDEOS<\/strong><\/span><\/span><\/p>\n<p style=\"text-align: left;padding-left: 200px\"><strong><span style=\"font-size: 14pt;color: #0000ff\"><a style=\"color: #0000ff\" href=\"https:\/\/www.youtube.com\/embed\/1dLvRv5jU64\" target=\"_blank\" rel=\"noopener noreferrer\">Clasificaci\u00f3n de cuadril\u00e1teros (matematicasyeso)<\/a><\/span><\/strong><\/p>\n<p style=\"text-align: left;padding-left: 200px\"><strong><span style=\"font-size: 14pt;color: #0000ff\"><a style=\"color: #0000ff\" href=\"https:\/\/www.youtube.com\/embed\/c_eGOK6Ad4E\" target=\"_blank\" rel=\"noopener noreferrer\">Construcci\u00f3n de cuadril\u00e1teros (aisanchez222)<\/a><\/span><\/strong><\/p>\n<p><span style=\"text-decoration: underline;color: #800000\"><span style=\"font-size: 14pt\"><strong>OTROS RECURSOS<\/strong><\/span><\/span><\/p>\n<p style=\"text-align: left;padding-left: 200px\"><strong><span style=\"font-size: 14pt;color: #0000ff\">&nbsp;<\/span><\/strong><strong><span style=\"font-size: 14pt;color: #0000ff\"><a style=\"color: #0000ff\" href=\"https:\/\/es.educaplay.com\/recursos-educativos\/3052178-cuadrilateros.html\" target=\"_blank\" rel=\"noopener noreferrer\">Cuadril\u00e1teros (test de educaplay)<\/a><\/span><\/strong><\/p>\n<p style=\"text-align: left;padding-left: 200px\"><strong><span style=\"font-size: 14pt;color: #0000ff\"><a style=\"color: #0000ff\" href=\"https:\/\/www.geogebra.org\/m\/hu6bqYY9\" target=\"_blank\" rel=\"noopener noreferrer\">Suma de los \u00e1ngulos de un cuadril\u00e1tero (geogebra)<\/a><\/span><\/strong><\/p>\n<p style=\"text-align: left;padding-left: 200px\"><strong><span style=\"font-size: 14pt;color: #0000ff\"><a style=\"color: #0000ff\" href=\"https:\/\/www.geogebra.org\/m\/jT6ykW6P\" target=\"_blank\" rel=\"noopener noreferrer\">Clasificaci\u00f3n de cuadril\u00e1teros (geogebra)<\/a><\/span><\/strong><\/p>\n<p style=\"text-align: left;padding-left: 200px\"><strong><span style=\"font-size: 14pt;color: #0000ff\"><a style=\"color: #0000ff\" href=\"http:\/\/concurso.cnice.mec.es\/cnice2006\/material098\/geometria\/geoweb\/cuadrieval.htm\" target=\"_blank\" rel=\"noopener noreferrer\">Cuadril\u00e1teros (hotpotatoes de cnice)<\/a><\/span><\/strong><\/p>\n<\/td>\n<\/tr>\n<tr>\n<td style=\"width: 0.514403%;border-style: double;border-color: #050505;text-align: center\" colspan=\"3\"><span style=\"text-decoration: underline\"><span style=\"font-size: 20pt\"><strong><span style=\"color: #000000;text-decoration: underline\">POL\u00cdGONOS EN GENERAL<\/span><\/strong><\/span><\/span><\/p>\n<p><span style=\"text-decoration: underline\"><span style=\"font-size: 14pt;color: #800080\"><strong>VIDEOS<\/strong><\/span><\/span><\/p>\n<p style=\"text-align: left;padding-left: 200px\"><strong><span style=\"font-size: 14pt;color: #0000ff\"><a style=\"color: #0000ff\" href=\"https:\/\/www.youtube.com\/embed\/8DmYlZiwwJE\" target=\"_blank\" rel=\"noopener noreferrer\">Clasificaci\u00f3n de pol\u00edgonos (Sensei de las mates)<\/a><\/span><\/strong><\/p>\n<p style=\"text-align: left;padding-left: 200px\"><strong><span style=\"font-size: 14pt;color: #0000ff\"><a style=\"color: #0000ff\" href=\"https:\/\/www.youtube.com\/embed\/HX1LKGUv4D8\" target=\"_blank\" rel=\"noopener noreferrer\">Clasificaci\u00f3n de pol\u00edgonos (math2me)<\/a><\/span><\/strong><\/p>\n<p style=\"text-align: left;padding-left: 200px\"><strong><span style=\"font-size: 14pt;color: #0000ff\"><a style=\"color: #0000ff\" href=\"https:\/\/www.youtube.com\/embed\/b4W52EBqpBw\" target=\"_blank\" rel=\"noopener noreferrer\">Elementos de un pol\u00edgono (Educatina)<\/a><\/span><\/strong><\/p>\n<p style=\"text-align: left;padding-left: 200px\"><strong><span style=\"font-size: 14pt;color: #0000ff\"><a style=\"color: #0000ff\" href=\"https:\/\/www.youtube.com\/embed\/1SnvgVz0kWo\" target=\"_blank\" rel=\"noopener noreferrer\">N\u00famero de diagonales de un pol\u00edgono (math2me)<\/a><\/span><\/strong><\/p>\n<p style=\"text-align: left;padding-left: 200px\"><strong><span style=\"font-size: 14pt;color: #0000ff\"><a style=\"color: #0000ff\" href=\"https:\/\/www.youtube.com\/embed\/ku_GwiCfIpk\" target=\"_blank\" rel=\"noopener noreferrer\">Suma de los \u00e1ngulos de un pol\u00edgono (Daniel Carre\u00f3n)<\/a><\/span><\/strong><\/p>\n<p style=\"text-align: left;padding-left: 200px\"><strong><span style=\"font-size: 14pt;color: #0000ff\"><a style=\"color: #0000ff\" href=\"https:\/\/www.youtube.com\/embed\/OQbLIEAS2Ss\" target=\"_blank\" rel=\"noopener noreferrer\">\u00c1ngulo central de un pol\u00edgono (Erick Bonilla)<\/a><\/span><\/strong><\/p>\n<p><span style=\"text-decoration: underline;color: #800000\"><span style=\"font-size: 14pt\"><strong>OTROS RECURSOS<\/strong><\/span><\/span><\/p>\n<p style=\"text-align: left;padding-left: 200px\"><strong><span style=\"font-size: 14pt;color: #0000ff\"> <a style=\"color: #0000ff\" href=\"http:\/\/concurso.cnice.mec.es\/cnice2006\/material098\/geometria\/geoweb\/polieval.htm\" target=\"_blank\" rel=\"noopener noreferrer\">Pol\u00edgonos (actividades hotpotatoes)<\/a><\/span><\/strong><\/p>\n<p style=\"text-align: left;padding-left: 200px\"><strong><span style=\"font-size: 14pt;color: #0000ff\"><a style=\"color: #0000ff\" href=\"https:\/\/clic.xtec.cat\/projects\/plasgeo1\/jclic.js\/index.html\" target=\"_blank\" rel=\"noopener noreferrer\">L\u00edneas, \u00e1ngulos pol\u00edgonos, construcciones, etc (actividades jclic)<\/a><\/span><\/strong><\/p>\n<\/td>\n<\/tr>\n<tr>\n<td style=\"width: 0.514403%;border-style: double;border-color: #050505;text-align: center\" colspan=\"3\"><span style=\"text-decoration: underline\"><span style=\"font-size: 20pt\"><strong><span style=\"color: #000000;text-decoration: underline\">CICUNFERENCIA Y C\u00cdRCULO<\/span><\/strong><\/span><\/span><\/p>\n<p><span style=\"text-decoration: underline\"><span style=\"font-size: 14pt;color: #800080\"><strong>VIDEOS<\/strong><\/span><\/span><\/p>\n<p style=\"text-align: left;padding-left: 200px\"><strong><span style=\"font-size: 14pt;color: #0000ff\"><a style=\"color: #0000ff\" href=\"https:\/\/www.youtube.com\/embed\/_S_-BI6RbOw\" target=\"_blank\" rel=\"noopener noreferrer\">La circunferencia y sus elementos (estudiia)<\/a><\/span><\/strong><\/p>\n<p style=\"text-align: left;padding-left: 200px\"><strong><span style=\"font-size: 14pt;color: #0000ff\"><a style=\"color: #0000ff\" href=\"https:\/\/www.youtube.com\/embed\/jjaRQ5JsiNA\" target=\"_blank\" rel=\"noopener noreferrer\">El c\u00edrculo y sus elementos (Sensei de las mates)<\/a><\/span><\/strong><\/p>\n<p style=\"text-align: left;padding-left: 200px\"><strong><span style=\"font-size: 14pt;color: #0000ff\"><a style=\"color: #0000ff\" href=\"https:\/\/www.youtube.com\/embed\/eX_jqRA-BVA\" target=\"_blank\" rel=\"noopener noreferrer\">Circunferencia y c\u00edrculo (math2me)<\/a><\/span><\/strong><\/p>\n<p style=\"text-align: left;padding-left: 200px\"><strong><span style=\"font-size: 14pt;color: #0000ff\"><a style=\"color: #0000ff\" href=\"https:\/\/www.youtube.com\/embed\/X69DFgok0J4\" target=\"_blank\" rel=\"noopener noreferrer\">Rectas y circunferencias, posiciones relativas (Ruben Sebastian)<\/a><\/span><\/strong><\/p>\n<p style=\"text-align: left;padding-left: 200px\"><strong><span style=\"font-size: 14pt;color: #0000ff\"><a style=\"color: #0000ff\" href=\"https:\/\/www.youtube.com\/embed\/S5340p3rhwM\" target=\"_blank\" rel=\"noopener noreferrer\">Trazado de la circunferencia que pasa por tres puntos (Geometria101)<\/a><\/span><\/strong><\/p>\n<p style=\"text-align: left;padding-left: 200px\"><strong><span style=\"font-size: 14pt;color: #0000ff\"><a style=\"color: #0000ff\" href=\"https:\/\/www.youtube.com\/embed\/wN6ch-Tetog\" target=\"_blank\" rel=\"noopener noreferrer\">\u00c1ngulos en la circunferencia (math2me)<\/a><\/span><\/strong><\/p>\n<p><span style=\"text-decoration: underline;color: #800000\"><span style=\"font-size: 14pt\"><strong>OTROS RECURSOS<\/strong><\/span><\/span><\/p>\n<p style=\"text-align: left;padding-left: 200px\"><strong><span style=\"font-size: 14pt;color: #0000ff\"><a style=\"color: #0000ff\" href=\"http:\/\/concurso.cnice.mec.es\/cnice2006\/material098\/geometria\/geoweb\/circuneval.htm\" target=\"_blank\" rel=\"noopener noreferrer\">Circunferencia y c\u00edrculo (hotpotatoes de cnice)<\/a><\/span><\/strong><\/p>\n<p style=\"text-align: left;padding-left: 200px\"><strong><span style=\"font-size: 14pt;color: #0000ff\"><a style=\"color: #0000ff\" href=\"https:\/\/clic.xtec.cat\/projects\/geom2eso\/jclic.js\/index.html\" target=\"_blank\" rel=\"noopener noreferrer\">Pol\u00edgonos, tri\u00e1ngulos, circunferencia y teorema de Pit\u00e1goras (actividades jclic)<\/a><\/span><\/strong><\/p>\n<\/td>\n<\/tr>\n<\/tbody>\n<\/table>\n<p>&nbsp;<\/p>\n","protected":false},"excerpt":{"rendered":"<p>Teor\u00eda y actividades resueltas: Tri\u00e1ngulos&nbsp; Cuadril\u00e1teros&nbsp; Pol\u00edgonos en general &nbsp; Circunferencia y c\u00edrculo TRI\u00c1NGULOS VIDEOS Clasificaci\u00f3n de tri\u00e1ngulos, suma de los \u00e1ngulos (Aar\u00f3n Asencio) Propiedad triangular (EducacionBA) Construcci\u00f3n de tri\u00e1ngulos (aisanchez222) Aplicaci\u00f3nes del teorema de Pit\u00e1goras-1 (math2me) Aplicaciones del teorema de Pit\u00e1goras-2 (math2me) Aplicaciones del teorema de Pit\u00e1goras (Mi tutor\u00eda Virtual) Teorema de Pit\u00e1goras en &hellip; <\/p>\n<p><a class=\"more-link btn\" href=\"https:\/\/blogsaverroes.juntadeandalucia.es\/rafaelnunezmat\/triangulos\">Seguir leyendo<\/a><\/p>\n","protected":false},"author":10669,"featured_media":0,"parent":0,"menu_order":0,"comment_status":"closed","ping_status":"closed","template":"","meta":{"ngg_post_thumbnail":0,"footnotes":""},"aioseo_notices":[],"_links":{"self":[{"href":"https:\/\/blogsaverroes.juntadeandalucia.es\/rafaelnunezmat\/wp-json\/wp\/v2\/pages\/215"}],"collection":[{"href":"https:\/\/blogsaverroes.juntadeandalucia.es\/rafaelnunezmat\/wp-json\/wp\/v2\/pages"}],"about":[{"href":"https:\/\/blogsaverroes.juntadeandalucia.es\/rafaelnunezmat\/wp-json\/wp\/v2\/types\/page"}],"author":[{"embeddable":true,"href":"https:\/\/blogsaverroes.juntadeandalucia.es\/rafaelnunezmat\/wp-json\/wp\/v2\/users\/10669"}],"replies":[{"embeddable":true,"href":"https:\/\/blogsaverroes.juntadeandalucia.es\/rafaelnunezmat\/wp-json\/wp\/v2\/comments?post=215"}],"version-history":[{"count":21,"href":"https:\/\/blogsaverroes.juntadeandalucia.es\/rafaelnunezmat\/wp-json\/wp\/v2\/pages\/215\/revisions"}],"predecessor-version":[{"id":4985,"href":"https:\/\/blogsaverroes.juntadeandalucia.es\/rafaelnunezmat\/wp-json\/wp\/v2\/pages\/215\/revisions\/4985"}],"wp:attachment":[{"href":"https:\/\/blogsaverroes.juntadeandalucia.es\/rafaelnunezmat\/wp-json\/wp\/v2\/media?parent=215"}],"curies":[{"name":"wp","href":"https:\/\/api.w.org\/{rel}","templated":true}]}}