{"id":219,"date":"2021-06-01T07:16:45","date_gmt":"2021-06-01T07:16:45","guid":{"rendered":"https:\/\/blogsaverroes.juntadeandalucia.es\/rafaelnunezmat\/?page_id=219"},"modified":"2024-12-06T09:57:15","modified_gmt":"2024-12-06T09:57:15","slug":"lugares-geometricos","status":"publish","type":"page","link":"https:\/\/blogsaverroes.juntadeandalucia.es\/rafaelnunezmat\/lugares-geometricos","title":{"rendered":"Lugares geom\u00e9tricos"},"content":{"rendered":"<p><img loading=\"lazy\" decoding=\"async\" class=\"aligncenter \" src=\"https:\/\/slidetodoc.com\/presentation_image_h\/ca63d71a6e937fdf58edcb3170b9de65\/image-1.jpg\" width=\"429\" height=\"322\"><\/p>\n<p style=\"text-align: center\"><span style=\"font-size: 24pt;color: #008000\"><strong><a style=\"color: #008000\" href=\"https:\/\/blogsaverroes.juntadeandalucia.es\/rafaelnunezmat\/files\/2022\/02\/lugares-geom\u00e9tricos.pdf\" target=\"_blank\" rel=\"noopener noreferrer\">Teor\u00eda y actividades resueltas<\/a><\/strong><\/span><\/p>\n<table style=\"height: 106px;width: 99.9349%;border-collapse: collapse;border-style: none;border-color: #030000\" cellpadding=\"0\">\n<tbody>\n<tr style=\"height: 24px\">\n<td style=\"width: 18.4139%;height: 71px;text-align: left;border-style: double;border-color: #050505\" colspan=\"2\">\n<p style=\"text-align: center\"><span style=\"text-decoration: underline\"><span style=\"color: #800080;text-decoration: underline\"><strong><span style=\"font-size: 14pt\">VIDEOS<\/span><\/strong><\/span><\/span><\/p>\n<p style=\"padding-left: 200px\"><strong><span style=\"font-size: 14pt;color: #0000ff\"><a style=\"color: #0000ff\" href=\"https:\/\/www.youtube.com\/embed\/6hXt676O8IQ\" target=\"_blank\" rel=\"noopener noreferrer\">Mediatriz de un segmento (Smyth Academy)<\/a><\/span><\/strong><\/p>\n<p style=\"padding-left: 200px\"><strong><span style=\"font-size: 14pt;color: #0000ff\"><a style=\"color: #0000ff\" href=\"https:\/\/www.youtube.com\/embed\/AtWUX0urVhI\" target=\"_blank\" rel=\"noopener noreferrer\">Construcci\u00f3n de la mediatriz de un segmento Laracos Math)<\/a><\/span><\/strong><\/p>\n<p style=\"padding-left: 200px\"><strong><span style=\"font-size: 14pt;color: #0000ff\"><a style=\"color: #0000ff\" href=\"https:\/\/www.youtube.com\/embed\/7ye0AU15q5g\" target=\"_blank\" rel=\"noopener noreferrer\">Construcci\u00f3n de la bisectriz de un \u00e1ngulo (Laracos Math)<\/a><\/span><\/strong><\/p>\n<p style=\"padding-left: 200px\"><strong><span style=\"font-size: 14pt;color: #0000ff\"><a style=\"color: #0000ff\" href=\"https:\/\/www.youtube.com\/embed\/XMLiuKjnuOI\" target=\"_blank\" rel=\"noopener noreferrer\">Mediatriz y bisectriz (Aprendo)<\/a><\/span><\/strong><\/p>\n<p style=\"padding-left: 200px\"><strong><span style=\"font-size: 14pt;color: #0000ff\"><a style=\"color: #0000ff\" href=\"https:\/\/www.youtube.com\/embed\/urNAhw0LsgQ\" target=\"_blank\" rel=\"noopener noreferrer\">Arco capaz (Las Matem\u00e1ticas de Jal\u00f3n)<\/a><\/span><\/strong><\/p>\n<p style=\"padding-left: 200px\"><strong><span style=\"font-size: 14pt;color: #0000ff\"><a style=\"color: #0000ff\" href=\"https:\/\/www.youtube.com\/embed\/J5Gj95s4xYU\" target=\"_blank\" rel=\"noopener noreferrer\">Construcci\u00f3n del arco capaz (clasesdibujot\u00e9cnico)<\/a><\/span><\/strong><\/p>\n<p style=\"padding-left: 200px\"><strong><span style=\"font-size: 14pt;color: #0000ff\"><a style=\"color: #0000ff\" href=\"https:\/\/www.youtube.com\/embed\/s486dCtIM0o\" target=\"_blank\" rel=\"noopener noreferrer\">Rectas y puntos notables en un tri\u00e1ngulo (math2me)<\/a><\/span><\/strong><\/p>\n<p style=\"padding-left: 200px\"><strong><span style=\"font-size: 14pt;color: #0000ff\"><a style=\"color: #0000ff\" href=\"https:\/\/www.youtube.com\/embed\/wRZy8Aos2ow\" target=\"_blank\" rel=\"noopener noreferrer\">Rectas y puntos notables en un tri\u00e1ngulo (Heidi Nopal)<\/a><\/span><\/strong><\/p>\n<p style=\"padding-left: 200px\"><strong><span style=\"font-size: 14pt;color: #0000ff\"><a style=\"color: #0000ff\" href=\"https:\/\/www.youtube.com\/embed\/b3lSNP4uwZg\" target=\"_blank\" rel=\"noopener noreferrer\">Tipos de c\u00f3nicas (math2me)<\/a><\/span><\/strong><\/p>\n<p style=\"padding-left: 200px\"><strong><span style=\"font-size: 14pt;color: #0000ff\"><a style=\"color: #0000ff\" href=\"https:\/\/www.youtube.com\/embed\/DD49hsO2F9Q\" target=\"_blank\" rel=\"noopener noreferrer\">La elipse (math2me)<\/a><\/span><\/strong><\/p>\n<p style=\"padding-left: 200px\"><strong><span style=\"font-size: 14pt;color: #0000ff\"><a style=\"color: #0000ff\" href=\"https:\/\/www.youtube.com\/embed\/YuncS-K1skg\" target=\"_blank\" rel=\"noopener noreferrer\">Construcci\u00f3n de la elipse (Matilde Boyer)<\/a><\/span><\/strong><\/p>\n<p style=\"padding-left: 200px\"><strong><span style=\"font-size: 14pt;color: #0000ff\"><a style=\"color: #0000ff\" href=\"https:\/\/www.youtube.com\/embed\/ZotsxMGf_ds\" target=\"_blank\" rel=\"noopener noreferrer\">La par\u00e1bola (math2me)<\/a><\/span><\/strong><\/p>\n<p style=\"padding-left: 200px\"><strong><span style=\"font-size: 14pt;color: #0000ff\"><a style=\"color: #0000ff\" href=\"https:\/\/www.youtube.com\/embed\/_hqEd_LmBWI\" target=\"_blank\" rel=\"noopener noreferrer\">Construcci\u00f3n de la par\u00e1bola (Origami Matem\u00e1tica)<\/a><\/span><\/strong><\/p>\n<p style=\"padding-left: 200px\"><strong><span style=\"font-size: 14pt;color: #0000ff\"><a style=\"color: #0000ff\" href=\"https:\/\/www.youtube.com\/embed\/yBTdSYYUHow\" target=\"_blank\" rel=\"noopener noreferrer\">La hip\u00e9rbola (math2me)<\/a><\/span><\/strong><\/p>\n<p style=\"padding-left: 200px\"><strong><span style=\"font-size: 14pt;color: #0000ff\"><a style=\"color: #0000ff\" href=\"https:\/\/www.youtube.com\/embed\/BZFrJFfNmSc\" target=\"_blank\" rel=\"noopener noreferrer\">Construcci\u00f3n de la hip\u00e9rbola (oscar orlando ortiz corredor)<\/a><\/span><\/strong><\/p>\n<p style=\"text-align: center\"><span style=\"text-decoration: underline;color: #800000\"><span style=\"text-decoration: underline\"><strong><span style=\"font-size: 14pt\">OTROS RECURSOS<\/span><\/strong><\/span><\/span><\/p>\n<p style=\"padding-left: 200px\"><strong><span style=\"font-size: 14pt;color: #0000ff\"><a style=\"color: #0000ff\" href=\"https:\/\/www.geogebra.org\/m\/hpFkyEzm\" target=\"_blank\" rel=\"noopener noreferrer\">Rectas y puntos notables de un tri\u00e1ngulo (geogebra)<\/a><\/span><\/strong><\/p>\n<\/td>\n<\/tr>\n<\/tbody>\n<\/table>\n<p>&nbsp;<\/p>\n","protected":false},"excerpt":{"rendered":"<p>Teor\u00eda y actividades resueltas VIDEOS Mediatriz de un segmento (Smyth Academy) Construcci\u00f3n de la mediatriz de un segmento Laracos Math) Construcci\u00f3n de la bisectriz de un \u00e1ngulo (Laracos Math) Mediatriz y bisectriz (Aprendo) Arco capaz (Las Matem\u00e1ticas de Jal\u00f3n) Construcci\u00f3n del arco capaz (clasesdibujot\u00e9cnico) Rectas y puntos notables en un tri\u00e1ngulo (math2me) Rectas y puntos &hellip; <\/p>\n<p><a class=\"more-link btn\" href=\"https:\/\/blogsaverroes.juntadeandalucia.es\/rafaelnunezmat\/lugares-geometricos\">Seguir leyendo<\/a><\/p>\n","protected":false},"author":10669,"featured_media":0,"parent":0,"menu_order":0,"comment_status":"closed","ping_status":"closed","template":"","meta":{"ngg_post_thumbnail":0,"footnotes":""},"aioseo_notices":[],"_links":{"self":[{"href":"https:\/\/blogsaverroes.juntadeandalucia.es\/rafaelnunezmat\/wp-json\/wp\/v2\/pages\/219"}],"collection":[{"href":"https:\/\/blogsaverroes.juntadeandalucia.es\/rafaelnunezmat\/wp-json\/wp\/v2\/pages"}],"about":[{"href":"https:\/\/blogsaverroes.juntadeandalucia.es\/rafaelnunezmat\/wp-json\/wp\/v2\/types\/page"}],"author":[{"embeddable":true,"href":"https:\/\/blogsaverroes.juntadeandalucia.es\/rafaelnunezmat\/wp-json\/wp\/v2\/users\/10669"}],"replies":[{"embeddable":true,"href":"https:\/\/blogsaverroes.juntadeandalucia.es\/rafaelnunezmat\/wp-json\/wp\/v2\/comments?post=219"}],"version-history":[{"count":11,"href":"https:\/\/blogsaverroes.juntadeandalucia.es\/rafaelnunezmat\/wp-json\/wp\/v2\/pages\/219\/revisions"}],"predecessor-version":[{"id":4993,"href":"https:\/\/blogsaverroes.juntadeandalucia.es\/rafaelnunezmat\/wp-json\/wp\/v2\/pages\/219\/revisions\/4993"}],"wp:attachment":[{"href":"https:\/\/blogsaverroes.juntadeandalucia.es\/rafaelnunezmat\/wp-json\/wp\/v2\/media?parent=219"}],"curies":[{"name":"wp","href":"https:\/\/api.w.org\/{rel}","templated":true}]}}