{"id":222,"date":"2021-06-01T07:16:46","date_gmt":"2021-06-01T07:16:46","guid":{"rendered":"https:\/\/blogsaverroes.juntadeandalucia.es\/rafaelnunezmat\/?page_id=222"},"modified":"2024-12-06T09:21:14","modified_gmt":"2024-12-06T09:21:14","slug":"perimetros-y-areas-de-figuras-del-plano","status":"publish","type":"page","link":"https:\/\/blogsaverroes.juntadeandalucia.es\/rafaelnunezmat\/perimetros-y-areas-de-figuras-del-plano","title":{"rendered":"Medidas en figuras planas"},"content":{"rendered":"<p><img loading=\"lazy\" decoding=\"async\" class=\"aligncenter \" src=\"https:\/\/i1.wp.com\/www.orientacionandujar.es\/wp-content\/uploads\/2020\/09\/figuras-planas-destacada.jpg?fit=631%2C357&amp;ssl=1\" width=\"475\" height=\"269\"><\/p>\n<p>&nbsp;<\/p>\n<p style=\"text-align: center\"><span style=\"font-size: 24pt;color: #008000\"><strong><a style=\"color: #008000\" href=\"https:\/\/blogsaverroes.juntadeandalucia.es\/rafaelnunezmat\/files\/2022\/02\/per\u00edmetros-y-\u00e1reas-de-figuras-del-plano.pdf\" target=\"_blank\" rel=\"noopener noreferrer\">Teor\u00eda y actividades resueltas<\/a><\/strong><\/span><\/p>\n<table style=\"height: 106px;width: 100.573%;border-collapse: collapse;border-style: none;border-color: #030000\" cellpadding=\"0\">\n<tbody>\n<tr style=\"height: 24px\">\n<td style=\"width: 1.55109%;border-style: double;border-color: #050505;text-align: center\" colspan=\"3\"><span style=\"text-decoration: underline\"><span style=\"font-size: 20pt\"><strong><span style=\"color: #000000;text-decoration: underline\">MEDIDAS EN CUADRIL\u00c1TEROS<\/span><\/strong><\/span><\/span><\/p>\n<p><span style=\"text-decoration: underline\"><span style=\"color: #800080;text-decoration: underline\"><strong><span style=\"font-size: 14pt\">VIDEOS<\/span><\/strong><\/span><\/span><\/p>\n<p style=\"text-align: left;padding-left: 160px\"><strong><span style=\"font-size: 14pt;color: #0000ff\"><a style=\"color: #0000ff\" href=\"https:\/\/www.youtube.com\/embed\/rJocYk9470o\" target=\"_blank\" rel=\"noopener noreferrer\">Per\u00edmetro de una figura (KhanAcademyEspa\u00f1ol)<\/a><\/span><\/strong><strong><span style=\"font-size: 14pt;color: #0000ff\"><a style=\"color: #0000ff\" href=\"https:\/\/www.youtube.com\/embed\/DCie8rUn5I4\" target=\"_blank\" rel=\"noopener noreferrer\">\u00c1reas de cuadril\u00e1teros (Aaron Asencio)<\/a><\/span><\/strong><\/p>\n<p style=\"text-align: left;padding-left: 160px\"><strong><span style=\"font-size: 14pt;color: #0000ff\"><a style=\"color: #0000ff\" href=\"https:\/\/www.youtube.com\/embed\/klUTej7c9IQ?t=308s\" target=\"_blank\" rel=\"noopener noreferrer\">\u00c1reas de cuadril\u00e1teros (Jos\u00e9 antonio Ibarra)<\/a><\/span><\/strong><\/p>\n<p style=\"text-align: left;padding-left: 160px\"><strong><span style=\"font-size: 14pt;color: #0000ff\"><a style=\"color: #0000ff\" href=\"https:\/\/www.youtube.com\/embed\/JOuhG8nY4u0\" target=\"_blank\" rel=\"noopener noreferrer\">\u00c1rea de un cuadrado conocida su diagonal (lasmatematicas.es)<\/a><\/span><\/strong><\/p>\n<p style=\"text-align: left;padding-left: 160px\"><strong><span style=\"font-size: 14pt;color: #0000ff\"><a style=\"color: #0000ff\" href=\"https:\/\/www.youtube.com\/embed\/AzlJhrGTo3s\" target=\"_blank\" rel=\"noopener noreferrer\">\u00c1rea de un cuadrado formado por rect\u00e1ngulos (math2me)<\/a><\/span><\/strong><\/p>\n<\/td>\n<\/tr>\n<tr>\n<td style=\"width: 1.55109%;border-style: double;border-color: #050505;text-align: center\" colspan=\"3\"><span style=\"text-decoration: underline\"><span style=\"font-size: 20pt\"><strong><span style=\"color: #000000;text-decoration: underline\">MEDIDAS EN TRI\u00c1NGULOS<\/span><\/strong><\/span><\/span><\/p>\n<p><span style=\"text-decoration: underline\"><span style=\"color: #800080;text-decoration: underline\"><strong><span style=\"font-size: 14pt\">VIDEOS<\/span><\/strong><\/span><\/span><\/p>\n<p style=\"text-align: left;padding-left: 200px\"><strong><span style=\"font-size: 14pt;color: #0000ff\"><a style=\"color: #0000ff\" href=\"https:\/\/www.youtube.com\/embed\/DUXJA2QqTLU\" target=\"_blank\" rel=\"noopener noreferrer\">Altura de un tri\u00e1ngulo is\u00f3sceles usando Pit\u00e1goras (chidtopia)<\/a><\/span><\/strong><\/p>\n<p style=\"text-align: left;padding-left: 200px\"><strong><span style=\"font-size: 14pt;color: #0000ff\"><a style=\"color: #0000ff\" href=\"https:\/\/www.youtube.com\/embed\/k8ex7yUVyqM\" target=\"_blank\" rel=\"noopener noreferrer\">\u00c1reas de tri\u00e1ngulos (Sensei de las mates)<\/a><\/span><\/strong><\/p>\n<p style=\"text-align: left;padding-left: 200px\"><strong><span style=\"font-size: 14pt;color: #0000ff\"><a style=\"color: #0000ff\" href=\"https:\/\/www.youtube.com\/embed\/zf1VlRjL0Ec?t=218s\" target=\"_blank\" rel=\"noopener noreferrer\">\u00c1reas de tri\u00e1ngulos (MasterD)<\/a><\/span><\/strong><\/p>\n<p style=\"text-align: left;padding-left: 200px\"><strong><span style=\"font-size: 14pt;color: #0000ff\"><a style=\"color: #0000ff\" href=\"https:\/\/www.youtube.com\/embed\/GFUefl0D-tc\" target=\"_blank\" rel=\"noopener noreferrer\">\u00c1rea del tri\u00e1ngulo equil\u00e1tero conocido el lado (lasmatematicas.es)<\/a><\/span><\/strong><\/p>\n<p style=\"text-align: left;padding-left: 200px\"><strong><span style=\"font-size: 14pt;color: #0000ff\"><a style=\"color: #0000ff\" href=\"https:\/\/www.youtube.com\/embed\/DOkor3BKT5E\" target=\"_blank\" rel=\"noopener noreferrer\">\u00c1rea del tri\u00e1ngulo equil\u00e1tero conocida su altura-1 (math2me)<\/a><\/span><\/strong><\/p>\n<p style=\"text-align: left;padding-left: 200px\"><strong><span style=\"font-size: 14pt;color: #0000ff\"><a style=\"color: #0000ff\" href=\"https:\/\/www.youtube.com\/embed\/2ULAlxuf75U\" target=\"_blank\" rel=\"noopener noreferrer\">\u00c1rea del tri\u00e1ngulo equil\u00e1tero en funci\u00f3n de su altura-2 (math2me)<\/a><\/span><\/strong><\/p>\n<p style=\"text-align: left;padding-left: 200px\"><strong><span style=\"font-size: 14pt;color: #0000ff\"><a style=\"color: #0000ff\" href=\"https:\/\/www.youtube.com\/embed\/HBlfOe4AWlI\" target=\"_blank\" rel=\"noopener noreferrer\">\u00c1rea del tri\u00e1ngulo conocidos sus lados, f\u00f3rmula de Her\u00f3n (math2me)<\/a><\/span><\/strong><\/p>\n<\/td>\n<\/tr>\n<tr>\n<td style=\"width: 1.55109%;border-style: double;border-color: #050505;text-align: center\" colspan=\"3\"><span style=\"text-decoration: underline\"><span style=\"font-size: 20pt\"><strong><span style=\"color: #000000;text-decoration: underline\">MEDIDAS EN POL\u00cdGONOS REGULARES<\/span><\/strong><\/span><\/span><\/p>\n<p><span style=\"text-decoration: underline\"><span style=\"color: #800080;text-decoration: underline\"><strong><span style=\"font-size: 14pt\">VIDEOS<\/span><\/strong><\/span><\/span><\/p>\n<p style=\"text-align: left;padding-left: 200px\"><strong><span style=\"font-size: 14pt;color: #0000ff\"><a style=\"color: #0000ff\" href=\"https:\/\/www.youtube.com\/embed\/S-BefnRut1Y\" target=\"_blank\" rel=\"noopener noreferrer\">\u00c1reas de pol\u00edgonos regulares (podemos aprobar matematicas)<\/a><\/span><\/strong><\/p>\n<p style=\"text-align: left;padding-left: 200px\"><strong><span style=\"font-size: 14pt;color: #0000ff\"><a style=\"color: #0000ff\" href=\"https:\/\/www.youtube.com\/embed\/guHFIVGfTYk\" target=\"_blank\" rel=\"noopener noreferrer\">\u00c1rea de pol\u00edgono regular conocido el lado y el radio (OperacionExitoEdu)<\/a><\/span><\/strong><\/p>\n<\/td>\n<\/tr>\n<tr>\n<td style=\"width: 1.55109%;border-style: double;border-color: #050505;text-align: center\" colspan=\"3\"><span style=\"text-decoration: underline\"><span style=\"font-size: 20pt\"><strong><span style=\"color: #000000;text-decoration: underline\">MEDIDAS EN FIGURAS CIRCULARES<\/span><\/strong><\/span><\/span><\/p>\n<p><span style=\"text-decoration: underline\"><span style=\"color: #800080;text-decoration: underline\"><strong><span style=\"font-size: 14pt\">VIDEOS<\/span><\/strong><\/span><\/span><\/p>\n<p style=\"text-align: left;padding-left: 200px\"><strong><span style=\"font-size: 14pt;color: #0000ff\"><a style=\"color: #0000ff\" href=\"https:\/\/www.youtube.com\/embed\/bz9HkHMEhFE\" target=\"_blank\" rel=\"noopener noreferrer\">Longitud de la circunferencia y del arco (Ruben Sebastian)<\/a><\/span><\/strong><\/p>\n<p style=\"text-align: left;padding-left: 200px\"><strong><span style=\"font-size: 14pt;color: #0000ff\"><a style=\"color: #0000ff\" href=\"https:\/\/www.youtube.com\/embed\/mSGJywnrxBk\" target=\"_blank\" rel=\"noopener noreferrer\">Longitud de la circunferencia (Matematica, Adri\u00e1n Paenza)<\/a><\/span><\/strong><\/p>\n<p style=\"text-align: left;padding-left: 200px\"><strong><span style=\"font-size: 14pt;color: #0000ff\"><a style=\"color: #0000ff\" href=\"https:\/\/www.youtube.com\/embed\/X3WJ3uD5PAo\" target=\"_blank\" rel=\"noopener noreferrer\">Obtenci\u00f3n de la f\u00f3rmula del \u00e1rea de c\u00edrculo (mathematicsonline)<\/a><\/span><\/strong><\/p>\n<p style=\"text-align: left;padding-left: 200px\"><strong><span style=\"font-size: 14pt;color: #0000ff\"><a style=\"color: #0000ff\" href=\"https:\/\/www.youtube.com\/embed\/kLHldS0yRvc\" target=\"_blank\" rel=\"noopener noreferrer\">\u00c1reas de figuras circulares (Sensei de las mates)<\/a><\/span><\/strong><\/p>\n<p style=\"text-align: left;padding-left: 200px\"><strong><span style=\"font-size: 14pt;color: #0000ff\"><a style=\"color: #0000ff\" href=\"https:\/\/www.youtube.com\/embed\/VMiB5P1ONnY\" target=\"_blank\" rel=\"noopener noreferrer\">Per\u00edmetro y \u00e1rea de un trapecio circular (Ejercicios de matematicas)<\/a><\/span><\/strong><\/p>\n<\/td>\n<\/tr>\n<tr>\n<td style=\"width: 1.55109%;border-style: double;border-color: #050505;text-align: center\" colspan=\"3\"><span style=\"text-decoration: underline\"><span style=\"font-size: 20pt\"><strong><span style=\"color: #000000;text-decoration: underline\">MEDIDAS EN FIGURAS COMPUESTAS<\/span><\/strong><\/span><\/span><\/p>\n<p><span style=\"text-decoration: underline\"><span style=\"color: #800080;text-decoration: underline\"><strong><span style=\"font-size: 14pt\">VIDEOS<\/span><\/strong><\/span><\/span><\/p>\n<p style=\"text-align: left;padding-left: 200px\"><strong><span style=\"font-size: 14pt;color: #0000ff\"><a style=\"color: #0000ff\" href=\"https:\/\/www.youtube.com\/embed\/hHVnNIBJ4yc\" target=\"_blank\" rel=\"noopener noreferrer\">Per\u00edmetro y \u00e1rea, tri\u00e1ngulos y cuadrado (math2me)<\/a><\/span><\/strong><\/p>\n<p style=\"text-align: left;padding-left: 200px\"><strong><span style=\"font-size: 14pt;color: #0000ff\"><a style=\"color: #0000ff\" href=\"https:\/\/www.youtube.com\/embed\/-9CSdXqeXsg\" target=\"_blank\" rel=\"noopener noreferrer\">\u00c1reas de figuras compuestas (Sensei de las mates)<\/a><\/span><\/strong><\/p>\n<p style=\"text-align: left;padding-left: 200px\"><strong><span style=\"font-size: 14pt;color: #0000ff\"><a style=\"color: #0000ff\" href=\"https:\/\/www.youtube.com\/embed\/wRdvxPOnyM4\" target=\"_blank\" rel=\"noopener noreferrer\">\u00c1reas de figuras compuestas (Steps Mates)<\/a><\/span><\/strong><\/p>\n<p style=\"text-align: left;padding-left: 200px\"><strong><span style=\"font-size: 14pt;color: #0000ff\"><a style=\"color: #0000ff\" href=\"https:\/\/www.youtube.com\/embed\/ZjoyOFpRs5w\" target=\"_blank\" rel=\"noopener noreferrer\">\u00c1rea compuesta por tri\u00e1ngulo equil\u00e1tero y semic\u00edrculo (Hugo M\u00f6ller)<\/a><\/span><\/strong><\/p>\n<p style=\"text-align: left;padding-left: 200px\"><strong><span style=\"font-size: 14pt;color: #0000ff\"><a style=\"color: #0000ff\" href=\"https:\/\/www.youtube.com\/embed\/CDI2TgqbKWE\" target=\"_blank\" rel=\"noopener noreferrer\">\u00c1reas de figuras sombreadas (Susy)<\/a><\/span><\/strong><\/p>\n<p style=\"text-align: left;padding-left: 200px\"><strong><span style=\"font-size: 14pt;color: #0000ff\"><a style=\"color: #0000ff\" href=\"https:\/\/www.youtube.com\/embed\/w872eJuZKXo\" target=\"_blank\" rel=\"noopener noreferrer\">\u00c1reas de figuras sombreadas (Calculando con Fabian)<\/a><\/span><\/strong><\/p>\n<p style=\"text-align: left;padding-left: 200px\"><strong><span style=\"font-size: 14pt;color: #0000ff\"><a style=\"color: #0000ff\" href=\"https:\/\/www.youtube.com\/embed\/Hdb4Cgi2CGU\" target=\"_blank\" rel=\"noopener noreferrer\">\u00c1reas de figuras sombreadas (Julioprofe)<\/a><\/span><\/strong><\/p>\n<p style=\"text-align: left;padding-left: 200px\"><strong><span style=\"font-size: 14pt;color: #0000ff\"><a style=\"color: #0000ff\" href=\"https:\/\/www.youtube.com\/embed\/ZfqhV61wdPo\" target=\"_blank\" rel=\"noopener noreferrer\">\u00c1reas de figuras sombreadas-1 (fun and easy)<\/a><\/span><\/strong><\/p>\n<p style=\"text-align: left;padding-left: 200px\"><strong><span style=\"font-size: 14pt;color: #0000ff\"><a style=\"color: #0000ff\" href=\"https:\/\/www.youtube.com\/embed\/JbqKD0TZj1U\" target=\"_blank\" rel=\"noopener noreferrer\">\u00c1reas de figuras sombreadas-2 (fun and easy)<\/a><\/span><\/strong><\/p>\n<p style=\"text-align: left;padding-left: 200px\"><strong><span style=\"font-size: 14pt;color: #0000ff\"><a style=\"color: #0000ff\" href=\"https:\/\/www.youtube.com\/embed\/tAAJE3JSQl4\" target=\"_blank\" rel=\"noopener noreferrer\">\u00c1reas de figuras sombreadas (miprofedematematicas)<\/a><\/span><\/strong><\/p>\n<p style=\"text-align: left;padding-left: 200px\"><strong><span style=\"font-size: 14pt;color: #0000ff\"><a style=\"color: #0000ff\" href=\"https:\/\/www.youtube.com\/embed\/j-MowjbpsW4\" target=\"_blank\" rel=\"noopener noreferrer\">\u00c1reas de figuras sombreadas-1 (math2me)<\/a><\/span><\/strong><\/p>\n<p style=\"text-align: left;padding-left: 200px\"><strong><span style=\"font-size: 14pt;color: #0000ff\"><a style=\"color: #0000ff\" href=\"https:\/\/www.youtube.com\/embed\/wPyM5UZDa5c\" target=\"_blank\" rel=\"noopener noreferrer\">\u00c1reas de figuras sombreadas-2 (math2me)<\/a><\/span><\/strong><\/p>\n<p style=\"text-align: left;padding-left: 200px\"><strong><span style=\"font-size: 14pt;color: #0000ff\"><a style=\"color: #0000ff\" href=\"https:\/\/www.youtube.com\/embed\/aJ4k8Hz4HDE\" target=\"_blank\" rel=\"noopener noreferrer\">\u00c1reas de figuras sombreadas-3 (math2me)<\/a><\/span><\/strong><\/p>\n<p><span style=\"text-decoration: underline;color: #800000\"><span style=\"text-decoration: underline\"><strong><span style=\"font-size: 14pt\">OTROS RECURSOS<\/span><\/strong><\/span><\/span><\/p>\n<p style=\"text-align: left;padding-left: 200px\"><strong><span style=\"font-size: 14pt;color: #0000ff\"><a style=\"color: #0000ff\" href=\"http:\/\/concurso.cnice.mec.es\/cnice2006\/material098\/geometria\/geoweb\/areaeval.htm\" target=\"_blank\" rel=\"noopener noreferrer\">Per\u00edmetros y \u00e1reas (hotpotatoes de cnice)<\/a><\/span><\/strong><\/p>\n<p style=\"text-align: left;padding-left: 200px\"><strong><span style=\"font-size: 14pt;color: #0000ff\"><a style=\"color: #0000ff\" href=\"https:\/\/thales.cica.es\/rd\/Recursos\/rd99\/ed99-0263-02\/geometria\/problemas\/indicep.htm\" target=\"_blank\" rel=\"noopener noreferrer\">Figuras planas, per\u00edmetros y \u00e1reas (problemas y ejercicios de thales)<\/a><\/span><\/strong><\/p>\n<p style=\"text-align: left;padding-left: 200px\"><strong><span style=\"font-size: 14pt;color: #0000ff\"><a style=\"color: #0000ff\" href=\"https:\/\/proyectodescartes.org\/uudd\/materiales_didacticos\/areas_regiones_sombreadas-JS\/ejercicio1.html\" target=\"_blank\" rel=\"noopener noreferrer\">\u00c1reas de figuras sombreadas (descartes)<\/a><\/span><\/strong><\/p>\n<\/td>\n<\/tr>\n<\/tbody>\n<\/table>\n<p>&nbsp;<\/p>\n","protected":false},"excerpt":{"rendered":"<p>&nbsp; Teor\u00eda y actividades resueltas MEDIDAS EN CUADRIL\u00c1TEROS VIDEOS Per\u00edmetro de una figura (KhanAcademyEspa\u00f1ol)\u00c1reas de cuadril\u00e1teros (Aaron Asencio) \u00c1reas de cuadril\u00e1teros (Jos\u00e9 antonio Ibarra) \u00c1rea de un cuadrado conocida su diagonal (lasmatematicas.es) \u00c1rea de un cuadrado formado por rect\u00e1ngulos (math2me) MEDIDAS EN TRI\u00c1NGULOS VIDEOS Altura de un tri\u00e1ngulo is\u00f3sceles usando Pit\u00e1goras (chidtopia) \u00c1reas de tri\u00e1ngulos &hellip; <\/p>\n<p><a class=\"more-link btn\" href=\"https:\/\/blogsaverroes.juntadeandalucia.es\/rafaelnunezmat\/perimetros-y-areas-de-figuras-del-plano\">Seguir leyendo<\/a><\/p>\n","protected":false},"author":10669,"featured_media":0,"parent":0,"menu_order":0,"comment_status":"closed","ping_status":"closed","template":"","meta":{"ngg_post_thumbnail":0,"footnotes":""},"aioseo_notices":[],"_links":{"self":[{"href":"https:\/\/blogsaverroes.juntadeandalucia.es\/rafaelnunezmat\/wp-json\/wp\/v2\/pages\/222"}],"collection":[{"href":"https:\/\/blogsaverroes.juntadeandalucia.es\/rafaelnunezmat\/wp-json\/wp\/v2\/pages"}],"about":[{"href":"https:\/\/blogsaverroes.juntadeandalucia.es\/rafaelnunezmat\/wp-json\/wp\/v2\/types\/page"}],"author":[{"embeddable":true,"href":"https:\/\/blogsaverroes.juntadeandalucia.es\/rafaelnunezmat\/wp-json\/wp\/v2\/users\/10669"}],"replies":[{"embeddable":true,"href":"https:\/\/blogsaverroes.juntadeandalucia.es\/rafaelnunezmat\/wp-json\/wp\/v2\/comments?post=222"}],"version-history":[{"count":16,"href":"https:\/\/blogsaverroes.juntadeandalucia.es\/rafaelnunezmat\/wp-json\/wp\/v2\/pages\/222\/revisions"}],"predecessor-version":[{"id":4991,"href":"https:\/\/blogsaverroes.juntadeandalucia.es\/rafaelnunezmat\/wp-json\/wp\/v2\/pages\/222\/revisions\/4991"}],"wp:attachment":[{"href":"https:\/\/blogsaverroes.juntadeandalucia.es\/rafaelnunezmat\/wp-json\/wp\/v2\/media?parent=222"}],"curies":[{"name":"wp","href":"https:\/\/api.w.org\/{rel}","templated":true}]}}