{"id":224,"date":"2021-06-01T07:16:46","date_gmt":"2021-06-01T07:16:46","guid":{"rendered":"https:\/\/blogsaverroes.juntadeandalucia.es\/rafaelnunezmat\/?page_id=224"},"modified":"2024-12-06T09:54:18","modified_gmt":"2024-12-06T09:54:18","slug":"semejanza-de-figuras","status":"publish","type":"page","link":"https:\/\/blogsaverroes.juntadeandalucia.es\/rafaelnunezmat\/semejanza-de-figuras","title":{"rendered":"Semejanza de figuras"},"content":{"rendered":"<p><img loading=\"lazy\" decoding=\"async\" class=\"aligncenter \" src=\"https:\/\/i.ytimg.com\/vi\/4MxChkgm370\/maxresdefault.jpg\" width=\"530\" height=\"298\"><\/p>\n<p style=\"text-align: center\"><span style=\"font-size: 24pt;color: #008000\"><strong><a style=\"color: #008000\" href=\"https:\/\/blogsaverroes.juntadeandalucia.es\/rafaelnunezmat\/files\/2022\/02\/semejanza-de-figuras.pdf\" target=\"_blank\" rel=\"noopener noreferrer\">Teor\u00eda y actividades resueltas<\/a><\/strong><\/span><\/p>\n<table style=\"height: 106px;width: 99.9349%;border-collapse: collapse;border-style: none;border-color: #030000\" cellpadding=\"0\">\n<tbody>\n<tr style=\"height: 24px\">\n<td style=\"width: 9.4329%;border-style: double;border-color: #050505;text-align: center\" colspan=\"3\"><span style=\"text-decoration: underline\"><span style=\"font-size: 20pt\"><strong><span style=\"color: #000000;text-decoration: underline\">SEMEJANZA Y ESCALAS<\/span><\/strong><\/span><\/span><\/p>\n<p><span style=\"text-decoration: underline\"><span style=\"color: #800080;text-decoration: underline\"><strong><span style=\"font-size: 14pt\">VIDEOS<\/span><\/strong><\/span><\/span><\/p>\n<p style=\"text-align: left;padding-left: 200px\"><span style=\"font-size: 14pt\"><strong><span style=\"color: #0000ff\"><a style=\"color: #0000ff\" href=\"https:\/\/www.youtube.com\/embed\/4MxChkgm370\" target=\"_blank\" rel=\"noopener noreferrer\">Figuras semejantes (Daniel Carre\u00f3n)<\/a><\/span><\/strong><\/span><\/p>\n<p style=\"text-align: left;padding-left: 200px\"><span style=\"font-size: 14pt\"><strong><span style=\"color: #0000ff\"><a style=\"color: #0000ff\" href=\"https:\/\/www.youtube.com\/embed\/g_c0c1b4rlA\" target=\"_blank\" rel=\"noopener noreferrer\">Criterios de semejanza en tri\u00e1ngulos (Susy)<\/a><\/span><\/strong><\/span><\/p>\n<p style=\"text-align: left;padding-left: 200px\"><span style=\"font-size: 14pt\"><strong><span style=\"color: #0000ff\"><a style=\"color: #0000ff\" href=\"https:\/\/www.youtube.com\/embed\/Gq1uyLpF_v0\" target=\"_blank\" rel=\"noopener noreferrer\">Criterios de semejanza en tri\u00e1ngulos (math2me)<\/a><\/span><\/strong><\/span><\/p>\n<p style=\"text-align: left;padding-left: 200px\"><span style=\"font-size: 14pt\"><strong><span style=\"color: #0000ff\"><a style=\"color: #0000ff\" href=\"https:\/\/www.youtube.com\/embed\/mFFnbaJt2B0\" target=\"_blank\" rel=\"noopener noreferrer\">Raz\u00f3n entre \u00e1reas de tri\u00e1ngulos semejantes (math2me)<\/a><\/span><\/strong><\/span><\/p>\n<p style=\"text-align: left;padding-left: 200px\"><span style=\"font-size: 14pt\"><strong><span style=\"color: #0000ff\"><a style=\"color: #0000ff\" href=\"https:\/\/www.youtube.com\/embed\/_FFhRaU-VIs\" target=\"_blank\" rel=\"noopener noreferrer\">Aplicaciones de la semejanza de tri\u00e1ngulos (Unicoos)<\/a><\/span><\/strong><\/span><\/p>\n<p style=\"text-align: left;padding-left: 200px\"><span style=\"font-size: 14pt\"><strong><span style=\"color: #0000ff\"><a style=\"color: #0000ff\" href=\"https:\/\/www.youtube.com\/embed\/VNPcMEx5tso?t=140s\" target=\"_blank\" rel=\"noopener noreferrer\">Problemas con tri\u00e1ngulos semejantes (egausscom)<\/a><\/span><\/strong><\/span><\/p>\n<p style=\"text-align: left;padding-left: 200px\"><span style=\"font-size: 14pt\"><strong><span style=\"color: #0000ff\"><a style=\"color: #0000ff\" href=\"https:\/\/www.youtube.com\/embed\/MZKO1qwnS4w\" target=\"_blank\" rel=\"noopener noreferrer\">Problemas con tri\u00e1ngulos semejantes (math2me)<\/a><\/span><\/strong><\/span><\/p>\n<p style=\"text-align: left;padding-left: 200px\"><span style=\"font-size: 14pt\"><strong><span style=\"color: #0000ff\"><a style=\"color: #0000ff\" href=\"https:\/\/www.youtube.com\/embed\/4wFaT3TBEo4\" target=\"_blank\" rel=\"noopener noreferrer\">Semejanza y escalas (Susy)<\/a><\/span><\/strong><\/span><\/p>\n<p style=\"text-align: left;padding-left: 200px\"><span style=\"font-size: 14pt\"><strong><span style=\"color: #0000ff\"><a style=\"color: #0000ff\" href=\"https:\/\/www.youtube.com\/embed\/PZt4JuNX8T8\" target=\"_blank\" rel=\"noopener noreferrer\">Problema de escalas (Jos\u00e9 Luis Usero V\u00edlchez)<\/a><\/span><\/strong><\/span><\/p>\n<p><span style=\"text-decoration: underline;color: #800000\"><span style=\"text-decoration: underline\"><strong><span style=\"font-size: 14pt\">OTROS RECURSOS<\/span><\/strong><\/span><\/span><\/p>\n<p style=\"text-align: left;padding-left: 200px\"><span style=\"font-size: 14pt\"><strong><span style=\"color: #0000ff\"><a style=\"color: #0000ff\" href=\"http:\/\/concurso.cnice.mec.es\/cnice2006\/material098\/geometria\/geoweb\/semejeval.htm\" target=\"_blank\" rel=\"noopener noreferrer\">Semejanza (test de hotpotatoes)<\/a><\/span><\/strong><\/span><\/p>\n<\/td>\n<\/tr>\n<tr>\n<td style=\"width: 9.4329%;border-style: double;border-color: #050505;text-align: center\" colspan=\"3\"><span style=\"text-decoration: underline\"><span style=\"font-size: 20pt\"><strong><span style=\"color: #000000;text-decoration: underline\">TEOREMA DE THALES<\/span><\/strong><\/span><\/span><\/p>\n<p><span style=\"text-decoration: underline\"><span style=\"color: #800080;text-decoration: underline\"><strong><span style=\"font-size: 14pt\">VIDEOS<\/span><\/strong><\/span><\/span><\/p>\n<p style=\"text-align: left;padding-left: 200px\"><span style=\"font-size: 14pt\"><strong><span style=\"color: #0000ff\"><a style=\"color: #0000ff\" href=\"https:\/\/www.youtube.com\/embed\/WhrDNe8-TQ0\" target=\"_blank\" rel=\"noopener noreferrer\">Teorema de Thales, tri\u00e1ngulos en posici\u00f3n de Thales (Tuto mate)<\/a><\/span><\/strong><\/span><\/p>\n<p style=\"text-align: left;padding-left: 200px\"><span style=\"font-size: 14pt\"><strong><span style=\"color: #0000ff\"><a style=\"color: #0000ff\" href=\"https:\/\/www.youtube.com\/embed\/th3l8rN1sKE\" target=\"_blank\" rel=\"noopener noreferrer\">Teorema de Thales, problemas (Eusebio Molina Rodr\u00edguez)<\/a><\/span><\/strong><\/span><\/p>\n<p style=\"text-align: left;padding-left: 200px\"><span style=\"font-size: 14pt\"><strong><span style=\"color: #0000ff\"><a style=\"color: #0000ff\" href=\"https:\/\/www.youtube.com\/embed\/5zRDa8QskJs\" target=\"_blank\" rel=\"noopener noreferrer\">Teorema de Thales, problemas-1 (Danny Perich)<\/a><\/span><\/strong><\/span><\/p>\n<p style=\"text-align: left;padding-left: 200px\"><span style=\"font-size: 14pt\"><strong><span style=\"color: #0000ff\"><a style=\"color: #0000ff\" href=\"https:\/\/www.youtube.com\/embed\/J0mzht1HOR8\" target=\"_blank\" rel=\"noopener noreferrer\">Teorema de Thales, problemas-2 (Danny Perich)<\/a><\/span><\/strong><\/span><\/p>\n<p style=\"text-align: left;padding-left: 200px\"><span style=\"font-size: 14pt\"><strong><span style=\"color: #0000ff\"><a style=\"color: #0000ff\" href=\"https:\/\/www.youtube.com\/embed\/IEnWeHhq9_M\" target=\"_blank\" rel=\"noopener noreferrer\">Teorema de Thales, problemas-3 (Danny Perich)<\/a><\/span><\/strong><\/span><\/p>\n<p style=\"text-align: left;padding-left: 200px\"><span style=\"font-size: 14pt\"><strong><span style=\"color: #0000ff\"><a style=\"color: #0000ff\" href=\"https:\/\/www.youtube.com\/embed\/l7NgLxjDwgw\" target=\"_blank\" rel=\"noopener noreferrer\">Divisi\u00f3n de un segmento en partes iguales (Javi Y\u00e1\u00f1ez)<\/a><\/span><\/strong><\/span><\/p>\n<p style=\"text-align: left;padding-left: 200px\"><span style=\"font-size: 14pt\"><strong><span style=\"color: #0000ff\"><a style=\"color: #0000ff\" href=\"https:\/\/www.youtube.com\/embed\/75mj5MHDDaE\" target=\"_blank\" rel=\"noopener noreferrer\">Divisi\u00f3n de un segmento en partes iguales (am.educa Mateos)<\/a><\/span><\/strong><\/span><\/p>\n<p style=\"text-align: left;padding-left: 200px\"><span style=\"font-size: 14pt\"><strong><span style=\"color: #0000ff\"><a style=\"color: #0000ff\" href=\"https:\/\/www.youtube.com\/embed\/7BRlvp3NRhA\" target=\"_blank\" rel=\"noopener noreferrer\">Divisi\u00f3n de un segmento en partes proporcionales (Miguem\u00e1ticas)<\/a><\/span><\/strong><\/span><\/p>\n<p><span style=\"text-decoration: underline;color: #800000\"><span style=\"text-decoration: underline\"><strong><span style=\"font-size: 14pt\">OTROS RECURSOS<\/span><\/strong><\/span><\/span><\/p>\n<p style=\"text-align: left;padding-left: 200px\"><span style=\"font-size: 14pt\"><strong><span style=\"color: #0000ff\"><a style=\"color: #0000ff\" href=\"https:\/\/www.thatquiz.org\/es\/preview?c=zzby1269&amp;s=llb4mp\" target=\"_blank\" rel=\"noopener noreferrer\">Teorema de Thales y semejanza de tri\u00e1ngulos (test de thatquiz)<\/a><\/span><\/strong><\/span><\/p>\n<\/td>\n<\/tr>\n<tr>\n<td style=\"width: 9.4329%;border-style: double;border-color: #050505;text-align: center\" colspan=\"3\"><span style=\"text-decoration: underline\"><span style=\"font-size: 20pt\"><strong><span style=\"color: #000000;text-decoration: underline\">TEOREMAS DE LA ALTURA Y DEL CATETO<\/span><\/strong><\/span><\/span><\/p>\n<p><span style=\"text-decoration: underline\"><span style=\"color: #800080;text-decoration: underline\"><strong><span style=\"font-size: 14pt\">VIDEOS<\/span><\/strong><\/span><\/span><\/p>\n<p style=\"text-align: left;padding-left: 200px\"><span style=\"font-size: 14pt\"><strong><span style=\"color: #0000ff\"><a style=\"color: #0000ff\" href=\"https:\/\/www.youtube.com\/embed\/cPOBwdV2jAc\" target=\"_blank\" rel=\"noopener noreferrer\">Teoremas de la altura y del cateto (Ruben Sebastian)<\/a><\/span><\/strong><\/span><\/p>\n<p style=\"text-align: left;padding-left: 200px\"><span style=\"font-size: 14pt\"><strong><span style=\"color: #0000ff\"><a style=\"color: #0000ff\" href=\"https:\/\/www.youtube.com\/embed\/KewuYAPVG8M\" target=\"_blank\" rel=\"noopener noreferrer\">Teoremas de la altura y del cateto-1 (childtopia)<\/a><\/span><\/strong><\/span><\/p>\n<p style=\"text-align: left;padding-left: 200px\"><span style=\"font-size: 14pt\"><strong><span style=\"color: #0000ff\"><a style=\"color: #0000ff\" href=\"https:\/\/www.youtube.com\/embed\/2_6JK-niJXs\" target=\"_blank\" rel=\"noopener noreferrer\">Teoremas de la altura y del cateto-2 (chidtopia)<\/a><\/span><\/strong><\/span><\/p>\n<p style=\"text-align: left;padding-left: 200px\"><span style=\"font-size: 14pt\"><strong><span style=\"color: #0000ff\"><a style=\"color: #0000ff\" href=\"https:\/\/www.youtube.com\/embed\/L2uL3xWrMY0?t=737s\" target=\"_blank\" rel=\"noopener noreferrer\">Problema con el teorema de la altura (Unicoos)<\/a><\/span><\/strong><\/span><\/p>\n<\/td>\n<\/tr>\n<\/tbody>\n<\/table>\n<p>&nbsp;<\/p>\n","protected":false},"excerpt":{"rendered":"<p>Teor\u00eda y actividades resueltas SEMEJANZA Y ESCALAS VIDEOS Figuras semejantes (Daniel Carre\u00f3n) Criterios de semejanza en tri\u00e1ngulos (Susy) Criterios de semejanza en tri\u00e1ngulos (math2me) Raz\u00f3n entre \u00e1reas de tri\u00e1ngulos semejantes (math2me) Aplicaciones de la semejanza de tri\u00e1ngulos (Unicoos) Problemas con tri\u00e1ngulos semejantes (egausscom) Problemas con tri\u00e1ngulos semejantes (math2me) Semejanza y escalas (Susy) Problema de escalas &hellip; <\/p>\n<p><a class=\"more-link btn\" href=\"https:\/\/blogsaverroes.juntadeandalucia.es\/rafaelnunezmat\/semejanza-de-figuras\">Seguir leyendo<\/a><\/p>\n","protected":false},"author":10669,"featured_media":0,"parent":0,"menu_order":0,"comment_status":"closed","ping_status":"closed","template":"","meta":{"ngg_post_thumbnail":0,"footnotes":""},"aioseo_notices":[],"_links":{"self":[{"href":"https:\/\/blogsaverroes.juntadeandalucia.es\/rafaelnunezmat\/wp-json\/wp\/v2\/pages\/224"}],"collection":[{"href":"https:\/\/blogsaverroes.juntadeandalucia.es\/rafaelnunezmat\/wp-json\/wp\/v2\/pages"}],"about":[{"href":"https:\/\/blogsaverroes.juntadeandalucia.es\/rafaelnunezmat\/wp-json\/wp\/v2\/types\/page"}],"author":[{"embeddable":true,"href":"https:\/\/blogsaverroes.juntadeandalucia.es\/rafaelnunezmat\/wp-json\/wp\/v2\/users\/10669"}],"replies":[{"embeddable":true,"href":"https:\/\/blogsaverroes.juntadeandalucia.es\/rafaelnunezmat\/wp-json\/wp\/v2\/comments?post=224"}],"version-history":[{"count":11,"href":"https:\/\/blogsaverroes.juntadeandalucia.es\/rafaelnunezmat\/wp-json\/wp\/v2\/pages\/224\/revisions"}],"predecessor-version":[{"id":4992,"href":"https:\/\/blogsaverroes.juntadeandalucia.es\/rafaelnunezmat\/wp-json\/wp\/v2\/pages\/224\/revisions\/4992"}],"wp:attachment":[{"href":"https:\/\/blogsaverroes.juntadeandalucia.es\/rafaelnunezmat\/wp-json\/wp\/v2\/media?parent=224"}],"curies":[{"name":"wp","href":"https:\/\/api.w.org\/{rel}","templated":true}]}}