{"id":225,"date":"2021-06-01T07:16:46","date_gmt":"2021-06-01T07:16:46","guid":{"rendered":"https:\/\/blogsaverroes.juntadeandalucia.es\/rafaelnunezmat\/?page_id=225"},"modified":"2024-12-06T10:37:42","modified_gmt":"2024-12-06T10:37:42","slug":"elementos-geometricos-basicos-del-espacio","status":"publish","type":"page","link":"https:\/\/blogsaverroes.juntadeandalucia.es\/rafaelnunezmat\/elementos-geometricos-basicos-del-espacio","title":{"rendered":"Elementos del espacio. Cuerpos geom\u00e9tricos"},"content":{"rendered":"<p><img loading=\"lazy\" decoding=\"async\" class=\"aligncenter\" src=\"https:\/\/1.bp.blogspot.com\/-odLO6o58jsg\/XdPV32ES_II\/AAAAAAAATm4\/zNiSZRmzYcAE9dBqS72RYdj_q2WJEI1RQCLcBGAsYHQ\/s400\/018%2B-%2BCuerpos%2Bgeom%25C3%25A9tricos%2BEntrada.png\" width=\"569\" height=\"394\"><\/p>\n<table style=\"height: 106px;width: 99.9349%;border-collapse: collapse;border-style: none;border-color: #030000\" cellpadding=\"0\">\n<tbody>\n<tr style=\"height: 24px\">\n<td style=\"width: 9.9503%;border-style: double;border-color: #050505;text-align: center\" colspan=\"3\"><span style=\"font-size: 18pt\"><strong><span style=\"color: #000000\"><span style=\"text-decoration: underline\"><span style=\"font-size: 20pt\">ELEMENTOS DEL ESPACIO<\/span><\/span>&nbsp; <span style=\"font-size: 16pt\"><a href=\"https:\/\/blogsaverroes.juntadeandalucia.es\/rafaelnunezmat\/files\/2022\/02\/elementos-geom\u00e9tricos-del-espacio.pdf\" target=\"_blank\" rel=\"noopener noreferrer\"><span style=\"color: #008000\">Apuntes y actividades<\/span><\/a><\/span><\/span><\/strong><\/span><\/p>\n<p><span style=\"text-decoration: underline\"><span style=\"color: #800080;text-decoration: underline\"><strong><span style=\"font-size: 14pt\">VIDEOS<\/span><\/strong><\/span><\/span><\/p>\n<p style=\"text-align: left;padding-left: 200px\"><strong><span style=\"font-size: 14pt;color: #0000ff\"><a style=\"color: #0000ff\" href=\"https:\/\/www.youtube.com\/embed\/U4SZTKuFLM0\" target=\"_blank\" rel=\"noopener noreferrer\">Elementos en el espacio (Academia Internet)<\/a><\/span><\/strong><\/p>\n<p style=\"text-align: left;padding-left: 200px\"><strong><span style=\"font-size: 14pt;color: #0000ff\"><a style=\"color: #0000ff\" href=\"https:\/\/www.youtube.com\/embed\/0Jv2_HaRxPQ?t=66s\" target=\"_blank\" rel=\"noopener noreferrer\">Elementos en el espacio (Josu\u00e9 Leiva Cruz)<\/a><\/span><\/strong><\/p>\n<p style=\"text-align: left;padding-left: 200px\"><strong><span style=\"font-size: 14pt;color: #0000ff\"><a style=\"color: #0000ff\" href=\"https:\/\/www.youtube.com\/embed\/lqv0dYnKTxA\" target=\"_blank\" rel=\"noopener noreferrer\">Cuerpos geom\u00e9tricos (Aaron Asencio)<\/a><\/span><\/strong><\/p>\n<p><span style=\"text-decoration: underline;color: #800000\"><span style=\"text-decoration: underline\"><strong><span style=\"font-size: 14pt\">OTROS RECURSOS<\/span><\/strong><\/span><\/span><\/p>\n<p style=\"text-align: left;padding-left: 200px\"><strong><span style=\"font-size: 14pt;color: #0000ff\"><a style=\"color: #0000ff\" href=\"http:\/\/concurso.cnice.mec.es\/cnice2006\/material098\/geometria\/geoweb\/espaeval.htm\" target=\"_blank\" rel=\"noopener noreferrer\">Elementos b\u00e1sicos del espacio (test hotpotatoes)<\/a><\/span><\/strong><\/p>\n<p style=\"text-align: left;padding-left: 200px\"><strong><span style=\"font-size: 14pt;color: #0000ff\"><a style=\"color: #0000ff\" href=\"https:\/\/clic.xtec.cat\/projects\/geo2prim\/jclic.js\/index.html\" target=\"_blank\" rel=\"noopener noreferrer\">Figuras y cuerpos geom\u00e9tricos (actividades jclic)<\/a><\/span><\/strong><\/p>\n<p style=\"text-align: left;padding-left: 200px\"><strong><span style=\"font-size: 14pt;color: #0000ff\"><a style=\"color: #0000ff\" href=\"https:\/\/clic.xtec.cat\/projects\/geomes\/jclic.js\/index.html\" target=\"_blank\" rel=\"noopener noreferrer\">Circunferencia y cuerpos geom\u00e9tricos (actividades jclic)<\/a><\/span><\/strong><\/p>\n<\/td>\n<\/tr>\n<tr>\n<td style=\"width: 9.9503%;border-style: double;border-color: #050505;text-align: center\" colspan=\"3\"><span style=\"font-size: 18pt\"><strong><span style=\"color: #000000\"><span style=\"text-decoration: underline\"><span style=\"font-size: 20pt\">POLIEDROS<\/span><\/span>&nbsp; &nbsp;<span style=\"font-size: 16pt\"><a href=\"https:\/\/blogsaverroes.juntadeandalucia.es\/rafaelnunezmat\/files\/2022\/02\/poliedros.pdf\" target=\"_blank\" rel=\"noopener\"><span style=\"color: #008000\">Apuntes y actividades<\/span><\/a><\/span><\/span><\/strong><\/span><\/p>\n<p><span style=\"text-decoration: underline\"><span style=\"color: #800080;text-decoration: underline\"><strong><span style=\"font-size: 14pt\">VIDEOS<\/span><\/strong><\/span><\/span><\/p>\n<p style=\"text-align: left;padding-left: 200px\"><strong><span style=\"font-size: 14pt;color: #0000ff\"><a style=\"color: #0000ff\" href=\"https:\/\/www.youtube.com\/embed\/-65RnPKnDPA\" target=\"_blank\" rel=\"noopener noreferrer\">Poliedros (Mundo Primaria)<\/a><\/span><\/strong><\/p>\n<p style=\"text-align: left;padding-left: 200px\"><strong><span style=\"font-size: 14pt;color: #0000ff\"><a style=\"color: #0000ff\" href=\"https:\/\/www.youtube.com\/embed\/qkadAImQvh0\" target=\"_blank\" rel=\"noopener noreferrer\">Poliedros (Quijotex Educaci\u00f3n)<\/a><\/span><\/strong><\/p>\n<p style=\"text-align: left;padding-left: 200px\"><strong><span style=\"font-size: 14pt;color: #0000ff\"><a style=\"color: #0000ff\" href=\"https:\/\/www.youtube.com\/embed\/k-b0SM_t5Bs\" target=\"_blank\" rel=\"noopener noreferrer\">F\u00f3rmula de Euler en los poliedros (Quijotex Educaci\u00f3n)<\/a><\/span><\/strong><\/p>\n<p style=\"text-align: left;padding-left: 200px\"><strong><span style=\"font-size: 14pt;color: #0000ff\"><a style=\"color: #0000ff\" href=\"https:\/\/www.youtube.com\/embed\/7yGqxWGQZ_Y\" target=\"_blank\" rel=\"noopener noreferrer\">Poliedros regulares (David Romero)<\/a><\/span><\/strong><\/p>\n<p style=\"text-align: left;padding-left: 200px\"><strong><span style=\"font-size: 14pt;color: #0000ff\"><a style=\"color: #0000ff\" href=\"https:\/\/www.youtube.com\/embed\/tduuyJ0W_f0\" target=\"_blank\" rel=\"noopener noreferrer\">Desarrollo plano de los poliedros (AbreLosOjOs)<\/a><\/span><\/strong><\/p>\n<p style=\"text-align: left;padding-left: 200px\"><strong><span style=\"font-size: 14pt;color: #0000ff\"><a style=\"color: #0000ff\" href=\"https:\/\/www.youtube.com\/embed\/92GOIbpXhYQ\" target=\"_blank\" rel=\"noopener noreferrer\">Prismas (estudiia)<\/a><\/span><\/strong><\/p>\n<p style=\"text-align: left;padding-left: 200px\"><strong><span style=\"font-size: 14pt;color: #0000ff\"><a style=\"color: #0000ff\" href=\"https:\/\/www.youtube.com\/embed\/KjZDbecfzGA\" target=\"_blank\" rel=\"noopener noreferrer\">Problema con ortoedros (profe AlexZ)<\/a><\/span><\/strong><\/p>\n<p style=\"text-align: left;padding-left: 200px\"><strong><span style=\"font-size: 14pt;color: #0000ff\"><a style=\"color: #0000ff\" href=\"https:\/\/www.youtube.com\/embed\/ZyftAKtrAHc\" target=\"_blank\" rel=\"noopener noreferrer\">Pir\u00e1mides (estudiia)<\/a><\/span><\/strong><\/p>\n<p style=\"text-align: left;padding-left: 200px\"><strong><span style=\"font-size: 14pt;color: #0000ff\"><a style=\"color: #0000ff\" href=\"https:\/\/www.youtube.com\/embed\/JxaXyGYSNJ0?t=1s\" target=\"_blank\" rel=\"noopener noreferrer\">C\u00e1lculo de la altura de una pir\u00e1mide (childtopia)<\/a><\/span><\/strong><\/p>\n<p><span style=\"text-decoration: underline;color: #800000\"><span style=\"text-decoration: underline\"><strong><span style=\"font-size: 14pt\">OTROS RECURSOS<\/span><\/strong><\/span><\/span><\/p>\n<p style=\"text-align: left;padding-left: 200px\"><strong><span style=\"font-size: 14pt;color: #0000ff\"><a style=\"color: #0000ff\" href=\"https:\/\/www.polyhedra.net\/es\/\" target=\"_blank\" rel=\"noopener noreferrer\">Modelos de papel de poliedros (web polyhedra.net)<\/a><\/span><\/strong><\/p>\n<p style=\"text-align: left;padding-left: 200px\"><strong><span style=\"font-size: 14pt;color: #0000ff\"><a style=\"color: #0000ff\" href=\"http:\/\/concurso.cnice.mec.es\/cnice2006\/material098\/geometria\/geoweb\/poliedeval.htm\" target=\"_blank\" rel=\"noopener noreferrer\">Poliedros (test hotpotatoes de cnice)<\/a><\/span><\/strong><\/p>\n<\/td>\n<\/tr>\n<tr>\n<td style=\"width: 9.9503%;border-style: double;border-color: #050505;text-align: center\" colspan=\"3\"><span style=\"font-size: 18pt\"><strong><span style=\"color: #000000\"><span style=\"text-decoration: underline\"><span style=\"font-size: 20pt\">CUERPOS REDONDOS<\/span><\/span>&nbsp; &nbsp;<span style=\"font-size: 16pt\"><a href=\"https:\/\/blogsaverroes.juntadeandalucia.es\/rafaelnunezmat\/files\/2022\/02\/cuerpos-redondos.pdf\" target=\"_blank\" rel=\"noopener\"><span style=\"color: #008000\">Apuntes y actividades<\/span><\/a><\/span><\/span><\/strong><\/span><\/p>\n<p><span style=\"text-decoration: underline\"><span style=\"color: #800080;text-decoration: underline\"><strong><span style=\"font-size: 14pt\">VIDEOS<\/span><\/strong><\/span><\/span><\/p>\n<p style=\"text-align: left;padding-left: 160px\"><strong><span style=\"font-size: 14pt;color: #0000ff\"><a style=\"color: #0000ff\" href=\"https:\/\/www.youtube.com\/embed\/kD5gz2k5IZQ\" target=\"_blank\" rel=\"noopener noreferrer\">Cuerpos de revoluci\u00f3n (Daniel Carre\u00f3n)<\/a><\/span><\/strong><\/p>\n<p class=\"style-scope ytd-watch-metadata\" style=\"text-align: left;padding-left: 160px\"><strong><span style=\"font-size: 14pt;color: #0000ff\"><a style=\"color: #0000ff\" href=\"https:\/\/www.youtube.com\/embed\/p_0Fi35lhhU\" target=\"_blank\" rel=\"noopener noreferrer\">Altura de un cono conociendo el radio y la generatriz (matem\u00e1ticas profe Edinsonnet)<\/a><\/span><\/strong><\/p>\n<p><span style=\"text-decoration: underline;color: #800000\"><span style=\"text-decoration: underline\"><strong><span style=\"font-size: 14pt\">OTROS RECURSOS<\/span><\/strong><\/span><\/span><\/p>\n<p style=\"text-align: left;padding-left: 160px\"><strong><span style=\"font-size: 14pt;color: #0000ff\"> <a style=\"color: #0000ff\" href=\"http:\/\/concurso.cnice.mec.es\/cnice2006\/material098\/geometria\/geoweb\/revoleval.htm\" target=\"_blank\" rel=\"noopener noreferrer\">Cuerpos de revoluci\u00f3n (test hotpotatoes de cnice)<\/a><\/span><\/strong><\/p>\n<\/td>\n<\/tr>\n<\/tbody>\n<\/table>\n<p>&nbsp;<\/p>\n","protected":false},"excerpt":{"rendered":"<p>ELEMENTOS DEL ESPACIO&nbsp; Apuntes y actividades VIDEOS Elementos en el espacio (Academia Internet) Elementos en el espacio (Josu\u00e9 Leiva Cruz) Cuerpos geom\u00e9tricos (Aaron Asencio) OTROS RECURSOS Elementos b\u00e1sicos del espacio (test hotpotatoes) Figuras y cuerpos geom\u00e9tricos (actividades jclic) Circunferencia y cuerpos geom\u00e9tricos (actividades jclic) POLIEDROS&nbsp; &nbsp;Apuntes y actividades VIDEOS Poliedros (Mundo Primaria) Poliedros (Quijotex Educaci\u00f3n) &hellip; <\/p>\n<p><a class=\"more-link btn\" href=\"https:\/\/blogsaverroes.juntadeandalucia.es\/rafaelnunezmat\/elementos-geometricos-basicos-del-espacio\">Seguir leyendo<\/a><\/p>\n","protected":false},"author":10669,"featured_media":0,"parent":0,"menu_order":0,"comment_status":"closed","ping_status":"closed","template":"","meta":{"ngg_post_thumbnail":0,"footnotes":""},"aioseo_notices":[],"_links":{"self":[{"href":"https:\/\/blogsaverroes.juntadeandalucia.es\/rafaelnunezmat\/wp-json\/wp\/v2\/pages\/225"}],"collection":[{"href":"https:\/\/blogsaverroes.juntadeandalucia.es\/rafaelnunezmat\/wp-json\/wp\/v2\/pages"}],"about":[{"href":"https:\/\/blogsaverroes.juntadeandalucia.es\/rafaelnunezmat\/wp-json\/wp\/v2\/types\/page"}],"author":[{"embeddable":true,"href":"https:\/\/blogsaverroes.juntadeandalucia.es\/rafaelnunezmat\/wp-json\/wp\/v2\/users\/10669"}],"replies":[{"embeddable":true,"href":"https:\/\/blogsaverroes.juntadeandalucia.es\/rafaelnunezmat\/wp-json\/wp\/v2\/comments?post=225"}],"version-history":[{"count":15,"href":"https:\/\/blogsaverroes.juntadeandalucia.es\/rafaelnunezmat\/wp-json\/wp\/v2\/pages\/225\/revisions"}],"predecessor-version":[{"id":4999,"href":"https:\/\/blogsaverroes.juntadeandalucia.es\/rafaelnunezmat\/wp-json\/wp\/v2\/pages\/225\/revisions\/4999"}],"wp:attachment":[{"href":"https:\/\/blogsaverroes.juntadeandalucia.es\/rafaelnunezmat\/wp-json\/wp\/v2\/media?parent=225"}],"curies":[{"name":"wp","href":"https:\/\/api.w.org\/{rel}","templated":true}]}}