{"id":275,"date":"2021-06-01T07:41:39","date_gmt":"2021-06-01T07:41:39","guid":{"rendered":"https:\/\/blogsaverroes.juntadeandalucia.es\/rafaelnunezmat\/?page_id=275"},"modified":"2024-12-06T10:48:42","modified_gmt":"2024-12-06T10:48:42","slug":"longitudes-areas-y-volumenes-en-el-espacio","status":"publish","type":"page","link":"https:\/\/blogsaverroes.juntadeandalucia.es\/rafaelnunezmat\/longitudes-areas-y-volumenes-en-el-espacio","title":{"rendered":"Medidas en el espacio"},"content":{"rendered":"<p><img loading=\"lazy\" decoding=\"async\" class=\"aligncenter \" src=\"https:\/\/slideplayer.es\/12217507\/72\/images\/slide_1.jpg\" width=\"483\" height=\"362\"><\/p>\n<p style=\"text-align: center\"><span style=\"font-size: 24pt;color: #008000\"><strong><a style=\"color: #008000\" href=\"https:\/\/blogsaverroes.juntadeandalucia.es\/rafaelnunezmat\/files\/2022\/02\/longitudes-\u00e1reas-y-vol\u00famenes-en-el-espacio.pdf\" target=\"_blank\" rel=\"noopener noreferrer\">Teor\u00eda y actividades resueltas<\/a><\/strong><\/span><\/p>\n<table style=\"height: 106px;width: 99.9349%;border-collapse: collapse;border-style: none;border-color: #030000\" cellpadding=\"0\">\n<tbody>\n<tr style=\"height: 24px\">\n<td style=\"width: 9.4329%;border-style: double;border-color: #050505;text-align: center\" colspan=\"3\"><span style=\"text-decoration: underline\"><span style=\"font-size: 20pt\"><strong><span style=\"color: #000000;text-decoration: underline\">VOLUMEN Y CAPACIDAD<\/span><\/strong><\/span><\/span><\/p>\n<p style=\"padding-left: 40px\"><span style=\"text-decoration: underline;color: #800080\"><span style=\"text-decoration: underline\"><strong><span style=\"font-size: 14pt\">VIDEOS<\/span><\/strong><\/span><\/span><\/p>\n<p style=\"text-align: left;padding-left: 200px\"><span style=\"font-size: 14pt\"><strong><span style=\"color: #0000ff\"><a style=\"color: #0000ff\" href=\"https:\/\/www.youtube.com\/embed\/_zbeX42GCac\" target=\"_blank\" rel=\"noopener noreferrer\">Conversi\u00f3n de unidades de volumen (Matem\u00e1ticas profe Alex)<\/a><\/span><\/strong><\/span><\/p>\n<p style=\"text-align: left;padding-left: 200px\"><span style=\"font-size: 14pt\"><strong><span style=\"color: #0000ff\"><a style=\"color: #0000ff\" href=\"https:\/\/www.youtube.com\/embed\/AeoDmmioADg\" target=\"_blank\" rel=\"noopener noreferrer\">Conversi\u00f3n de unidades de capacidad (Susy)<\/a><\/span><\/strong><\/span><\/p>\n<p class=\"style-scope ytd-watch-metadata\" style=\"text-align: left;padding-left: 200px\"><span style=\"font-size: 14pt\"><strong><span style=\"color: #0000ff\"><a style=\"color: #0000ff\" href=\"https:\/\/www.youtube.com\/embed\/3WfHiLvQcwI\" target=\"_blank\" rel=\"noopener noreferrer\">Equivalencias entre medidas de volumen y capacidad (Repassamos)<\/a><\/span><\/strong><\/span><\/p>\n<p><span style=\"text-decoration: underline;color: #800000\"><span style=\"text-decoration: underline\"><strong><span style=\"font-size: 14pt\">OTROS RECURSOS<\/span><\/strong><\/span><\/span><\/p>\n<p style=\"text-align: left;padding-left: 200px\"><span style=\"font-size: 14pt\"><strong><span style=\"color: #0000ff\"><a style=\"color: #0000ff\" href=\"https:\/\/www.daypo.com\/conversion-unidades-medida.html#test\" target=\"_blank\" rel=\"noopener noreferrer\">Unidades de medida (test de daypo)<\/a><\/span><\/strong><\/span><\/p>\n<\/td>\n<\/tr>\n<tr>\n<td style=\"width: 9.4329%;border-style: double;border-color: #050505;text-align: center\" colspan=\"3\"><span style=\"text-decoration: underline\"><span style=\"font-size: 20pt\"><strong><span style=\"color: #000000;text-decoration: underline\">PRISMAS EN GENERAL<\/span><\/strong><\/span><\/span><\/p>\n<p><span style=\"text-decoration: underline;color: #800080\"><span style=\"text-decoration: underline\"><strong><span style=\"font-size: 14pt\">VIDEOS<\/span><\/strong><\/span><\/span><\/p>\n<p style=\"text-align: left;padding-left: 200px\"><span style=\"font-size: 14pt\"><strong><span style=\"color: #0000ff\"><a style=\"color: #0000ff\" href=\"https:\/\/www.youtube.com\/embed\/KB9e0Wdf02M\" target=\"_blank\" rel=\"noopener noreferrer\">\u00c1rea\/volumen prisma regular (Fikima Aula Virtual)<\/a><\/span><\/strong><\/span><\/p>\n<p style=\"text-align: left;padding-left: 200px\"><span style=\"font-size: 14pt\"><strong><span style=\"color: #0000ff\"><a style=\"color: #0000ff\" href=\"https:\/\/www.youtube.com\/embed\/Ri9z7iPnFv0?t=120s\" target=\"_blank\" rel=\"noopener noreferrer\">\u00c1rea de un prisma regular hexagonal (childtopia)<\/a><\/span><\/strong><\/span><\/p>\n<p style=\"text-align: left;padding-left: 200px\"><span style=\"font-size: 14pt\"><strong><span style=\"color: #0000ff\"><a style=\"color: #0000ff\" href=\"https:\/\/www.youtube.com\/embed\/KpWkP46CWMY\" target=\"_blank\" rel=\"noopener noreferrer\">Volumen tienda de campa\u00f1a, prisma triangular regular (childtopia)<\/a><\/span><\/strong><\/span><\/p>\n<\/td>\n<\/tr>\n<tr>\n<td style=\"width: 9.4329%;border-style: double;border-color: #050505;text-align: center\" colspan=\"3\"><span style=\"text-decoration: underline\"><span style=\"font-size: 20pt\"><strong><span style=\"color: #000000;text-decoration: underline\">ORTOEDRO Y CUBO<\/span><\/strong><\/span><\/span><\/p>\n<p><span style=\"text-decoration: underline;color: #800080\"><span style=\"text-decoration: underline\"><strong><span style=\"font-size: 14pt\">VIDEOS<\/span><\/strong><\/span><\/span><\/p>\n<p style=\"text-align: left;padding-left: 200px\"><span style=\"font-size: 14pt\"><strong><span style=\"color: #0000ff\"><a style=\"color: #0000ff\" href=\"https:\/\/www.youtube.com\/embed\/vRplOnkl7b0\" target=\"_blank\" rel=\"noopener noreferrer\">Diagonal de un ortoedro (Jos\u00e9 Luis Usero V\u00edlchez)<\/a><\/span><\/strong><\/span><\/p>\n<p style=\"text-align: left;padding-left: 200px\"><span style=\"font-size: 14pt\"><strong><span style=\"color: #0000ff\"><a style=\"color: #0000ff\" href=\"https:\/\/www.youtube.com\/embed\/DL6LOrBf-uQ\" target=\"_blank\" rel=\"noopener noreferrer\">\u00c1rea y volumen de un ortoedro (Unicoos)<\/a><\/span><\/strong><\/span><\/p>\n<p style=\"text-align: left;padding-left: 200px\"><span style=\"font-size: 14pt\"><strong><span style=\"color: #0000ff\"><a style=\"color: #0000ff\" href=\"https:\/\/www.youtube.com\/embed\/d0p4Nu40jKQ?t=106s\" target=\"_blank\" rel=\"noopener noreferrer\">\u00c1rea de un ortoedro conocidas sus aristas (childtopia)<\/a><\/span><\/strong><\/span><\/p>\n<p style=\"text-align: left;padding-left: 200px\"><span style=\"font-size: 14pt\"><strong><span style=\"color: #0000ff\"><a style=\"color: #0000ff\" href=\"https:\/\/www.youtube.com\/embed\/Id1XfNB_ftY\" target=\"_blank\" rel=\"noopener noreferrer\">\u00c1rea y volumen de un cubo (matem\u00f3vil)<\/a><\/span><\/strong><\/span><\/p>\n<\/td>\n<\/tr>\n<tr>\n<td style=\"width: 9.4329%;border-style: double;border-color: #050505;text-align: center\" colspan=\"3\"><span style=\"text-decoration: underline\"><span style=\"font-size: 20pt\"><strong><span style=\"color: #000000;text-decoration: underline\">PIR\u00c1MIDE<\/span><\/strong><\/span><\/span><\/p>\n<p><span style=\"text-decoration: underline;color: #800080\"><span style=\"text-decoration: underline\"><strong><span style=\"font-size: 14pt\">VIDEOS<\/span><\/strong><\/span><\/span><\/p>\n<p style=\"text-align: left;padding-left: 200px\"><span style=\"font-size: 14pt\"><strong><span style=\"color: #0000ff\"><a style=\"color: #0000ff\" href=\"https:\/\/www.youtube.com\/embed\/OwlHfxT6cWg\" target=\"_blank\" rel=\"noopener noreferrer\">\u00c1rea y volumen de una pir\u00e1mide regular (Fikima Aula Virtual)<\/a><\/span><\/strong><\/span><\/p>\n<p style=\"text-align: left;padding-left: 200px\"><span style=\"font-size: 14pt\"><strong><span style=\"color: #0000ff\"><a style=\"color: #0000ff\" href=\"https:\/\/www.youtube.com\/embed\/iknPiC6zHjY\" target=\"_blank\" rel=\"noopener noreferrer\">Volumen de una pir\u00e1mide cuadrangular (childtopia)<\/a><\/span><\/strong><\/span><\/p>\n<p style=\"text-align: left;padding-left: 200px\"><span style=\"font-size: 14pt\"><strong><span style=\"color: #0000ff\"><a style=\"color: #0000ff\" href=\"https:\/\/www.youtube.com\/embed\/5NsPOCzBRcQ?t=85s\" target=\"_blank\" rel=\"noopener noreferrer\">\u00c1rea lateral de una pir\u00e1mide cuadrangular regular (Chris y Ari)<\/a><\/span><\/strong><\/span><\/p>\n<p style=\"text-align: left;padding-left: 200px\"><span style=\"font-size: 14pt\"><strong><span style=\"color: #0000ff\"><a style=\"color: #0000ff\" href=\"https:\/\/www.youtube.com\/embed\/YxNAhopyCdM\" target=\"_blank\" rel=\"noopener noreferrer\">Volumen de un tronco de pir\u00e1mide (matematicasyeso)<\/a><\/span><\/strong><\/span><\/p>\n<\/td>\n<\/tr>\n<tr>\n<td style=\"width: 9.4329%;border-style: double;border-color: #050505;text-align: left\" colspan=\"3\">\n<p style=\"text-align: center\"><span style=\"text-decoration: underline\"><span style=\"font-size: 20pt\"><strong><span style=\"color: #000000;text-decoration: underline\">CILINDRO<\/span><\/strong><\/span><\/span><\/p>\n<p style=\"text-align: center\"><span style=\"text-decoration: underline;color: #800080\"><span style=\"text-decoration: underline\"><strong><span style=\"font-size: 14pt\">VIDEOS<\/span><\/strong><\/span><\/span><\/p>\n<p style=\"padding-left: 200px\"><span style=\"font-size: 14pt\"><strong><span style=\"color: #0000ff\"><a style=\"color: #0000ff\" href=\"https:\/\/www.youtube.com\/embed\/2BFRPUTfBDw\" target=\"_blank\" rel=\"noopener noreferrer\">\u00c1rea y volumen de un cilindro (Operaci\u00f3nExitoEdu)<\/a><\/span><\/strong><\/span><\/p>\n<p style=\"text-align: left;padding-left: 200px\"><span style=\"font-size: 14pt\"><strong><span style=\"color: #0000ff\"><a style=\"color: #0000ff\" href=\"https:\/\/www.youtube.com\/embed\/qHEnn6hsIoo\" target=\"_blank\" rel=\"noopener noreferrer\">\u00c1rea total, dep\u00f3sito de gasolina cil\u00edndrico (childtopia)<\/a><\/span><\/strong><\/span><\/p>\n<\/td>\n<\/tr>\n<tr>\n<td style=\"width: 9.4329%;border-style: double;border-color: #050505;text-align: center\" colspan=\"3\"><span style=\"text-decoration: underline\"><span style=\"font-size: 20pt\"><strong><span style=\"color: #000000;text-decoration: underline\">CONO<\/span><\/strong><\/span><\/span><\/p>\n<p><span style=\"text-decoration: underline;color: #800080\"><span style=\"text-decoration: underline\"><strong><span style=\"font-size: 14pt\">VIDEOS<\/span><\/strong><\/span><\/span><\/p>\n<p style=\"text-align: left;padding-left: 200px\"><span style=\"font-size: 14pt\"><strong><span style=\"color: #0000ff\"><a style=\"color: #0000ff\" href=\"https:\/\/www.youtube.com\/embed\/UHBOPznAsac\" target=\"_blank\" rel=\"noopener noreferrer\">\u00c1rea y volumen de un cono1 (Unicoos)<\/a><\/span><\/strong><\/span><\/p>\n<p style=\"text-align: left;padding-left: 200px\"><span style=\"font-size: 14pt\"><strong><span style=\"color: #0000ff\"><a style=\"color: #0000ff\" href=\"https:\/\/www.youtube.com\/embed\/0KZ8nZf9pyo\" target=\"_blank\" rel=\"noopener noreferrer\">\u00c1rea y volumen de un cono-1 (childtopia)<\/a><\/span><\/strong><\/span><\/p>\n<p style=\"text-align: left;padding-left: 200px\"><span style=\"font-size: 14pt\"><strong><span style=\"color: #0000ff\"><a style=\"color: #0000ff\" href=\"https:\/\/www.youtube.com\/embed\/x7akEmgZVTo\" target=\"_blank\" rel=\"noopener noreferrer\">\u00c1rea y volumen de un cono-2 (childtopia)<\/a><\/span><\/strong><\/span><\/p>\n<p style=\"text-align: left;padding-left: 200px\"><span style=\"font-size: 14pt\"><strong><span style=\"color: #0000ff\"><a style=\"color: #0000ff\" href=\"https:\/\/www.youtube.com\/embed\/1IbL08Y7Zak\" target=\"_blank\" rel=\"noopener noreferrer\">Area total de un cono (childtopia)<\/a><\/span><\/strong><\/span><\/p>\n<p style=\"text-align: left;padding-left: 200px\"><span style=\"font-size: 14pt\"><strong><span style=\"color: #0000ff\"><a style=\"color: #0000ff\" href=\"https:\/\/www.youtube.com\/embed\/MeVsF--h7qU\" target=\"_blank\" rel=\"noopener noreferrer\">\u00c1rea y volumen de un tronco de cono (Unicoos)<\/a><\/span><\/strong><\/span><\/p>\n<\/td>\n<\/tr>\n<tr>\n<td style=\"width: 9.4329%;border-style: double;border-color: #050505;text-align: center\" colspan=\"3\"><span style=\"text-decoration: underline\"><span style=\"font-size: 20pt\"><strong><span style=\"color: #000000;text-decoration: underline\">ESFERA<\/span><\/strong><\/span><\/span><\/p>\n<p><span style=\"text-decoration: underline;color: #800080\"><span style=\"text-decoration: underline\"><strong><span style=\"font-size: 14pt\">VIDEOS<\/span><\/strong><\/span><\/span><\/p>\n<p style=\"text-align: left;padding-left: 200px\"><span style=\"font-size: 14pt\"><strong><span style=\"color: #0000ff\"><a style=\"color: #0000ff\" href=\"https:\/\/www.youtube.com\/embed\/U74RU9Nxg-A\" target=\"_blank\" rel=\"noopener noreferrer\">\u00c1rea y volumen de la esfera (Jos\u00e9 Antonio Ibarra)<\/a><\/span><\/strong><\/span><\/p>\n<p style=\"text-align: left;padding-left: 200px\"><span style=\"font-size: 14pt\"><strong><span style=\"color: #0000ff\"><a style=\"color: #0000ff\" href=\"https:\/\/www.youtube.com\/embed\/puT2fsEiPWw\" target=\"_blank\" rel=\"noopener noreferrer\">\u00c1rea y volumen de la esfera (childtopia)<\/a><\/span><\/strong><\/span><\/p>\n<p style=\"text-align: left;padding-left: 200px\"><span style=\"font-size: 14pt\"><strong><span style=\"color: #0000ff\"><a style=\"color: #0000ff\" href=\"https:\/\/www.youtube.com\/embed\/d_nWlJrgHgM\" target=\"_blank\" rel=\"noopener noreferrer\">Vol\u00famenes de cuerpos compuestos (Logos Academy)<\/a><\/span><\/strong><\/span><\/p>\n<p style=\"text-align: left;padding-left: 200px\"><span style=\"font-size: 14pt\"><strong><span style=\"color: #0000ff\"><a style=\"color: #0000ff\" href=\"https:\/\/www.youtube.com\/embed\/iVsQXNF7XL8\" target=\"_blank\" rel=\"noopener noreferrer\">Vol\u00famenes en cuerpos inscritos (Matematicabasica)<\/a><\/span><\/strong><\/span><\/p>\n<p><span style=\"text-decoration: underline;color: #800000\"><span style=\"text-decoration: underline\"><strong><span style=\"font-size: 14pt\">OTROS RECURSOS<\/span><\/strong><\/span><\/span><\/p>\n<p style=\"text-align: left;padding-left: 200px\"><span style=\"font-size: 14pt\"><strong><span style=\"color: #0000ff\"><a style=\"color: #0000ff\" href=\"http:\/\/mimosa.pntic.mec.es\/clobo\/geoweb\/volumeval.htm\" target=\"_blank\" rel=\"noopener noreferrer\">\u00c1reas y vol\u00famenes (test hotpotatoes de pntic)<\/a><\/span><\/strong><\/span><\/p>\n<p style=\"text-align: left;padding-left: 200px\"><span style=\"font-size: 14pt\"><strong><span style=\"color: #0000ff\"><a style=\"color: #0000ff\" href=\"https:\/\/thales.cica.es\/rd\/Recursos\/rd99\/ed99-0263-02\/geometria\/problemas\/indicep2.htm\" target=\"_blank\" rel=\"noopener noreferrer\">\u00c1reas y vol\u00famenes (actividades de thales)<\/a><\/span><\/strong><\/span><\/p>\n<p style=\"text-align: left;padding-left: 200px\"><span style=\"font-size: 14pt\"><strong><span style=\"color: #0000ff\"><a style=\"color: #0000ff\" href=\"https:\/\/clic.xtec.cat\/projects\/geoclice\/jclic.js\/index.html\" target=\"_blank\" rel=\"noopener noreferrer\">Geometr\u00eda (actividades jclic)<\/a><\/span><\/strong><\/span><\/p>\n<\/td>\n<\/tr>\n<tr>\n<td style=\"width: 9.4329%;border-style: double;border-color: #050505;text-align: center\" colspan=\"3\"><span style=\"text-decoration: underline\"><span style=\"font-size: 20pt\"><strong><span style=\"color: #000000;text-decoration: underline\">ESFERA TERRESTRE<\/span><\/strong><\/span><\/span><\/p>\n<p><span style=\"text-decoration: underline;color: #800080\"><span style=\"text-decoration: underline\"><strong><span style=\"font-size: 14pt\">VIDEOS<\/span><\/strong><\/span><\/span><\/p>\n<p style=\"text-align: left;padding-left: 200px\"><span style=\"font-size: 14pt\"><strong><span style=\"color: #0000ff\"><a style=\"color: #0000ff\" href=\"https:\/\/www.youtube.com\/embed\/1nPxuRaIfJY\" target=\"_blank\" rel=\"noopener noreferrer\">Coordenadas geogr\u00e1ficas (La cuna de Halicarnaso)<\/a><\/span><\/strong><\/span><\/p>\n<p style=\"text-align: left;padding-left: 200px\"><span style=\"font-size: 14pt\"><strong><span style=\"color: #0000ff\"><a style=\"color: #0000ff\" href=\"https:\/\/www.youtube.com\/embed\/iN6X06kR0_U\" target=\"_blank\" rel=\"noopener noreferrer\">Coordenadas geogr\u00e1ficas (FBRK2007)<\/a><\/span><\/strong><\/span><\/p>\n<p style=\"text-align: left;padding-left: 200px\"><span style=\"font-size: 14pt\"><strong><span style=\"color: #0000ff\"><a style=\"color: #0000ff\" href=\"https:\/\/www.youtube.com\/embed\/VSMLHmdbTVo\" target=\"_blank\" rel=\"noopener noreferrer\">Distancia entre puntos de la Tierra (Guadalupe Castellano)<\/a><\/span><\/strong><\/span><\/p>\n<\/td>\n<\/tr>\n<tr>\n<td style=\"width: 9.4329%;border-style: double;border-color: #050505;text-align: center\" colspan=\"3\"><span style=\"font-size: 18pt\"><strong><span style=\"color: #000000\">Varios medidas en el espacio<\/span><\/strong><\/span><br \/>\n<span style=\"font-size: 14pt\"><strong><span style=\"color: #0000ff\">&nbsp;<\/span><\/strong><\/span><\/td>\n<\/tr>\n<\/tbody>\n<\/table>\n<p>&nbsp;<\/p>\n","protected":false},"excerpt":{"rendered":"<p>Teor\u00eda y actividades resueltas VOLUMEN Y CAPACIDAD VIDEOS Conversi\u00f3n de unidades de volumen (Matem\u00e1ticas profe Alex) Conversi\u00f3n de unidades de capacidad (Susy) Equivalencias entre medidas de volumen y capacidad (Repassamos) OTROS RECURSOS Unidades de medida (test de daypo) PRISMAS EN GENERAL VIDEOS \u00c1rea\/volumen prisma regular (Fikima Aula Virtual) \u00c1rea de un prisma regular hexagonal (childtopia) &hellip; <\/p>\n<p><a class=\"more-link btn\" href=\"https:\/\/blogsaverroes.juntadeandalucia.es\/rafaelnunezmat\/longitudes-areas-y-volumenes-en-el-espacio\">Seguir leyendo<\/a><\/p>\n","protected":false},"author":10669,"featured_media":0,"parent":0,"menu_order":0,"comment_status":"closed","ping_status":"closed","template":"","meta":{"ngg_post_thumbnail":0,"footnotes":""},"aioseo_notices":[],"_links":{"self":[{"href":"https:\/\/blogsaverroes.juntadeandalucia.es\/rafaelnunezmat\/wp-json\/wp\/v2\/pages\/275"}],"collection":[{"href":"https:\/\/blogsaverroes.juntadeandalucia.es\/rafaelnunezmat\/wp-json\/wp\/v2\/pages"}],"about":[{"href":"https:\/\/blogsaverroes.juntadeandalucia.es\/rafaelnunezmat\/wp-json\/wp\/v2\/types\/page"}],"author":[{"embeddable":true,"href":"https:\/\/blogsaverroes.juntadeandalucia.es\/rafaelnunezmat\/wp-json\/wp\/v2\/users\/10669"}],"replies":[{"embeddable":true,"href":"https:\/\/blogsaverroes.juntadeandalucia.es\/rafaelnunezmat\/wp-json\/wp\/v2\/comments?post=275"}],"version-history":[{"count":13,"href":"https:\/\/blogsaverroes.juntadeandalucia.es\/rafaelnunezmat\/wp-json\/wp\/v2\/pages\/275\/revisions"}],"predecessor-version":[{"id":5000,"href":"https:\/\/blogsaverroes.juntadeandalucia.es\/rafaelnunezmat\/wp-json\/wp\/v2\/pages\/275\/revisions\/5000"}],"wp:attachment":[{"href":"https:\/\/blogsaverroes.juntadeandalucia.es\/rafaelnunezmat\/wp-json\/wp\/v2\/media?parent=275"}],"curies":[{"name":"wp","href":"https:\/\/api.w.org\/{rel}","templated":true}]}}