{"id":276,"date":"2021-06-01T07:41:39","date_gmt":"2021-06-01T07:41:39","guid":{"rendered":"https:\/\/blogsaverroes.juntadeandalucia.es\/rafaelnunezmat\/?page_id=276"},"modified":"2024-12-06T10:06:42","modified_gmt":"2024-12-06T10:06:42","slug":"trigonometria","status":"publish","type":"page","link":"https:\/\/blogsaverroes.juntadeandalucia.es\/rafaelnunezmat\/trigonometria","title":{"rendered":"Trigonometr\u00eda"},"content":{"rendered":"<p><img loading=\"lazy\" decoding=\"async\" class=\"aligncenter \" src=\"https:\/\/www.informavalencia.com\/wp-content\/uploads\/2017\/09\/trigono3.jpg\" width=\"409\" height=\"307\"><\/p>\n<p style=\"text-align: center\"><span style=\"font-size: 24pt;color: #008000\"><strong><a style=\"color: #008000\" href=\"https:\/\/blogsaverroes.juntadeandalucia.es\/rafaelnunezmat\/files\/2022\/02\/trigonometr\u00eda.pdf\" target=\"_blank\" rel=\"noopener noreferrer\">Teor\u00eda y actividades resueltas<\/a><\/strong><\/span><\/p>\n<table style=\"height: 106px;width: 99.9349%;border-collapse: collapse;border-style: none;border-color: #030000\" cellpadding=\"0\">\n<tbody>\n<tr style=\"height: 24px\">\n<td style=\"width: 15.7031%;border-style: double;border-color: #050505;text-align: center\" colspan=\"3\"><span style=\"text-decoration: underline\"><span style=\"font-size: 20pt\"><strong><span style=\"color: #000000;text-decoration: underline\">RAZONES TRIGONOM\u00c9TRICAS<\/span><\/strong><\/span><\/span><\/p>\n<p><span style=\"text-decoration: underline\"><span style=\"color: #800080;text-decoration: underline\"><strong><span style=\"font-size: 14pt\">VIDEOS<\/span><\/strong><\/span><\/span><\/p>\n<p style=\"text-align: left;padding-left: 200px\"><strong><span style=\"font-size: 14pt;color: #0000ff\"><a style=\"color: #0000ff\" href=\"https:\/\/www.youtube.com\/embed\/4mpKZMrFauw\" target=\"_blank\" rel=\"noopener noreferrer\">\u00c1ngulos en la calculadora (Matem\u00e1ticas profe Alex)<\/a><\/span><\/strong><\/p>\n<p style=\"text-align: left;padding-left: 200px\"><strong><span style=\"font-size: 14pt;color: #0000ff\"><a style=\"color: #0000ff\" href=\"https:\/\/www.youtube.com\/embed\/u6zs82U_ZX8\" target=\"_blank\" rel=\"noopener noreferrer\">Paso de grados a radianes y viceversa (Mates con Andr\u00e9s)<\/a><\/span><\/strong><\/p>\n<p style=\"text-align: left;padding-left: 200px\"><strong><span style=\"font-size: 14pt;color: #0000ff\"><a style=\"color: #0000ff\" href=\"https:\/\/www.youtube.com\/embed\/qjyz6X36NwY\" target=\"_blank\" rel=\"noopener noreferrer\">R.T. de un \u00e1ngulo agudo (Tuto mate)<\/a><\/span><\/strong><\/p>\n<p style=\"text-align: left;padding-left: 200px\"><strong><span style=\"font-size: 14pt;color: #0000ff\"><a style=\"color: #0000ff\" href=\"https:\/\/www.youtube.com\/embed\/ML-aUanNUcs\" target=\"_blank\" rel=\"noopener noreferrer\">R.T. de un \u00e1ngulo agudo (math2me)<\/a><\/span><\/strong><\/p>\n<p style=\"text-align: left;padding-left: 200px\"><strong><span style=\"font-size: 14pt;color: #0000ff\"><a style=\"color: #0000ff\" href=\"https:\/\/www.youtube.com\/embed\/2uzw51rOzSs\" target=\"_blank\" rel=\"noopener noreferrer\">\u00c1ngulos y r.t. con la calculadora (math2me)<\/a><\/span><\/strong><\/p>\n<p style=\"text-align: left;padding-left: 200px\"><strong><span style=\"font-size: 14pt;color: #0000ff\"><a style=\"color: #0000ff\" href=\"https:\/\/www.youtube.com\/embed\/oAFH_rf2Uek\" target=\"_blank\" rel=\"noopener noreferrer\">R.T. de un \u00e1ngulo cualquiera (Aprender Matem\u00e1ticas. Jos\u00e9 Jaime Mas)<\/a><\/span><\/strong><\/p>\n<p style=\"text-align: left;padding-left: 200px\"><strong><span style=\"font-size: 14pt;color: #0000ff\"><a style=\"color: #0000ff\" href=\"https:\/\/www.youtube.com\/embed\/0QKGTIoQqmA\" target=\"_blank\" rel=\"noopener noreferrer\">R.T. de un \u00e1ngulo cualquiera (fonemato)<\/a><\/span><\/strong><\/p>\n<p style=\"text-align: left;padding-left: 200px\"><strong><span style=\"font-size: 14pt;color: #0000ff\"><a style=\"color: #0000ff\" href=\"https:\/\/www.youtube.com\/embed\/AFRaGqRoxgg\" target=\"_blank\" rel=\"noopener noreferrer\">Signo de las r.t. de un \u00e1ngulo cualquiera (Vicente Gonz\u00e1lez Valle)<\/a><\/span><\/strong><\/p>\n<p style=\"text-align: left;padding-left: 200px\"><strong><span style=\"font-size: 14pt;color: #0000ff\"><a style=\"color: #0000ff\" href=\"https:\/\/www.youtube.com\/embed\/Zo1fWl8mMzo\" target=\"_blank\" rel=\"noopener noreferrer\">R.T. de 0\u00ba, 30\u00ba, 45\u00ba, 60\u00ba y 90\u00ba (lasmatematicas.es)<\/a><\/span><\/strong><\/p>\n<p><span style=\"text-decoration: underline;color: #800000\"><span style=\"text-decoration: underline\"><strong><span style=\"font-size: 14pt\">OTROS RECURSOS<\/span><\/strong><\/span><\/span><\/p>\n<p style=\"text-align: left;padding-left: 200px\"><strong><span style=\"font-size: 14pt;color: #0000ff\"><a style=\"color: #0000ff\" href=\"https:\/\/www.geogebra.org\/m\/yapXUAGm\" target=\"_blank\" rel=\"noopener noreferrer\">Circunferencia goniom\u00e9trica (geogebra)<\/a><\/span><\/strong><\/p>\n<p style=\"text-align: left;padding-left: 200px\"><strong><span style=\"font-size: 14pt;color: #0000ff\"><a style=\"color: #0000ff\" href=\"https:\/\/clic.xtec.cat\/projects\/trigo2\/jclic.js\/index.html\" target=\"_blank\" rel=\"noopener noreferrer\">Razones trigonom\u00e9tricas (actividades jclic)<\/a><\/span><\/strong><\/p>\n<\/td>\n<\/tr>\n<tr>\n<td style=\"width: 15.7031%;border-style: double;border-color: #050505;text-align: center\" colspan=\"3\"><span style=\"text-decoration: underline\"><span style=\"font-size: 20pt\"><strong><span style=\"color: #000000;text-decoration: underline\">RESOLUCI\u00d3N DE TRI\u00c1NGULOS RECT\u00c1NGULOS<\/span><\/strong><\/span><\/span><\/p>\n<p><span style=\"text-decoration: underline\"><span style=\"color: #800080;text-decoration: underline\"><strong><span style=\"font-size: 14pt\">VIDEOS<\/span><\/strong><\/span><\/span><\/p>\n<p style=\"text-align: left;padding-left: 200px\"><strong><span style=\"font-size: 14pt;color: #0000ff\"><a style=\"color: #0000ff\" href=\"https:\/\/www.youtube.com\/embed\/AVV8QGbBjgg?t=460s\" target=\"_blank\" rel=\"noopener noreferrer\">Resoluci\u00f3n de tri\u00e1ngulos rect\u00e1ngulos (fonemato)<\/a><\/span><\/strong><\/p>\n<p style=\"text-align: left;padding-left: 200px\"><strong><span style=\"font-size: 14pt;color: #0000ff\"><a style=\"color: #0000ff\" href=\"https:\/\/www.youtube.com\/embed\/3yk02rWxEyQ\" target=\"_blank\" rel=\"noopener noreferrer\">Resoluci\u00f3n de tri\u00e1ngulos rect\u00e1ngulos y su aplicaci\u00f3n (math2me)<\/a><\/span><\/strong><\/p>\n<p style=\"text-align: left;padding-left: 200px\"><strong><span style=\"font-size: 14pt;color: #0000ff\"><a style=\"color: #0000ff\" href=\"https:\/\/www.youtube.com\/embed\/vx9aJzlJIjs\" target=\"_blank\" rel=\"noopener noreferrer\">Resoluci\u00f3n de tri\u00e1ngulos rect\u00e1ngulos y su aplicaci\u00f3n (miprofedematematicas)<\/a><\/span><\/strong><\/p>\n<p style=\"text-align: left;padding-left: 200px\"><strong><span style=\"font-size: 14pt;color: #0000ff\"><a style=\"color: #0000ff\" href=\"https:\/\/www.youtube.com\/embed\/LMSEYt3cZrg\" target=\"_blank\" rel=\"noopener noreferrer\">Problema de doble observaci\u00f3n (AulaDeEconomia)<\/a><\/span><\/strong><\/p>\n<p style=\"text-align: left;padding-left: 200px\"><strong><span style=\"font-size: 14pt;color: #0000ff\"><a style=\"color: #0000ff\" href=\"https:\/\/www.youtube.com\/embed\/pIdeLhvD0nA\" target=\"_blank\" rel=\"noopener noreferrer\">Problema de doble observaci\u00f3n (Mi tutoria Virtual)<\/a><\/span><\/strong><\/p>\n<p style=\"text-align: left;padding-left: 200px\"><strong><span style=\"font-size: 14pt;color: #0000ff\"><a style=\"color: #0000ff\" href=\"https:\/\/www.youtube.com\/embed\/S1nSPOn7RWA\" target=\"_blank\" rel=\"noopener noreferrer\">Problema de doble observaci\u00f3n (lasmatematicas.es)<\/a><\/span><\/strong><\/p>\n<p style=\"text-align: left;padding-left: 200px\"><strong><span style=\"font-size: 14pt;color: #0000ff\"><a style=\"color: #0000ff\" href=\"https:\/\/www.youtube.com\/embed\/VGX6p73zd3A\" target=\"_blank\" rel=\"noopener noreferrer\">Problema de doble observaci\u00f3n (Julioprofe)<\/a><\/span><\/strong><\/p>\n<p><span style=\"text-decoration: underline;color: #800000\"><span style=\"text-decoration: underline\"><strong><span style=\"font-size: 14pt\">OTROS RECURSOS<\/span><\/strong><\/span><\/span><\/p>\n<p style=\"text-align: left;padding-left: 200px\"><strong><span style=\"font-size: 14pt;color: #0000ff\"><a style=\"color: #0000ff\" href=\"https:\/\/historiaybiografias.com\/hippani\/resolucion_triangulo_rectangulos1.html\" target=\"_blank\" rel=\"noopener noreferrer\">Resoluci\u00f3n de tri\u00e1ngulos rect\u00e1ngulos (actividadesde historiaybiografias.com)<\/a><\/span><\/strong><\/p>\n<\/td>\n<\/tr>\n<tr>\n<td style=\"width: 15.7031%;border-style: double;border-color: #050505;text-align: center\" colspan=\"3\"><span style=\"text-decoration: underline\"><span style=\"font-size: 20pt\"><strong><span style=\"color: #000000;text-decoration: underline\">RELACI\u00d3N ENTRE RAZONES TRIGONOM\u00c9TRICAS<\/span><\/strong><\/span><\/span><\/p>\n<p><span style=\"text-decoration: underline\"><span style=\"color: #800080;text-decoration: underline\"><strong><span style=\"font-size: 14pt\">VIDEOS<\/span><\/strong><\/span><\/span><\/p>\n<p style=\"text-align: left;padding-left: 200px\"><strong><span style=\"font-size: 14pt;color: #0000ff\"><a style=\"color: #0000ff\" href=\"https:\/\/www.youtube.com\/embed\/_Bti8NX5lrQ\" target=\"_blank\" rel=\"noopener noreferrer\">Relaci\u00f3n entre las r.t. (Aprender Matem\u00e1ticas. Jos\u00e9 Jaime Mas)<\/a><\/span><\/strong><\/p>\n<p style=\"text-align: left;padding-left: 200px\"><strong><span style=\"font-size: 14pt;color: #0000ff\"><a style=\"color: #0000ff\" href=\"https:\/\/www.youtube.com\/embed\/3Nh-Jynv46E\" target=\"_blank\" rel=\"noopener noreferrer\">Reducci\u00f3n al I cuadrante (Unicoos)<\/a><\/span><\/strong><\/p>\n<p style=\"text-align: left;padding-left: 200px\"><strong><span style=\"font-size: 14pt;color: #0000ff\"><a style=\"color: #0000ff\" href=\"https:\/\/www.youtube.com\/embed\/d6chnMiTEbU\" target=\"_blank\" rel=\"noopener noreferrer\">Reducci\u00f3n a la primera vuelta (Aprendemates)<\/a><\/span><\/strong><\/p>\n<p style=\"text-align: left;padding-left: 200px\"><strong><span style=\"font-size: 14pt;color: #0000ff\"><a style=\"color: #0000ff\" href=\"https:\/\/www.youtube.com\/embed\/zYCytkWAeiI\" target=\"_blank\" rel=\"noopener noreferrer\">R.T. de la suma, resta \u00e1ngulo doble y mitad (P\u00edldoras matem\u00e1ticas)<\/a><\/span><\/strong><\/p>\n<p style=\"text-align: left;padding-left: 200px\"><strong><span style=\"font-size: 14pt;color: #0000ff\"><a style=\"color: #0000ff\" href=\"https:\/\/www.youtube.com\/embed\/plxtrG6ia9Y\" target=\"_blank\" rel=\"noopener noreferrer\">R.T. de la suma, resta \u00e1ngulo doble y mitad (Aprender Matem\u00e1ticas. Jos\u00e9 Jaime Mas)<\/a><\/span><\/strong><\/p>\n<p style=\"text-align: left;padding-left: 200px\"><strong><span style=\"font-size: 14pt;color: #0000ff\"><a style=\"color: #0000ff\" href=\"https:\/\/www.youtube.com\/embed\/W1Lg4MsC_Sw\" target=\"_blank\" rel=\"noopener noreferrer\">Simplificaci\u00f3n de expresiones trigonom\u00e9tricas-1 (lasmatematicas.es)<\/a><\/span><\/strong><\/p>\n<p style=\"text-align: left;padding-left: 200px\"><strong><span style=\"font-size: 14pt;color: #0000ff\"><a style=\"color: #0000ff\" href=\"https:\/\/www.youtube.com\/embed\/l1_ZzcPKfeA\" target=\"_blank\" rel=\"noopener noreferrer\">Simplificaci\u00f3n de expresiones trigonom\u00e9tricas-2 (lasmatematicas.es)<\/a><\/span><\/strong><\/p>\n<p style=\"text-align: left;padding-left: 200px\"><strong><span style=\"font-size: 14pt;color: #0000ff\"><a style=\"color: #0000ff\" href=\"https:\/\/www.youtube.com\/embed\/Yu63ixRvXkY\" target=\"_blank\" rel=\"noopener noreferrer\">Identidades trigonom\u00e9tricas-1 (Unicoos)<\/a><\/span><\/strong><\/p>\n<p style=\"text-align: left;padding-left: 200px\"><strong><span style=\"font-size: 14pt;color: #0000ff\"><a style=\"color: #0000ff\" href=\"https:\/\/www.youtube.com\/embed\/A5mcbFkMJR0\" target=\"_blank\" rel=\"noopener noreferrer\">Identidades trigonom\u00e9tricas-2 (Unicoos)<\/a><\/span><\/strong><\/p>\n<p style=\"text-align: left;padding-left: 200px\"><strong><span style=\"font-size: 14pt;color: #0000ff\"><a style=\"color: #0000ff\" href=\"https:\/\/www.youtube.com\/embed\/He7SY4kFDVA\" target=\"_blank\" rel=\"noopener noreferrer\">Identidades trigonom\u00e9tricas-3 (Unicoos)<\/a><\/span><\/strong><\/p>\n<p style=\"text-align: left;padding-left: 200px\"><strong><span style=\"font-size: 14pt;color: #0000ff\"><a style=\"color: #0000ff\" href=\"https:\/\/www.youtube.com\/embed\/5FioTmDE5Ho\" target=\"_blank\" rel=\"noopener noreferrer\">Identidades trigonom\u00e9tricas-4 (Unicoos)<\/a><\/span><\/strong><\/p>\n<\/td>\n<\/tr>\n<tr>\n<td style=\"width: 15.7031%;border-style: double;border-color: #050505;text-align: center\" colspan=\"3\"><span style=\"text-decoration: underline\"><span style=\"font-size: 20pt\"><strong><span style=\"color: #000000;text-decoration: underline\">ECUACIONES TRIGONOM\u00c9TRICAS<\/span><\/strong><\/span><\/span><\/p>\n<p><span style=\"text-decoration: underline\"><span style=\"color: #800080;text-decoration: underline\"><strong><span style=\"font-size: 14pt\">VIDEOS<\/span><\/strong><\/span><\/span><\/p>\n<p style=\"text-align: left;padding-left: 200px\"><strong><span style=\"font-size: 14pt;color: #0000ff\"><a style=\"color: #0000ff\" href=\"https:\/\/www.youtube.com\/embed\/1DYlorwYnsY\" target=\"_blank\" rel=\"noopener noreferrer\">Ecuaciones trigonom\u00e9tricas-1 (unProfesor)<\/a><\/span><\/strong><\/p>\n<p style=\"text-align: left;padding-left: 200px\"><strong><span style=\"font-size: 14pt;color: #0000ff\"><a style=\"color: #0000ff\" href=\"https:\/\/www.youtube.com\/embed\/yo6fc6fk22o\" target=\"_blank\" rel=\"noopener noreferrer\">Ecuaciones trigonom\u00e9tricas-2 (unProfesor)<\/a><\/span><\/strong><\/p>\n<p style=\"text-align: left;padding-left: 200px\"><strong><span style=\"font-size: 14pt;color: #0000ff\"><a style=\"color: #0000ff\" href=\"https:\/\/www.youtube.com\/embed\/nETlLLZDWn0\" target=\"_blank\" rel=\"noopener noreferrer\">Ecuaciones trigonom\u00e9tricas (Matem\u00e1trix Blo)<\/a><\/span><\/strong><\/p>\n<p style=\"text-align: left;padding-left: 200px\"><strong><span style=\"font-size: 14pt;color: #0000ff\"><a style=\"color: #0000ff\" href=\"https:\/\/www.youtube.com\/embed\/VkKqxGarYw0\" target=\"_blank\" rel=\"noopener noreferrer\">Ecuaciones trigonom\u00e9tricas-1 (Unicoos)<\/a><\/span><\/strong><\/p>\n<p style=\"text-align: left;padding-left: 200px\"><strong><span style=\"font-size: 14pt;color: #0000ff\"><a style=\"color: #0000ff\" href=\"https:\/\/www.youtube.com\/embed\/vNN-3jkKlH0\" target=\"_blank\" rel=\"noopener noreferrer\">Ecuaciones trigonom\u00e9tricas-2 (Unicoos)<\/a><\/span><\/strong><\/p>\n<p style=\"text-align: left;padding-left: 200px\"><strong><span style=\"font-size: 14pt;color: #0000ff\"><a style=\"color: #0000ff\" href=\"https:\/\/www.youtube.com\/embed\/3RzvkD0XJw8\" target=\"_blank\" rel=\"noopener noreferrer\">Ecuaciones trigonom\u00e9tricas-3 (Unicoos)<\/a><\/span><\/strong><\/p>\n<p style=\"text-align: left;padding-left: 200px\"><strong><span style=\"font-size: 14pt;color: #0000ff\"><a style=\"color: #0000ff\" href=\"https:\/\/www.youtube.com\/embed\/F6G56eccQV0\" target=\"_blank\" rel=\"noopener noreferrer\">Ecuaciones trigonom\u00e9tricas-4 (Unicoos)<\/a><\/span><\/strong><\/p>\n<p style=\"text-align: left;padding-left: 200px\"><strong><span style=\"font-size: 14pt;color: #0000ff\"><a style=\"color: #0000ff\" href=\"https:\/\/www.youtube.com\/embed\/U3XDuZKfZZU\" target=\"_blank\" rel=\"noopener noreferrer\">Ecuaciones trigonom\u00e9tricas-1 (CanalMateB\u00e1sica1B)<\/a><\/span><\/strong><\/p>\n<p style=\"text-align: left;padding-left: 200px\"><strong><span style=\"font-size: 14pt;color: #0000ff\"><a style=\"color: #0000ff\" href=\"https:\/\/www.youtube.com\/embed\/QGWUic6_Z0s\" target=\"_blank\" rel=\"noopener noreferrer\">Ecuaciones trigonom\u00e9tricas-2 (CanalMateB\u00e1sica1B)<\/a><\/span><\/strong><\/p>\n<p style=\"text-align: left;padding-left: 200px\"><strong><span style=\"font-size: 14pt;color: #0000ff\"><a style=\"color: #0000ff\" href=\"https:\/\/www.youtube.com\/embed\/hvAUqUOMUV4\" target=\"_blank\" rel=\"noopener noreferrer\">Ecuaciones trigonom\u00e9tricas-3 (CanalMateB\u00e1sica1B)<\/a><\/span><\/strong><\/p>\n<p style=\"text-align: left;padding-left: 200px\"><strong><span style=\"font-size: 14pt;color: #0000ff\"><a style=\"color: #0000ff\" href=\"https:\/\/www.youtube.com\/embed\/Cr2gHfwMF6E\" target=\"_blank\" rel=\"noopener noreferrer\">Ecuaciones trigonom\u00e9tricas-4 (CanalMateB\u00e1sica1B)<\/a><\/span><\/strong><\/p>\n<\/td>\n<\/tr>\n<tr>\n<td style=\"width: 15.7031%;border-style: double;border-color: #050505;text-align: center\" colspan=\"3\"><span style=\"text-decoration: underline\"><span style=\"font-size: 20pt\"><strong><span style=\"color: #000000;text-decoration: underline\">TEOREMAS DE SENO, COSENO Y TANGENTE<\/span><\/strong><\/span><\/span><\/p>\n<p><span style=\"text-decoration: underline\"><span style=\"color: #800080;text-decoration: underline\"><strong><span style=\"font-size: 14pt\">VIDEOS<\/span><\/strong><\/span><\/span><\/p>\n<p style=\"text-align: left;padding-left: 200px\"><strong><span style=\"font-size: 14pt;color: #0000ff\"><a style=\"color: #0000ff\" href=\"https:\/\/www.youtube.com\/embed\/ZSvtKL2P5eE\" target=\"_blank\" rel=\"noopener noreferrer\">Datos: dos lados y el \u00e1ngulo opuesto a uno de ellos (Miguem\u00e1ticas)<\/a><\/span><\/strong><\/p>\n<p style=\"text-align: left;padding-left: 200px\"><strong><span style=\"font-size: 14pt;color: #0000ff\"><a style=\"color: #0000ff\" href=\"https:\/\/www.youtube.com\/embed\/gCKHyhReCdA?t=301s\" target=\"_blank\" rel=\"noopener noreferrer\">Datos: dos lados y el \u00e1ngulo comprendido (lasmatematicas.es)<\/a><\/span><\/strong><\/p>\n<p style=\"text-align: left;padding-left: 200px\"><strong><span style=\"font-size: 14pt;color: #0000ff\"><a style=\"color: #0000ff\" href=\"https:\/\/www.youtube.com\/embed\/BriTo2E9aLQ?t=309s\" target=\"_blank\" rel=\"noopener noreferrer\">Datos: dos lados y el \u00e1ngulo comprendido (Mi Tutoria Virtual)<\/a><\/span><\/strong><\/p>\n<p style=\"text-align: left;padding-left: 200px\"><strong><span style=\"font-size: 14pt;color: #0000ff\"><a style=\"color: #0000ff\" href=\"https:\/\/www.youtube.com\/embed\/yizdJXO2yME?t=462s\" target=\"_blank\" rel=\"noopener noreferrer\">Aplicaci\u00f3n de las rt y del teorema del seno (Julioprofe)<\/a><\/span><\/strong><\/p>\n<p style=\"text-align: left;padding-left: 200px\"><strong><span style=\"font-size: 14pt;color: #0000ff\"><a style=\"color: #0000ff\" href=\"https:\/\/www.youtube.com\/embed\/r2DZSxFLRK0?t=371s\" target=\"_blank\" rel=\"noopener noreferrer\">Datos: dos \u00e1ngulos y el lado opuesto a uno de ellos (Unicoos)<\/a><\/span><\/strong><\/p>\n<p style=\"text-align: left;padding-left: 200px\"><strong><span style=\"font-size: 14pt;color: #0000ff\"><a style=\"color: #0000ff\" href=\"https:\/\/www.youtube.com\/embed\/PNh8XaLfADU?t=1s\" target=\"_blank\" rel=\"noopener noreferrer\">Teorema del coseno dados los 3 lados (Mi Tutoria Virtual)<\/a><\/span><\/strong><\/p>\n<p style=\"text-align: left;padding-left: 200px\"><strong><span style=\"font-size: 14pt;color: #0000ff\"><a style=\"color: #0000ff\" href=\"https:\/\/www.youtube.com\/embed\/B1oTJvTlH1g\" target=\"_blank\" rel=\"noopener noreferrer\">Varios ejercicios (matematicasyeso)<\/a><\/span><\/strong><\/p>\n<p style=\"text-align: left;padding-left: 200px\"><strong><span style=\"font-size: 14pt;color: #0000ff\"><a style=\"color: #0000ff\" href=\"https:\/\/www.youtube.com\/embed\/j6NsB3usqgY\" target=\"_blank\" rel=\"noopener noreferrer\">Varios ejercicios (Ruben Sebastian)<\/a><\/span><\/strong><\/p>\n<p style=\"text-align: left;padding-left: 200px\"><strong><span style=\"font-size: 14pt;color: #0000ff\"><a style=\"color: #0000ff\" href=\"https:\/\/www.youtube.com\/embed\/TgmKfhKPYvI?t=326s\" target=\"_blank\" rel=\"noopener noreferrer\">Demostraci\u00f3n del teorema del seno (fonemato)<\/a><\/span><\/strong><\/p>\n<p><span style=\"text-decoration: underline;color: #800000\"><span style=\"text-decoration: underline\"><strong><span style=\"font-size: 14pt\">OTROS RECURSOS<\/span><\/strong><\/span><\/span><\/p>\n<p style=\"text-align: left;padding-left: 200px\"><strong><span style=\"font-size: 14pt;color: #0000ff\"><a style=\"color: #0000ff\" href=\"https:\/\/historiaybiografias.com\/hippani\/resolucion-triangulos-acutangulosb.html\" target=\"_blank\" rel=\"noopener noreferrer\">Resoluci\u00f3n de tri\u00e1ngulos (actividades de historiaybiografias.com)<\/a><\/span><\/strong><\/p>\n<p style=\"text-align: left;padding-left: 200px\"><strong><span style=\"font-size: 14pt;color: #0000ff\"><a style=\"color: #0000ff\" href=\"https:\/\/ieszaframagon.com\/matematicas\/4_eso\/trigonometria\/web\/testeval.html\" target=\"_blank\" rel=\"noopener noreferrer\">Trigonometr\u00eda (test de ieszaframagon)<\/a><\/span><\/strong><\/p>\n<\/td>\n<\/tr>\n<\/tbody>\n<\/table>\n<p>&nbsp;<\/p>\n","protected":false},"excerpt":{"rendered":"<p>Teor\u00eda y actividades resueltas RAZONES TRIGONOM\u00c9TRICAS VIDEOS \u00c1ngulos en la calculadora (Matem\u00e1ticas profe Alex) Paso de grados a radianes y viceversa (Mates con Andr\u00e9s) R.T. de un \u00e1ngulo agudo (Tuto mate) R.T. de un \u00e1ngulo agudo (math2me) \u00c1ngulos y r.t. con la calculadora (math2me) R.T. de un \u00e1ngulo cualquiera (Aprender Matem\u00e1ticas. Jos\u00e9 Jaime Mas) R.T. &hellip; <\/p>\n<p><a class=\"more-link btn\" href=\"https:\/\/blogsaverroes.juntadeandalucia.es\/rafaelnunezmat\/trigonometria\">Seguir leyendo<\/a><\/p>\n","protected":false},"author":10669,"featured_media":0,"parent":0,"menu_order":0,"comment_status":"closed","ping_status":"closed","template":"","meta":{"ngg_post_thumbnail":0,"footnotes":""},"aioseo_notices":[],"_links":{"self":[{"href":"https:\/\/blogsaverroes.juntadeandalucia.es\/rafaelnunezmat\/wp-json\/wp\/v2\/pages\/276"}],"collection":[{"href":"https:\/\/blogsaverroes.juntadeandalucia.es\/rafaelnunezmat\/wp-json\/wp\/v2\/pages"}],"about":[{"href":"https:\/\/blogsaverroes.juntadeandalucia.es\/rafaelnunezmat\/wp-json\/wp\/v2\/types\/page"}],"author":[{"embeddable":true,"href":"https:\/\/blogsaverroes.juntadeandalucia.es\/rafaelnunezmat\/wp-json\/wp\/v2\/users\/10669"}],"replies":[{"embeddable":true,"href":"https:\/\/blogsaverroes.juntadeandalucia.es\/rafaelnunezmat\/wp-json\/wp\/v2\/comments?post=276"}],"version-history":[{"count":17,"href":"https:\/\/blogsaverroes.juntadeandalucia.es\/rafaelnunezmat\/wp-json\/wp\/v2\/pages\/276\/revisions"}],"predecessor-version":[{"id":4994,"href":"https:\/\/blogsaverroes.juntadeandalucia.es\/rafaelnunezmat\/wp-json\/wp\/v2\/pages\/276\/revisions\/4994"}],"wp:attachment":[{"href":"https:\/\/blogsaverroes.juntadeandalucia.es\/rafaelnunezmat\/wp-json\/wp\/v2\/media?parent=276"}],"curies":[{"name":"wp","href":"https:\/\/api.w.org\/{rel}","templated":true}]}}