{"id":277,"date":"2021-06-01T07:41:39","date_gmt":"2021-06-01T07:41:39","guid":{"rendered":"https:\/\/blogsaverroes.juntadeandalucia.es\/rafaelnunezmat\/?page_id=277"},"modified":"2024-12-06T10:08:35","modified_gmt":"2024-12-06T10:08:35","slug":"numeros-complejos","status":"publish","type":"page","link":"https:\/\/blogsaverroes.juntadeandalucia.es\/rafaelnunezmat\/numeros-complejos","title":{"rendered":"N\u00fameros complejos"},"content":{"rendered":"<p><img loading=\"lazy\" decoding=\"async\" class=\"aligncenter \" src=\"https:\/\/encrypted-tbn0.gstatic.com\/images?q=tbn:ANd9GcRkIFpTkq9T2uu8rb1uJXG4jfhRM4Eg0xSyGA&amp;usqp=CAU\" width=\"240\" height=\"240\"><\/p>\n<p style=\"text-align: center\"><span style=\"font-size: 24pt;color: #008000\"><strong><a style=\"color: #008000\" href=\"https:\/\/blogsaverroes.juntadeandalucia.es\/rafaelnunezmat\/files\/2022\/02\/n\u00fameros-complejos.pdf\" target=\"_blank\" rel=\"noopener noreferrer\">Teor\u00eda y actividades resueltas<\/a><\/strong><\/span><\/p>\n<table style=\"height: 106px;width: 99.9349%;border-collapse: collapse;border-style: none;border-color: #030000\" cellpadding=\"0\">\n<tbody>\n<tr style=\"height: 24px\">\n<td style=\"width: 22.6371%;height: 71px;text-align: left;border-style: double;border-color: #050505\" colspan=\"2\">\n<p style=\"text-align: center\"><span style=\"text-decoration: underline\"><span style=\"color: #800080;text-decoration: underline\"><strong><span style=\"font-size: 14pt\">VIDEOS<\/span><\/strong><\/span><\/span><\/p>\n<p style=\"padding-left: 200px\"><span style=\"font-size: 14pt\"><strong><span style=\"color: #0000ff\"><a style=\"color: #0000ff\" href=\"https:\/\/www.youtube.com\/embed\/b18Nnd5sXGk\" target=\"_blank\" rel=\"noopener noreferrer\">N\u00fameros complejos (Todosobresaliente)<\/a><\/span><\/strong><\/span><\/p>\n<p style=\"padding-left: 200px\"><span style=\"font-size: 14pt\"><strong><span style=\"color: #0000ff\"><a style=\"color: #0000ff\" href=\"https:\/\/www.youtube.com\/embed\/gAX2BMhBxlU\" target=\"_blank\" rel=\"noopener noreferrer\">N\u00fameros complejos (Laracos Math)<\/a><\/span><\/strong><\/span><\/p>\n<p style=\"padding-left: 200px\"><span style=\"font-size: 14pt\"><strong><span style=\"color: #0000ff\"><a style=\"color: #0000ff\" href=\"https:\/\/www.youtube.com\/embed\/aQvmmWQlNZY\" target=\"_blank\" rel=\"noopener noreferrer\">Representaci\u00f3n gr\u00e1fica de complejos (Eusebio Molina Rodr\u00edguez)<\/a><\/span><\/strong><\/span><\/p>\n<p style=\"padding-left: 200px\"><span style=\"font-size: 14pt\"><strong><span style=\"color: #0000ff\"><a style=\"color: #0000ff\" href=\"https:\/\/www.youtube.com\/embed\/eS6uMKx0XP0?t=744s\" target=\"_blank\" rel=\"noopener noreferrer\">N\u00fameros complejos, documental (Grigori)<\/a><\/span><\/strong><\/span><\/p>\n<p style=\"padding-left: 200px\"><span style=\"font-size: 14pt\"><strong><span style=\"color: #0000ff\"><a style=\"color: #0000ff\" href=\"https:\/\/www.youtube.com\/embed\/aeDlSR3x3GI\" target=\"_blank\" rel=\"noopener noreferrer\">Producto y divisi\u00f3n de complejos en forma bin\u00f3mica (Unicoos)<\/a><\/span><\/strong><\/span><\/p>\n<p style=\"padding-left: 200px\"><span style=\"font-size: 14pt\"><strong><span style=\"color: #0000ff\"><a style=\"color: #0000ff\" href=\"https:\/\/www.youtube.com\/embed\/mTSba1H8_fc\" target=\"_blank\" rel=\"noopener noreferrer\">Potencias de la unidad imaginaria (Laracos Math)<\/a><\/span><\/strong><\/span><\/p>\n<p style=\"padding-left: 200px\"><span style=\"font-size: 14pt\"><strong><span style=\"color: #0000ff\"><a style=\"color: #0000ff\" href=\"https:\/\/www.youtube.com\/embed\/NAeyLeCdqPM\" target=\"_blank\" rel=\"noopener noreferrer\">Operaciones con complejos en forma bin\u00f3mica (profesor10demates)<\/a><\/span><\/strong><\/span><\/p>\n<p style=\"padding-left: 200px\"><span style=\"font-size: 14pt\"><strong><span style=\"color: #0000ff\"><a style=\"color: #0000ff\" href=\"https:\/\/www.youtube.com\/embed\/ygJ6Tvda_Uc\" target=\"_blank\" rel=\"noopener noreferrer\">Operaciones con complejos en forma bin\u00f3mica (Julioprofe)<\/a><\/span><\/strong><\/span><\/p>\n<p style=\"padding-left: 200px\"><span style=\"font-size: 14pt\"><strong><span style=\"color: #0000ff\"><a style=\"color: #0000ff\" href=\"https:\/\/www.youtube.com\/embed\/NoeQSe5fe2A\" target=\"_blank\" rel=\"noopener noreferrer\">Paso de complejos en forma bin\u00f3mica a polar (Unicoos)<\/a><\/span><\/strong><\/span><\/p>\n<p style=\"padding-left: 200px\"><span style=\"font-size: 14pt\"><strong><span style=\"color: #0000ff\"><a style=\"color: #0000ff\" href=\"https:\/\/www.youtube.com\/embed\/QNmzekX20tY\" target=\"_blank\" rel=\"noopener noreferrer\">Operaciones con complejos en forma polar (8cifras)<\/a><\/span><\/strong><\/span><\/p>\n<p style=\"padding-left: 200px\"><span style=\"font-size: 14pt\"><strong><span style=\"color: #0000ff\"><a style=\"color: #0000ff\" href=\"https:\/\/www.youtube.com\/embed\/SvmI2PPog_w\" target=\"_blank\" rel=\"noopener noreferrer\">Operaciones con complejos en forma polar (Unicoos)<\/a><\/span><\/strong><\/span><\/p>\n<p style=\"padding-left: 200px\"><span style=\"font-size: 14pt\"><strong><span style=\"color: #0000ff\"><a style=\"color: #0000ff\" href=\"https:\/\/www.youtube.com\/embed\/pC2A2_tftew\" target=\"_blank\" rel=\"noopener noreferrer\">Ra\u00edces con n\u00fameros complejos (Unicoos)<\/a><\/span><\/strong><\/span><\/p>\n<\/td>\n<\/tr>\n<\/tbody>\n<\/table>\n<p>&nbsp;<\/p>\n","protected":false},"excerpt":{"rendered":"<p>Teor\u00eda y actividades resueltas VIDEOS N\u00fameros complejos (Todosobresaliente) N\u00fameros complejos (Laracos Math) Representaci\u00f3n gr\u00e1fica de complejos (Eusebio Molina Rodr\u00edguez) N\u00fameros complejos, documental (Grigori) Producto y divisi\u00f3n de complejos en forma bin\u00f3mica (Unicoos) Potencias de la unidad imaginaria (Laracos Math) Operaciones con complejos en forma bin\u00f3mica (profesor10demates) Operaciones con complejos en forma bin\u00f3mica (Julioprofe) Paso de &hellip; <\/p>\n<p><a class=\"more-link btn\" href=\"https:\/\/blogsaverroes.juntadeandalucia.es\/rafaelnunezmat\/numeros-complejos\">Seguir leyendo<\/a><\/p>\n","protected":false},"author":10669,"featured_media":0,"parent":0,"menu_order":0,"comment_status":"closed","ping_status":"closed","template":"","meta":{"ngg_post_thumbnail":0,"footnotes":""},"aioseo_notices":[],"_links":{"self":[{"href":"https:\/\/blogsaverroes.juntadeandalucia.es\/rafaelnunezmat\/wp-json\/wp\/v2\/pages\/277"}],"collection":[{"href":"https:\/\/blogsaverroes.juntadeandalucia.es\/rafaelnunezmat\/wp-json\/wp\/v2\/pages"}],"about":[{"href":"https:\/\/blogsaverroes.juntadeandalucia.es\/rafaelnunezmat\/wp-json\/wp\/v2\/types\/page"}],"author":[{"embeddable":true,"href":"https:\/\/blogsaverroes.juntadeandalucia.es\/rafaelnunezmat\/wp-json\/wp\/v2\/users\/10669"}],"replies":[{"embeddable":true,"href":"https:\/\/blogsaverroes.juntadeandalucia.es\/rafaelnunezmat\/wp-json\/wp\/v2\/comments?post=277"}],"version-history":[{"count":10,"href":"https:\/\/blogsaverroes.juntadeandalucia.es\/rafaelnunezmat\/wp-json\/wp\/v2\/pages\/277\/revisions"}],"predecessor-version":[{"id":4995,"href":"https:\/\/blogsaverroes.juntadeandalucia.es\/rafaelnunezmat\/wp-json\/wp\/v2\/pages\/277\/revisions\/4995"}],"wp:attachment":[{"href":"https:\/\/blogsaverroes.juntadeandalucia.es\/rafaelnunezmat\/wp-json\/wp\/v2\/media?parent=277"}],"curies":[{"name":"wp","href":"https:\/\/api.w.org\/{rel}","templated":true}]}}