{"id":2953,"date":"2023-02-17T17:55:06","date_gmt":"2023-02-17T17:55:06","guid":{"rendered":"https:\/\/blogsaverroes.juntadeandalucia.es\/rafaelnunezmat\/?page_id=2953"},"modified":"2024-12-06T20:10:17","modified_gmt":"2024-12-06T20:10:17","slug":"variado-estadistica-y-probabilidad","status":"publish","type":"page","link":"https:\/\/blogsaverroes.juntadeandalucia.es\/rafaelnunezmat\/variado-estadistica-y-probabilidad","title":{"rendered":"VARIADO ESTAD\u00cdSTICA Y PROBABILIDAD"},"content":{"rendered":"<p>&nbsp;<\/p>\n<p><img loading=\"lazy\" decoding=\"async\" class=\"aligncenter size-medium\" src=\"https:\/\/encrypted-tbn0.gstatic.com\/images?q=tbn:ANd9GcSaN89NbeomH0hdMF6DcWHXG5pYE9Lc2cQIiw&amp;usqp=CAU\" width=\"241\" height=\"209\"><\/p>\n<p style=\"text-align: center\"><span style=\"text-decoration: underline;font-size: 22pt\"><strong><span style=\"color: #000000;text-decoration: underline\">PRUEBAS DE EVALUACI\u00d3N DE DIAGN\u00d3STICO RESUELTAS (Rafael N\u00fa\u00f1ez)<\/span><\/strong><\/span><\/p>\n<p style=\"padding-left: 200px\"><strong><span style=\"font-size: 14pt;color: #0000ff\"><a style=\"color: #0000ff\" href=\"https:\/\/blogsaverroes.juntadeandalucia.es\/rafaelnunezmat\/files\/2021\/12\/06-07-andaluc\u00eda-dados.pdf\" target=\"_blank\" rel=\"noopener noreferrer\">06-07-andaluc\u00eda-dados<\/a>&nbsp; &nbsp; &nbsp; <\/span><\/strong><\/p>\n<p style=\"padding-left: 200px\"><strong><span style=\"font-size: 14pt;color: #0000ff\"><a style=\"color: #0000ff\" href=\"https:\/\/blogsaverroes.juntadeandalucia.es\/rafaelnunezmat\/files\/2021\/12\/06-07-andaluc\u00eda-la-clase.pdf\" target=\"_blank\" rel=\"noopener noreferrer\">06-07-andaluc\u00eda-la clase<\/a>&nbsp; &nbsp; &nbsp; <\/span><\/strong><\/p>\n<p style=\"padding-left: 200px\"><strong><span style=\"font-size: 14pt;color: #0000ff\"><a style=\"color: #0000ff\" href=\"https:\/\/blogsaverroes.juntadeandalucia.es\/rafaelnunezmat\/files\/2021\/12\/06-07-andaluc\u00eda-tu-deporte-favorito.pdf\" target=\"_blank\" rel=\"noopener noreferrer\">06-07-andaluc\u00eda-tu deporte favorito<\/a>&nbsp; &nbsp; &nbsp; <\/span><\/strong><\/p>\n<p style=\"padding-left: 200px\"><strong><span style=\"font-size: 14pt;color: #0000ff\"><a style=\"color: #0000ff\" href=\"https:\/\/blogsaverroes.juntadeandalucia.es\/rafaelnunezmat\/files\/2021\/12\/07-08-andaluc\u00eda-bolsas.pdf\" target=\"_blank\" rel=\"noopener noreferrer\">07-08-andaluc\u00eda-bolsas<\/a>&nbsp; &nbsp; <\/span><\/strong><\/p>\n<p style=\"padding-left: 200px\"><strong><span style=\"font-size: 14pt;color: #0000ff\"><a style=\"color: #0000ff\" href=\"https:\/\/blogsaverroes.juntadeandalucia.es\/rafaelnunezmat\/files\/2021\/12\/07-08-andaluc\u00eda-el-trofeo.pdf\" target=\"_blank\" rel=\"noopener noreferrer\">07-08-andaluc\u00eda-el trofeo<\/a> &nbsp;<\/span><\/strong><\/p>\n<p style=\"padding-left: 200px\"><strong><span style=\"font-size: 14pt;color: #0000ff\"><a style=\"color: #0000ff\" href=\"https:\/\/blogsaverroes.juntadeandalucia.es\/rafaelnunezmat\/files\/2021\/12\/09-10-andaluc\u00eda-carrera-de-dados.pdf\" target=\"_blank\" rel=\"noopener noreferrer\">09-10-andaluc\u00eda-carrera de dados<\/a>&nbsp; &nbsp; <\/span><\/strong><\/p>\n<p style=\"padding-left: 200px\"><strong><span style=\"font-size: 14pt;color: #0000ff\"><a style=\"color: #0000ff\" href=\"https:\/\/blogsaverroes.juntadeandalucia.es\/rafaelnunezmat\/files\/2021\/12\/09-10-andaluc\u00eda-concurso-de-aulas.pdf\" target=\"_blank\" rel=\"noopener noreferrer\">09-10-andaluc\u00eda-concurso de aulas<\/a>&nbsp; &nbsp; <\/span><\/strong><\/p>\n<p style=\"padding-left: 200px\"><strong><span style=\"font-size: 14pt;color: #0000ff\"><a style=\"color: #0000ff\" href=\"https:\/\/blogsaverroes.juntadeandalucia.es\/rafaelnunezmat\/files\/2021\/12\/09-10-andaluc\u00eda-preferencias.pdf\" target=\"_blank\" rel=\"noopener noreferrer\">09-10-andaluc\u00eda-preferencias<\/a>&nbsp; &nbsp; <\/span><\/strong><\/p>\n<p style=\"padding-left: 200px\"><strong><span style=\"font-size: 14pt;color: #0000ff\"><a style=\"color: #0000ff\" href=\"https:\/\/blogsaverroes.juntadeandalucia.es\/rafaelnunezmat\/files\/2021\/12\/09-10-andaluc\u00eda-tareas-escolares.pdf\" target=\"_blank\" rel=\"noopener noreferrer\">09-10-andaluc\u00eda-tareas escolares<\/a> &nbsp; &nbsp;<\/span><\/strong><\/p>\n<p style=\"padding-left: 200px\"><strong><span style=\"color: #0000ff\"><span style=\"font-size: 14pt\"><a style=\"color: #0000ff\" href=\"https:\/\/blogsaverroes.juntadeandalucia.es\/rafaelnunezmat\/files\/2022\/01\/2010-junio-en-Pe\u00f1achica.pdf\" target=\"_blank\" rel=\"noopener noreferrer\">2010-andaluc\u00eda-junio en Pe\u00f1achica<\/a>&nbsp; &nbsp;&nbsp;<\/span><\/span><\/strong><\/p>\n<p style=\"padding-left: 200px\"><strong><span style=\"color: #0000ff\"><span style=\"font-size: 14pt\"><a style=\"color: #0000ff\" href=\"https:\/\/blogsaverroes.juntadeandalucia.es\/rafaelnunezmat\/files\/2021\/12\/10-11-andaluc\u00eda-estad\u00edsticas-de-clase.pdf\" target=\"_blank\" rel=\"noopener noreferrer\">10-11-andaluc\u00eda-estad\u00edsticas de clase<\/a>&nbsp; &nbsp; <\/span><\/span><\/strong><\/p>\n<p style=\"padding-left: 200px\"><strong><span style=\"color: #0000ff\"><span style=\"font-size: 14pt\"><a style=\"color: #0000ff\" href=\"https:\/\/blogsaverroes.juntadeandalucia.es\/rafaelnunezmat\/files\/2021\/12\/10-11-andaluc\u00eda-jugando-a-las-cartas.pdf\" target=\"_blank\" rel=\"noopener noreferrer\">10-11-andaluc\u00eda-jugando a las cartas<\/a>&nbsp; &nbsp; &nbsp; <\/span><\/span><\/strong><\/p>\n<p style=\"padding-left: 200px\"><strong><span style=\"color: #0000ff\"><span style=\"font-size: 14pt\"><a style=\"color: #0000ff\" href=\"https:\/\/blogsaverroes.juntadeandalucia.es\/rafaelnunezmat\/files\/2021\/12\/10-11-andaluc\u00eda-lecturas.pdf\" target=\"_blank\" rel=\"noopener noreferrer\">10-11-andaluc\u00eda-lecturas<\/a>&nbsp; &nbsp; &nbsp; <\/span><\/span><\/strong><\/p>\n<p style=\"padding-left: 200px\"><strong><span style=\"color: #0000ff\"><span style=\"font-size: 14pt\"><a style=\"color: #0000ff\" href=\"https:\/\/blogsaverroes.juntadeandalucia.es\/rafaelnunezmat\/files\/2021\/12\/11-12-andaluc\u00eda-examen-de-matem\u00e1ticas.pdf\" target=\"_blank\" rel=\"noopener noreferrer\">11-12-andaluc\u00eda-examen de matem\u00e1ticas<\/a>&nbsp; <\/span><\/span><\/strong><\/p>\n<p style=\"padding-left: 200px\"><strong><span style=\"color: #0000ff\"><span style=\"font-size: 14pt\"> <span style=\"font-size: 14pt;color: #0000ff\"><a style=\"color: #0000ff\" href=\"https:\/\/blogsaverroes.juntadeandalucia.es\/rafaelnunezmat\/files\/2021\/12\/12-13-andaluc\u00eda-elecciones.pdf\" target=\"_blank\" rel=\"noopener noreferrer\">12-13-andaluc\u00eda-elecciones<\/a>&nbsp;<\/span><\/span><\/span><\/strong><\/p>\n<p style=\"padding-left: 200px\">&nbsp;<\/p>\n<p style=\"padding-left: 200px\"><strong><span style=\"font-size: 14pt;color: #0000ff\"><a style=\"color: #0000ff\" href=\"https:\/\/blogsaverroes.juntadeandalucia.es\/rafaelnunezmat\/files\/2021\/12\/11-12-navarra-m\u00e1s-o-menos-probable.pdf\" target=\"_blank\" rel=\"noopener noreferrer\">11-12-navarra-m\u00e1s o menos probable<\/a>&nbsp; &nbsp; &nbsp; &nbsp; &nbsp;<\/span><\/strong><\/p>\n<p style=\"padding-left: 200px\"><strong><span style=\"font-size: 14pt;color: #0000ff\"><a style=\"color: #0000ff\" href=\"https:\/\/blogsaverroes.juntadeandalucia.es\/rafaelnunezmat\/files\/2021\/12\/12-13-navarra-climograma.pdf\" target=\"_blank\" rel=\"noopener noreferrer\">12-13-navarra-climograma<\/a> &nbsp; &nbsp; &nbsp; &nbsp;<\/span><\/strong><\/p>\n<p style=\"padding-left: 200px\"><strong><span style=\"font-size: 14pt;color: #0000ff\"> &nbsp; &nbsp; &nbsp; &nbsp; &nbsp; &nbsp; &nbsp; &nbsp; &nbsp; &nbsp; &nbsp; &nbsp; &nbsp; &nbsp; &nbsp; &nbsp; &nbsp; &nbsp; &nbsp; &nbsp; &nbsp; &nbsp; &nbsp; &nbsp; &nbsp; &nbsp; &nbsp; &nbsp; &nbsp; &nbsp; &nbsp; &nbsp; &nbsp; &nbsp; &nbsp; &nbsp; &nbsp; &nbsp; &nbsp;&nbsp;<\/span><\/strong><\/p>\n<p style=\"padding-left: 200px\"><strong><span style=\"font-size: 14pt;color: #0000ff\"><a style=\"color: #0000ff\" href=\"https:\/\/blogsaverroes.juntadeandalucia.es\/rafaelnunezmat\/files\/2022\/01\/pisa-basura.pdf\" target=\"_blank\" rel=\"noopener noreferrer\">pisa-basura<\/a>&nbsp; <\/span><\/strong><\/p>\n<p style=\"padding-left: 200px\"><strong><span style=\"font-size: 14pt;color: #0000ff\"><a style=\"color: #0000ff\" href=\"https:\/\/blogsaverroes.juntadeandalucia.es\/rafaelnunezmat\/files\/2022\/01\/pisa-campeonato-de-ping-pong.pdf\" target=\"_blank\" rel=\"noopener noreferrer\">pisa-campeonato de ping pong<\/a>&nbsp; &nbsp; <\/span><\/strong><\/p>\n<p style=\"padding-left: 200px\"><strong><span style=\"font-size: 14pt;color: #0000ff\"><a style=\"color: #0000ff\" href=\"https:\/\/blogsaverroes.juntadeandalucia.es\/rafaelnunezmat\/files\/2022\/01\/pisa-caramelos-de-colores.pdf\" target=\"_blank\" rel=\"noopener noreferrer\">pisa-caramelos de colores<\/a>&nbsp; &nbsp; &nbsp; <\/span><\/strong><\/p>\n<p style=\"padding-left: 200px\"><strong><span style=\"font-size: 14pt;color: #0000ff\"><a style=\"color: #0000ff\" href=\"https:\/\/blogsaverroes.juntadeandalucia.es\/rafaelnunezmat\/files\/2022\/01\/pisa-estatura.pdf\" target=\"_blank\" rel=\"noopener noreferrer\">pisa-estatura<\/a>&nbsp; &nbsp; <\/span><\/strong><\/p>\n<p style=\"padding-left: 200px\"><strong><span style=\"font-size: 14pt;color: #0000ff\"><a style=\"color: #0000ff\" href=\"https:\/\/blogsaverroes.juntadeandalucia.es\/rafaelnunezmat\/files\/2022\/01\/pisa-exportaciones.pdf\" target=\"_blank\" rel=\"noopener noreferrer\">pisa-exportaciones<\/a>&nbsp; &nbsp; &nbsp; <\/span><\/strong><\/p>\n<p style=\"padding-left: 200px\"><strong><span style=\"font-size: 14pt;color: #0000ff\"><a style=\"color: #0000ff\" href=\"https:\/\/blogsaverroes.juntadeandalucia.es\/rafaelnunezmat\/files\/2022\/01\/pisa-feria.pdf\" target=\"_blank\" rel=\"noopener noreferrer\">pisa-feria<\/a>&nbsp; &nbsp; &nbsp; &nbsp; <\/span><\/strong><\/p>\n<p style=\"padding-left: 200px\"><strong><span style=\"font-size: 14pt;color: #0000ff\"><a style=\"color: #0000ff\" href=\"https:\/\/blogsaverroes.juntadeandalucia.es\/rafaelnunezmat\/files\/2022\/01\/pisa-lista-de-\u00e9xitos.pdf\" target=\"_blank\" rel=\"noopener noreferrer\">pisa-lista de \u00e9xitos<\/a><\/span><\/strong><\/p>\n<p style=\"padding-left: 200px\"><strong><span style=\"font-size: 14pt;color: #0000ff\"><a style=\"color: #0000ff\" href=\"https:\/\/blogsaverroes.juntadeandalucia.es\/rafaelnunezmat\/files\/2022\/01\/pisa-los-niveles-de-co2.pdf\" target=\"_blank\" rel=\"noopener noreferrer\">pisa-los niveles de CO2<\/a>&nbsp; &nbsp; &nbsp; <\/span><\/strong><\/p>\n<p style=\"padding-left: 200px\"><strong><span style=\"font-size: 14pt;color: #0000ff\"><a style=\"color: #0000ff\" href=\"https:\/\/blogsaverroes.juntadeandalucia.es\/rafaelnunezmat\/files\/2022\/01\/pisa-puntuaciones-en-un-examen.pdf\" target=\"_blank\" rel=\"noopener noreferrer\">pisa-puntuaciones en un examen<\/a>&nbsp; &nbsp; <\/span><\/strong><\/p>\n<p style=\"padding-left: 200px\"><strong><span style=\"font-size: 14pt;color: #0000ff\"><a style=\"color: #0000ff\" href=\"https:\/\/blogsaverroes.juntadeandalucia.es\/rafaelnunezmat\/files\/2022\/01\/pisa-respaldo-al-presidente.pdf\" target=\"_blank\" rel=\"noopener noreferrer\">pisa-respaldo al presidente<\/a>&nbsp; &nbsp; &nbsp; <\/span><\/strong><\/p>\n<p style=\"padding-left: 200px\"><strong><span style=\"font-size: 14pt;color: #0000ff\"><a style=\"color: #0000ff\" href=\"https:\/\/blogsaverroes.juntadeandalucia.es\/rafaelnunezmat\/files\/2022\/01\/pisa-robos.pdf\" target=\"_blank\" rel=\"noopener noreferrer\">pisa-robos<\/a>&nbsp; &nbsp; &nbsp; <\/span><\/strong><\/p>\n<p style=\"padding-left: 200px\"><strong><span style=\"font-size: 14pt;color: #0000ff\"><a style=\"color: #0000ff\" href=\"https:\/\/blogsaverroes.juntadeandalucia.es\/rafaelnunezmat\/files\/2022\/01\/pisa-selecci\u00f3n.pdf\" target=\"_blank\" rel=\"noopener noreferrer\">pisa-selecci\u00f3n<\/a>&nbsp; &nbsp; &nbsp; <\/span><\/strong><\/p>\n<p style=\"padding-left: 200px\"><strong><span style=\"font-size: 14pt;color: #0000ff\"><a style=\"color: #0000ff\" href=\"https:\/\/blogsaverroes.juntadeandalucia.es\/rafaelnunezmat\/files\/2022\/01\/pisa-terremoto.pdf\" target=\"_blank\" rel=\"noopener noreferrer\">pisa-terremoto<\/a><\/span><\/strong><\/p>\n","protected":false},"excerpt":{"rendered":"<p>&nbsp; PRUEBAS DE EVALUACI\u00d3N DE DIAGN\u00d3STICO RESUELTAS (Rafael N\u00fa\u00f1ez) 06-07-andaluc\u00eda-dados&nbsp; &nbsp; &nbsp; 06-07-andaluc\u00eda-la clase&nbsp; &nbsp; &nbsp; 06-07-andaluc\u00eda-tu deporte favorito&nbsp; &nbsp; &nbsp; 07-08-andaluc\u00eda-bolsas&nbsp; &nbsp; 07-08-andaluc\u00eda-el trofeo &nbsp; 09-10-andaluc\u00eda-carrera de dados&nbsp; &nbsp; 09-10-andaluc\u00eda-concurso de aulas&nbsp; &nbsp; 09-10-andaluc\u00eda-preferencias&nbsp; &nbsp; 09-10-andaluc\u00eda-tareas escolares &nbsp; &nbsp; 2010-andaluc\u00eda-junio en Pe\u00f1achica&nbsp; &nbsp;&nbsp; 10-11-andaluc\u00eda-estad\u00edsticas de clase&nbsp; &nbsp; 10-11-andaluc\u00eda-jugando a las cartas&nbsp; &nbsp; &nbsp; 10-11-andaluc\u00eda-lecturas&nbsp; &hellip; <\/p>\n<p><a class=\"more-link btn\" href=\"https:\/\/blogsaverroes.juntadeandalucia.es\/rafaelnunezmat\/variado-estadistica-y-probabilidad\">Seguir leyendo<\/a><\/p>\n","protected":false},"author":10669,"featured_media":0,"parent":0,"menu_order":0,"comment_status":"closed","ping_status":"closed","template":"","meta":{"ngg_post_thumbnail":0,"footnotes":""},"aioseo_notices":[],"_links":{"self":[{"href":"https:\/\/blogsaverroes.juntadeandalucia.es\/rafaelnunezmat\/wp-json\/wp\/v2\/pages\/2953"}],"collection":[{"href":"https:\/\/blogsaverroes.juntadeandalucia.es\/rafaelnunezmat\/wp-json\/wp\/v2\/pages"}],"about":[{"href":"https:\/\/blogsaverroes.juntadeandalucia.es\/rafaelnunezmat\/wp-json\/wp\/v2\/types\/page"}],"author":[{"embeddable":true,"href":"https:\/\/blogsaverroes.juntadeandalucia.es\/rafaelnunezmat\/wp-json\/wp\/v2\/users\/10669"}],"replies":[{"embeddable":true,"href":"https:\/\/blogsaverroes.juntadeandalucia.es\/rafaelnunezmat\/wp-json\/wp\/v2\/comments?post=2953"}],"version-history":[{"count":5,"href":"https:\/\/blogsaverroes.juntadeandalucia.es\/rafaelnunezmat\/wp-json\/wp\/v2\/pages\/2953\/revisions"}],"predecessor-version":[{"id":5035,"href":"https:\/\/blogsaverroes.juntadeandalucia.es\/rafaelnunezmat\/wp-json\/wp\/v2\/pages\/2953\/revisions\/5035"}],"wp:attachment":[{"href":"https:\/\/blogsaverroes.juntadeandalucia.es\/rafaelnunezmat\/wp-json\/wp\/v2\/media?parent=2953"}],"curies":[{"name":"wp","href":"https:\/\/api.w.org\/{rel}","templated":true}]}}