{"id":299,"date":"2021-06-01T07:45:47","date_gmt":"2021-06-01T07:45:47","guid":{"rendered":"https:\/\/blogsaverroes.juntadeandalucia.es\/rafaelnunezmat\/?page_id=299"},"modified":"2024-12-06T19:16:21","modified_gmt":"2024-12-06T19:16:21","slug":"variado-geometria","status":"publish","type":"page","link":"https:\/\/blogsaverroes.juntadeandalucia.es\/rafaelnunezmat\/variado-geometria","title":{"rendered":"VARIADO GEOMETR\u00cdA"},"content":{"rendered":"<p><img loading=\"lazy\" decoding=\"async\" class=\"aligncenter \" src=\"https:\/\/image.slidesharecdn.com\/geometrapresentacin-170913140341\/95\/geometra-presentacin-1-638.jpg?cb=1505311607\" width=\"352\" height=\"264\"><\/p>\n<p style=\"text-align: center\"><span style=\"text-decoration: underline;font-size: 22pt\"><strong><span style=\"color: #000000;text-decoration: underline\">V\u00cdDEOS<\/span><\/strong><\/span><\/p>\n<p style=\"padding-left: 120px\"><strong><span style=\"color: #0000ff\"><span style=\"font-size: 14pt\"><a style=\"color: #0000ff\" href=\"https:\/\/www.youtube.com\/embed\/1dakTRMR1GA\" target=\"_blank\" rel=\"noopener noreferrer\">Trazados geom\u00e9tricos fundamentales (aiS\u00e1nchez222)<\/a>&nbsp; &nbsp; &nbsp;<\/span><\/span><\/strong><\/p>\n<p style=\"padding-left: 120px\"><strong><span style=\"color: #0000ff\"><span style=\"font-size: 14pt\"><a style=\"color: #0000ff\" href=\"https:\/\/www.youtube.com\/embed\/BQl1MPO89ho?t=62s\" target=\"_blank\" rel=\"noopener noreferrer\">Problema Dividir figura en 6 regiones (Rubi\u00f1os)<\/a><\/span><\/span><\/strong><\/p>\n<p style=\"padding-left: 120px\"><strong><span style=\"color: #0000ff\"><span style=\"font-size: 14pt\"><a style=\"color: #0000ff\" href=\"https:\/\/www.youtube.com\/embed\/ZMXfAji4VEY\" target=\"_blank\" rel=\"noopener noreferrer\">Problemas, cubos con caras pintadas (Examen admisi\u00f3n Universidad de Antioqu\u00eda)<\/a>&nbsp; &nbsp; &nbsp;<\/span><\/span><\/strong><\/p>\n<p style=\"padding-left: 120px\"><strong><span style=\"color: #0000ff\"><span style=\"font-size: 14pt\"><a style=\"color: #0000ff\" href=\"https:\/\/www.youtube.com\/embed\/h3HLf8jAfpY\" target=\"_blank\" rel=\"noopener noreferrer\">\u00bf\u03c0 = 4? (Don curiosidades)<\/a><\/span><\/span><\/strong><\/p>\n<p style=\"padding-left: 120px\"><strong><span style=\"font-size: 14pt;color: #0000ff\"><a style=\"color: #0000ff\" href=\"https:\/\/www.youtube.com\/embed\/OAc9Lw35SWg\" target=\"_blank\" rel=\"noopener noreferrer\">Conversi\u00f3n de cuadrado de \u00e1rea 64 en rect\u00e1ngulo de \u00e1rea 65 (Rosario Castells Rodr\u00edguez)<\/a><\/span><\/strong><\/p>\n<p style=\"text-align: center\"><span style=\"font-size: 22pt\"><strong><span style=\"text-decoration: underline\"><span style=\"color: #000000;text-decoration: underline\">OTROS RECURSOS<\/span><\/span><\/strong><\/span><\/p>\n<p style=\"padding-left: 120px\"><strong><span style=\"color: #0000ff\"><span style=\"font-size: 14pt\"><a style=\"color: #0000ff\" href=\"http:\/\/concurso.cnice.mec.es\/cnice2006\/material098\/geometria\/index.htm\" target=\"_blank\" rel=\"noopener noreferrer\">Curso de geometr\u00eda ESO (web de pntic)<\/a>&nbsp; &nbsp; &nbsp;<\/span><\/span><\/strong><\/p>\n<p style=\"padding-left: 120px\"><strong><span style=\"color: #0000ff\"><span style=\"font-size: 14pt\"><a style=\"color: #0000ff\" href=\"http:\/\/jmora7.com\/\" target=\"_blank\" rel=\"noopener noreferrer\">Geometr\u00eda Din\u00e1mica en Matem\u00e1ticas (web de Jos\u00e9 Antonio Mora)<\/a><\/span><\/span><\/strong><\/p>\n<p style=\"padding-left: 120px\"><strong><span style=\"color: #0000ff\"><span style=\"font-size: 14pt\"><a style=\"color: #0000ff\" href=\"http:\/\/mimosa.pntic.mec.es\/clobo\/index.htm\" target=\"_blank\" rel=\"noopener noreferrer\">Geometr\u00eda activa (web de pntic. Jos\u00e9 Manuel Arranz San Jos\u00e9)<\/a> &nbsp;&nbsp; &nbsp;<\/span><\/span><\/strong><\/p>\n<p style=\"padding-left: 120px\"><strong><span style=\"color: #0000ff\"><span style=\"font-size: 14pt\"><a style=\"color: #0000ff\" href=\"https:\/\/www.thatquiz.org\/es\/preview?c=yngwhhpq&amp;s=nd08oc\" target=\"_blank\" rel=\"noopener noreferrer\">Geometr\u00eda del plano (test de thatquiz<\/a>)<\/span><\/span><\/strong><\/p>\n<p>&nbsp;<\/p>\n<p style=\"text-align: center\"><span style=\"text-decoration: underline;font-size: 22pt\"><strong><span style=\"color: #000000;text-decoration: underline\">PRUEBAS DE EVALUACI\u00d3N DE DIAGN\u00d3STICO RESUELTAS (Rafael N\u00fa\u00f1ez)<\/span><\/strong><\/span><\/p>\n<p style=\"padding-left: 200px\"><strong><span style=\"font-size: 14pt;color: #0000ff\"><a style=\"color: #0000ff\" href=\"https:\/\/blogsaverroes.juntadeandalucia.es\/rafaelnunezmat\/files\/2021\/12\/06-07-andaluc\u00eda-globos.pdf\" target=\"_blank\" rel=\"noopener noreferrer\">06-07-andaluc\u00eda-globos<\/a>&nbsp; &nbsp; &nbsp; <\/span><\/strong><\/p>\n<p style=\"padding-left: 200px\"><strong><span style=\"font-size: 14pt;color: #0000ff\"><a style=\"color: #0000ff\" href=\"https:\/\/blogsaverroes.juntadeandalucia.es\/rafaelnunezmat\/files\/2021\/12\/06-07-andaluc\u00eda-terreno-familiar.pdf\" target=\"_blank\" rel=\"noopener noreferrer\">06-07-andaluc\u00eda-terreno familiar<\/a>&nbsp; &nbsp;<\/span><\/strong><\/p>\n<p style=\"padding-left: 200px\"><strong><span style=\"font-size: 14pt;color: #0000ff\"><a style=\"color: #0000ff\" href=\"https:\/\/blogsaverroes.juntadeandalucia.es\/rafaelnunezmat\/files\/2021\/12\/07-08-andaluc\u00eda-el-t\u00fanel.pdf\" target=\"_blank\" rel=\"noopener noreferrer\">07-08-andaluc\u00eda-el t\u00fanel<\/a>&nbsp; &nbsp; &nbsp; <\/span><\/strong><\/p>\n<p style=\"padding-left: 200px\"><strong><span style=\"font-size: 14pt;color: #0000ff\"><a style=\"color: #0000ff\" href=\"https:\/\/blogsaverroes.juntadeandalucia.es\/rafaelnunezmat\/files\/2021\/12\/07-08-andaluc\u00eda-la-cuerda.pdf\" target=\"_blank\" rel=\"noopener noreferrer\">07-08-andaluc\u00eda-la cuerda<\/a>&nbsp; &nbsp; &nbsp; <\/span><\/strong><\/p>\n<p style=\"padding-left: 200px\"><strong><span style=\"font-size: 14pt;color: #0000ff\"><a style=\"color: #0000ff\" href=\"https:\/\/blogsaverroes.juntadeandalucia.es\/rafaelnunezmat\/files\/2021\/12\/07-08-andaluc\u00eda-patio-rectangular.pdf\" target=\"_blank\" rel=\"noopener noreferrer\">07-08-andaluc\u00eda-patio rectangular<\/a>&nbsp; &nbsp; &nbsp; &nbsp; &nbsp; &nbsp;<\/span><\/strong><\/p>\n<p style=\"padding-left: 200px\"><strong><span style=\"font-size: 14pt;color: #0000ff\"><a style=\"color: #0000ff\" href=\"https:\/\/blogsaverroes.juntadeandalucia.es\/rafaelnunezmat\/files\/2021\/12\/08-09-andaluc\u00eda-la-tarta.pdf\" target=\"_blank\" rel=\"noopener noreferrer\">08-09-andaluc\u00eda-la tarta<\/a>&nbsp; &nbsp; &nbsp; <\/span><\/strong><\/p>\n<p style=\"padding-left: 200px\"><strong><span style=\"font-size: 14pt;color: #0000ff\"><a style=\"color: #0000ff\" href=\"https:\/\/blogsaverroes.juntadeandalucia.es\/rafaelnunezmat\/files\/2021\/12\/08-09-andaluc\u00eda-un-cubo.pdf\" target=\"_blank\" rel=\"noopener noreferrer\">08-09-andaluc\u00eda-un cubo<\/a><\/span><\/strong><\/p>\n<p style=\"padding-left: 200px\"><strong><span style=\"font-size: 14pt;color: #0000ff\"><a style=\"color: #0000ff\" href=\"https:\/\/blogsaverroes.juntadeandalucia.es\/rafaelnunezmat\/files\/2021\/12\/09-10-andaluc\u00eda-mapas.pdf\" target=\"_blank\" rel=\"noopener noreferrer\">09-10-andaluc\u00eda-mapas<\/a>&nbsp; &nbsp; &nbsp; <\/span><\/strong><\/p>\n<p style=\"padding-left: 200px\"><strong><span style=\"font-size: 14pt;color: #0000ff\"><a style=\"color: #0000ff\" href=\"https:\/\/blogsaverroes.juntadeandalucia.es\/rafaelnunezmat\/files\/2021\/12\/09-10-andaluc\u00eda-tres-tri\u00e1ngulos.pdf\" target=\"_blank\" rel=\"noopener noreferrer\">09-10-andaluc\u00eda-tres tri\u00e1ngulos<\/a>&nbsp;<\/span><\/strong><\/p>\n<p style=\"padding-left: 200px\"><strong><span style=\"font-size: 14pt;color: #0000ff\"><a style=\"color: #0000ff\" href=\"https:\/\/blogsaverroes.juntadeandalucia.es\/rafaelnunezmat\/files\/2021\/12\/10-11-andaluc\u00eda-\u00e1rea-y-per\u00edmetro-de-un-rect\u00e1ngulo.pdf\" target=\"_blank\" rel=\"noopener noreferrer\">10-11-andaluc\u00eda-\u00e1rea y per\u00edmetro de un rect\u00e1ngulo<\/a>&nbsp; &nbsp; &nbsp; <\/span><\/strong><\/p>\n<p style=\"padding-left: 200px\"><strong><span style=\"font-size: 14pt;color: #0000ff\"><a style=\"color: #0000ff\" href=\"https:\/\/blogsaverroes.juntadeandalucia.es\/rafaelnunezmat\/files\/2021\/12\/10-11-andaluc\u00eda-de-reformas-en-mi-habitaci\u00f3n.pdf\" target=\"_blank\" rel=\"noopener noreferrer\">10-11-andaluc\u00eda-de reformas en mi habitaci\u00f3n<\/a>&nbsp; &nbsp; &nbsp; <\/span><\/strong><\/p>\n<p style=\"padding-left: 200px\"><strong><span style=\"font-size: 14pt;color: #0000ff\"><a style=\"color: #0000ff\" href=\"https:\/\/blogsaverroes.juntadeandalucia.es\/rafaelnunezmat\/files\/2022\/01\/11-12-andaluc\u00eda-viaje-a-Villamar.pdf\" target=\"_blank\" rel=\"noopener noreferrer\">11-12-andaluc\u00eda-viaje a Villamar<\/a><\/span><\/strong><\/p>\n<p style=\"padding-left: 200px\"><strong><span style=\"font-size: 14pt;color: #0000ff\"><a style=\"color: #0000ff\" href=\"https:\/\/blogsaverroes.juntadeandalucia.es\/rafaelnunezmat\/files\/2021\/12\/12-13-andaluc\u00eda-reformas-en-el-piso.pdf\" target=\"_blank\" rel=\"noopener noreferrer\">12-13-andaluc\u00eda-reformas en el piso<\/a>&nbsp; &nbsp; &nbsp; <\/span><\/strong><\/p>\n<p style=\"padding-left: 200px\"><strong><span style=\"font-size: 14pt;color: #0000ff\"><a style=\"color: #0000ff\" href=\"https:\/\/blogsaverroes.juntadeandalucia.es\/rafaelnunezmat\/files\/2021\/12\/12-13-andaluc\u00eda-tetraminos.pdf\" target=\"_blank\" rel=\"noopener noreferrer\">12-13-andaluc\u00eda-tetraminos<\/a><\/span><\/strong><\/p>\n<p style=\"padding-left: 200px\">&nbsp;<\/p>\n<p style=\"padding-left: 200px\"><strong><span style=\"font-size: 14pt;color: #0000ff\"><a style=\"color: #0000ff\" href=\"https:\/\/blogsaverroes.juntadeandalucia.es\/rafaelnunezmat\/files\/2021\/12\/08-09-navarra-cuadril\u00e1teros.pdf\" target=\"_blank\" rel=\"noopener noreferrer\">08-09-navarra-cuadril\u00e1teros<\/a>&nbsp; &nbsp; &nbsp; <\/span><\/strong><\/p>\n<p style=\"padding-left: 200px\"><strong><span style=\"font-size: 14pt;color: #0000ff\"><a style=\"color: #0000ff\" href=\"https:\/\/blogsaverroes.juntadeandalucia.es\/rafaelnunezmat\/files\/2021\/12\/09-10-navarra-un-cartel.pdf\" target=\"_blank\" rel=\"noopener noreferrer\">09-10-navarra-un cartel<\/a><\/span><\/strong><\/p>\n<p style=\"padding-left: 200px\"><strong><span style=\"font-size: 14pt;color: #0000ff\"><a style=\"color: #0000ff\" href=\"https:\/\/blogsaverroes.juntadeandalucia.es\/rafaelnunezmat\/files\/2021\/12\/11-12-navarra-giros-y-simetr\u00edas.pdf\" target=\"_blank\" rel=\"noopener noreferrer\">11-12-navarra-giros y simetr\u00edas<\/a>&nbsp; &nbsp; <\/span><\/strong><\/p>\n<p style=\"padding-left: 200px\"><strong><span style=\"font-size: 14pt;color: #0000ff\"><a style=\"color: #0000ff\" href=\"https:\/\/blogsaverroes.juntadeandalucia.es\/rafaelnunezmat\/files\/2022\/01\/11-12-navarra-mesa-de-jard\u00edn.pdf\" target=\"_blank\" rel=\"noopener noreferrer\">11-12-navarra-mesa de jard\u00edn<\/a> &nbsp; &nbsp;&nbsp; &nbsp;<\/span><\/strong><\/p>\n<p style=\"padding-left: 200px\"><strong><span style=\"font-size: 14pt;color: #0000ff\"><a style=\"color: #0000ff\" href=\"https:\/\/blogsaverroes.juntadeandalucia.es\/rafaelnunezmat\/files\/2021\/12\/12-13-navarra-cajas-para-l\u00e1pices.pdf\" target=\"_blank\" rel=\"noopener noreferrer\">12-13-navarra-cajas para l\u00e1pices<\/a>&nbsp; &nbsp;<\/span><\/strong><\/p>\n<p style=\"padding-left: 200px\"><strong><span style=\"font-size: 14pt;color: #0000ff\"><a style=\"color: #0000ff\" href=\"https:\/\/blogsaverroes.juntadeandalucia.es\/rafaelnunezmat\/files\/2021\/12\/12-13-navarra-embaldosado.pdf\" target=\"_blank\" rel=\"noopener noreferrer\">12-13-navarra-embaldosado<\/a><\/span><\/strong><\/p>\n<p style=\"padding-left: 200px\"><strong><span style=\"font-size: 14pt;color: #0000ff\">&nbsp; &nbsp; &nbsp; &nbsp; &nbsp;&nbsp;<\/span><\/strong><\/p>\n<p style=\"padding-left: 200px\"><strong><span style=\"font-size: 14pt;color: #0000ff\"><a style=\"color: #0000ff\" href=\"https:\/\/blogsaverroes.juntadeandalucia.es\/rafaelnunezmat\/files\/2021\/12\/09-10-extremadura-plano-del-piso.pdf\" target=\"_blank\" rel=\"noopener noreferrer\">09-10-extremadura-plano del piso<\/a>&nbsp; &nbsp; <\/span><\/strong><\/p>\n<p style=\"padding-left: 200px\"><strong><span style=\"font-size: 14pt;color: #0000ff\">&nbsp; &nbsp; &nbsp; &nbsp; &nbsp; &nbsp; &nbsp; &nbsp; &nbsp; &nbsp; &nbsp; &nbsp; &nbsp; &nbsp; &nbsp; &nbsp; &nbsp; &nbsp; &nbsp; &nbsp; &nbsp; &nbsp; &nbsp; &nbsp; &nbsp; &nbsp; &nbsp; &nbsp; &nbsp; &nbsp; &nbsp; &nbsp; &nbsp; &nbsp; &nbsp; &nbsp; &nbsp; &nbsp; &nbsp; &nbsp; &nbsp; &nbsp; &nbsp; &nbsp; &nbsp; &nbsp; &nbsp; &nbsp; &nbsp; &nbsp; &nbsp; &nbsp; &nbsp; &nbsp; &nbsp; &nbsp; &nbsp; &nbsp; &nbsp; &nbsp; &nbsp; &nbsp; &nbsp; &nbsp; &nbsp; &nbsp; &nbsp; &nbsp; &nbsp; &nbsp; &nbsp; &nbsp; &nbsp; &nbsp;<\/span><\/strong><\/p>\n<p style=\"padding-left: 200px\"><strong><span style=\"font-size: 14pt;color: #0000ff\"><a style=\"color: #0000ff\" href=\"https:\/\/blogsaverroes.juntadeandalucia.es\/rafaelnunezmat\/files\/2022\/01\/murcia-la-compra-de-un-piso.pdf\" target=\"_blank\" rel=\"noopener noreferrer\">murcia-la compra de un piso<\/a> &nbsp; &nbsp;<\/span><\/strong><\/p>\n<p style=\"padding-left: 200px\"><strong><span style=\"font-size: 14pt;color: #0000ff\"> &nbsp; &nbsp; &nbsp; &nbsp; &nbsp; &nbsp; &nbsp; &nbsp; &nbsp; &nbsp; &nbsp; &nbsp; &nbsp; &nbsp; &nbsp; &nbsp; &nbsp; &nbsp; &nbsp; &nbsp; &nbsp; &nbsp; &nbsp;<\/span><\/strong><\/p>\n<p style=\"padding-left: 200px\"><strong><span style=\"font-size: 14pt;color: #0000ff\"><a style=\"color: #0000ff\" href=\"https:\/\/blogsaverroes.juntadeandalucia.es\/rafaelnunezmat\/files\/2022\/01\/pisa-carpintero.pdf\" target=\"_blank\" rel=\"noopener noreferrer\">pisa-carpintero<\/a>&nbsp; &nbsp; &nbsp; <\/span><\/strong><\/p>\n<p style=\"padding-left: 200px\"><strong><span style=\"font-size: 14pt;color: #0000ff\"><a style=\"color: #0000ff\" href=\"https:\/\/blogsaverroes.juntadeandalucia.es\/rafaelnunezmat\/files\/2022\/01\/pisa-c\u00f3mo-hacer-un-cuaderno.pdf\" target=\"_blank\" rel=\"noopener noreferrer\">pisa-c\u00f3mo hacer un cuaderno<\/a> &nbsp; &nbsp; <\/span><\/strong><\/p>\n<p style=\"padding-left: 200px\"><strong><span style=\"font-size: 14pt;color: #0000ff\"><a style=\"color: #0000ff\" href=\"https:\/\/blogsaverroes.juntadeandalucia.es\/rafaelnunezmat\/files\/2022\/01\/pisa-compra-de-un-apartamento.pdf\" target=\"_blank\" rel=\"noopener noreferrer\">pisa-compra de un apartamento<\/a>&nbsp; &nbsp; <\/span><\/strong><\/p>\n<p style=\"padding-left: 200px\"><strong><span style=\"font-size: 14pt;color: #0000ff\"><a style=\"color: #0000ff\" href=\"https:\/\/blogsaverroes.juntadeandalucia.es\/rafaelnunezmat\/files\/2022\/01\/pisa-construyendo-bloques.pdf\" target=\"_blank\" rel=\"noopener noreferrer\">pisa-construyendo bloques<\/a>&nbsp; &nbsp; <\/span><\/strong><\/p>\n<p style=\"padding-left: 200px\"><strong><span style=\"font-size: 14pt;color: #0000ff\"><a style=\"color: #0000ff\" href=\"https:\/\/blogsaverroes.juntadeandalucia.es\/rafaelnunezmat\/files\/2022\/01\/pisa-el-concierto-de-rock.pdf\" target=\"_blank\" rel=\"noopener noreferrer\">pisa-el concierto de rock<\/a> &nbsp; &nbsp; &nbsp;<\/span><\/strong><\/p>\n<p style=\"padding-left: 200px\"><strong><span style=\"font-size: 14pt;color: #0000ff\"><a style=\"color: #0000ff\" href=\"https:\/\/blogsaverroes.juntadeandalucia.es\/rafaelnunezmat\/files\/2022\/01\/pisa-el-ojo-de-Londres.pdf\" target=\"_blank\" rel=\"noopener noreferrer\">pisa-el ojo de Londres<\/a>&nbsp; &nbsp; <\/span><\/strong><\/p>\n<p style=\"padding-left: 200px\"><strong><span style=\"font-size: 14pt;color: #0000ff\"><a style=\"color: #0000ff\" href=\"https:\/\/blogsaverroes.juntadeandalucia.es\/rafaelnunezmat\/files\/2022\/01\/pisa-el-patio.pdf\" target=\"_blank\" rel=\"noopener noreferrer\">pisa-el patio<\/a>&nbsp; &nbsp; &nbsp; &nbsp; <\/span><\/strong><\/p>\n<p style=\"padding-left: 200px\"><strong><span style=\"font-size: 14pt;color: #0000ff\"><a style=\"color: #0000ff\" href=\"https:\/\/blogsaverroes.juntadeandalucia.es\/rafaelnunezmat\/files\/2022\/01\/pisa-garaje.pdf\" target=\"_blank\" rel=\"noopener noreferrer\">pisa-garaje<\/a>&nbsp; &nbsp; &nbsp; &nbsp; <\/span><\/strong><\/p>\n<p style=\"padding-left: 200px\"><strong><span style=\"font-size: 14pt;color: #0000ff\"><a style=\"color: #0000ff\" href=\"https:\/\/blogsaverroes.juntadeandalucia.es\/rafaelnunezmat\/files\/2022\/01\/pisa-granjas.pdf\" target=\"_blank\" rel=\"noopener noreferrer\">pisa-granjas<\/a>&nbsp; &nbsp; &nbsp; &nbsp; <\/span><\/strong><\/p>\n<p style=\"padding-left: 200px\"><strong><span style=\"font-size: 14pt;color: #0000ff\"><a style=\"color: #0000ff\" href=\"https:\/\/blogsaverroes.juntadeandalucia.es\/rafaelnunezmat\/files\/2022\/01\/pisa-helader\u00eda.pdf\" target=\"_blank\" rel=\"noopener noreferrer\">pisa-helader\u00eda<\/a>&nbsp; &nbsp; &nbsp; &nbsp; <\/span><\/strong><\/p>\n<p style=\"padding-left: 200px\"><strong><span style=\"font-size: 14pt;color: #0000ff\"><a style=\"color: #0000ff\" href=\"https:\/\/blogsaverroes.juntadeandalucia.es\/rafaelnunezmat\/files\/2022\/01\/pisa-mirando-la-torre.pdf\" target=\"_blank\" rel=\"noopener noreferrer\">pisa-mirando la torre<\/a>&nbsp; &nbsp; &nbsp; <\/span><\/strong><\/p>\n<p style=\"padding-left: 200px\"><strong><span style=\"font-size: 14pt;color: #0000ff\"><a style=\"color: #0000ff\" href=\"https:\/\/blogsaverroes.juntadeandalucia.es\/rafaelnunezmat\/files\/2022\/01\/pisa-pizzas.pdf\" target=\"_blank\" rel=\"noopener noreferrer\">pisa-pizzas<\/a>&nbsp; &nbsp; &nbsp;<\/span><\/strong><\/p>\n<p style=\"padding-left: 200px\"><strong><span style=\"font-size: 14pt;color: #0000ff\"><a style=\"color: #0000ff\" href=\"https:\/\/blogsaverroes.juntadeandalucia.es\/rafaelnunezmat\/files\/2022\/01\/pisa-puerta-giratoria.pdf\" target=\"_blank\" rel=\"noopener noreferrer\">pisa-puerta giratoria<\/a><\/span><\/strong><\/p>\n<p style=\"padding-left: 200px\"><strong><span style=\"font-size: 14pt;color: #0000ff\"><a style=\"color: #0000ff\" href=\"https:\/\/blogsaverroes.juntadeandalucia.es\/rafaelnunezmat\/files\/2022\/01\/pisa-triangulos.pdf\" target=\"_blank\" rel=\"noopener noreferrer\">pisa-tri\u00e1ngulos<\/a>&nbsp; <\/span><\/strong><\/p>\n<p style=\"padding-left: 200px\"><strong><span style=\"font-size: 14pt;color: #0000ff\"><a style=\"color: #0000ff\" href=\"https:\/\/blogsaverroes.juntadeandalucia.es\/rafaelnunezmat\/files\/2022\/01\/pisa-una-construcci\u00f3n-con-dados.pdf\" target=\"_blank\" rel=\"noopener noreferrer\">pisa-una construcci\u00f3n con dados<\/a>&nbsp; &nbsp; &nbsp; <\/span><\/strong><\/p>\n<p style=\"padding-left: 200px\"><strong><span style=\"font-size: 14pt;color: #0000ff\"><a style=\"color: #0000ff\" href=\"https:\/\/blogsaverroes.juntadeandalucia.es\/rafaelnunezmat\/files\/2022\/01\/pisa-vertido-por-petr\u00f3leo.pdf\" target=\"_blank\" rel=\"noopener noreferrer\">pisa-vertido por petr\u00f3leo<\/a><\/span><\/strong><\/p>\n","protected":false},"excerpt":{"rendered":"<p>V\u00cdDEOS Trazados geom\u00e9tricos fundamentales (aiS\u00e1nchez222)&nbsp; &nbsp; &nbsp; Problema Dividir figura en 6 regiones (Rubi\u00f1os) Problemas, cubos con caras pintadas (Examen admisi\u00f3n Universidad de Antioqu\u00eda)&nbsp; &nbsp; &nbsp; \u00bf\u03c0 = 4? (Don curiosidades) Conversi\u00f3n de cuadrado de \u00e1rea 64 en rect\u00e1ngulo de \u00e1rea 65 (Rosario Castells Rodr\u00edguez) OTROS RECURSOS Curso de geometr\u00eda ESO (web de pntic)&nbsp; &nbsp; &hellip; <\/p>\n<p><a class=\"more-link btn\" href=\"https:\/\/blogsaverroes.juntadeandalucia.es\/rafaelnunezmat\/variado-geometria\">Seguir leyendo<\/a><\/p>\n","protected":false},"author":10669,"featured_media":0,"parent":0,"menu_order":0,"comment_status":"closed","ping_status":"closed","template":"","meta":{"ngg_post_thumbnail":0,"footnotes":""},"aioseo_notices":[],"_links":{"self":[{"href":"https:\/\/blogsaverroes.juntadeandalucia.es\/rafaelnunezmat\/wp-json\/wp\/v2\/pages\/299"}],"collection":[{"href":"https:\/\/blogsaverroes.juntadeandalucia.es\/rafaelnunezmat\/wp-json\/wp\/v2\/pages"}],"about":[{"href":"https:\/\/blogsaverroes.juntadeandalucia.es\/rafaelnunezmat\/wp-json\/wp\/v2\/types\/page"}],"author":[{"embeddable":true,"href":"https:\/\/blogsaverroes.juntadeandalucia.es\/rafaelnunezmat\/wp-json\/wp\/v2\/users\/10669"}],"replies":[{"embeddable":true,"href":"https:\/\/blogsaverroes.juntadeandalucia.es\/rafaelnunezmat\/wp-json\/wp\/v2\/comments?post=299"}],"version-history":[{"count":12,"href":"https:\/\/blogsaverroes.juntadeandalucia.es\/rafaelnunezmat\/wp-json\/wp\/v2\/pages\/299\/revisions"}],"predecessor-version":[{"id":5031,"href":"https:\/\/blogsaverroes.juntadeandalucia.es\/rafaelnunezmat\/wp-json\/wp\/v2\/pages\/299\/revisions\/5031"}],"wp:attachment":[{"href":"https:\/\/blogsaverroes.juntadeandalucia.es\/rafaelnunezmat\/wp-json\/wp\/v2\/media?parent=299"}],"curies":[{"name":"wp","href":"https:\/\/api.w.org\/{rel}","templated":true}]}}