{"id":305,"date":"2021-06-01T08:05:55","date_gmt":"2021-06-01T08:05:55","guid":{"rendered":"https:\/\/blogsaverroes.juntadeandalucia.es\/rafaelnunezmat\/?page_id=305"},"modified":"2024-12-06T12:17:14","modified_gmt":"2024-12-06T12:17:14","slug":"concepto-de-funcion","status":"publish","type":"page","link":"https:\/\/blogsaverroes.juntadeandalucia.es\/rafaelnunezmat\/concepto-de-funcion","title":{"rendered":"Concepto de funci\u00f3n"},"content":{"rendered":"<p><img loading=\"lazy\" decoding=\"async\" class=\"aligncenter \" src=\"http:\/\/matematicas.lunadelasierra.org\/wp-content\/uploads\/2014\/03\/funciones.jpg\" width=\"289\" height=\"289\"><\/p>\n<p style=\"text-align: center\"><span style=\"font-size: 24pt;color: #008000\"><strong><a style=\"color: #008000\" href=\"https:\/\/blogsaverroes.juntadeandalucia.es\/rafaelnunezmat\/files\/2022\/02\/concepto-de-funci\u00f3n.pdf\" target=\"_blank\" rel=\"noopener noreferrer\">Teor\u00eda y actividades resueltas<\/a><\/strong><\/span><\/p>\n<table style=\"height: 106px;width: 99.9349%;border-collapse: collapse;border-style: none;border-color: #030000\" cellpadding=\"0\">\n<tbody>\n<tr style=\"height: 24px\">\n<td style=\"width: 0.483793%;height: 71px;text-align: left;border-style: double;border-color: #050505\" colspan=\"2\">\n<p style=\"text-align: center\"><span style=\"text-decoration: underline\"><span style=\"font-size: 14pt;color: #800080\"><strong>VIDEOS<\/strong><\/span><\/span><\/p>\n<p style=\"padding-left: 200px\"><strong><span style=\"font-size: 14pt;color: #0000ff\"><a style=\"color: #0000ff\" href=\"https:\/\/www.youtube.com\/embed\/sgCpHsifAgw\" target=\"_blank\" rel=\"noopener noreferrer\">Puntos y coordenadas (Todosobresaliente)<\/a><\/span><\/strong><\/p>\n<p style=\"padding-left: 200px\"><strong><span style=\"font-size: 14pt;color: #0000ff\"><a style=\"color: #0000ff\" href=\"https:\/\/www.youtube.com\/embed\/DFTmL7ds2yE\" target=\"_blank\" rel=\"noopener noreferrer\">Gr\u00e1fica a partir de una tabla-1 (Manuel Cazorla Garc\u00eda)<\/a><\/span><\/strong><\/p>\n<p style=\"padding-left: 200px\"><strong><span style=\"font-size: 14pt;color: #0000ff\"><a style=\"color: #0000ff\" href=\"https:\/\/www.youtube.com\/embed\/hGZQ8_eEEL4?v=hGZQ8_eEEL4\" target=\"_blank\" rel=\"noopener noreferrer\">Gr\u00e1fica a partir de una tabla-2 (Manuel Cazorla Garc\u00eda)<\/a><\/span><\/strong><\/p>\n<p style=\"padding-left: 200px\"><strong><span style=\"font-size: 14pt;color: #0000ff\"><a style=\"color: #0000ff\" href=\"https:\/\/www.youtube.com\/embed\/MNFir8n-1yU?v=MNFir8n-1yU?v=hGZQ8_eEEL4\" target=\"_blank\" rel=\"noopener noreferrer\">Gr\u00e1fica a partir de una tabla-3 (Manuel Cazorla Garc\u00eda)<\/a><\/span><\/strong><\/p>\n<p style=\"padding-left: 200px\"><strong><span style=\"font-size: 14pt;color: #0000ff\"><a style=\"color: #0000ff\" href=\"https:\/\/www.youtube.com\/embed\/_d5R7zJhJVc\" target=\"_blank\" rel=\"noopener noreferrer\">Interpretaci\u00f3n de puntos (KhanAcademyEspa\u00f1ol)<\/a><\/span><\/strong><\/p>\n<p style=\"padding-left: 200px\"><strong><span style=\"font-size: 14pt;color: #0000ff\"><a style=\"color: #0000ff\" href=\"https:\/\/www.youtube.com\/embed\/sZIcLmsFknM\" target=\"_blank\" rel=\"noopener noreferrer\">Concepto y ejemplos de funci\u00f3n (Clasem\u00e1ticas Canal)<\/a><\/span><\/strong><\/p>\n<p style=\"padding-left: 200px\"><strong><span style=\"font-size: 14pt;color: #0000ff\"><a style=\"color: #0000ff\" href=\"https:\/\/www.youtube.com\/embed\/2fcVf2BGFX0\" target=\"_blank\" rel=\"noopener noreferrer\">Concepto y ejemplos de funci\u00f3n (EduMates)<\/a><\/span><\/strong><\/p>\n<p style=\"padding-left: 200px\"><strong><span style=\"font-size: 14pt;color: #0000ff\"><a style=\"color: #0000ff\" href=\"https:\/\/www.youtube.com\/embed\/4fjUo-Z44v8\" target=\"_blank\" rel=\"noopener noreferrer\">Elementos de la gr\u00e1fica de una funci\u00f3n (proyectociencias)<\/a><\/span><\/strong><\/p>\n<p style=\"padding-left: 200px\"><strong><span style=\"font-size: 14pt;color: #0000ff\"><a style=\"color: #0000ff\" href=\"https:\/\/www.youtube.com\/embed\/dncU3Tksyec\" target=\"_blank\" rel=\"noopener noreferrer\">Gr\u00e1fica a partir del enunciado (Sergio Darias)<\/a><\/span><\/strong><\/p>\n<p style=\"padding-left: 200px\"><strong><span style=\"font-size: 14pt;color: #0000ff\"><a style=\"color: #0000ff\" href=\"https:\/\/www.youtube.com\/embed\/WV5PjyJQYxI\" target=\"_blank\" rel=\"noopener noreferrer\">Interpretaci\u00f3n de gr\u00e1ficas (MatelasMates)<\/a><\/span><\/strong><\/p>\n<p style=\"padding-left: 200px\"><strong><span style=\"font-size: 14pt;color: #0000ff\"><a style=\"color: #0000ff\" href=\"https:\/\/www.youtube.com\/embed\/zr7qAAytH2k\" target=\"_blank\" rel=\"noopener noreferrer\">Interpretaci\u00f3n de gr\u00e1ficas (Clasem\u00e1ticas Canal)<\/a><\/span><\/strong><\/p>\n<p style=\"padding-left: 200px\"><strong><span style=\"font-size: 14pt;color: #0000ff\"><a style=\"color: #0000ff\" href=\"https:\/\/www.youtube.com\/embed\/BJvvPX3nB50?t=441s\" target=\"_blank\" rel=\"noopener noreferrer\">Interpretaci\u00f3n de tablas (Clasem\u00e1ticas Canal)<\/a><\/span><\/strong><\/p>\n<p style=\"padding-left: 200px\"><strong><span style=\"font-size: 14pt;color: #0000ff\"><a style=\"color: #0000ff\" href=\"https:\/\/www.youtube.com\/embed\/rZ9c-_dAAE0?t=1026s\" target=\"_blank\" rel=\"noopener noreferrer\">Interpretaci\u00f3n de la f\u00f3rmula de una funci\u00f3n (Clasem\u00e1ticas Canal)<\/a><\/span><\/strong><\/p>\n<p style=\"padding-left: 200px\"><strong><span style=\"font-size: 14pt;color: #0000ff\"><a style=\"color: #0000ff\" href=\"https:\/\/www.youtube.com\/embed\/vnErR5Cfjd4\" target=\"_blank\" rel=\"noopener noreferrer\">Gr\u00e1ficas que no son funciones (MateFacil)<\/a><\/span><\/strong><\/p>\n<p style=\"padding-left: 200px\"><strong><span style=\"font-size: 14pt;color: #0000ff\"><a style=\"color: #0000ff\" href=\"https:\/\/www.youtube.com\/embed\/13ZJhc-QHzU\" target=\"_blank\" rel=\"noopener noreferrer\">Tablas que no son funciones (Profejairt)<\/a><\/span><\/strong><\/p>\n<p style=\"text-align: center\"><span style=\"text-decoration: underline;color: #800000\"><span style=\"font-size: 14pt\"><strong>OTROS RECURSOS<\/strong><\/span><\/span><\/p>\n<p style=\"padding-left: 200px\"><strong><span style=\"font-size: 14pt;color: #0000ff\"><a style=\"color: #0000ff\" href=\"https:\/\/proyectodescartes.org\/miscelanea\/materiales_didacticos\/juego_de_coordenadas-JS\/index.html\" target=\"_blank\" rel=\"noopener noreferrer\">Obtener coordenadas de puntos representados (actividad de Descartes)<\/a><\/span><\/strong><\/p>\n<p style=\"padding-left: 200px\"><strong><span style=\"font-size: 14pt;color: #0000ff\"><a style=\"color: #0000ff\" href=\"https:\/\/www.thatquiz.org\/es-5\/?-j40k-l1-mpnv600-p0\" target=\"_blank\" rel=\"noopener noreferrer\">Interpretaci\u00f3n de puntos en las gr\u00e1ficas (test de thatquiz)<\/a><\/span><\/strong><\/p>\n<\/td>\n<\/tr>\n<\/tbody>\n<\/table>\n<p>&nbsp;<\/p>\n","protected":false},"excerpt":{"rendered":"<p>Teor\u00eda y actividades resueltas VIDEOS Puntos y coordenadas (Todosobresaliente) Gr\u00e1fica a partir de una tabla-1 (Manuel Cazorla Garc\u00eda) Gr\u00e1fica a partir de una tabla-2 (Manuel Cazorla Garc\u00eda) Gr\u00e1fica a partir de una tabla-3 (Manuel Cazorla Garc\u00eda) Interpretaci\u00f3n de puntos (KhanAcademyEspa\u00f1ol) Concepto y ejemplos de funci\u00f3n (Clasem\u00e1ticas Canal) Concepto y ejemplos de funci\u00f3n (EduMates) Elementos de &hellip; <\/p>\n<p><a class=\"more-link btn\" href=\"https:\/\/blogsaverroes.juntadeandalucia.es\/rafaelnunezmat\/concepto-de-funcion\">Seguir leyendo<\/a><\/p>\n","protected":false},"author":10669,"featured_media":0,"parent":0,"menu_order":0,"comment_status":"closed","ping_status":"closed","template":"","meta":{"ngg_post_thumbnail":0,"footnotes":""},"aioseo_notices":[],"_links":{"self":[{"href":"https:\/\/blogsaverroes.juntadeandalucia.es\/rafaelnunezmat\/wp-json\/wp\/v2\/pages\/305"}],"collection":[{"href":"https:\/\/blogsaverroes.juntadeandalucia.es\/rafaelnunezmat\/wp-json\/wp\/v2\/pages"}],"about":[{"href":"https:\/\/blogsaverroes.juntadeandalucia.es\/rafaelnunezmat\/wp-json\/wp\/v2\/types\/page"}],"author":[{"embeddable":true,"href":"https:\/\/blogsaverroes.juntadeandalucia.es\/rafaelnunezmat\/wp-json\/wp\/v2\/users\/10669"}],"replies":[{"embeddable":true,"href":"https:\/\/blogsaverroes.juntadeandalucia.es\/rafaelnunezmat\/wp-json\/wp\/v2\/comments?post=305"}],"version-history":[{"count":12,"href":"https:\/\/blogsaverroes.juntadeandalucia.es\/rafaelnunezmat\/wp-json\/wp\/v2\/pages\/305\/revisions"}],"predecessor-version":[{"id":5006,"href":"https:\/\/blogsaverroes.juntadeandalucia.es\/rafaelnunezmat\/wp-json\/wp\/v2\/pages\/305\/revisions\/5006"}],"wp:attachment":[{"href":"https:\/\/blogsaverroes.juntadeandalucia.es\/rafaelnunezmat\/wp-json\/wp\/v2\/media?parent=305"}],"curies":[{"name":"wp","href":"https:\/\/api.w.org\/{rel}","templated":true}]}}