{"id":309,"date":"2021-06-01T08:05:55","date_gmt":"2021-06-01T08:05:55","guid":{"rendered":"https:\/\/blogsaverroes.juntadeandalucia.es\/rafaelnunezmat\/?page_id=309"},"modified":"2024-12-06T12:26:19","modified_gmt":"2024-12-06T12:26:19","slug":"funciones-cuadraticas-y-de-grado-mayor-que-dos","status":"publish","type":"page","link":"https:\/\/blogsaverroes.juntadeandalucia.es\/rafaelnunezmat\/funciones-cuadraticas-y-de-grado-mayor-que-dos","title":{"rendered":"Funciones cuadr\u00e1ticas y de grado mayor que dos"},"content":{"rendered":"<p><img loading=\"lazy\" decoding=\"async\" class=\"aligncenter \" src=\"https:\/\/i.ytimg.com\/vi\/gnAdna_tLK0\/maxresdefault.jpg\" width=\"553\" height=\"311\"><\/p>\n<p style=\"text-align: center\"><span style=\"font-size: 24pt;color: #008000\"><strong><a style=\"color: #008000\" href=\"https:\/\/blogsaverroes.juntadeandalucia.es\/rafaelnunezmat\/files\/2022\/02\/funciones-cuadr\u00e1ticas-y-de-grado-mayor-que-dos.pdf\" target=\"_blank\" rel=\"noopener noreferrer\">Teor\u00eda y actividades resueltas<\/a><\/strong><\/span><\/p>\n<table style=\"height: 106px;width: 99.9349%;border-collapse: collapse;border-style: none;border-color: #030000\" cellpadding=\"0\">\n<tbody>\n<tr style=\"height: 24px\">\n<td style=\"width: 27.8839%;height: 71px;text-align: left;border-style: double;border-color: #050505\" colspan=\"2\">\n<p style=\"text-align: center\"><span style=\"text-decoration: underline;color: #800080\"><span style=\"font-size: 14pt\"><strong>VIDEOS<\/strong><\/span><\/span><\/p>\n<p style=\"padding-left: 200px\"><strong><span style=\"font-size: 14pt;color: #0000ff\"><a style=\"color: #0000ff\" href=\"https:\/\/www.youtube.com\/embed\/J3qQWvxqFI4\" target=\"_blank\" rel=\"noopener noreferrer\">Funciones cuadr\u00e1ticas (Susy)<\/a><\/span><\/strong><\/p>\n<p style=\"padding-left: 200px\"><strong><span style=\"font-size: 14pt;color: #0000ff\"><a style=\"color: #0000ff\" href=\"https:\/\/www.youtube.com\/embed\/EVTfYEUOHP4\" target=\"_blank\" rel=\"noopener noreferrer\">Funciones cuadr\u00e1ticas (Unicoos)<\/a><\/span><\/strong><\/p>\n<p style=\"padding-left: 200px\"><strong><span style=\"font-size: 14pt;color: #0000ff\"><a style=\"color: #0000ff\" href=\"https:\/\/www.youtube.com\/embed\/ira6fc3zuRg\" target=\"_blank\" rel=\"noopener noreferrer\">Funciones cuadr\u00e1ticas (Todosobresaliente)<\/a><\/span><\/strong><\/p>\n<p style=\"padding-left: 200px\"><strong><span style=\"font-size: 14pt;color: #0000ff\"><a style=\"color: #0000ff\" href=\"https:\/\/www.youtube.com\/embed\/0pUnHF1FJ2s\" target=\"_blank\" rel=\"noopener noreferrer\">Funciones cuadr\u00e1ticas (Julioprofe)<\/a><\/span><\/strong><\/p>\n<p style=\"padding-left: 200px\"><strong><span style=\"font-size: 14pt;color: #0000ff\"><a style=\"color: #0000ff\" href=\"https:\/\/www.youtube.com\/embed\/dIQRUUiRrMs\" target=\"_blank\" rel=\"noopener noreferrer\">Funciones cuadr\u00e1ticas (lasmatematicas.es)<\/a><\/span><\/strong><\/p>\n<p style=\"padding-left: 200px\"><strong><span style=\"font-size: 14pt;color: #0000ff\"><a style=\"color: #0000ff\" href=\"https:\/\/www.youtube.com\/embed\/yLliihfxp7c\" target=\"_blank\" rel=\"noopener noreferrer\">Funciones cuadr\u00e1ticas (lasmatematicas.es)<\/a><\/span><\/strong><\/p>\n<p style=\"padding-left: 200px\"><strong><span style=\"font-size: 14pt;color: #0000ff\"><a style=\"color: #0000ff\" href=\"https:\/\/www.youtube.com\/embed\/ztc6aU_ZJ18\" target=\"_blank\" rel=\"noopener noreferrer\">Funciones cuadr\u00e1ticas con geogebra-1 (Nelson Lillo Ter\u00e1n)<\/a><\/span><\/strong><\/p>\n<p style=\"padding-left: 200px\"><strong><span style=\"font-size: 14pt;color: #0000ff\"><a style=\"color: #0000ff\" href=\"https:\/\/www.youtube.com\/embed\/m14ywqa_MWY\" target=\"_blank\" rel=\"noopener noreferrer\">Funciones cuadr\u00e1ticas con geogebra-2 (Nelson Lillo Ter\u00e1n)<\/a><\/span><\/strong><\/p>\n<p style=\"padding-left: 200px\"><strong><span style=\"font-size: 14pt;color: #0000ff\"><a style=\"color: #0000ff\" href=\"https:\/\/www.youtube.com\/embed\/aO5PBHJKBHM\" target=\"_blank\" rel=\"noopener noreferrer\">Funciones cuadr\u00e1ticas con geogebra-3 (Nelson Lillo Ter\u00e1n)<\/a><\/span><\/strong><\/p>\n<p style=\"padding-left: 200px\"><strong><span style=\"font-size: 14pt;color: #0000ff\"><a style=\"color: #0000ff\" href=\"https:\/\/www.youtube.com\/embed\/m1EnnlaJ7Pc?t=295s\" target=\"_blank\" rel=\"noopener noreferrer\">Dominio y recorrido de una funci\u00f3n cuadr\u00e1tica (childtopia)<\/a><\/span><\/strong><\/p>\n<p style=\"padding-left: 200px\"><strong><span style=\"font-size: 14pt;color: #0000ff\"><a style=\"color: #0000ff\" href=\"https:\/\/www.youtube.com\/embed\/7VoMs0tYmOQ\" target=\"_blank\" rel=\"noopener noreferrer\">Puntos de corte con los ejes de una funci\u00f3n cuadr\u00e1tica (lasmatematicas.es)<\/a><\/span><\/strong><\/p>\n<p style=\"padding-left: 200px\"><strong><span style=\"font-size: 14pt;color: #0000ff\"><a style=\"color: #0000ff\" href=\"https:\/\/www.youtube.com\/embed\/eyoI1fcO2KY\" target=\"_blank\" rel=\"noopener noreferrer\">Puntos de corte de recta y par\u00e1bola (Aprender Matem\u00e1ticas. Jos\u00e9 Jaime Mas)<\/a><\/span><\/strong><\/p>\n<p style=\"padding-left: 200px\"><strong><span style=\"font-size: 14pt;color: #0000ff\"><a style=\"color: #0000ff\" href=\"https:\/\/www.youtube.com\/embed\/sydhddRl6Hs\" target=\"_blank\" rel=\"noopener noreferrer\">Puntos de corte de recta y par\u00e1bola (lasmatematicas.es)<\/a><\/span><\/strong><\/p>\n<p style=\"padding-left: 200px\"><strong><span style=\"font-size: 14pt;color: #0000ff\"><a style=\"color: #0000ff\" href=\"https:\/\/www.youtube.com\/embed\/oMBmKid2K-c\" target=\"_blank\" rel=\"noopener noreferrer\">Puntos de corte de dos par\u00e1bolas (Ruben Sebastian)<\/a><\/span><\/strong><\/p>\n<p style=\"padding-left: 200px\"><strong><span style=\"font-size: 14pt;color: #0000ff\"><a style=\"color: #0000ff\" href=\"https:\/\/www.youtube.com\/embed\/VQieQFfDlKY\" target=\"_blank\" rel=\"noopener noreferrer\">Gr\u00e1fica de recta-par\u00e1bola (Jos\u00e9 Luis Usero V\u00edlchez)<\/a><\/span><\/strong><\/p>\n<p style=\"padding-left: 200px\"><strong><span style=\"font-size: 14pt;color: #0000ff\"><a style=\"color: #0000ff\" href=\"https:\/\/www.youtube.com\/embed\/rx-jicUti7g\" target=\"_blank\" rel=\"noopener noreferrer\">Aplicaciones de las funciones cuadr\u00e1ticas (Universidad Continental-Modalidad a Distancia)<\/a><\/span><\/strong><\/p>\n<p style=\"padding-left: 200px\"><strong><span style=\"font-size: 14pt;color: #0000ff\"><a style=\"color: #0000ff\" href=\"https:\/\/www.youtube.com\/embed\/pGv898tNkAM\" target=\"_blank\" rel=\"noopener noreferrer\">Aplicaciones de las funciones cuadr\u00e1ticas (Juliana la profe)<\/a><\/span><\/strong><\/p>\n<p style=\"padding-left: 200px\"><strong><span style=\"font-size: 14pt;color: #0000ff\"><a style=\"color: #0000ff\" href=\"https:\/\/www.youtube.com\/embed\/TF2_IjxOtyY\" target=\"_blank\" rel=\"noopener noreferrer\">Aplicaciones de las funciones cuadr\u00e1ticas (math2me)<\/a><\/span><\/strong><\/p>\n<p style=\"padding-left: 200px\"><strong><span style=\"font-size: 14pt;color: #0000ff\"><a style=\"color: #0000ff\" href=\"https:\/\/www.youtube.com\/embed\/YZ4rH-SbB8k\" target=\"_blank\" rel=\"noopener noreferrer\">Funci\u00f3n cuadr\u00e1tica que pasa por tres puntos (lasmatematicas.es)<\/a><\/span><\/strong><\/p>\n<p style=\"padding-left: 200px\"><strong><span style=\"font-size: 14pt;color: #0000ff\"><a style=\"color: #0000ff\" href=\"https:\/\/www.youtube.com\/embed\/fEnG1YKldwQ\" target=\"_blank\" rel=\"noopener noreferrer\">Interpolaci\u00f3n cuadr\u00e1tica (Unicoos)<\/a><\/span><\/strong><\/p>\n<p style=\"padding-left: 200px\"><strong><span style=\"font-size: 14pt;color: #0000ff\"><a style=\"color: #0000ff\" href=\"https:\/\/www.youtube.com\/embed\/ksho_mG-FJI\" target=\"_blank\" rel=\"noopener noreferrer\">Aplicaciones de las funciones polin\u00f3micas de grado mayor que dos (Eusebio Molina Rodr\u00edguez)<\/a><\/span><\/strong><\/p>\n<p style=\"text-align: center\"><span style=\"text-decoration: underline;color: #800000\"><span style=\"font-size: 14pt\"><strong>OTROS RECURSOS<\/strong><\/span><\/span><\/p>\n<p style=\"padding-left: 200px\"><strong><span style=\"font-size: 14pt;color: #0000ff\"><a style=\"color: #0000ff\" href=\"https:\/\/www.geogebra.org\/material\/iframe\/id\/429219\/width\/1400\/height\/969\/border\/888888\/rc\/false\/ai\/false\/sdz\/true\/smb\/false\/stb\/false\/stbh\/true\/ld\/false\/sri\/true\/at\/auto\" target=\"_blank\" rel=\"noopener noreferrer\">Funciones cuadr\u00e1ticas-1 (geogebra)<\/a><\/span><\/strong><\/p>\n<p style=\"padding-left: 200px\"><strong><span style=\"font-size: 14pt;color: #0000ff\"><a style=\"color: #0000ff\" href=\"https:\/\/www.geogebra.org\/material\/iframe\/id\/429733\/width\/1600\/height\/969\/border\/888888\/rc\/false\/ai\/false\/sdz\/true\/smb\/false\/stb\/false\/stbh\/true\/ld\/false\/sri\/true\/at\/auto\" target=\"_blank\" rel=\"noopener noreferrer\">Funciones cuadr\u00e1ticas-2 (geogebra)<\/a><\/span><\/strong><\/p>\n<p style=\"padding-left: 200px\"><strong><span style=\"font-size: 14pt;color: #0000ff\"><a style=\"color: #0000ff\" href=\"https:\/\/www.geogebra.org\/material\/iframe\/id\/429753\/width\/1500\/height\/900\/border\/888888\/rc\/false\/ai\/false\/sdz\/true\/smb\/false\/stb\/false\/stbh\/true\/ld\/false\/sri\/true\/at\/auto\" target=\"_blank\" rel=\"noopener noreferrer\">Funciones cuadr\u00e1ticas-3 (geogebra)<\/a><\/span><\/strong><\/p>\n<p style=\"padding-left: 200px\"><strong><span style=\"font-size: 14pt;color: #0000ff\"><a style=\"color: #0000ff\" href=\"https:\/\/thales.cica.es\/rd\/Recursos\/rd99\/ed99-0416-02\/indice.htm\" target=\"_blank\" rel=\"noopener noreferrer\">Funciones cuadr\u00e1ticas (teor\u00eda y actividades de Thales)<\/a><\/span><\/strong><\/p>\n<p style=\"padding-left: 200px\"><strong><span style=\"font-size: 14pt;color: #0000ff\"><a style=\"color: #0000ff\" href=\"https:\/\/www.thatquiz.org\/es\/preview?c=rrco7989&amp;s=lgi192\" target=\"_blank\" rel=\"noopener noreferrer\">Funciones cuadr\u00e1ticas (test de thatquiz)<\/a><\/span><\/strong><\/p>\n<p style=\"padding-left: 200px\"><strong><span style=\"font-size: 14pt;color: #0000ff\"><a style=\"color: #0000ff\" href=\"https:\/\/clic.xtec.cat\/projects\/paraboes\/jclic.js\/index.html\" target=\"_blank\" rel=\"noopener noreferrer\">Funciones cuadr\u00e1ticas (actividades jclic)<\/a><\/span><\/strong><\/p>\n<p style=\"padding-left: 200px\"><strong><span style=\"font-size: 14pt;color: #0000ff\"><a style=\"color: #0000ff\" href=\"https:\/\/es.educaplay.com\/juego\/606323-funcion_cuadratica.html\" target=\"_blank\" rel=\"noopener noreferrer\">Funciones cuadr\u00e1ticas (test de educaplay)<\/a><\/span><\/strong><\/p>\n<p style=\"padding-left: 200px\"><strong><span style=\"font-size: 14pt;color: #0000ff\"><a style=\"color: #0000ff\" href=\"https:\/\/clic.xtec.cat\/projects\/ecuac12b\/jclic.js\/index.html\" target=\"_blank\" rel=\"noopener noreferrer\">Funciones de tipo lineal y cuadr\u00e1ticas (actividades jclic)<\/a><\/span><\/strong><\/p>\n<p style=\"padding-left: 200px\"><strong><span style=\"font-size: 14pt;color: #0000ff\"><a style=\"color: #0000ff\" href=\"https:\/\/www.thatquiz.org\/es\/preview?c=vapdn2iv&amp;s=os2l15\" target=\"_blank\" rel=\"noopener noreferrer\">Funciones polin\u00f3micas (test de thatquiz)<\/a><\/span><\/strong><\/p>\n<\/td>\n<\/tr>\n<\/tbody>\n<\/table>\n<p>&nbsp;<\/p>\n<p>&nbsp;<\/p>\n","protected":false},"excerpt":{"rendered":"<p>Teor\u00eda y actividades resueltas VIDEOS Funciones cuadr\u00e1ticas (Susy) Funciones cuadr\u00e1ticas (Unicoos) Funciones cuadr\u00e1ticas (Todosobresaliente) Funciones cuadr\u00e1ticas (Julioprofe) Funciones cuadr\u00e1ticas (lasmatematicas.es) Funciones cuadr\u00e1ticas (lasmatematicas.es) Funciones cuadr\u00e1ticas con geogebra-1 (Nelson Lillo Ter\u00e1n) Funciones cuadr\u00e1ticas con geogebra-2 (Nelson Lillo Ter\u00e1n) Funciones cuadr\u00e1ticas con geogebra-3 (Nelson Lillo Ter\u00e1n) Dominio y recorrido de una funci\u00f3n cuadr\u00e1tica (childtopia) Puntos de corte &hellip; <\/p>\n<p><a class=\"more-link btn\" href=\"https:\/\/blogsaverroes.juntadeandalucia.es\/rafaelnunezmat\/funciones-cuadraticas-y-de-grado-mayor-que-dos\">Seguir leyendo<\/a><\/p>\n","protected":false},"author":10669,"featured_media":0,"parent":0,"menu_order":0,"comment_status":"closed","ping_status":"closed","template":"","meta":{"ngg_post_thumbnail":0,"footnotes":""},"aioseo_notices":[],"_links":{"self":[{"href":"https:\/\/blogsaverroes.juntadeandalucia.es\/rafaelnunezmat\/wp-json\/wp\/v2\/pages\/309"}],"collection":[{"href":"https:\/\/blogsaverroes.juntadeandalucia.es\/rafaelnunezmat\/wp-json\/wp\/v2\/pages"}],"about":[{"href":"https:\/\/blogsaverroes.juntadeandalucia.es\/rafaelnunezmat\/wp-json\/wp\/v2\/types\/page"}],"author":[{"embeddable":true,"href":"https:\/\/blogsaverroes.juntadeandalucia.es\/rafaelnunezmat\/wp-json\/wp\/v2\/users\/10669"}],"replies":[{"embeddable":true,"href":"https:\/\/blogsaverroes.juntadeandalucia.es\/rafaelnunezmat\/wp-json\/wp\/v2\/comments?post=309"}],"version-history":[{"count":10,"href":"https:\/\/blogsaverroes.juntadeandalucia.es\/rafaelnunezmat\/wp-json\/wp\/v2\/pages\/309\/revisions"}],"predecessor-version":[{"id":5009,"href":"https:\/\/blogsaverroes.juntadeandalucia.es\/rafaelnunezmat\/wp-json\/wp\/v2\/pages\/309\/revisions\/5009"}],"wp:attachment":[{"href":"https:\/\/blogsaverroes.juntadeandalucia.es\/rafaelnunezmat\/wp-json\/wp\/v2\/media?parent=309"}],"curies":[{"name":"wp","href":"https:\/\/api.w.org\/{rel}","templated":true}]}}