{"id":311,"date":"2021-06-01T08:05:55","date_gmt":"2021-06-01T08:05:55","guid":{"rendered":"https:\/\/blogsaverroes.juntadeandalucia.es\/rafaelnunezmat\/?page_id=311"},"modified":"2024-12-06T15:41:50","modified_gmt":"2024-12-06T15:41:50","slug":"funciones-exponenciales-y-logaritmicas","status":"publish","type":"page","link":"https:\/\/blogsaverroes.juntadeandalucia.es\/rafaelnunezmat\/funciones-exponenciales-y-logaritmicas","title":{"rendered":"Funciones exponenciales y logar\u00edtmicas"},"content":{"rendered":"<p><img loading=\"lazy\" decoding=\"async\" class=\"aligncenter \" src=\"https:\/\/uruguayeduca.anep.edu.uy\/sites\/default\/files\/styles\/imagen_de_recurso\/public\/2020-05\/portadasexplylog.png?itok=UMTvmyJs\" width=\"446\" height=\"297\"><\/p>\n<p style=\"text-align: center\"><span style=\"font-size: 24pt;color: #008000\"><strong><a style=\"color: #008000\" href=\"https:\/\/blogsaverroes.juntadeandalucia.es\/rafaelnunezmat\/files\/2022\/02\/funciones-exponenciales-y-logar\u00edtmicas.pdf\" target=\"_blank\" rel=\"noopener noreferrer\">Teor\u00eda y actividades resueltas<\/a><\/strong><\/span><\/p>\n<table style=\"height: 106px;width: 99.9349%;border-collapse: collapse;border-style: none;border-color: #030000\" cellpadding=\"0\">\n<tbody>\n<tr style=\"height: 24px\">\n<td style=\"width: 19.862%;height: 71px;text-align: left;border-style: double;border-color: #050505\" colspan=\"2\">\n<p style=\"text-align: center\"><span style=\"text-decoration: underline\"><span style=\"font-size: 14pt;color: #800080\"><strong>VIDEOS<\/strong><\/span><\/span><\/p>\n<p style=\"padding-left: 200px\"><strong><span style=\"font-size: 14pt;color: #0000ff\"><a style=\"color: #0000ff\" href=\"https:\/\/www.youtube.com\/embed\/YWgtZFOuyg8\" target=\"_blank\" rel=\"noopener noreferrer\">Funciones exponenciales (Ruben Sebastian)<\/a><\/span><\/strong><\/p>\n<p style=\"padding-left: 200px\"><strong><span style=\"font-size: 14pt;color: #0000ff\"><a style=\"color: #0000ff\" href=\"https:\/\/www.youtube.com\/embed\/m5I_yejy0Qw\" target=\"_blank\" rel=\"noopener noreferrer\">Funciones exponenciales (OperacionExitoEdu)<\/a><\/span><\/strong><\/p>\n<p style=\"padding-left: 200px\"><strong><span style=\"font-size: 14pt;color: #0000ff\"><a style=\"color: #0000ff\" href=\"https:\/\/www.youtube.com\/embed\/m8uPbyHSl2g\" target=\"_blank\" rel=\"noopener noreferrer\">Funciones exponenciales (jose antonio Ibarra)<\/a><\/span><\/strong><\/p>\n<p style=\"padding-left: 200px\"><strong><span style=\"font-size: 14pt;color: #0000ff\"><a style=\"color: #0000ff\" href=\"https:\/\/www.youtube.com\/embed\/LexwZbNtTc8\" target=\"_blank\" rel=\"noopener noreferrer\">Funciones exponenciales (MasterD)<\/a><\/span><\/strong><\/p>\n<p style=\"padding-left: 200px\"><strong><span style=\"font-size: 14pt;color: #0000ff\"><a style=\"color: #0000ff\" href=\"https:\/\/www.youtube.com\/embed\/JPTNmcS7LdY?t=94s\" target=\"_blank\" rel=\"noopener noreferrer\">Funciones exponenciales (Ifokp)<\/a><\/span><\/strong><\/p>\n<p style=\"padding-left: 200px\"><strong><span style=\"font-size: 14pt;color: #0000ff\"><a style=\"color: #0000ff\" href=\"https:\/\/www.youtube.com\/embed\/L2_lBzlmidE\" target=\"_blank\" rel=\"noopener noreferrer\">Dominio de funciones de tipo exponencial a partir de la f\u00f3rmula (Mates con Andr\u00e9s)<\/a><\/span><\/strong><\/p>\n<p style=\"padding-left: 200px\"><strong><span style=\"font-size: 14pt;color: #0000ff\"><a style=\"color: #0000ff\" href=\"https:\/\/www.youtube.com\/embed\/4-7Ya_VPXsw\" target=\"_blank\" rel=\"noopener noreferrer\">Aplicaciones del n\u00famero e (Matematica. Adri\u00e1n Paenza)<\/a><\/span><\/strong><\/p>\n<p style=\"padding-left: 200px\"><strong><span style=\"font-size: 14pt;color: #0000ff\"><a style=\"color: #0000ff\" href=\"https:\/\/www.youtube.com\/embed\/6-HjHv30gIg\" target=\"_blank\" rel=\"noopener noreferrer\">Crecimiento exponencial (Matematica. Adri\u00e1n Paenza)<\/a><\/span><\/strong><\/p>\n<p style=\"padding-left: 200px\"><strong><span style=\"font-size: 14pt;color: #0000ff\"><a style=\"color: #0000ff\" href=\"https:\/\/www.youtube.com\/embed\/mqf_QEKXlBk\" target=\"_blank\" rel=\"noopener noreferrer\">Funciones logar\u00edtmicas (Ruben Sebatian)<\/a><\/span><\/strong><\/p>\n<p style=\"padding-left: 200px\"><strong><span style=\"font-size: 14pt;color: #0000ff\"><a style=\"color: #0000ff\" href=\"https:\/\/www.youtube.com\/embed\/i-XEA5J9Ndw\" target=\"_blank\" rel=\"noopener noreferrer\">Funciones logar\u00edtmicas (OperacionExitoEdu)<\/a><\/span><\/strong><\/p>\n<p style=\"padding-left: 200px\"><strong><span style=\"font-size: 14pt;color: #0000ff\"><a style=\"color: #0000ff\" href=\"https:\/\/www.youtube.com\/embed\/l7jMxbAaVcA\" target=\"_blank\" rel=\"noopener noreferrer\">Dominio de funciones de tipo logar\u00edtmico a partir de la f\u00f3rmula (Mates con Andr\u00e9s)<\/a><\/span><\/strong><\/p>\n<p style=\"padding-left: 200px\"><strong><span style=\"font-size: 14pt;color: #0000ff\"><a style=\"color: #0000ff\" href=\"https:\/\/www.youtube.com\/embed\/1G54NnLOATs\" target=\"_blank\" rel=\"noopener noreferrer\">Aplicaciones de las exponenciales y logar\u00edtmicas (Juliana la profe)<\/a><\/span><\/strong><\/p>\n<p style=\"padding-left: 200px\"><strong><span style=\"font-size: 14pt;color: #0000ff\"><a style=\"color: #0000ff\" href=\"https:\/\/www.youtube.com\/embed\/dtjURDVQnCg\" target=\"_blank\" rel=\"noopener noreferrer\">Aplicaciones de las exponenciales y logar\u00edtmicas (Aitor Bergara)<\/a><\/span><\/strong><\/p>\n<p style=\"padding-left: 200px\"><strong><span style=\"font-size: 14pt;color: #0000ff\"><a style=\"color: #0000ff\" href=\"https:\/\/www.youtube.com\/embed\/W35_ILSXkGI\" target=\"_blank\" rel=\"noopener noreferrer\">Aplicaciones de las exponenciales y logar\u00edtmicas (MrPerumiguel)<\/a><\/span><\/strong><\/p>\n<p style=\"padding-left: 200px\"><strong><span style=\"font-size: 14pt;color: #0000ff\"><a style=\"color: #0000ff\" href=\"https:\/\/www.youtube.com\/embed\/7vgtADOzbno\" target=\"_blank\" rel=\"noopener noreferrer\">Aplicaciones de las exponenciales y logar\u00edtmicas-1 (Jos\u00e9 Luis Usero V\u00edlchez)<\/a><\/span><\/strong><\/p>\n<p style=\"padding-left: 200px\"><strong><span style=\"font-size: 14pt;color: #0000ff\"><a style=\"color: #0000ff\" href=\"https:\/\/www.youtube.com\/embed\/3LANMdXtPwA\" target=\"_blank\" rel=\"noopener noreferrer\">Aplicaciones de las exponenciales y logar\u00edtmicas-2 (Jos\u00e9 Luis Usero V\u00edlchez)<\/a><\/span><\/strong><\/p>\n<p style=\"text-align: center\"><span style=\"text-decoration: underline;color: #800000\"><span style=\"font-size: 14pt\"><strong>OTROS RECURSOS<\/strong><\/span><\/span><\/p>\n<p style=\"padding-left: 200px\"><strong><span style=\"font-size: 14pt;color: #0000ff\"><a style=\"color: #0000ff\" href=\"https:\/\/es.educaplay.com\/juego\/1087011-funcion_exponencial.html\" target=\"_blank\" rel=\"noopener noreferrer\">Funciones exponenciales (test de educaplay)<\/a><\/span><\/strong><\/p>\n<p style=\"padding-left: 200px\"><strong><span style=\"font-size: 14pt;color: #0000ff\"><a style=\"color: #0000ff\" href=\"https:\/\/es.educaplay.com\/juego\/1087118-funcion_logaritmica.html\" target=\"_blank\" rel=\"noopener noreferrer\">Funciones logar\u00edtmicas (test de educaplay)<\/a><\/span><\/strong><\/p>\n<\/td>\n<\/tr>\n<\/tbody>\n<\/table>\n<p style=\"padding-left: 200px\">&nbsp;<\/p>\n","protected":false},"excerpt":{"rendered":"<p>Teor\u00eda y actividades resueltas VIDEOS Funciones exponenciales (Ruben Sebastian) Funciones exponenciales (OperacionExitoEdu) Funciones exponenciales (jose antonio Ibarra) Funciones exponenciales (MasterD) Funciones exponenciales (Ifokp) Dominio de funciones de tipo exponencial a partir de la f\u00f3rmula (Mates con Andr\u00e9s) Aplicaciones del n\u00famero e (Matematica. Adri\u00e1n Paenza) Crecimiento exponencial (Matematica. Adri\u00e1n Paenza) Funciones logar\u00edtmicas (Ruben Sebatian) Funciones logar\u00edtmicas &hellip; <\/p>\n<p><a class=\"more-link btn\" href=\"https:\/\/blogsaverroes.juntadeandalucia.es\/rafaelnunezmat\/funciones-exponenciales-y-logaritmicas\">Seguir leyendo<\/a><\/p>\n","protected":false},"author":10669,"featured_media":0,"parent":0,"menu_order":0,"comment_status":"closed","ping_status":"closed","template":"","meta":{"ngg_post_thumbnail":0,"footnotes":""},"aioseo_notices":[],"_links":{"self":[{"href":"https:\/\/blogsaverroes.juntadeandalucia.es\/rafaelnunezmat\/wp-json\/wp\/v2\/pages\/311"}],"collection":[{"href":"https:\/\/blogsaverroes.juntadeandalucia.es\/rafaelnunezmat\/wp-json\/wp\/v2\/pages"}],"about":[{"href":"https:\/\/blogsaverroes.juntadeandalucia.es\/rafaelnunezmat\/wp-json\/wp\/v2\/types\/page"}],"author":[{"embeddable":true,"href":"https:\/\/blogsaverroes.juntadeandalucia.es\/rafaelnunezmat\/wp-json\/wp\/v2\/users\/10669"}],"replies":[{"embeddable":true,"href":"https:\/\/blogsaverroes.juntadeandalucia.es\/rafaelnunezmat\/wp-json\/wp\/v2\/comments?post=311"}],"version-history":[{"count":13,"href":"https:\/\/blogsaverroes.juntadeandalucia.es\/rafaelnunezmat\/wp-json\/wp\/v2\/pages\/311\/revisions"}],"predecessor-version":[{"id":5011,"href":"https:\/\/blogsaverroes.juntadeandalucia.es\/rafaelnunezmat\/wp-json\/wp\/v2\/pages\/311\/revisions\/5011"}],"wp:attachment":[{"href":"https:\/\/blogsaverroes.juntadeandalucia.es\/rafaelnunezmat\/wp-json\/wp\/v2\/media?parent=311"}],"curies":[{"name":"wp","href":"https:\/\/api.w.org\/{rel}","templated":true}]}}