{"id":312,"date":"2021-06-01T08:05:56","date_gmt":"2021-06-01T08:05:56","guid":{"rendered":"https:\/\/blogsaverroes.juntadeandalucia.es\/rafaelnunezmat\/?page_id=312"},"modified":"2024-12-06T15:42:38","modified_gmt":"2024-12-06T15:42:38","slug":"funciones-trigonometricas","status":"publish","type":"page","link":"https:\/\/blogsaverroes.juntadeandalucia.es\/rafaelnunezmat\/funciones-trigonometricas","title":{"rendered":"Funciones trigonom\u00e9tricas"},"content":{"rendered":"<p><img loading=\"lazy\" decoding=\"async\" class=\"aligncenter \" src=\"https:\/\/matemovil.com\/wp-content\/uploads\/2016\/03\/Funciones-trigonom\u00e9tricas-ejercicios-resueltos.jpg\" width=\"538\" height=\"269\"><\/p>\n<p style=\"text-align: center\"><span style=\"font-size: 24pt;color: #008000\"><strong><a style=\"color: #008000\" href=\"https:\/\/blogsaverroes.juntadeandalucia.es\/rafaelnunezmat\/files\/2022\/02\/funciones-trigonom\u00e9tricas.pdf\" target=\"_blank\" rel=\"noopener noreferrer\">Teor\u00eda y actividades resueltas<\/a><\/strong><\/span><\/p>\n<table style=\"height: 106px;width: 99.9349%;border-collapse: collapse;border-style: none;border-color: #030000\" cellpadding=\"0\">\n<tbody>\n<tr style=\"height: 24px\">\n<td style=\"width: 23.4819%;height: 71px;text-align: left;border-style: double;border-color: #050505\" colspan=\"2\">\n<p style=\"text-align: center\"><span style=\"text-decoration: underline\"><span style=\"font-size: 14pt;color: #800080\"><strong>VIDEOS<\/strong><\/span><\/span><\/p>\n<p style=\"padding-left: 200px\"><span style=\"font-size: 14pt\"><strong><span style=\"color: #0000ff\"><a style=\"color: #0000ff\" href=\"https:\/\/www.youtube.com\/embed\/DZQwvPlxhDE\" target=\"_blank\" rel=\"noopener noreferrer\">Gr\u00e1fica de funciones trigonom\u00e9tricas (Academia Internet)<\/a><\/span><\/strong><\/span><\/p>\n<p style=\"padding-left: 200px\"><span style=\"font-size: 14pt\"><strong><span style=\"color: #0000ff\"><a style=\"color: #0000ff\" href=\"https:\/\/www.youtube.com\/embed\/Sg9xxbvvQEY\" target=\"_blank\" rel=\"noopener noreferrer\">Gr\u00e1fica de sen x (math2me)<\/a><\/span><\/strong><\/span><\/p>\n<p style=\"padding-left: 200px\"><span style=\"font-size: 14pt\"><strong><span style=\"color: #0000ff\"><a style=\"color: #0000ff\" href=\"https:\/\/www.youtube.com\/embed\/d79JTZtFfFk?t=200s\" target=\"_blank\" rel=\"noopener noreferrer\">Gr\u00e1fica de cos x (math2me)<\/a><\/span><\/strong><\/span><\/p>\n<p style=\"padding-left: 200px\"><span style=\"font-size: 14pt\"><strong><span style=\"color: #0000ff\"><a style=\"color: #0000ff\" href=\"https:\/\/www.youtube.com\/embed\/l6NDonI8juk?t=334s\" target=\"_blank\" rel=\"noopener noreferrer\">Gr\u00e1fica de tg x (math2me)<\/a><\/span><\/strong><\/span><\/p>\n<p style=\"padding-left: 200px\"><span style=\"font-size: 14pt\"><strong><span style=\"color: #0000ff\"><a style=\"color: #0000ff\" href=\"https:\/\/www.youtube.com\/embed\/I_UiJJ-nYEY\" target=\"_blank\" rel=\"noopener noreferrer\">Obtenci\u00f3n del periodo de una funci\u00f3n trigonom\u00e9trica (math2me)<\/a><\/span><\/strong><\/span><\/p>\n<p style=\"padding-left: 200px\"><span style=\"font-size: 14pt\"><strong><span style=\"color: #0000ff\"><a style=\"color: #0000ff\" href=\"https:\/\/www.youtube.com\/embed\/05Phr7xDziI\" target=\"_blank\" rel=\"noopener noreferrer\">Obtenci\u00f3n del periodo de una funci\u00f3n trigonom\u00e9trica (math2me)<\/a><\/span><\/strong><\/span><\/p>\n<p style=\"padding-left: 200px\"><span style=\"font-size: 14pt\"><strong><span style=\"color: #0000ff\"><a style=\"color: #0000ff\" href=\"https:\/\/www.youtube.com\/embed\/c32z2KXgZf4\" target=\"_blank\" rel=\"noopener noreferrer\">Obtenci\u00f3n del periodo de una funci\u00f3n trigonom\u00e9trica (El profe Grillo de las matem\u00e1ticas)<\/a><\/span><\/strong><\/span><\/p>\n<\/td>\n<\/tr>\n<\/tbody>\n<\/table>\n<p>&nbsp;<\/p>\n","protected":false},"excerpt":{"rendered":"<p>Teor\u00eda y actividades resueltas VIDEOS Gr\u00e1fica de funciones trigonom\u00e9tricas (Academia Internet) Gr\u00e1fica de sen x (math2me) Gr\u00e1fica de cos x (math2me) Gr\u00e1fica de tg x (math2me) Obtenci\u00f3n del periodo de una funci\u00f3n trigonom\u00e9trica (math2me) Obtenci\u00f3n del periodo de una funci\u00f3n trigonom\u00e9trica (math2me) Obtenci\u00f3n del periodo de una funci\u00f3n trigonom\u00e9trica (El profe Grillo de las matem\u00e1ticas) &hellip; <\/p>\n<p><a class=\"more-link btn\" href=\"https:\/\/blogsaverroes.juntadeandalucia.es\/rafaelnunezmat\/funciones-trigonometricas\">Seguir leyendo<\/a><\/p>\n","protected":false},"author":10669,"featured_media":0,"parent":0,"menu_order":0,"comment_status":"closed","ping_status":"closed","template":"","meta":{"ngg_post_thumbnail":0,"footnotes":""},"aioseo_notices":[],"_links":{"self":[{"href":"https:\/\/blogsaverroes.juntadeandalucia.es\/rafaelnunezmat\/wp-json\/wp\/v2\/pages\/312"}],"collection":[{"href":"https:\/\/blogsaverroes.juntadeandalucia.es\/rafaelnunezmat\/wp-json\/wp\/v2\/pages"}],"about":[{"href":"https:\/\/blogsaverroes.juntadeandalucia.es\/rafaelnunezmat\/wp-json\/wp\/v2\/types\/page"}],"author":[{"embeddable":true,"href":"https:\/\/blogsaverroes.juntadeandalucia.es\/rafaelnunezmat\/wp-json\/wp\/v2\/users\/10669"}],"replies":[{"embeddable":true,"href":"https:\/\/blogsaverroes.juntadeandalucia.es\/rafaelnunezmat\/wp-json\/wp\/v2\/comments?post=312"}],"version-history":[{"count":9,"href":"https:\/\/blogsaverroes.juntadeandalucia.es\/rafaelnunezmat\/wp-json\/wp\/v2\/pages\/312\/revisions"}],"predecessor-version":[{"id":5012,"href":"https:\/\/blogsaverroes.juntadeandalucia.es\/rafaelnunezmat\/wp-json\/wp\/v2\/pages\/312\/revisions\/5012"}],"wp:attachment":[{"href":"https:\/\/blogsaverroes.juntadeandalucia.es\/rafaelnunezmat\/wp-json\/wp\/v2\/media?parent=312"}],"curies":[{"name":"wp","href":"https:\/\/api.w.org\/{rel}","templated":true}]}}