{"id":313,"date":"2021-06-01T08:05:56","date_gmt":"2021-06-01T08:05:56","guid":{"rendered":"https:\/\/blogsaverroes.juntadeandalucia.es\/rafaelnunezmat\/?page_id=313"},"modified":"2024-12-06T15:44:28","modified_gmt":"2024-12-06T15:44:28","slug":"funciones-definidas-a-trozos","status":"publish","type":"page","link":"https:\/\/blogsaverroes.juntadeandalucia.es\/rafaelnunezmat\/funciones-definidas-a-trozos","title":{"rendered":"Funciones definidas a trozos"},"content":{"rendered":"<p><img loading=\"lazy\" decoding=\"async\" class=\"aligncenter \" src=\"https:\/\/i.ytimg.com\/vi\/ggMcyTDHzwI\/maxresdefault.jpg\" width=\"729\" height=\"410\"><\/p>\n<p style=\"text-align: center\"><span style=\"font-size: 24pt;color: #008000\"><strong><a style=\"color: #008000\" href=\"https:\/\/blogsaverroes.juntadeandalucia.es\/rafaelnunezmat\/files\/2022\/02\/funciones-definidas-a-trozos.pdf\" target=\"_blank\" rel=\"noopener noreferrer\">Teor\u00eda y actividades resueltas<\/a><\/strong><\/span><\/p>\n<table style=\"height: 106px;width: 99.9349%;border-collapse: collapse;border-style: none;border-color: #030000\" cellpadding=\"0\">\n<tbody>\n<tr style=\"height: 24px\">\n<td style=\"width: 15.7896%;height: 71px;text-align: left;border-style: double;border-color: #050505\" colspan=\"2\">\n<p style=\"text-align: center\"><span style=\"text-decoration: underline\"><span style=\"font-size: 14pt;color: #800080\"><strong>VIDEOS <\/strong><\/span><\/span><\/p>\n<p style=\"padding-left: 200px\"><strong><span style=\"font-size: 14pt;color: #0000ff\"><a style=\"color: #0000ff\" href=\"https:\/\/www.youtube.com\/embed\/L9ePjFfbM5w\" target=\"_blank\" rel=\"noopener noreferrer\">Funciones definidas a trozos (Susy)<\/a><\/span><\/strong><\/p>\n<p style=\"padding-left: 200px\"><strong><span style=\"font-size: 14pt;color: #0000ff\"><a style=\"color: #0000ff\" href=\"https:\/\/www.youtube.com\/embed\/aX3Z41f07kM\" target=\"_blank\" rel=\"noopener noreferrer\">Funciones definidas a trozos-1 (algebraconpapas)<\/a><\/span><\/strong><\/p>\n<p style=\"padding-left: 200px\"><strong><span style=\"font-size: 14pt;color: #0000ff\"><a style=\"color: #0000ff\" href=\"https:\/\/www.youtube.com\/embed\/kZZWrGo4uIA\" target=\"_blank\" rel=\"noopener noreferrer\">Funciones definidas a trozos-2 (algebraconpapas)<\/a><\/span><\/strong><\/p>\n<p style=\"padding-left: 200px\"><strong><span style=\"font-size: 14pt;color: #0000ff\"><a style=\"color: #0000ff\" href=\"https:\/\/www.youtube.com\/embed\/ggMcyTDHzwI\" target=\"_blank\" rel=\"noopener noreferrer\">Funciones definidas a trozos (matematicasyeso)<\/a><\/span><\/strong><\/p>\n<p style=\"padding-left: 200px\"><strong><span style=\"font-size: 14pt;color: #0000ff\"><a style=\"color: #0000ff\" href=\"https:\/\/www.youtube.com\/embed\/npPoYmmm1lc\" target=\"_blank\" rel=\"noopener noreferrer\">Funciones definidas a trozos (Ruben Sebastian)<\/a><\/span><\/strong><\/p>\n<p style=\"padding-left: 200px\"><strong><span style=\"font-size: 14pt;color: #0000ff\"><a style=\"color: #0000ff\" href=\"https:\/\/www.youtube.com\/embed\/xnpXJ-_1jcM\" target=\"_blank\" rel=\"noopener noreferrer\">Funciones definidas a trozos (Jos\u00e9 Mar\u00eda Arias Cabezas)<\/a><\/span><\/strong><\/p>\n<p style=\"padding-left: 200px\"><strong><span style=\"font-size: 14pt;color: #0000ff\"><a style=\"color: #0000ff\" href=\"https:\/\/www.youtube.com\/embed\/lrc8JO_JmoI\" target=\"_blank\" rel=\"noopener noreferrer\">Funciones definidas a trozos-1 (childtopia)<\/a><\/span><\/strong><\/p>\n<p style=\"padding-left: 200px\"><strong><span style=\"font-size: 14pt;color: #0000ff\"><a style=\"color: #0000ff\" href=\"https:\/\/www.youtube.com\/embed\/7mlNdWuXI6s\" target=\"_blank\" rel=\"noopener noreferrer\">Funciones definidas a trozos-2 (childtopia)<\/a><\/span><\/strong><\/p>\n<p style=\"padding-left: 200px\"><strong><span style=\"font-size: 14pt;color: #0000ff\"><a style=\"color: #0000ff\" href=\"https:\/\/www.youtube.com\/embed\/s7dMPOK49JU\" target=\"_blank\" rel=\"noopener noreferrer\">Aplicaciones de las funciones definidas a trozos (Hecmy Carolina)<\/a><\/span><\/strong><\/p>\n<p style=\"padding-left: 200px\"><strong><span style=\"font-size: 14pt;color: #0000ff\"><a style=\"color: #0000ff\" href=\"https:\/\/www.youtube.com\/embed\/BN--tP9ulaU\" target=\"_blank\" rel=\"noopener noreferrer\">Funciones con valor absoluto (Centro de Estudios QUO)<\/a><\/span><\/strong><\/p>\n<p style=\"padding-left: 200px\"><strong><span style=\"font-size: 14pt;color: #0000ff\"><a style=\"color: #0000ff\" href=\"https:\/\/www.youtube.com\/embed\/EpiXKxekdrw\" target=\"_blank\" rel=\"noopener noreferrer\">Funciones con valor absoluto (Unicoos)<\/a><\/span><\/strong><\/p>\n<p style=\"padding-left: 200px\"><strong><span style=\"font-size: 14pt;color: #0000ff\"><a style=\"color: #0000ff\" href=\"https:\/\/www.youtube.com\/embed\/nXdv30mpX9g\" target=\"_blank\" rel=\"noopener noreferrer\">Gr\u00e1fica de funciones con valor absoluto (Jos\u00e9 Luis Usero V\u00edlchez)<\/a><\/span><\/strong><\/p>\n<p style=\"text-align: center\"><span style=\"text-decoration: underline;color: #800000\"><span style=\"font-size: 14pt\"><strong>OTROS RECURSOS<\/strong><\/span><\/span><\/p>\n<p style=\"padding-left: 200px\"><strong><span style=\"font-size: 14pt;color: #0000ff\"><a style=\"color: #0000ff\" href=\"https:\/\/es.educaplay.com\/juego\/606588-funcion_definida_a_trozos.html\" target=\"_blank\" rel=\"noopener noreferrer\">Funciones definidas a trozos (test de educaplay)<\/a><\/span><\/strong><\/p>\n<\/td>\n<\/tr>\n<\/tbody>\n<\/table>\n<p>&nbsp;<\/p>\n","protected":false},"excerpt":{"rendered":"<p>Teor\u00eda y actividades resueltas VIDEOS Funciones definidas a trozos (Susy) Funciones definidas a trozos-1 (algebraconpapas) Funciones definidas a trozos-2 (algebraconpapas) Funciones definidas a trozos (matematicasyeso) Funciones definidas a trozos (Ruben Sebastian) Funciones definidas a trozos (Jos\u00e9 Mar\u00eda Arias Cabezas) Funciones definidas a trozos-1 (childtopia) Funciones definidas a trozos-2 (childtopia) Aplicaciones de las funciones definidas a &hellip; <\/p>\n<p><a class=\"more-link btn\" href=\"https:\/\/blogsaverroes.juntadeandalucia.es\/rafaelnunezmat\/funciones-definidas-a-trozos\">Seguir leyendo<\/a><\/p>\n","protected":false},"author":10669,"featured_media":0,"parent":0,"menu_order":0,"comment_status":"closed","ping_status":"closed","template":"","meta":{"ngg_post_thumbnail":0,"footnotes":""},"aioseo_notices":[],"_links":{"self":[{"href":"https:\/\/blogsaverroes.juntadeandalucia.es\/rafaelnunezmat\/wp-json\/wp\/v2\/pages\/313"}],"collection":[{"href":"https:\/\/blogsaverroes.juntadeandalucia.es\/rafaelnunezmat\/wp-json\/wp\/v2\/pages"}],"about":[{"href":"https:\/\/blogsaverroes.juntadeandalucia.es\/rafaelnunezmat\/wp-json\/wp\/v2\/types\/page"}],"author":[{"embeddable":true,"href":"https:\/\/blogsaverroes.juntadeandalucia.es\/rafaelnunezmat\/wp-json\/wp\/v2\/users\/10669"}],"replies":[{"embeddable":true,"href":"https:\/\/blogsaverroes.juntadeandalucia.es\/rafaelnunezmat\/wp-json\/wp\/v2\/comments?post=313"}],"version-history":[{"count":10,"href":"https:\/\/blogsaverroes.juntadeandalucia.es\/rafaelnunezmat\/wp-json\/wp\/v2\/pages\/313\/revisions"}],"predecessor-version":[{"id":5013,"href":"https:\/\/blogsaverroes.juntadeandalucia.es\/rafaelnunezmat\/wp-json\/wp\/v2\/pages\/313\/revisions\/5013"}],"wp:attachment":[{"href":"https:\/\/blogsaverroes.juntadeandalucia.es\/rafaelnunezmat\/wp-json\/wp\/v2\/media?parent=313"}],"curies":[{"name":"wp","href":"https:\/\/api.w.org\/{rel}","templated":true}]}}