{"id":314,"date":"2021-06-01T08:05:56","date_gmt":"2021-06-01T08:05:56","guid":{"rendered":"https:\/\/blogsaverroes.juntadeandalucia.es\/rafaelnunezmat\/?page_id=314"},"modified":"2024-12-06T15:52:14","modified_gmt":"2024-12-06T15:52:14","slug":"operaciones-con-funciones","status":"publish","type":"page","link":"https:\/\/blogsaverroes.juntadeandalucia.es\/rafaelnunezmat\/operaciones-con-funciones","title":{"rendered":"Operaciones con funciones"},"content":{"rendered":"<p><img loading=\"lazy\" decoding=\"async\" class=\"aligncenter \" src=\"https:\/\/profefily.com\/wp-content\/uploads\/2017\/12\/operaciones-con-funciones-1.jpg\" width=\"437\" height=\"246\"><\/p>\n<p style=\"text-align: center\"><span style=\"font-size: 24pt;color: #008000\"><strong><a style=\"color: #008000\" href=\"https:\/\/blogsaverroes.juntadeandalucia.es\/rafaelnunezmat\/files\/2022\/02\/operaciones-con-funciones.pdf\" target=\"_blank\" rel=\"noopener noreferrer\">Teor\u00eda y actividades resueltas<\/a><\/strong><\/span><\/p>\n<table style=\"height: 106px;width: 99.9349%;border-collapse: collapse;border-style: none;border-color: #030000\" cellpadding=\"0\">\n<tbody>\n<tr style=\"height: 24px\">\n<td style=\"width: 9.62935%;border-style: double;border-color: #050505;text-align: center\" colspan=\"3\"><span style=\"text-decoration: underline\"><span style=\"font-size: 20pt\"><strong><span style=\"color: #000000;text-decoration: underline\">SUMA\/RESTA, PRODUCTO\/DIVISI\u00d3N<\/span><\/strong><\/span><\/span><\/p>\n<p><span style=\"text-decoration: underline\"><span style=\"font-size: 14pt;color: #800080\"><strong>VIDEOS<\/strong><\/span><\/span><\/p>\n<p style=\"text-align: left;padding-left: 200px\"><strong><span style=\"font-size: 14pt;color: #0000ff\"><a style=\"color: #0000ff\" href=\"https:\/\/www.youtube.com\/embed\/78QxHDCibIE\" target=\"_blank\" rel=\"noopener noreferrer\">Ruben Sebastian<\/a><\/span><\/strong><\/p>\n<p style=\"text-align: left;padding-left: 200px\"><strong><span style=\"font-size: 14pt;color: #0000ff\"><a style=\"color: #0000ff\" href=\"https:\/\/www.youtube.com\/embed\/12OMaOw72D0\" target=\"_blank\" rel=\"noopener noreferrer\">F\u00edsica46<\/a><\/span><\/strong><\/p>\n<p style=\"text-align: left;padding-left: 200px\"><strong><span style=\"font-size: 14pt;color: #0000ff\"><a style=\"color: #0000ff\" href=\"https:\/\/www.youtube.com\/embed\/Kf1W3TYvmWM\" target=\"_blank\" rel=\"noopener noreferrer\">UTTAB<\/a><\/span><\/strong><\/p>\n<p style=\"text-align: left;padding-left: 200px\"><strong><span style=\"font-size: 14pt;color: #0000ff\"><a style=\"color: #0000ff\" href=\"https:\/\/www.youtube.com\/embed\/orDntRpxuvs\" target=\"_blank\" rel=\"noopener noreferrer\">Matematicatuya<\/a><\/span><\/strong><\/p>\n<\/td>\n<\/tr>\n<tr>\n<td style=\"width: 9.62935%;border-style: double;border-color: #050505;text-align: center\" colspan=\"3\"><span style=\"text-decoration: underline\"><span style=\"font-size: 20pt\"><strong><span style=\"color: #000000;text-decoration: underline\">COMPOSICI\u00d3N DE FUNCIONES<\/span><\/strong><\/span><\/span><\/p>\n<p><span style=\"text-decoration: underline\"><span style=\"font-size: 14pt;color: #800080\"><strong>VIDEOS<\/strong><\/span><\/span><\/p>\n<p style=\"text-align: left;padding-left: 200px\"><strong><span style=\"font-size: 14pt;color: #0000ff\"><a style=\"color: #0000ff\" href=\"https:\/\/www.youtube.com\/embed\/v8j1qoTvDSg\" target=\"_blank\" rel=\"noopener noreferrer\">Mates con Andr\u00e9s<\/a><\/span><\/strong><\/p>\n<p style=\"text-align: left;padding-left: 200px\"><strong><span style=\"font-size: 14pt;color: #0000ff\"><a style=\"color: #0000ff\" href=\"https:\/\/www.youtube.com\/embed\/Yj0vcb0lThA\" target=\"_blank\" rel=\"noopener noreferrer\">Logos Academy<\/a><\/span><\/strong><\/p>\n<p style=\"text-align: left;padding-left: 200px\"><strong><span style=\"font-size: 14pt;color: #0000ff\"><a style=\"color: #0000ff\" href=\"https:\/\/www.youtube.com\/embed\/2Nj5oegrRDs\" target=\"_blank\" rel=\"noopener noreferrer\">El Aprendiz Inform\u00e1tico<\/a><\/span><\/strong><\/p>\n<p style=\"text-align: left;padding-left: 200px\"><strong><span style=\"font-size: 14pt;color: #0000ff\"><a style=\"color: #0000ff\" href=\"https:\/\/www.youtube.com\/embed\/2ICR830CkPg\" target=\"_blank\" rel=\"noopener noreferrer\">lasmatematicas.es<\/a><\/span><\/strong><\/p>\n<p style=\"text-align: left;padding-left: 200px\"><strong><span style=\"font-size: 14pt;color: #0000ff\"><a style=\"color: #0000ff\" href=\"https:\/\/www.youtube.com\/embed\/36glvhtn4Kg\" target=\"_blank\" rel=\"noopener noreferrer\">Alfonso Montiel<\/a><\/span><\/strong><\/p>\n<p style=\"text-align: left;padding-left: 200px\"><strong><span style=\"font-size: 14pt;color: #0000ff\"><a style=\"color: #0000ff\" href=\"https:\/\/www.youtube.com\/embed\/mID83410ZjU\" target=\"_blank\" rel=\"noopener noreferrer\">Alberto Dalmau<\/a><\/span><\/strong><\/p>\n<p style=\"text-align: left;padding-left: 200px\"><strong><span style=\"font-size: 14pt;color: #0000ff\"><a style=\"color: #0000ff\" href=\"https:\/\/www.youtube.com\/embed\/9Y1n5yCSN04\" target=\"_blank\" rel=\"noopener noreferrer\">Irma No<\/a><\/span><\/strong><\/p>\n<p style=\"text-align: left;padding-left: 200px\"><strong><span style=\"font-size: 14pt;color: #0000ff\"><a style=\"color: #0000ff\" href=\"https:\/\/www.youtube.com\/embed\/zEE-Ay-ZUZM\" target=\"_blank\" rel=\"noopener noreferrer\">jairo yamil<\/a><\/span><\/strong><\/p>\n<p style=\"text-align: left;padding-left: 200px\"><strong><span style=\"font-size: 14pt;color: #0000ff\"><a style=\"color: #0000ff\" href=\"https:\/\/www.youtube.com\/embed\/QQbD2WeEpJc\" target=\"_blank\" rel=\"noopener noreferrer\">Ceforma-1<\/a><\/span><\/strong><\/p>\n<p style=\"text-align: left;padding-left: 200px\"><strong><span style=\"font-size: 14pt;color: #0000ff\"><a style=\"color: #0000ff\" href=\"https:\/\/www.youtube.com\/embed\/TpNTw7qDqO4\" target=\"_blank\" rel=\"noopener noreferrer\">Ceforma-2<\/a><\/span><\/strong><\/p>\n<p style=\"text-align: left;padding-left: 200px\"><strong><span style=\"font-size: 14pt;color: #0000ff\"><a style=\"color: #0000ff\" href=\"https:\/\/www.youtube.com\/embed\/s6e57TnQDJQ\" target=\"_blank\" rel=\"noopener noreferrer\">Ceforma-3<\/a><\/span><\/strong><\/p>\n<p style=\"text-align: left;padding-left: 200px\"><strong><span style=\"font-size: 14pt;color: #0000ff\"><a style=\"color: #0000ff\" href=\"https:\/\/www.youtube.com\/embed\/Tnv0unI1DYM\" target=\"_blank\" rel=\"noopener noreferrer\">Ceforma-4<\/a><\/span><\/strong><\/p>\n<p style=\"text-align: left;padding-left: 200px\"><strong><span style=\"font-size: 14pt;color: #0000ff\"><a style=\"color: #0000ff\" href=\"https:\/\/www.youtube.com\/embed\/ayNkw0nUTtk\" target=\"_blank\" rel=\"noopener noreferrer\">Ceforma-5<\/a><\/span><\/strong><\/p>\n<p style=\"text-align: left;padding-left: 200px\"><strong><span style=\"font-size: 14pt;color: #0000ff\"><a style=\"color: #0000ff\" href=\"https:\/\/www.youtube.com\/embed\/A98z_J-DTH8\" target=\"_blank\" rel=\"noopener noreferrer\">Rogelio Galindo<\/a><\/span><\/strong><\/p>\n<p style=\"text-align: left;padding-left: 200px\"><strong><span style=\"font-size: 14pt;color: #0000ff\"><a style=\"color: #0000ff\" href=\"https:\/\/www.youtube.com\/embed\/JiZQMYxGt3I\" target=\"_blank\" rel=\"noopener noreferrer\">Funciones definidas a trozos (Oscar Antonio Pulido)<\/a><\/span><\/strong><\/p>\n<p style=\"text-align: left;padding-left: 200px\"><strong><span style=\"font-size: 14pt;color: #0000ff\"><a style=\"color: #0000ff\" href=\"https:\/\/www.youtube.com\/embed\/erwqXMWAn8A\" target=\"_blank\" rel=\"noopener noreferrer\">Descomposici\u00f3n en composici\u00f3n de funciones (Matematicatuya)<\/a><\/span><\/strong><\/p>\n<\/td>\n<\/tr>\n<tr>\n<td style=\"width: 9.62935%;border-style: double;border-color: #050505;text-align: center\" colspan=\"3\"><span style=\"text-decoration: underline\"><span style=\"font-size: 20pt\"><strong><span style=\"color: #000000;text-decoration: underline\">FUNCI\u00d3N REC\u00cdPROCA<\/span><\/strong><\/span><\/span><\/p>\n<p><span style=\"text-decoration: underline\"><span style=\"font-size: 14pt;color: #800080\"><strong>VIDEOS<\/strong><\/span><\/span><\/p>\n<p style=\"text-align: left;padding-left: 200px\"><strong><span style=\"font-size: 14pt;color: #0000ff\"><a style=\"color: #0000ff\" href=\"https:\/\/www.youtube.com\/embed\/mC3UQNkwchk\" target=\"_blank\" rel=\"noopener noreferrer\">lasmatematicas.es<\/a><\/span><\/strong><\/p>\n<p style=\"text-align: left;padding-left: 200px\"><strong><span style=\"font-size: 14pt;color: #0000ff\"><a style=\"color: #0000ff\" href=\"https:\/\/www.youtube.com\/embed\/Eosh7qoRssA\" target=\"_blank\" rel=\"noopener noreferrer\">Laracos Math-1<\/a><\/span><\/strong><\/p>\n<p style=\"text-align: left;padding-left: 200px\"><strong><span style=\"font-size: 14pt;color: #0000ff\"><a style=\"color: #0000ff\" href=\"https:\/\/www.youtube.com\/embed\/Dyxd90OxBXk\" target=\"_blank\" rel=\"noopener noreferrer\">Laracos Math-2<\/a><\/span><\/strong><\/p>\n<p style=\"text-align: left;padding-left: 200px\"><strong><span style=\"font-size: 14pt;color: #0000ff\"><a style=\"color: #0000ff\" href=\"https:\/\/www.youtube.com\/embed\/S3OO9N_5Zkg\" target=\"_blank\" rel=\"noopener noreferrer\">Alfonso Montiel<\/a><\/span><\/strong><\/p>\n<p style=\"text-align: left;padding-left: 200px\"><strong><span style=\"font-size: 14pt;color: #0000ff\"><a style=\"color: #0000ff\" href=\"https:\/\/www.youtube.com\/embed\/ZTNfMrlfak8\" target=\"_blank\" rel=\"noopener noreferrer\">Rec\u00edproca de la composici\u00f3n de dos funciones (lasmatematicas.es)<\/a><\/span><\/strong><\/p>\n<p style=\"text-align: left;padding-left: 200px\"><strong><span style=\"font-size: 14pt;color: #0000ff\"><a style=\"color: #0000ff\" href=\"https:\/\/www.youtube.com\/embed\/l6pZGhy0hHc\" target=\"_blank\" rel=\"noopener noreferrer\">Composici\u00f3n y funci\u00f3n rec\u00edproca (Unicoos)<\/a><\/span><\/strong><\/p>\n<p style=\"text-align: left;padding-left: 200px\"><strong><span style=\"font-size: 14pt;color: #0000ff\"><a style=\"color: #0000ff\" href=\"https:\/\/www.youtube.com\/embed\/tvsY7FW1YEc\" target=\"_blank\" rel=\"noopener noreferrer\">Composici\u00f3n y funci\u00f3n rec\u00edproca (Aprender Matem\u00e1ticas. Jos\u00e9 Jaime Mas)<\/a><\/span><\/strong><\/p>\n<\/td>\n<\/tr>\n<\/tbody>\n<\/table>\n<p>&nbsp;<\/p>\n","protected":false},"excerpt":{"rendered":"<p>Teor\u00eda y actividades resueltas SUMA\/RESTA, PRODUCTO\/DIVISI\u00d3N VIDEOS Ruben Sebastian F\u00edsica46 UTTAB Matematicatuya COMPOSICI\u00d3N DE FUNCIONES VIDEOS Mates con Andr\u00e9s Logos Academy El Aprendiz Inform\u00e1tico lasmatematicas.es Alfonso Montiel Alberto Dalmau Irma No jairo yamil Ceforma-1 Ceforma-2 Ceforma-3 Ceforma-4 Ceforma-5 Rogelio Galindo Funciones definidas a trozos (Oscar Antonio Pulido) Descomposici\u00f3n en composici\u00f3n de funciones (Matematicatuya) FUNCI\u00d3N REC\u00cdPROCA &hellip; <\/p>\n<p><a class=\"more-link btn\" href=\"https:\/\/blogsaverroes.juntadeandalucia.es\/rafaelnunezmat\/operaciones-con-funciones\">Seguir leyendo<\/a><\/p>\n","protected":false},"author":10669,"featured_media":0,"parent":0,"menu_order":0,"comment_status":"closed","ping_status":"closed","template":"","meta":{"ngg_post_thumbnail":0,"footnotes":""},"aioseo_notices":[],"_links":{"self":[{"href":"https:\/\/blogsaverroes.juntadeandalucia.es\/rafaelnunezmat\/wp-json\/wp\/v2\/pages\/314"}],"collection":[{"href":"https:\/\/blogsaverroes.juntadeandalucia.es\/rafaelnunezmat\/wp-json\/wp\/v2\/pages"}],"about":[{"href":"https:\/\/blogsaverroes.juntadeandalucia.es\/rafaelnunezmat\/wp-json\/wp\/v2\/types\/page"}],"author":[{"embeddable":true,"href":"https:\/\/blogsaverroes.juntadeandalucia.es\/rafaelnunezmat\/wp-json\/wp\/v2\/users\/10669"}],"replies":[{"embeddable":true,"href":"https:\/\/blogsaverroes.juntadeandalucia.es\/rafaelnunezmat\/wp-json\/wp\/v2\/comments?post=314"}],"version-history":[{"count":11,"href":"https:\/\/blogsaverroes.juntadeandalucia.es\/rafaelnunezmat\/wp-json\/wp\/v2\/pages\/314\/revisions"}],"predecessor-version":[{"id":5015,"href":"https:\/\/blogsaverroes.juntadeandalucia.es\/rafaelnunezmat\/wp-json\/wp\/v2\/pages\/314\/revisions\/5015"}],"wp:attachment":[{"href":"https:\/\/blogsaverroes.juntadeandalucia.es\/rafaelnunezmat\/wp-json\/wp\/v2\/media?parent=314"}],"curies":[{"name":"wp","href":"https:\/\/api.w.org\/{rel}","templated":true}]}}